{"id":34716,"date":"2017-07-12T14:26:44","date_gmt":"2017-07-12T14:26:44","guid":{"rendered":"https:\/\/teclimquimica.com\/baal-701-detergente-bactericida-inodoro\/"},"modified":"2018-02-11T16:23:33","modified_gmt":"2018-02-11T16:23:33","slug":"baal-701-odourless-bactericidal-detergent","status":"publish","type":"page","link":"https:\/\/teclimquimica.com\/en\/baal-701-odourless-bactericidal-detergent\/","title":{"rendered":"BAAL\u2013701"},"content":{"rendered":"<p>[et_pb_section fb_built=&#8221;1&#8243; admin_label=&#8221;section&#8221; _builder_version=&#8221;3.0.47&#8243;][et_pb_row admin_label=&#8221;row&#8221; _builder_version=&#8221;3.0.47&#8243; background_size=&#8221;initial&#8221; background_position=&#8221;top_left&#8221; background_repeat=&#8221;repeat&#8221;][et_pb_column type=&#8221;4_4&#8243; _builder_version=&#8221;3.0.47&#8243; parallax=&#8221;off&#8221; parallax_method=&#8221;on&#8221;][et_pb_text admin_label=&#8221;Text&#8221; _builder_version=&#8221;3.0.97&#8243;]<\/p>\n<h1><strong>BAAL\u2013701 &#8211; Odourless bactericidal detergent<\/strong><\/h1>\n<hr \/>\n<p>[\/et_pb_text][\/et_pb_column][\/et_pb_row][et_pb_row admin_label=&#8221;row&#8221; _builder_version=&#8221;3.0.47&#8243; background_size=&#8221;initial&#8221; background_position=&#8221;top_left&#8221; background_repeat=&#8221;repeat&#8221;][et_pb_column type=&#8221;1_2&#8243; _builder_version=&#8221;3.0.47&#8243; parallax=&#8221;off&#8221; parallax_method=&#8221;on&#8221;][et_pb_text admin_label=&#8221;Text&#8221; _builder_version=&#8221;3.0.97&#8243; text_font_size=&#8221;17&#8243; text_orientation=&#8221;justified&#8221;]<\/p>\n<p><strong>Description:<\/strong><\/p>\n<p>El BAAL-701 es un detergente bactericida, para uso en industria alimentaria por desinfecci\u00f3n de contacto: superficies y equipos. Exclusivamente para uso profesional.<\/p>\n<p><strong>Application method:<\/strong><\/p>\n<p>Diluir en agua fr\u00eda o templada a raz\u00f3n de una parte de producto por diez de agua (10%).<\/p>\n<p>No debe mezclarse con otros productos qu\u00edmicos. Para desinfecci\u00f3n de contacto en superficies y equipos se puede pulverizar o manualmente con el producto diluido en la dosis anteriormente comentado. Una vez desinfectado aclarar abundantemente con agua.<\/p>\n<p>No deber\u00e1 mezclarse con ning\u00fan otro producto qu\u00edmico. Incompatible con: cromo, plomo, aluminio, esta\u00f1o, zinc y sus aleaciones: bronce, lat\u00f3n, etc&#8230; Incompatible con materia org\u00e1nica, detergentes ani\u00f3nicos, derivados amoniacales e hipocloritos.<\/p>\n<p><strong>Surfaces and Uses:<\/strong><\/p>\n<p>Incompatible con: cromo, plomo, aluminio, esta\u00f1o, zinc y sus aleaciones: bronce, lat\u00f3n, etc&#8230; Incompatible con materia org\u00e1nica, detergentes ani\u00f3nicos, derivados amoniacales e hipocloritos.<\/p>\n<p>[\/et_pb_text][\/et_pb_column][et_pb_column type=&#8221;1_2&#8243; _builder_version=&#8221;3.0.47&#8243; parallax=&#8221;off&#8221; parallax_method=&#8221;on&#8221;][et_pb_text admin_label=&#8221;Text&#8221; _builder_version=&#8221;3.0.97&#8243; text_font_size=&#8221;17&#8243; text_orientation=&#8221;justified&#8221;]<\/p>\n<p><strong>Recommended doses:<\/strong><\/p>\n<ul>\n<li>Diluir en agua fr\u00eda o templada a raz\u00f3n de una parte de producto por diez de agua (10%).<\/li>\n<\/ul>\n<p><strong>Similar products:<\/strong><\/p>\n<p>[\/et_pb_text][et_pb_button button_url=&#8221;https:\/\/teclimquimica.com\/wp-content\/uploads\/2018\/01\/FT-ES-BAAL-701.pdf&#8221; url_new_window=&#8221;on&#8221; button_text=&#8221;Download file&#8221; button_alignment=&#8221;center&#8221; admin_label=&#8221;Button&#8221; _builder_version=&#8221;3.0.101&#8243; custom_button=&#8221;on&#8221; button_border_radius=&#8221;0&#8243; button_use_icon=&#8221;off&#8221;][\/et_pb_button][et_pb_text admin_label=&#8221;Text&#8221; _builder_version=&#8221;3.0.97&#8243; text_font_size=&#8221;17&#8243; background_color=&#8221;#eeeeee&#8221; text_orientation=&#8221;center&#8221; module_alignment=&#8221;center&#8221; custom_padding=&#8221;10px||10px|&#8221;]<\/p>\n<p>Teclim Quimica S.L.<br \/> C\/ Atletismo, 18 08191 RUBI<br \/> Phone: +34935887667<\/p>\n<p>[\/et_pb_text][\/et_pb_column][\/et_pb_row][et_pb_row _builder_version=&#8221;3.0.47&#8243; background_size=&#8221;initial&#8221; background_position=&#8221;top_left&#8221; background_repeat=&#8221;repeat&#8221;][et_pb_column type=&#8221;4_4&#8243; _builder_version=&#8221;3.0.47&#8243; parallax=&#8221;off&#8221; parallax_method=&#8221;on&#8221;][et_pb_text _builder_version=&#8221;3.0.97&#8243;]<\/p>\n<p>For other applications or questions, consult Teclim Qu\u00edmica\u2019s technical\/commercial department. Safety data sheet (MSDS) available for customers.<\/p>\n<p>[\/et_pb_text][et_pb_text _builder_version=&#8221;3.0.97&#8243;]<\/p>\n<h4><strong>Related News:<\/strong><\/h4>\n<hr \/>\n<p>[\/et_pb_text][et_pb_blog fullwidth=&#8221;off&#8221; posts_number=&#8221;6&#8243; include_categories=&#8221;45&#8243; show_comments=&#8221;on&#8221; offset_number=&#8221;0&#8243; _builder_version=&#8221;3.0.97&#8243; pagination_font_size_tablet=&#8221;51&#8243; pagination_line_height_tablet=&#8221;2&#8243;][\/et_pb_blog][\/et_pb_column][\/et_pb_row][\/et_pb_section]<\/p>\n","protected":false},"excerpt":{"rendered":"<p>BAAL\u2013701 &#8211; Odourless bactericidal detergent Description: El BAAL-701 es un detergente bactericida, para uso en industria alimentaria por desinfecci\u00f3n de contacto: superficies y equipos. Exclusivamente para uso profesional. Application method: Diluir en agua fr\u00eda o templada a raz\u00f3n de una parte de producto por diez de agua (10%). No debe mezclarse con otros productos qu\u00edmicos. [&hellip;]<\/p>\n","protected":false},"author":1,"featured_media":0,"parent":0,"menu_order":0,"comment_status":"closed","ping_status":"closed","template":"","meta":{"_et_pb_use_builder":"on","_et_pb_old_content":"","_et_gb_content_width":"","footnotes":""},"class_list":["post-34716","page","type-page","status-publish","hentry"],"_links":{"self":[{"href":"https:\/\/teclimquimica.com\/en\/wp-json\/wp\/v2\/pages\/34716","targetHints":{"allow":["GET"]}}],"collection":[{"href":"https:\/\/teclimquimica.com\/en\/wp-json\/wp\/v2\/pages"}],"about":[{"href":"https:\/\/teclimquimica.com\/en\/wp-json\/wp\/v2\/types\/page"}],"author":[{"embeddable":true,"href":"https:\/\/teclimquimica.com\/en\/wp-json\/wp\/v2\/users\/1"}],"replies":[{"embeddable":true,"href":"https:\/\/teclimquimica.com\/en\/wp-json\/wp\/v2\/comments?post=34716"}],"version-history":[{"count":4,"href":"https:\/\/teclimquimica.com\/en\/wp-json\/wp\/v2\/pages\/34716\/revisions"}],"predecessor-version":[{"id":34813,"href":"https:\/\/teclimquimica.com\/en\/wp-json\/wp\/v2\/pages\/34716\/revisions\/34813"}],"wp:attachment":[{"href":"https:\/\/teclimquimica.com\/en\/wp-json\/wp\/v2\/media?parent=34716"}],"curies":[{"name":"wp","href":"https:\/\/api.w.org\/{rel}","templated":true}]}}