{"id":33669,"date":"2017-07-08T15:04:55","date_gmt":"2017-07-08T15:04:55","guid":{"rendered":"https:\/\/teclimquimica.com\/?page_id=33669"},"modified":"2017-07-08T15:07:42","modified_gmt":"2017-07-08T15:07:42","slug":"empresa","status":"publish","type":"page","link":"https:\/\/teclimquimica.com\/es\/empresa\/","title":{"rendered":"Empresa"},"content":{"rendered":"<p>[et_pb_section bb_built=\u00bb1&#8243; _builder_version=\u00bb3.0.60&#8243; use_background_color_gradient=\u00bbon\u00bb background_color_gradient_start=\u00bbrgba(224,43,32,0.71)\u00bb background_color_gradient_end=\u00bbrgba(255,255,255,0.66)\u00bb background_color_gradient_type=\u00bbradial\u00bb background_color_gradient_direction_radial=\u00bbleft\u00bb background_image=\u00bbhttps:\/\/teclimquimica.com\/wp-content\/uploads\/2016\/11\/5685e62aad5b4f06b162f39d660b5638.jpg\u00bb background_blend=\u00bboverlay\u00bb][et_pb_row _builder_version=\u00bb3.0.60&#8243; background_position_1=\u00bbtop_left\u00bb background_repeat_1=\u00bbno-repeat\u00bb][et_pb_column type=\u00bb4_4&#8243;][et_pb_text _builder_version=\u00bb3.0.60&#8243; background_layout=\u00bbdark\u00bb text_orientation=\u00bbleft\u00bb border_style=\u00bbsolid\u00bb]<\/p>\n<h1>EMPRESA<\/h1>\n<p>[\/et_pb_text][\/et_pb_column][\/et_pb_row][\/et_pb_section][et_pb_section bb_built=\u00bb1&#8243; fullwidth=\u00bboff\u00bb specialty=\u00bboff\u00bb][et_pb_row][et_pb_column type=\u00bb1_4&#8243;][\/et_pb_column][et_pb_column type=\u00bb1_2&#8243;][et_pb_text _builder_version=\u00bb3.0.60&#8243; background_layout=\u00bblight\u00bb text_orientation=\u00bbleft\u00bb border_style=\u00bbsolid\u00bb]<\/p>\n<blockquote>\n<p style=\"text-align: justify;\">Productos Rosell lleva desde 1896 fabricando detergentes y productos qu\u00edmicos para el sector profesional de la limpieza, la industria y la hosteler\u00eda. \u00a0Los productos de marca registrada Productos Rosell\u00ae y Teclim\u00ae, sin\u00f3nimo de calidad, son fruto de la innovaci\u00f3n y la \u00a0experiencia.<\/p>\n<p>&nbsp;<\/p>\n<p style=\"text-align: justify;\">Hemos desarrollado una amplia gama de productos de gran fiabilidad, capaces de satisfacer las necesidades del mercado. \u00a0Nuestro laboratorio de aplicaci\u00f3n est\u00e1 a la disposici\u00f3n de nuestros clientes para la resoluci\u00f3n de problemas, consultas t\u00e9cnicas, as\u00ed como la optimizaci\u00f3n para adaptarse a las necesidades particulares.<\/p>\n<\/blockquote>\n<p>[\/et_pb_text][\/et_pb_column][et_pb_column type=\u00bb1_4&#8243;][\/et_pb_column][\/et_pb_row][\/et_pb_section]<\/p>\n","protected":false},"excerpt":{"rendered":"<p>EMPRESA <div class=\"et_pb_row et_pb_row_0 et_pb_row_empty\">\n\t\t\t\t\n\t\t\t\t\n\t\t\t\t\n\t\t\t\t\n\t\t\t\t\n\t\t\t<\/div> Productos Rosell lleva desde 1896 fabricando detergentes y productos qu\u00edmicos para el sector profesional de la limpieza, la industria y la hosteler\u00eda. \u00a0Los productos de marca registrada Productos Rosell\u00ae y Teclim\u00ae, sin\u00f3nimo de calidad, son fruto de la innovaci\u00f3n y la \u00a0experiencia. &nbsp; Hemos desarrollado una amplia gama de productos de gran fiabilidad, [&hellip;]<\/p>\n","protected":false},"author":1,"featured_media":0,"parent":0,"menu_order":0,"comment_status":"closed","ping_status":"closed","template":"","meta":{"_et_pb_use_builder":"on","_et_pb_old_content":"","_et_gb_content_width":"","footnotes":""},"class_list":["post-33669","page","type-page","status-publish","hentry"],"_links":{"self":[{"href":"https:\/\/teclimquimica.com\/es\/wp-json\/wp\/v2\/pages\/33669","targetHints":{"allow":["GET"]}}],"collection":[{"href":"https:\/\/teclimquimica.com\/es\/wp-json\/wp\/v2\/pages"}],"about":[{"href":"https:\/\/teclimquimica.com\/es\/wp-json\/wp\/v2\/types\/page"}],"author":[{"embeddable":true,"href":"https:\/\/teclimquimica.com\/es\/wp-json\/wp\/v2\/users\/1"}],"replies":[{"embeddable":true,"href":"https:\/\/teclimquimica.com\/es\/wp-json\/wp\/v2\/comments?post=33669"}],"version-history":[{"count":6,"href":"https:\/\/teclimquimica.com\/es\/wp-json\/wp\/v2\/pages\/33669\/revisions"}],"predecessor-version":[{"id":34091,"href":"https:\/\/teclimquimica.com\/es\/wp-json\/wp\/v2\/pages\/33669\/revisions\/34091"}],"wp:attachment":[{"href":"https:\/\/teclimquimica.com\/es\/wp-json\/wp\/v2\/media?parent=33669"}],"curies":[{"name":"wp","href":"https:\/\/api.w.org\/{rel}","templated":true}]}}