{"id":33682,"date":"2017-07-08T15:47:15","date_gmt":"2017-07-08T15:47:15","guid":{"rendered":"https:\/\/teclimquimica.com\/?page_id=33682"},"modified":"2017-07-29T09:37:30","modified_gmt":"2017-07-29T09:37:30","slug":"mision-vision-y-valores","status":"publish","type":"page","link":"https:\/\/teclimquimica.com\/es\/mision-vision-y-valores\/","title":{"rendered":"Misi\u00f3n, Visi\u00f3n y Valores"},"content":{"rendered":"<p>[et_pb_section bb_built=\u00bb1&#8243; _builder_version=\u00bb3.0.60&#8243; use_background_color_gradient=\u00bbon\u00bb background_color_gradient_start=\u00bbrgba(224,43,32,0.71)\u00bb background_color_gradient_end=\u00bbrgba(255,255,255,0.66)\u00bb background_color_gradient_type=\u00bbradial\u00bb background_color_gradient_direction_radial=\u00bbleft\u00bb background_image=\u00bbhttps:\/\/teclimquimica.com\/wp-content\/uploads\/2016\/11\/5685e62aad5b4f06b162f39d660b5638.jpg\u00bb background_blend=\u00bboverlay\u00bb][et_pb_row _builder_version=\u00bb3.0.60&#8243; background_position_1=\u00bbtop_left\u00bb background_repeat_1=\u00bbno-repeat\u00bb][et_pb_column type=\u00bb4_4&#8243;][et_pb_text _builder_version=\u00bb3.0.60&#8243; background_layout=\u00bbdark\u00bb text_orientation=\u00bbleft\u00bb border_style=\u00bbsolid\u00bb]<\/p>\n<h1>Misi\u00f3n, Visi\u00f3n y Valores<\/h1>\n<p>[\/et_pb_text][\/et_pb_column][\/et_pb_row][\/et_pb_section][et_pb_section bb_built=\u00bb1&#8243; fullwidth=\u00bboff\u00bb specialty=\u00bboff\u00bb][et_pb_row][et_pb_column type=\u00bb4_4&#8243;][et_pb_text _builder_version=\u00bb3.0.60&#8243; background_layout=\u00bblight\u00bb text_orientation=\u00bbleft\u00bb border_style=\u00bbsolid\u00bb]<\/p>\n<blockquote><p><strong>MISI\u00d3N<\/strong>:<\/p>\n<p>Ofrecer a nuestros clientes productos de calidad para la limpieza profesional, a trav\u00e9s de nuestras marcas reconocidas Rosell\u00ae y Teclim\u00ae. Ofrecer soluciones tecnol\u00f3gicas personalizadas para cubrir necesidades espec\u00edficas.<\/p><\/blockquote>\n<p>[\/et_pb_text][\/et_pb_column][\/et_pb_row][et_pb_row][et_pb_column type=\u00bb4_4&#8243;][et_pb_text _builder_version=\u00bb3.0.64&#8243; background_layout=\u00bblight\u00bb text_orientation=\u00bbleft\u00bb border_style=\u00bbsolid\u00bb]<\/p>\n<blockquote><p><strong>VISI\u00d3N<\/strong>:<\/p>\n<p style=\"text-align: left;\">Ser una empresa l\u00edder en el sector de la detergencia, proporcionando confianza, calidad y servicio a nuestros clientes. Ser una empresa innovadora, capaz de generar\u00a0 soluciones aplicables en nuestros \u00e1mbitos de actuaci\u00f3n: hosteler\u00eda, industria y limpieza profesional, explotando el potencial de nuestras marcas.<\/p>\n<\/blockquote>\n<p>[\/et_pb_text][\/et_pb_column][\/et_pb_row][et_pb_row][et_pb_column type=\u00bb4_4&#8243;][et_pb_text _builder_version=\u00bb3.0.60&#8243; background_layout=\u00bblight\u00bb text_orientation=\u00bbleft\u00bb border_style=\u00bbsolid\u00bb]<\/p>\n<blockquote><p><strong>VALORES:<\/strong><\/p>\n<ul>\n<li>Calidad: promovemos la mejora continua de las actividades para poder garantizar productos de calidad.<\/li>\n<li>Servicio y compromiso con nuestros clientes, procurando alcanzar el grado de satisfacci\u00f3n\u00a0\u00a0y confianza deseado.<\/li>\n<li>Creatividad e innovaci\u00f3n: b\u00fasqueda\u00a0\u00a0constante de nuevas soluciones t\u00e9cnicas para poder ofrecer nuevos productos que cubran distintos nichos de mercado.<\/li>\n<li>\u00c9tica: garantizamos un comportamiento \u00e9tico con nuestros clientes y destinatarios finales de nuestros productos. Respeto a la legislaci\u00f3n vigente.<\/li>\n<li>Integridad: coherencia y comportamiento \u00e9tico hacia las personas, el medio ambiente y la sociedad.<\/li>\n<li>Honestidad: internamente y externamente, tener una actitud sincera y justa.<\/li>\n<\/ul>\n<\/blockquote>\n<p>[\/et_pb_text][\/et_pb_column][\/et_pb_row][\/et_pb_section]<\/p>\n","protected":false},"excerpt":{"rendered":"<p>Misi\u00f3n, Visi\u00f3n y Valores <div class=\"et_pb_row et_pb_row_0 et_pb_row_empty\">\n\t\t\t\t\n\t\t\t\t\n\t\t\t\t\n\t\t\t\t\n\t\t\t\t\n\t\t\t<\/div> MISI\u00d3N: Ofrecer a nuestros clientes productos de calidad para la limpieza profesional, a trav\u00e9s de nuestras marcas reconocidas Rosell\u00ae y Teclim\u00ae. Ofrecer soluciones tecnol\u00f3gicas personalizadas para cubrir necesidades espec\u00edficas. <div class=\"et_pb_row et_pb_row_1 et_pb_row_empty\">\n\t\t\t\t\n\t\t\t\t\n\t\t\t\t\n\t\t\t\t\n\t\t\t\t\n\t\t\t<\/div> VISI\u00d3N: Ser una empresa l\u00edder en el sector de la detergencia, proporcionando confianza, calidad y servicio a nuestros clientes. Ser [&hellip;]<\/p>\n","protected":false},"author":1,"featured_media":0,"parent":0,"menu_order":0,"comment_status":"closed","ping_status":"closed","template":"","meta":{"_et_pb_use_builder":"on","_et_pb_old_content":"","_et_gb_content_width":"","footnotes":""},"class_list":["post-33682","page","type-page","status-publish","hentry"],"_links":{"self":[{"href":"https:\/\/teclimquimica.com\/es\/wp-json\/wp\/v2\/pages\/33682","targetHints":{"allow":["GET"]}}],"collection":[{"href":"https:\/\/teclimquimica.com\/es\/wp-json\/wp\/v2\/pages"}],"about":[{"href":"https:\/\/teclimquimica.com\/es\/wp-json\/wp\/v2\/types\/page"}],"author":[{"embeddable":true,"href":"https:\/\/teclimquimica.com\/es\/wp-json\/wp\/v2\/users\/1"}],"replies":[{"embeddable":true,"href":"https:\/\/teclimquimica.com\/es\/wp-json\/wp\/v2\/comments?post=33682"}],"version-history":[{"count":7,"href":"https:\/\/teclimquimica.com\/es\/wp-json\/wp\/v2\/pages\/33682\/revisions"}],"predecessor-version":[{"id":33918,"href":"https:\/\/teclimquimica.com\/es\/wp-json\/wp\/v2\/pages\/33682\/revisions\/33918"}],"wp:attachment":[{"href":"https:\/\/teclimquimica.com\/es\/wp-json\/wp\/v2\/media?parent=33682"}],"curies":[{"name":"wp","href":"https:\/\/api.w.org\/{rel}","templated":true}]}}