{"id":33709,"date":"2017-07-08T16:55:41","date_gmt":"2017-07-08T16:55:41","guid":{"rendered":"https:\/\/teclimquimica.com\/?page_id=33709"},"modified":"2017-07-08T16:55:41","modified_gmt":"2017-07-08T16:55:41","slug":"historia","status":"publish","type":"page","link":"https:\/\/teclimquimica.com\/es\/historia\/","title":{"rendered":"Historia"},"content":{"rendered":"<p>[et_pb_section bb_built=\u00bb1&#8243; _builder_version=\u00bb3.0.60&#8243; use_background_color_gradient=\u00bbon\u00bb background_color_gradient_start=\u00bbrgba(224,43,32,0.71)\u00bb background_color_gradient_end=\u00bbrgba(255,255,255,0.66)\u00bb background_color_gradient_type=\u00bbradial\u00bb background_color_gradient_direction_radial=\u00bbleft\u00bb background_image=\u00bbhttps:\/\/teclimquimica.com\/wp-content\/uploads\/2016\/11\/5685e62aad5b4f06b162f39d660b5638.jpg\u00bb background_blend=\u00bboverlay\u00bb][et_pb_row _builder_version=\u00bb3.0.60&#8243; background_position_1=\u00bbtop_left\u00bb background_repeat_1=\u00bbno-repeat\u00bb][et_pb_column type=\u00bb4_4&#8243;][et_pb_text _builder_version=\u00bb3.0.60&#8243; background_layout=\u00bbdark\u00bb text_orientation=\u00bbleft\u00bb border_style=\u00bbsolid\u00bb]<\/p>\n<h1>Historia<\/h1>\n<p>[\/et_pb_text][\/et_pb_column][\/et_pb_row][\/et_pb_section][et_pb_section bb_built=\u00bb1&#8243; fullwidth=\u00bboff\u00bb specialty=\u00bboff\u00bb][et_pb_row][et_pb_column type=\u00bb4_4&#8243;][et_pb_text _builder_version=\u00bb3.0.60&#8243; background_layout=\u00bblight\u00bb text_orientation=\u00bbleft\u00bb border_style=\u00bbsolid\u00bb]<\/p>\n<blockquote><p>La Empresa Productos Rosell fue creada en el a\u00f1o 1886 por Gil Rosell, situando la empresa en un edificio del Eixample barcelon\u00e9s. En un inicio la empresa de dedicaba fundamentalmente a la producci\u00f3n de productos auxiliares para la industria textil, que a finales del siglo XIX presentaba una gran actividad en toda Catalu\u00f1a. Poco a poco con la desaparici\u00f3n de gran parte de las f\u00e1bricas textiles, la empresa se reenfoc\u00f3 a la producci\u00f3n para la limpieza especializada, produciendo decapantes, detergentes, desincrustantes, desengrasantes, etc.<\/p>\n<p>&nbsp;<\/p>\n<p><img decoding=\"async\" class=\"size-full wp-image-33710 aligncenter lazyload\" data-src=\"https:\/\/teclimquimica.com\/wp-content\/uploads\/2017\/07\/fototeclim.png\" alt=\"\" width=\"129\" height=\"153\" src=\"data:image\/svg+xml;base64,PHN2ZyB3aWR0aD0iMSIgaGVpZ2h0PSIxIiB4bWxucz0iaHR0cDovL3d3dy53My5vcmcvMjAwMC9zdmciPjwvc3ZnPg==\" style=\"--smush-placeholder-width: 129px; --smush-placeholder-aspect-ratio: 129\/153;\" \/><\/p>\n<p>&nbsp;<\/p>\n<p>La crisis del sector textil de los a\u00f1os 70, juntamente con la presi\u00f3n para abandonar la actividad industrial en el centro de Barcelona, potenci\u00f3 que Productos Rosell comprara la empresa Teclim Qu\u00edmica que dispon\u00eda de una nave industrial en el recinto Can Roses de Rub\u00ed y comercializaba una cartera de productos complementarios con la propia. La empresa se abri\u00f3 camino elaborando, comercializando y distribuyendo productos espec\u00edficos para la limpieza industrial y tratamiento de todo tipo de superficies. En el a\u00f1o 1984 se formaliz\u00f3 la empresa actual con el nombre de Productos Rosell S.A.<\/p>\n<p>&nbsp;<\/p>\n<p>La empresa sigue siendo de capital familiar y actualmente se encuentra liderada por la quinta generaci\u00f3n.\u00a0<strong>Con m\u00e1s de un siglo de experiencia, la calidad, la innovaci\u00f3n y\u00a0 el compromiso con nuestros clientes<\/strong>\u00a0han sido las claves para que la empresa pueda ir superando las distintas crisis a lo largo de estos a\u00f1os.<\/p><\/blockquote>\n<p>[\/et_pb_text][\/et_pb_column][\/et_pb_row][\/et_pb_section]<\/p>\n","protected":false},"excerpt":{"rendered":"<p>Historia <div class=\"et_pb_row et_pb_row_0 et_pb_row_empty\">\n\t\t\t\t\n\t\t\t\t\n\t\t\t\t\n\t\t\t\t\n\t\t\t\t\n\t\t\t<\/div> La Empresa Productos Rosell fue creada en el a\u00f1o 1886 por Gil Rosell, situando la empresa en un edificio del Eixample barcelon\u00e9s. En un inicio la empresa de dedicaba fundamentalmente a la producci\u00f3n de productos auxiliares para la industria textil, que a finales del siglo XIX presentaba una gran actividad en toda Catalu\u00f1a. [&hellip;]<\/p>\n","protected":false},"author":1,"featured_media":0,"parent":0,"menu_order":0,"comment_status":"closed","ping_status":"closed","template":"","meta":{"_et_pb_use_builder":"on","_et_pb_old_content":"","_et_gb_content_width":"","footnotes":""},"class_list":["post-33709","page","type-page","status-publish","hentry"],"_links":{"self":[{"href":"https:\/\/teclimquimica.com\/es\/wp-json\/wp\/v2\/pages\/33709","targetHints":{"allow":["GET"]}}],"collection":[{"href":"https:\/\/teclimquimica.com\/es\/wp-json\/wp\/v2\/pages"}],"about":[{"href":"https:\/\/teclimquimica.com\/es\/wp-json\/wp\/v2\/types\/page"}],"author":[{"embeddable":true,"href":"https:\/\/teclimquimica.com\/es\/wp-json\/wp\/v2\/users\/1"}],"replies":[{"embeddable":true,"href":"https:\/\/teclimquimica.com\/es\/wp-json\/wp\/v2\/comments?post=33709"}],"version-history":[{"count":3,"href":"https:\/\/teclimquimica.com\/es\/wp-json\/wp\/v2\/pages\/33709\/revisions"}],"predecessor-version":[{"id":34028,"href":"https:\/\/teclimquimica.com\/es\/wp-json\/wp\/v2\/pages\/33709\/revisions\/34028"}],"wp:attachment":[{"href":"https:\/\/teclimquimica.com\/es\/wp-json\/wp\/v2\/media?parent=33709"}],"curies":[{"name":"wp","href":"https:\/\/api.w.org\/{rel}","templated":true}]}}