{"id":33714,"date":"2017-07-08T17:02:25","date_gmt":"2017-07-08T17:02:25","guid":{"rendered":"https:\/\/teclimquimica.com\/?page_id=33714"},"modified":"2017-07-08T17:03:54","modified_gmt":"2017-07-08T17:03:54","slug":"id","status":"publish","type":"page","link":"https:\/\/teclimquimica.com\/es\/id\/","title":{"rendered":"I+D"},"content":{"rendered":"<p>[et_pb_section bb_built=\u00bb1&#8243; _builder_version=\u00bb3.0.60&#8243; use_background_color_gradient=\u00bbon\u00bb background_color_gradient_start=\u00bbrgba(224,43,32,0.71)\u00bb background_color_gradient_end=\u00bbrgba(255,255,255,0.66)\u00bb background_color_gradient_type=\u00bbradial\u00bb background_color_gradient_direction_radial=\u00bbleft\u00bb background_image=\u00bbhttps:\/\/teclimquimica.com\/wp-content\/uploads\/2016\/11\/5685e62aad5b4f06b162f39d660b5638.jpg\u00bb background_blend=\u00bboverlay\u00bb][et_pb_row _builder_version=\u00bb3.0.60&#8243; background_position_1=\u00bbtop_left\u00bb background_repeat_1=\u00bbno-repeat\u00bb][et_pb_column type=\u00bb4_4&#8243;][et_pb_text _builder_version=\u00bb3.0.60&#8243; background_layout=\u00bbdark\u00bb text_orientation=\u00bbleft\u00bb border_style=\u00bbsolid\u00bb]<\/p>\n<h1>I+D<\/h1>\n<p>[\/et_pb_text][\/et_pb_column][\/et_pb_row][\/et_pb_section][et_pb_section bb_built=\u00bb1&#8243; fullwidth=\u00bboff\u00bb specialty=\u00bboff\u00bb][et_pb_row][et_pb_column type=\u00bb4_4&#8243;][et_pb_text _builder_version=\u00bb3.0.60&#8243; background_layout=\u00bblight\u00bb text_orientation=\u00bbleft\u00bb border_style=\u00bbsolid\u00bb]<\/p>\n<blockquote><p>Productos Rosell dispone de un laboratorio de aplicaciones donde se desarrollan nuevos productos y se realizan los controles de calidad de materia prima y producto acabado. En los \u00faltimos a\u00f1os se han dise\u00f1ado y desarrollado nuevos productos t\u00e9cnicos para generar soluciones innovadoras.<\/p>\n<p>&nbsp;<\/p>\n<p><img decoding=\"async\" class=\"wp-image-33715 size-medium alignleft lazyload\" data-src=\"https:\/\/teclimquimica.com\/wp-content\/uploads\/2017\/07\/imasde-300x171.png\" alt=\"\" width=\"300\" height=\"171\" data-srcset=\"https:\/\/teclimquimica.com\/wp-content\/uploads\/2017\/07\/imasde-300x171.png 300w, https:\/\/teclimquimica.com\/wp-content\/uploads\/2017\/07\/imasde.png 571w\" data-sizes=\"(max-width: 300px) 100vw, 300px\" src=\"data:image\/svg+xml;base64,PHN2ZyB3aWR0aD0iMSIgaGVpZ2h0PSIxIiB4bWxucz0iaHR0cDovL3d3dy53My5vcmcvMjAwMC9zdmciPjwvc3ZnPg==\" style=\"--smush-placeholder-width: 300px; --smush-placeholder-aspect-ratio: 300\/171;\" \/><\/p>\n<p>&nbsp;<\/p>\n<p>El laboratorio se rige por normas de calidad, siguiendo procedimientos normalizados de trabajo. Los diversos lotes de fabricaci\u00f3n se guardan durante, al menos, \u00a0ocho meses para asegurar la estabilidad y solventar cualquier anomal\u00eda que pudiese presentarse.<\/p>\n<p>&nbsp;<\/p>\n<p>En el laboratorio de aplicaci\u00f3n se efect\u00faan distintos tipos de estudios, dise\u00f1ando procesos y colaborando en la resoluci\u00f3n de problemas t\u00e9cnicos y consultas que plantean nuestros clientes.<\/p><\/blockquote>\n<p>[\/et_pb_text][\/et_pb_column][\/et_pb_row][\/et_pb_section]<\/p>\n","protected":false},"excerpt":{"rendered":"<p>I+D <div class=\"et_pb_row et_pb_row_0 et_pb_row_empty\">\n\t\t\t\t\n\t\t\t\t\n\t\t\t\t\n\t\t\t\t\n\t\t\t\t\n\t\t\t<\/div> Productos Rosell dispone de un laboratorio de aplicaciones donde se desarrollan nuevos productos y se realizan los controles de calidad de materia prima y producto acabado. En los \u00faltimos a\u00f1os se han dise\u00f1ado y desarrollado nuevos productos t\u00e9cnicos para generar soluciones innovadoras. &nbsp; &nbsp; El laboratorio se rige por normas de calidad, siguiendo [&hellip;]<\/p>\n","protected":false},"author":1,"featured_media":0,"parent":0,"menu_order":0,"comment_status":"closed","ping_status":"closed","template":"","meta":{"_et_pb_use_builder":"on","_et_pb_old_content":"","_et_gb_content_width":"","footnotes":""},"class_list":["post-33714","page","type-page","status-publish","hentry"],"_links":{"self":[{"href":"https:\/\/teclimquimica.com\/es\/wp-json\/wp\/v2\/pages\/33714","targetHints":{"allow":["GET"]}}],"collection":[{"href":"https:\/\/teclimquimica.com\/es\/wp-json\/wp\/v2\/pages"}],"about":[{"href":"https:\/\/teclimquimica.com\/es\/wp-json\/wp\/v2\/types\/page"}],"author":[{"embeddable":true,"href":"https:\/\/teclimquimica.com\/es\/wp-json\/wp\/v2\/users\/1"}],"replies":[{"embeddable":true,"href":"https:\/\/teclimquimica.com\/es\/wp-json\/wp\/v2\/comments?post=33714"}],"version-history":[{"count":3,"href":"https:\/\/teclimquimica.com\/es\/wp-json\/wp\/v2\/pages\/33714\/revisions"}],"predecessor-version":[{"id":33718,"href":"https:\/\/teclimquimica.com\/es\/wp-json\/wp\/v2\/pages\/33714\/revisions\/33718"}],"wp:attachment":[{"href":"https:\/\/teclimquimica.com\/es\/wp-json\/wp\/v2\/media?parent=33714"}],"curies":[{"name":"wp","href":"https:\/\/api.w.org\/{rel}","templated":true}]}}