{"id":33720,"date":"2017-07-08T17:04:54","date_gmt":"2017-07-08T17:04:54","guid":{"rendered":"https:\/\/teclimquimica.com\/?page_id=33720"},"modified":"2017-10-22T16:42:32","modified_gmt":"2017-10-22T16:42:32","slug":"politica-de-calidad","status":"publish","type":"page","link":"https:\/\/teclimquimica.com\/es\/politica-de-calidad\/","title":{"rendered":"Pol\u00edtica de calidad"},"content":{"rendered":"<p>[et_pb_section bb_built=\u00bb1&#8243; _builder_version=\u00bb3.0.60&#8243; use_background_color_gradient=\u00bbon\u00bb background_color_gradient_start=\u00bbrgba(224,43,32,0.71)\u00bb background_color_gradient_end=\u00bbrgba(255,255,255,0.66)\u00bb background_color_gradient_type=\u00bbradial\u00bb background_color_gradient_direction_radial=\u00bbleft\u00bb background_image=\u00bbhttps:\/\/teclimquimica.com\/wp-content\/uploads\/2016\/11\/5685e62aad5b4f06b162f39d660b5638.jpg\u00bb background_blend=\u00bboverlay\u00bb][et_pb_row _builder_version=\u00bb3.0.60&#8243; background_position_1=\u00bbtop_left\u00bb background_repeat_1=\u00bbno-repeat\u00bb][et_pb_column type=\u00bb4_4&#8243;][et_pb_text _builder_version=\u00bb3.0.60&#8243; background_layout=\u00bbdark\u00bb text_orientation=\u00bbleft\u00bb border_style=\u00bbsolid\u00bb module_alignment=\u00bbleft\u00bb]<\/p>\n<h1>Pol\u00edtica de calidad<\/h1>\n<p>[\/et_pb_text][\/et_pb_column][\/et_pb_row][\/et_pb_section][et_pb_section bb_built=\u00bb1&#8243; fullwidth=\u00bboff\u00bb specialty=\u00bboff\u00bb][et_pb_row][et_pb_column type=\u00bb4_4&#8243;][et_pb_text _builder_version=\u00bb3.0.82&#8243; background_layout=\u00bblight\u00bb border_style=\u00bbsolid\u00bb module_alignment=\u00bbleft\u00bb box_shadow_position=\u00bbouter\u00bb]<\/p>\n<blockquote><p><strong>Control de Lotes y Trazabilidad:<\/strong><br \/>\n&nbsp;<\/p>\n<p style=\"text-align: justify;\">Teclim Qu\u00edmica guarda un m\u00ednimo de 8 meses una muestra de todos los lotes fabricados en nuestras instalaciones. Todos ellos pasan por unos estrictos controles de calidad antes del envasado del producto.<\/p>\n<p>&nbsp;<br \/>\n<strong>Fichas Seguridad (MSDS):<\/strong><br \/>\n&nbsp;<\/p>\n<p style=\"text-align: justify;\">Teclim Qu\u00edmica dispone de un software de confecci\u00f3n de fichas de seguridad de manera autom\u00e1tica seg\u00fan \u00faltima legislaci\u00f3n vigente. La clasificaci\u00f3n eco toxicol\u00f3gica de estos preparados ha sido realizada mediante el m\u00e9todo de c\u00e1lculo convencional de la Directiva 1999\/45\/CE (RD.255\/2003). Las fichas de datos de seguridad est\u00e1n adaptadas al acuerdo con Anexo II del Reglamento (CE) n\u00ba 1907\/2006 (REACH). Recientemente hemos incorporado el reglamento (UE) 2016\/918 de la comisi\u00f3n (CLP-ATP8).<\/p>\n<p>&nbsp;<\/p>\n<p>Nuestro software nos permite procesar fichas de seguridad en los siguientes idiomas:<\/p>\n<p>&nbsp;<\/p>\n<ul>\n<li>Castellano<\/li>\n<li>Ingles<\/li>\n<li>Frances<\/li>\n<\/ul>\n<p>&nbsp;<\/p>\n<p style=\"text-align: center;\"><img decoding=\"async\" class=\"alignnone size-medium wp-image-34097 lazyload\" data-src=\"https:\/\/teclimquimica.com\/wp-content\/uploads\/2017\/07\/descarga-300x90.png\" alt=\"\" width=\"300\" height=\"90\" data-srcset=\"https:\/\/teclimquimica.com\/wp-content\/uploads\/2017\/07\/descarga-300x90.png 300w, https:\/\/teclimquimica.com\/wp-content\/uploads\/2017\/07\/descarga.png 409w\" data-sizes=\"(max-width: 300px) 100vw, 300px\" src=\"data:image\/svg+xml;base64,PHN2ZyB3aWR0aD0iMSIgaGVpZ2h0PSIxIiB4bWxucz0iaHR0cDovL3d3dy53My5vcmcvMjAwMC9zdmciPjwvc3ZnPg==\" style=\"--smush-placeholder-width: 300px; --smush-placeholder-aspect-ratio: 300\/90;\" \/><\/p>\n<\/blockquote>\n<p>[\/et_pb_text][\/et_pb_column][\/et_pb_row][\/et_pb_section]<\/p>\n","protected":false},"excerpt":{"rendered":"<p>Pol\u00edtica de calidad <div class=\"et_pb_row et_pb_row_0 et_pb_row_empty\">\n\t\t\t\t\n\t\t\t\t\n\t\t\t\t\n\t\t\t\t\n\t\t\t\t\n\t\t\t<\/div> Control de Lotes y Trazabilidad: &nbsp; Teclim Qu\u00edmica guarda un m\u00ednimo de 8 meses una muestra de todos los lotes fabricados en nuestras instalaciones. Todos ellos pasan por unos estrictos controles de calidad antes del envasado del producto. &nbsp; Fichas Seguridad (MSDS): &nbsp; Teclim Qu\u00edmica dispone de un software de confecci\u00f3n [&hellip;]<\/p>\n","protected":false},"author":1,"featured_media":0,"parent":0,"menu_order":0,"comment_status":"closed","ping_status":"closed","template":"","meta":{"_et_pb_use_builder":"on","_et_pb_old_content":"","_et_gb_content_width":"","footnotes":""},"class_list":["post-33720","page","type-page","status-publish","hentry"],"_links":{"self":[{"href":"https:\/\/teclimquimica.com\/es\/wp-json\/wp\/v2\/pages\/33720","targetHints":{"allow":["GET"]}}],"collection":[{"href":"https:\/\/teclimquimica.com\/es\/wp-json\/wp\/v2\/pages"}],"about":[{"href":"https:\/\/teclimquimica.com\/es\/wp-json\/wp\/v2\/types\/page"}],"author":[{"embeddable":true,"href":"https:\/\/teclimquimica.com\/es\/wp-json\/wp\/v2\/users\/1"}],"replies":[{"embeddable":true,"href":"https:\/\/teclimquimica.com\/es\/wp-json\/wp\/v2\/comments?post=33720"}],"version-history":[{"count":3,"href":"https:\/\/teclimquimica.com\/es\/wp-json\/wp\/v2\/pages\/33720\/revisions"}],"predecessor-version":[{"id":34098,"href":"https:\/\/teclimquimica.com\/es\/wp-json\/wp\/v2\/pages\/33720\/revisions\/34098"}],"wp:attachment":[{"href":"https:\/\/teclimquimica.com\/es\/wp-json\/wp\/v2\/media?parent=33720"}],"curies":[{"name":"wp","href":"https:\/\/api.w.org\/{rel}","templated":true}]}}