{"id":33723,"date":"2017-07-08T17:07:18","date_gmt":"2017-07-08T17:07:18","guid":{"rendered":"https:\/\/teclimquimica.com\/?page_id=33723"},"modified":"2017-10-22T15:33:45","modified_gmt":"2017-10-22T15:33:45","slug":"medio-ambiente","status":"publish","type":"page","link":"https:\/\/teclimquimica.com\/es\/medio-ambiente\/","title":{"rendered":"Medio Ambiente"},"content":{"rendered":"<p>[et_pb_section bb_built=\u00bb1&#8243; _builder_version=\u00bb3.0.60&#8243; use_background_color_gradient=\u00bbon\u00bb background_color_gradient_start=\u00bbrgba(224,43,32,0.71)\u00bb background_color_gradient_end=\u00bbrgba(255,255,255,0.66)\u00bb background_color_gradient_type=\u00bbradial\u00bb background_color_gradient_direction_radial=\u00bbleft\u00bb background_image=\u00bbhttps:\/\/teclimquimica.com\/wp-content\/uploads\/2016\/11\/5685e62aad5b4f06b162f39d660b5638.jpg\u00bb background_blend=\u00bboverlay\u00bb][et_pb_row _builder_version=\u00bb3.0.60&#8243; background_position_1=\u00bbtop_left\u00bb background_repeat_1=\u00bbno-repeat\u00bb background_position=\u00bbtop_left\u00bb background_repeat=\u00bbrepeat\u00bb background_size=\u00bbinitial\u00bb][et_pb_column type=\u00bb4_4&#8243;][et_pb_text _builder_version=\u00bb3.0.82&#8243; background_layout=\u00bbdark\u00bb text_orientation=\u00bbleft\u00bb border_style=\u00bbsolid\u00bb module_alignment=\u00bbleft\u00bb]<\/p>\n<h1>Medio Ambiente<\/h1>\n<p>[\/et_pb_text][\/et_pb_column][\/et_pb_row][\/et_pb_section][et_pb_section bb_built=\u00bb1&#8243; fullwidth=\u00bboff\u00bb specialty=\u00bboff\u00bb][et_pb_row][et_pb_column type=\u00bb4_4&#8243;][et_pb_text _builder_version=\u00bb3.0.82&#8243; background_layout=\u00bblight\u00bb border_style=\u00bbsolid\u00bb module_alignment=\u00bbleft\u00bb box_shadow_position=\u00bbouter\u00bb]<\/p>\n<blockquote>\n<p style=\"text-align: justify;\">En Teclim Qu\u00edmica el respeto al medio ambiente es una prioridad y por eso tenemos implementada una pol\u00edtica de protecci\u00f3n al Medio Ambiente. Creemos que el sector qu\u00edmico debe ser uno de los m\u00e1s sensibles a los temas medioambientales y por eso trabajamos activamente para mejorar en este aspecto cada d\u00eda.<\/p>\n<p>&nbsp;<\/p>\n<p style=\"text-align: justify;\">Intentamos actualizar nuestros procesos de producci\u00f3n con MTD (Mejoras T\u00e9cnicas Disponibles) seg\u00fan establece la Directiva 2010\/75\/UE<\/p>\n<p>&nbsp;<\/p>\n<p style=\"text-align: justify;\">Todos nuestros productos est\u00e1n fabricados con materias primas biodegradables y cumplen las normas t\u00e9cnicas y sanitarias vigentes, seg\u00fan lo estipulado en el Reglamento 648\/2004\/CE. Los tensoactivos contenidos en todos nuestros productos cumplen con los criterios de biodegradaci\u00f3n final aer\u00f3bica de al menos un 90 % en un plazo m\u00e1ximo de 28 d\u00edas.<\/p>\n<p>&nbsp;<\/p>\n<p style=\"text-align: justify;\">Teclim Qu\u00edmica tiene implementado un sistema de vertido cero de aguas residuales y siempre mejoramos para conseguir una minimizaci\u00f3n de residuos en todos nuestros procesos industriales.<\/p>\n<p>&nbsp;<\/p>\n<p style=\"text-align: justify;\">Teclim Qu\u00edmica trabaja muy activamente con la gesti\u00f3n de los envases recibidos y que pone al mercado. Es por eso que trabaja con los siguientes planes de control:<\/p>\n<p>&nbsp;<\/p>\n<p style=\"text-align: justify;\">SDDR (Sistema de Dep\u00f3sito y Devoluci\u00f3n de Envases Reutilizables), donde nuestros proveedores una vez hemos utilizado el contenido del envase lo recogen para lavarlo y posteriormente reutlizarlo.<\/p>\n<p>&nbsp;<\/p>\n<p style=\"text-align: center;\"><img decoding=\"async\" class=\"alignnone size-medium wp-image-34080 lazyload\" data-src=\"https:\/\/teclimquimica.com\/wp-content\/uploads\/2017\/07\/Ciclo-SDDR-2-300x143.jpg\" alt=\"\" width=\"300\" height=\"143\" data-srcset=\"https:\/\/teclimquimica.com\/wp-content\/uploads\/2017\/07\/Ciclo-SDDR-2-300x143.jpg 300w, https:\/\/teclimquimica.com\/wp-content\/uploads\/2017\/07\/Ciclo-SDDR-2-600x287.jpg 600w, https:\/\/teclimquimica.com\/wp-content\/uploads\/2017\/07\/Ciclo-SDDR-2-768x367.jpg 768w, https:\/\/teclimquimica.com\/wp-content\/uploads\/2017\/07\/Ciclo-SDDR-2-1024x489.jpg 1024w, https:\/\/teclimquimica.com\/wp-content\/uploads\/2017\/07\/Ciclo-SDDR-2-1080x516.jpg 1080w, https:\/\/teclimquimica.com\/wp-content\/uploads\/2017\/07\/Ciclo-SDDR-2.jpg 1170w\" data-sizes=\"(max-width: 300px) 100vw, 300px\" src=\"data:image\/svg+xml;base64,PHN2ZyB3aWR0aD0iMSIgaGVpZ2h0PSIxIiB4bWxucz0iaHR0cDovL3d3dy53My5vcmcvMjAwMC9zdmciPjwvc3ZnPg==\" style=\"--smush-placeholder-width: 300px; --smush-placeholder-aspect-ratio: 300\/143;\" \/><\/p>\n<p>&nbsp;<\/p>\n<p style=\"text-align: justify;\">SIG (Sistema Integral de Residuos), gestionamos junto a Ecoembes (que comprende envases ligeros, papel y cart\u00f3n) los envases que Teclim Qu\u00edmica pone al mercado para asegurarnos su posterior reciclaje y gesti\u00f3n.<\/p>\n<p>&nbsp;<\/p>\n<p style=\"text-align: center;\"><img decoding=\"async\" class=\"alignnone size-medium wp-image-34079 lazyload\" data-src=\"https:\/\/teclimquimica.com\/wp-content\/uploads\/2017\/07\/ecoembes-291x300.jpg\" alt=\"\" width=\"291\" height=\"300\" data-srcset=\"https:\/\/teclimquimica.com\/wp-content\/uploads\/2017\/07\/ecoembes-291x300.jpg 291w, https:\/\/teclimquimica.com\/wp-content\/uploads\/2017\/07\/ecoembes-600x618.jpg 600w, https:\/\/teclimquimica.com\/wp-content\/uploads\/2017\/07\/ecoembes.jpg 646w\" data-sizes=\"(max-width: 291px) 100vw, 291px\" src=\"data:image\/svg+xml;base64,PHN2ZyB3aWR0aD0iMSIgaGVpZ2h0PSIxIiB4bWxucz0iaHR0cDovL3d3dy53My5vcmcvMjAwMC9zdmciPjwvc3ZnPg==\" style=\"--smush-placeholder-width: 291px; --smush-placeholder-aspect-ratio: 291\/300;\" \/><\/p>\n<p>&nbsp;<\/p>\n<p style=\"text-align: center;\"><img decoding=\"async\" class=\"alignnone size-full wp-image-33725 lazyload\" data-src=\"https:\/\/teclimquimica.com\/wp-content\/uploads\/2017\/07\/medioiambiente.png\" alt=\"\" width=\"173\" height=\"91\" src=\"data:image\/svg+xml;base64,PHN2ZyB3aWR0aD0iMSIgaGVpZ2h0PSIxIiB4bWxucz0iaHR0cDovL3d3dy53My5vcmcvMjAwMC9zdmciPjwvc3ZnPg==\" style=\"--smush-placeholder-width: 173px; --smush-placeholder-aspect-ratio: 173\/91;\" \/><\/p>\n<\/blockquote>\n<p>[\/et_pb_text][et_pb_cta admin_label=\u00bbNoticias title\u00bb title=\u00bbNoticias Relacionadas\u00bb use_background_color=\u00bboff\u00bb text_orientation=\u00bbleft\u00bb _builder_version=\u00bb3.0.82&#8243; header_font_size=\u00bb48&#8243; header_font_size_tablet=\u00bb36&#8243; header_font_size_phone=\u00bb28&#8243; header_font_size_last_edited=\u00bbon|phone\u00bb header_text_color=\u00bb#ff0000&#8243; background_size=\u00bbinitial\u00bb background_position=\u00bbtop_left\u00bb background_repeat=\u00bbrepeat\u00bb custom_css_promo_title=\u00bbline-height: 130% !important;\u00bb saved_tabs=\u00bball\u00bb url_new_window=\u00bboff\u00bb background_layout=\u00bbdark\u00bb border_style=\u00bbsolid\u00bb custom_button=\u00bboff\u00bb button_icon_placement=\u00bbright\u00bb box_shadow_position_button=\u00bbouter\u00bb box_shadow_position=\u00bbouter\u00bb \/][et_pb_blog _builder_version=\u00bb3.0.82&#8243; posts_number=\u00bb6&#8243; include_categories=\u00bb29&#8243; show_content=\u00bboff\u00bb show_thumbnail=\u00bbon\u00bb show_more=\u00bboff\u00bb show_author=\u00bbon\u00bb show_date=\u00bbon\u00bb show_categories=\u00bbon\u00bb show_comments=\u00bboff\u00bb show_pagination=\u00bbon\u00bb fullwidth=\u00bboff\u00bb use_dropshadow=\u00bboff\u00bb use_overlay=\u00bboff\u00bb background_layout=\u00bblight\u00bb pagination_font_size_tablet=\u00bb51&#8243; pagination_line_height_tablet=\u00bb2&#8243; border_style=\u00bbsolid\u00bb box_shadow_position=\u00bbouter\u00bb \/][\/et_pb_column][\/et_pb_row][\/et_pb_section]<\/p>\n","protected":false},"excerpt":{"rendered":"<p>Medio Ambiente <div class=\"et_pb_row et_pb_row_0 et_pb_row_empty\">\n\t\t\t\t\n\t\t\t\t\n\t\t\t\t\n\t\t\t\t\n\t\t\t\t\n\t\t\t<\/div> En Teclim Qu\u00edmica el respeto al medio ambiente es una prioridad y por eso tenemos implementada una pol\u00edtica de protecci\u00f3n al Medio Ambiente. Creemos que el sector qu\u00edmico debe ser uno de los m\u00e1s sensibles a los temas medioambientales y por eso trabajamos activamente para mejorar en este aspecto cada d\u00eda. &nbsp; [&hellip;]<\/p>\n","protected":false},"author":1,"featured_media":0,"parent":0,"menu_order":0,"comment_status":"closed","ping_status":"closed","template":"","meta":{"_et_pb_use_builder":"on","_et_pb_old_content":"","_et_gb_content_width":"","footnotes":""},"class_list":["post-33723","page","type-page","status-publish","hentry"],"_links":{"self":[{"href":"https:\/\/teclimquimica.com\/es\/wp-json\/wp\/v2\/pages\/33723","targetHints":{"allow":["GET"]}}],"collection":[{"href":"https:\/\/teclimquimica.com\/es\/wp-json\/wp\/v2\/pages"}],"about":[{"href":"https:\/\/teclimquimica.com\/es\/wp-json\/wp\/v2\/types\/page"}],"author":[{"embeddable":true,"href":"https:\/\/teclimquimica.com\/es\/wp-json\/wp\/v2\/users\/1"}],"replies":[{"embeddable":true,"href":"https:\/\/teclimquimica.com\/es\/wp-json\/wp\/v2\/comments?post=33723"}],"version-history":[{"count":12,"href":"https:\/\/teclimquimica.com\/es\/wp-json\/wp\/v2\/pages\/33723\/revisions"}],"predecessor-version":[{"id":34096,"href":"https:\/\/teclimquimica.com\/es\/wp-json\/wp\/v2\/pages\/33723\/revisions\/34096"}],"wp:attachment":[{"href":"https:\/\/teclimquimica.com\/es\/wp-json\/wp\/v2\/media?parent=33723"}],"curies":[{"name":"wp","href":"https:\/\/api.w.org\/{rel}","templated":true}]}}