{"id":33746,"date":"2017-07-09T11:42:33","date_gmt":"2017-07-09T11:42:33","guid":{"rendered":"https:\/\/teclimquimica.com\/?page_id=33746"},"modified":"2017-10-22T20:35:16","modified_gmt":"2017-10-22T20:35:16","slug":"sector-marino","status":"publish","type":"page","link":"https:\/\/teclimquimica.com\/es\/sector-marino\/","title":{"rendered":"Sector Marino"},"content":{"rendered":"<p>[et_pb_section bb_built=\u00bb1&#8243; _builder_version=\u00bb3.0.60&#8243; use_background_color_gradient=\u00bbon\u00bb background_color_gradient_start=\u00bbrgba(224,43,32,0.71)\u00bb background_color_gradient_end=\u00bbrgba(255,255,255,0.66)\u00bb background_color_gradient_type=\u00bbradial\u00bb background_color_gradient_direction_radial=\u00bbleft\u00bb background_image=\u00bbhttps:\/\/teclimquimica.com\/wp-content\/uploads\/2016\/11\/5685e62aad5b4f06b162f39d660b5638.jpg\u00bb background_blend=\u00bboverlay\u00bb][et_pb_row _builder_version=\u00bb3.0.60&#8243; background_position_1=\u00bbtop_left\u00bb background_repeat_1=\u00bbno-repeat\u00bb background_position=\u00bbtop_left\u00bb background_repeat=\u00bbrepeat\u00bb background_size=\u00bbinitial\u00bb][et_pb_column type=\u00bb4_4&#8243;][et_pb_text _builder_version=\u00bb3.0.61&#8243; background_layout=\u00bbdark\u00bb text_orientation=\u00bbleft\u00bb border_style=\u00bbsolid\u00bb module_alignment=\u00bbleft\u00bb]<\/p>\n<h1>Sector Marino<\/h1>\n<p>[\/et_pb_text][\/et_pb_column][\/et_pb_row][\/et_pb_section][et_pb_section bb_built=\u00bb1&#8243; fullwidth=\u00bboff\u00bb specialty=\u00bboff\u00bb][et_pb_row][et_pb_column type=\u00bb4_4&#8243;][et_pb_text _builder_version=\u00bb3.0.61&#8243; background_layout=\u00bblight\u00bb text_orientation=\u00bbleft\u00bb border_style=\u00bbsolid\u00bb module_alignment=\u00bbleft\u00bb]<\/p>\n<p>Teclim Qu\u00edmica SL, con m\u00e1s de cinco a\u00f1os de experiencia en abastecer al sector marino ha trabajado en m\u00e1s de cincuenta puertos comerciales ubicados en Portugal, Espa\u00f1a, Gran Breta\u00f1a y Francia. Abasteciendo cruceros o barcos bulk, con materias primas o con los formulados necesarios, existe la posibilidad del servicio de formulados para terceras marcas totalmente adaptados.<\/p>\n<p>[\/et_pb_text][\/et_pb_column][\/et_pb_row][et_pb_row][et_pb_column type=\u00bb4_4&#8243;][et_pb_text _builder_version=\u00bb3.0.82&#8243; background_layout=\u00bblight\u00bb text_orientation=\u00bbleft\u00bb border_style=\u00bbsolid\u00bb text_text_color=\u00bb#ff0000&#8243; header_text_color=\u00bb#ff0000&#8243; module_alignment=\u00bbleft\u00bb]<\/p>\n<h4 style=\"color: #ff0000;\"><strong>En qu\u00e9 puertos hemos trabajado:<\/strong><\/h4>\n<p>[\/et_pb_text][\/et_pb_column][\/et_pb_row][et_pb_row][et_pb_column type=\u00bb4_4&#8243;][et_pb_text _builder_version=\u00bb3.0.82&#8243; background_layout=\u00bblight\u00bb text_orientation=\u00bbleft\u00bb border_style=\u00bbsolid\u00bb module_alignment=\u00bbleft\u00bb] <div id=\"wpgmza_map\" class=\"wpgmza_map\" data-settings=\"{&quot;id&quot;:&quot;1&quot;,&quot;map_title&quot;:&quot;My first map&quot;,&quot;map_width&quot;:&quot;100&quot;,&quot;map_height&quot;:&quot;400&quot;,&quot;map_start_lat&quot;:&quot;36.735742&quot;,&quot;map_start_lng&quot;:&quot;-3.528289&quot;,&quot;map_start_location&quot;:&quot;36.735742057305266,-3.5282886088866605&quot;,&quot;map_start_zoom&quot;:&quot;7&quot;,&quot;default_marker&quot;:&quot;0&quot;,&quot;type&quot;:&quot;1&quot;,&quot;alignment&quot;:&quot;1&quot;,&quot;directions_enabled&quot;:&quot;1&quot;,&quot;styling_enabled&quot;:&quot;0&quot;,&quot;styling_json&quot;:&quot;&quot;,&quot;active&quot;:&quot;0&quot;,&quot;kml&quot;:&quot;&quot;,&quot;bicycle&quot;:&quot;0&quot;,&quot;traffic&quot;:&quot;0&quot;,&quot;dbox&quot;:&quot;1&quot;,&quot;dbox_width&quot;:&quot;100&quot;,&quot;listmarkers&quot;:&quot;0&quot;,&quot;listmarkers_advanced&quot;:&quot;0&quot;,&quot;filterbycat&quot;:&quot;0&quot;,&quot;ugm_enabled&quot;:&quot;0&quot;,&quot;ugm_category_enabled&quot;:&quot;0&quot;,&quot;fusion&quot;:&quot;&quot;,&quot;map_width_type&quot;:&quot;\\\\%&quot;,&quot;map_height_type&quot;:&quot;px&quot;,&quot;mass_marker_support&quot;:&quot;1&quot;,&quot;ugm_access&quot;:&quot;0&quot;,&quot;order_markers_by&quot;:&quot;1&quot;,&quot;order_markers_choice&quot;:&quot;2&quot;,&quot;show_user_location&quot;:&quot;2&quot;,&quot;default_to&quot;:&quot;&quot;,&quot;other_settings&quot;:{&quot;wpgmza_store_locator_restrict&quot;:&quot;&quot;,&quot;wpgmza_sl_animation&quot;:&quot;1&quot;,&quot;store_locator_bounce&quot;:1,&quot;store_locator_query_string&quot;:&quot;ZIP \\\/ C\\u00f3digo Postal \\\/ Direcci\\u00f3n&quot;,&quot;store_locator_name_string&quot;:&quot;Title \\\/ Description:&quot;,&quot;store_locator_default_address&quot;:&quot;&quot;,&quot;wpgmza_dbox_width_type&quot;:&quot;%&quot;,&quot;map_max_zoom&quot;:&quot;1&quot;,&quot;map_min_zoom&quot;:&quot;21&quot;,&quot;sl_stroke_color&quot;:&quot;FF0000&quot;,&quot;sl_stroke_opacity&quot;:&quot;0.25&quot;,&quot;sl_fill_color&quot;:&quot;FF0000&quot;,&quot;sl_fill_opacity&quot;:&quot;0.15&quot;,&quot;click_open_link&quot;:2,&quot;transport_layer&quot;:0,&quot;iw_primary_color&quot;:&quot;2A3744&quot;,&quot;iw_accent_color&quot;:&quot;252F3A&quot;,&quot;iw_text_color&quot;:&quot;FFFFFF&quot;,&quot;wpgmza_iw_type&quot;:&quot;0&quot;,&quot;list_markers_by&quot;:&quot;0&quot;,&quot;push_in_map&quot;:&quot;&quot;,&quot;push_in_map_placement&quot;:&quot;9&quot;,&quot;wpgmza_push_in_map_width&quot;:&quot;&quot;,&quot;wpgmza_push_in_map_height&quot;:&quot;&quot;,&quot;wpgmza_theme_data&quot;:&quot;[ { \\\\\\&quot;featureType\\\\\\&quot;: \\\\\\&quot;water\\\\\\&quot;, \\\\\\&quot;elementType\\\\\\&quot;: \\\\\\&quot;geometry.fill\\\\\\&quot;, \\\\\\&quot;stylers\\\\\\&quot;: [ { \\\\\\&quot;invert_lightness\\\\\\&quot;: true } ] },{ \\\\\\&quot;featureType\\\\\\&quot;: \\\\\\&quot;landscape.natural\\\\\\&quot;, \\\\\\&quot;elementType\\\\\\&quot;: \\\\\\&quot;geometry.fill\\\\\\&quot;, \\\\\\&quot;stylers\\\\\\&quot;: [ { \\\\\\&quot;color\\\\\\&quot;: \\\\\\&quot;#64789e\\\\\\&quot; }, { \\\\\\&quot;lightness\\\\\\&quot;: 14 } ] },{ \\\\\\&quot;featureType\\\\\\&quot;: \\\\\\&quot;poi\\\\\\&quot;, \\\\\\&quot;elementType\\\\\\&quot;: \\\\\\&quot;geometry\\\\\\&quot;, \\\\\\&quot;stylers\\\\\\&quot;: [ { \\\\\\&quot;color\\\\\\&quot;: \\\\\\&quot;#5f7b9c\\\\\\&quot; }, { \\\\\\&quot;saturation\\\\\\&quot;: -33 } ] },{ \\\\\\&quot;featureType\\\\\\&quot;: \\\\\\&quot;road.highway\\\\\\&quot;, \\\\\\&quot;elementType\\\\\\&quot;: \\\\\\&quot;geometry.fill\\\\\\&quot;, \\\\\\&quot;stylers\\\\\\&quot;: [ { \\\\\\&quot;color\\\\\\&quot;: \\\\\\&quot;#808080\\\\\\&quot; } ] },{ \\\\\\&quot;featureType\\\\\\&quot;: \\\\\\&quot;road.highway\\\\\\&quot;, \\\\\\&quot;elementType\\\\\\&quot;: \\\\\\&quot;geometry.stroke\\\\\\&quot;, \\\\\\&quot;stylers\\\\\\&quot;: [ { \\\\\\&quot;color\\\\\\&quot;: \\\\\\&quot;#e1ba05\\\\\\&quot; } ] },{ \\\\\\&quot;featureType\\\\\\&quot;: \\\\\\&quot;road.arterial\\\\\\&quot;, \\\\\\&quot;elementType\\\\\\&quot;: \\\\\\&quot;geometry.stroke\\\\\\&quot;, \\\\\\&quot;stylers\\\\\\&quot;: [ { \\\\\\&quot;lightness\\\\\\&quot;: 100 } ] },{ \\\\\\&quot;featureType\\\\\\&quot;: \\\\\\&quot;road.local\\\\\\&quot;, \\\\\\&quot;elementType\\\\\\&quot;: \\\\\\&quot;geometry.stroke\\\\\\&quot;, \\\\\\&quot;stylers\\\\\\&quot;: [ { \\\\\\&quot;visibility\\\\\\&quot;: \\\\\\&quot;on\\\\\\&quot; }, { \\\\\\&quot;lightness\\\\\\&quot;: 100 } ] },{ \\\\\\&quot;featureType\\\\\\&quot;: \\\\\\&quot;landscape.man_made\\\\\\&quot;, \\\\\\&quot;elementType\\\\\\&quot;: \\\\\\&quot;geometry.fill\\\\\\&quot;, \\\\\\&quot;stylers\\\\\\&quot;: [ { \\\\\\&quot;color\\\\\\&quot;: \\\\\\&quot;#7290b0\\\\\\&quot; }, { \\\\\\&quot;saturation\\\\\\&quot;: -50 } ] },{ \\\\\\&quot;elementType\\\\\\&quot;: \\\\\\&quot;labels.icon\\\\\\&quot; } ]&quot;,&quot;wpgmza_theme_selection&quot;:7,&quot;upload_default_ul_marker&quot;:&quot;&quot;,&quot;upload_default_sl_marker&quot;:&quot;&quot;}}\" data-map-id='1' Data-maps-engine='' data-shortcode-attributes=\"{&quot;id&quot;:&quot;1&quot;}\" style=\"display:block; overflow:auto; width:100%; height:400px; float:left;\"><\/div> [\/et_pb_text][\/et_pb_column][\/et_pb_row][et_pb_row][et_pb_column type=\u00bb4_4&#8243;][et_pb_cta admin_label=\u00bbNoticias title\u00bb title=\u00bbNotcias Relacionadas\u00bb use_background_color=\u00bboff\u00bb text_orientation=\u00bbleft\u00bb _builder_version=\u00bb3.0.82&#8243; header_font_size=\u00bb48&#8243; header_font_size_tablet=\u00bb36&#8243; header_font_size_phone=\u00bb28&#8243; header_font_size_last_edited=\u00bbon|phone\u00bb header_text_color=\u00bb#ff0000&#8243; background_size=\u00bbinitial\u00bb background_position=\u00bbtop_left\u00bb background_repeat=\u00bbrepeat\u00bb custom_css_promo_title=\u00bbline-height: 130% !important;\u00bb saved_tabs=\u00bball\u00bb url_new_window=\u00bboff\u00bb background_layout=\u00bbdark\u00bb border_style=\u00bbsolid\u00bb custom_button=\u00bboff\u00bb button_icon_placement=\u00bbright\u00bb box_shadow_position_button=\u00bbouter\u00bb box_shadow_position=\u00bbouter\u00bb \/][et_pb_blog _builder_version=\u00bb3.0.82&#8243; posts_number=\u00bb6&#8243; show_content=\u00bboff\u00bb show_thumbnail=\u00bbon\u00bb show_more=\u00bboff\u00bb show_author=\u00bbon\u00bb show_date=\u00bbon\u00bb show_categories=\u00bbon\u00bb show_comments=\u00bbon\u00bb show_pagination=\u00bbon\u00bb fullwidth=\u00bboff\u00bb use_dropshadow=\u00bboff\u00bb use_overlay=\u00bboff\u00bb background_layout=\u00bblight\u00bb pagination_font_size_tablet=\u00bb51&#8243; pagination_line_height_tablet=\u00bb2&#8243; border_style=\u00bbsolid\u00bb box_shadow_position=\u00bbouter\u00bb include_categories=\u00bb31&#8243; \/][\/et_pb_column][\/et_pb_row][\/et_pb_section]<\/p>\n","protected":false},"excerpt":{"rendered":"<p>Sector Marino <div class=\"et_pb_row et_pb_row_0 et_pb_row_empty\">\n\t\t\t\t\n\t\t\t\t\n\t\t\t\t\n\t\t\t\t\n\t\t\t\t\n\t\t\t<\/div> Teclim Qu\u00edmica SL, con m\u00e1s de cinco a\u00f1os de experiencia en abastecer al sector marino ha trabajado en m\u00e1s de cincuenta puertos comerciales ubicados en Portugal, Espa\u00f1a, Gran Breta\u00f1a y Francia. Abasteciendo cruceros o barcos bulk, con materias primas o con los formulados necesarios, existe la posibilidad del servicio de formulados para [&hellip;]<\/p>\n","protected":false},"author":1,"featured_media":0,"parent":0,"menu_order":0,"comment_status":"closed","ping_status":"closed","template":"","meta":{"_et_pb_use_builder":"on","_et_pb_old_content":"","_et_gb_content_width":"","footnotes":""},"class_list":["post-33746","page","type-page","status-publish","hentry"],"_links":{"self":[{"href":"https:\/\/teclimquimica.com\/es\/wp-json\/wp\/v2\/pages\/33746","targetHints":{"allow":["GET"]}}],"collection":[{"href":"https:\/\/teclimquimica.com\/es\/wp-json\/wp\/v2\/pages"}],"about":[{"href":"https:\/\/teclimquimica.com\/es\/wp-json\/wp\/v2\/types\/page"}],"author":[{"embeddable":true,"href":"https:\/\/teclimquimica.com\/es\/wp-json\/wp\/v2\/users\/1"}],"replies":[{"embeddable":true,"href":"https:\/\/teclimquimica.com\/es\/wp-json\/wp\/v2\/comments?post=33746"}],"version-history":[{"count":9,"href":"https:\/\/teclimquimica.com\/es\/wp-json\/wp\/v2\/pages\/33746\/revisions"}],"predecessor-version":[{"id":34109,"href":"https:\/\/teclimquimica.com\/es\/wp-json\/wp\/v2\/pages\/33746\/revisions\/34109"}],"wp:attachment":[{"href":"https:\/\/teclimquimica.com\/es\/wp-json\/wp\/v2\/media?parent=33746"}],"curies":[{"name":"wp","href":"https:\/\/api.w.org\/{rel}","templated":true}]}}