{"id":33759,"date":"2017-07-11T12:18:08","date_gmt":"2017-07-11T12:18:08","guid":{"rendered":"https:\/\/teclimquimica.com\/?page_id=33759"},"modified":"2018-02-27T13:40:49","modified_gmt":"2018-02-27T13:40:49","slug":"ll-38-desengrasante-suelos","status":"publish","type":"page","link":"https:\/\/teclimquimica.com\/es\/ll-38-desengrasante-suelos\/","title":{"rendered":"LL-38"},"content":{"rendered":"<p>[et_pb_section bb_built=\u00bb1&#8243; admin_label=\u00bbsection\u00bb _builder_version=\u00bb3.0.47&#8243;][et_pb_row admin_label=\u00bbrow\u00bb _builder_version=\u00bb3.0.47&#8243; background_size=\u00bbinitial\u00bb background_position=\u00bbtop_left\u00bb background_repeat=\u00bbrepeat\u00bb][et_pb_column type=\u00bb4_4&#8243;][et_pb_text admin_label=\u00bbText\u00bb _builder_version=\u00bb3.0.97&#8243; background_layout=\u00bblight\u00bb]<\/p>\n<h1><strong>LL-38 &#8211; Desengrasante Suelos<\/strong><\/h1>\n<hr \/>\n<p>[\/et_pb_text][\/et_pb_column][\/et_pb_row][et_pb_row admin_label=\u00bbrow\u00bb _builder_version=\u00bb3.0.47&#8243; background_size=\u00bbinitial\u00bb background_position=\u00bbtop_left\u00bb background_repeat=\u00bbrepeat\u00bb][et_pb_column type=\u00bb1_2&#8243;][et_pb_text admin_label=\u00bbText\u00bb _builder_version=\u00bb3.0.97&#8243; text_font_size=\u00bb17&#8243; background_layout=\u00bblight\u00bb]<\/p>\n<p><strong>Descripci\u00f3n: <\/strong><\/p>\n<p>LL-38 es un desengrasante general para limpieza de toda clase de superficies lavables. Elimina eficientemente la suciedad y la grasa.<\/p>\n<p><strong>M\u00e9todo de Aplicaci\u00f3n: <\/strong><\/p>\n<p>Manual con fregona o pulverizador.<\/p>\n<p><strong>Superficies y Usos: <\/strong><\/p>\n<p>Limpieza de todo tipo de superficie lavables. No aplicar en madera barnizada.<\/p>\n<p>[\/et_pb_text][\/et_pb_column][et_pb_column type=\u00bb1_2&#8243;][et_pb_text admin_label=\u00bbText\u00bb _builder_version=\u00bb3.0.105&#8243; text_font_size=\u00bb17&#8243; background_layout=\u00bblight\u00bb]<\/p>\n<p><strong>Dosis recomendadas:<\/strong><\/p>\n<ul>\n<li>Para fregado de suelos de cocina, planchas de cocina, campanas extractoras, motores de veh\u00edculos, maquinaria de artes gr\u00e1ficas, aplicar diluido de 1:1 hasta 1:25, seg\u00fan suciedad.<\/li>\n<li>Para limpieza con pa\u00f1o o celulosa aplicando con pulverizador diluir 1 parte por 1 de agua (50%).<\/li>\n<\/ul>\n<p><strong>Productos similares:<\/strong><\/p>\n<ul>\n<li><a href=\"http:\/\/teclimquimica.com\/es\/ll-465c-detergente-desengrasante-concentrado\/\" target=\"_blank\" rel=\"noopener\">LL-465C &#8211; Detergente Desengrasante Concentrado<\/a><\/li>\n<li><a href=\"http:\/\/teclimquimica.com\/es\/dfd-200-detergente-desengrasante\/\" target=\"_blank\" rel=\"noopener\">DFD-200 &#8211; Detergente Desengrasante<\/a><\/li>\n<\/ul>\n<p>[\/et_pb_text][et_pb_button admin_label=\u00bbButton\u00bb button_url=\u00bbhttps:\/\/teclimquimica.com\/wp-content\/uploads\/2018\/01\/FT-ES-LL-38-BO.pdf\u00bb url_new_window=\u00bbon\u00bb button_text=\u00bbDescargar ficha\u00bb button_alignment=\u00bbcenter\u00bb _builder_version=\u00bb3.0.97&#8243; custom_button=\u00bbon\u00bb button_border_radius=\u00bb0&#8243; button_use_icon=\u00bboff\u00bb background_color=\u00bb#ff0000&#8243; background_layout=\u00bblight\u00bb button_icon_placement=\u00bbright\u00bb]<\/p>\n<p>&nbsp;<\/p>\n<p>[\/et_pb_button][et_pb_text admin_label=\u00bbText\u00bb text_orientation=\u00bbcenter\u00bb _builder_version=\u00bb3.0.97&#8243; text_font_size=\u00bb17&#8243; background_color=\u00bb#eeeeee\u00bb custom_padding=\u00bb10px||10px|\u00bb module_alignment=\u00bbcenter\u00bb background_layout=\u00bblight\u00bb]<\/p>\n<p>Teclim Quimica S.L.<br \/>\nC\/ Atletismo, 18 08191 RUBI<br \/>\nTel\u00e9fono: +34935887667<\/p>\n<p>[\/et_pb_text][\/et_pb_column][\/et_pb_row][et_pb_row admin_label=\u00bbrow\u00bb _builder_version=\u00bb3.0.47&#8243; background_size=\u00bbinitial\u00bb background_position=\u00bbtop_left\u00bb background_repeat=\u00bbrepeat\u00bb][et_pb_column type=\u00bb4_4&#8243;][et_pb_text admin_label=\u00bbText\u00bb _builder_version=\u00bb3.0.97&#8243; background_layout=\u00bblight\u00bb]<\/p>\n<p>Para otras aplicaciones o dudas, consultar con el departamento t\u00e9cnico\/comercial de Teclim Qu\u00edmica. Ficha de seguridad (MSDS) disponible para clientes.<\/p>\n<p>[\/et_pb_text][et_pb_text admin_label=\u00bbText\u00bb _builder_version=\u00bb3.0.97&#8243; background_layout=\u00bblight\u00bb]<\/p>\n<h4><strong>Noticias Relacionadas:<\/strong><\/h4>\n<hr \/>\n<p>[\/et_pb_text][et_pb_blog _builder_version=\u00bb3.0.92&#8243; show_content=\u00bboff\u00bb show_thumbnail=\u00bbon\u00bb show_more=\u00bboff\u00bb show_author=\u00bbon\u00bb show_date=\u00bbon\u00bb show_categories=\u00bbon\u00bb show_comments=\u00bbon\u00bb show_pagination=\u00bbon\u00bb fullwidth=\u00bboff\u00bb use_dropshadow=\u00bboff\u00bb use_overlay=\u00bboff\u00bb background_layout=\u00bblight\u00bb pagination_font_size_tablet=\u00bb51&#8243; pagination_line_height_tablet=\u00bb2&#8243; posts_number=\u00bb6&#8243; include_categories=\u00bb40&#8243; box_shadow_color=\u00bbrgba(0,0,0,0.3)\u00bb box_shadow_style=\u00bbnone\u00bb \/][\/et_pb_column][\/et_pb_row][\/et_pb_section]<\/p>\n","protected":false},"excerpt":{"rendered":"<p>LL-38 &#8211; Desengrasante Suelos Descripci\u00f3n: LL-38 es un desengrasante general para limpieza de toda clase de superficies lavables. Elimina eficientemente la suciedad y la grasa. M\u00e9todo de Aplicaci\u00f3n: Manual con fregona o pulverizador. Superficies y Usos: Limpieza de todo tipo de superficie lavables. No aplicar en madera barnizada. Dosis recomendadas: Para fregado de suelos de [&hellip;]<\/p>\n","protected":false},"author":1,"featured_media":0,"parent":0,"menu_order":0,"comment_status":"closed","ping_status":"closed","template":"","meta":{"_et_pb_use_builder":"on","_et_pb_old_content":"","_et_gb_content_width":"","footnotes":""},"class_list":["post-33759","page","type-page","status-publish","hentry"],"_links":{"self":[{"href":"https:\/\/teclimquimica.com\/es\/wp-json\/wp\/v2\/pages\/33759","targetHints":{"allow":["GET"]}}],"collection":[{"href":"https:\/\/teclimquimica.com\/es\/wp-json\/wp\/v2\/pages"}],"about":[{"href":"https:\/\/teclimquimica.com\/es\/wp-json\/wp\/v2\/types\/page"}],"author":[{"embeddable":true,"href":"https:\/\/teclimquimica.com\/es\/wp-json\/wp\/v2\/users\/1"}],"replies":[{"embeddable":true,"href":"https:\/\/teclimquimica.com\/es\/wp-json\/wp\/v2\/comments?post=33759"}],"version-history":[{"count":29,"href":"https:\/\/teclimquimica.com\/es\/wp-json\/wp\/v2\/pages\/33759\/revisions"}],"predecessor-version":[{"id":35527,"href":"https:\/\/teclimquimica.com\/es\/wp-json\/wp\/v2\/pages\/33759\/revisions\/35527"}],"wp:attachment":[{"href":"https:\/\/teclimquimica.com\/es\/wp-json\/wp\/v2\/media?parent=33759"}],"curies":[{"name":"wp","href":"https:\/\/api.w.org\/{rel}","templated":true}]}}