{"id":33787,"date":"2017-07-11T15:17:38","date_gmt":"2017-07-11T15:17:38","guid":{"rendered":"https:\/\/teclimquimica.com\/?page_id=33787"},"modified":"2018-01-19T03:35:33","modified_gmt":"2018-01-19T03:35:33","slug":"ll-465c-detergente-desengrasante-concentrado","status":"publish","type":"page","link":"https:\/\/teclimquimica.com\/es\/ll-465c-detergente-desengrasante-concentrado\/","title":{"rendered":"LL\u2013465C"},"content":{"rendered":"<p>[et_pb_section bb_built=\u00bb1&#8243; admin_label=\u00bbsection\u00bb][et_pb_row admin_label=\u00bbrow\u00bb background_position=\u00bbtop_left\u00bb background_repeat=\u00bbrepeat\u00bb background_size=\u00bbinitial\u00bb][et_pb_column type=\u00bb4_4&#8243;][et_pb_text admin_label=\u00bbText\u00bb background_layout=\u00bblight\u00bb _builder_version=\u00bb3.0.97&#8243;]<\/p>\n<h1><strong>LL-465C &#8211; Detergente Desengrasante Concentrado<\/strong><\/h1>\n<hr \/>\n<p>[\/et_pb_text][\/et_pb_column][\/et_pb_row][et_pb_row admin_label=\u00bbrow\u00bb background_position=\u00bbtop_left\u00bb background_repeat=\u00bbrepeat\u00bb background_size=\u00bbinitial\u00bb][et_pb_column type=\u00bb1_2&#8243;][et_pb_text admin_label=\u00bbText\u00bb background_layout=\u00bblight\u00bb text_font_size=\u00bb17&#8243; _builder_version=\u00bb3.0.97&#8243;]<\/p>\n<p><strong>Descripci\u00f3n:<\/strong><\/p>\n<p>El LL-465C es un detergente desengrasante concentrado que elimina las manchas grasientas m\u00e1s resistentes. Es aplicable a cualquier tipo de superficies, incluso tratadas con ceras o suelos delicados. Especial para las m\u00e1quinas fregadoras autom\u00e1ticas.<\/p>\n<p><strong>M\u00e9todo de Aplicaci\u00f3n:<\/strong><\/p>\n<p>Diluir el producto a las dosis adecuadas y aplicarlo ya sea frotando o mediante m\u00e1quinas fregadoras autom\u00e1ticas.<\/p>\n<p><strong>Superficies y Usos:<\/strong><\/p>\n<p>Aplicable a cualquier tipo de superficies, incluso tratadas con ceras o suelos delicados. Especial para las m\u00e1quinas fregadoras autom\u00e1ticas.<\/p>\n<p>[\/et_pb_text][\/et_pb_column][et_pb_column type=\u00bb1_2&#8243;][et_pb_text admin_label=\u00bbText\u00bb background_layout=\u00bblight\u00bb text_font_size=\u00bb17&#8243; _builder_version=\u00bb3.0.97&#8243;]<\/p>\n<p><strong>Dosis recomendadas:<\/strong><\/p>\n<ul>\n<li>Aplicar seg\u00fan el grado de suciedad a proporci\u00f3n de 1:400 a 0,5:400<\/li>\n<\/ul>\n<p><strong>Productos similares:<\/strong><\/p>\n<ul>\n<li><a href=\"https:\/\/teclimquimica.com\/ll-38-desengrasante-suelos\/\" target=\"_blank\" rel=\"noopener\">LL-38 &#8211; Desengrasante Suelos<\/a><\/li>\n<li><a href=\"https:\/\/teclimquimica.com\/dfd-200-detergente-desengrasante\/\" target=\"_blank\" rel=\"noopener\">DFD-200 &#8211; Detergente Desengrasante<\/a><\/li>\n<\/ul>\n<p>[\/et_pb_text][et_pb_button admin_label=\u00bbButton\u00bb button_url=\u00bbhttps:\/\/teclimquimica.com\/wp-content\/uploads\/2018\/01\/FT-ES-LL-465C.pdf\u00bb url_new_window=\u00bbon\u00bb button_text=\u00bbDescargar ficha\u00bb button_alignment=\u00bbcenter\u00bb background_layout=\u00bblight\u00bb custom_button=\u00bbon\u00bb button_border_radius=\u00bb0&#8243; button_icon_placement=\u00bbright\u00bb _builder_version=\u00bb3.0.97&#8243; button_use_icon=\u00bboff\u00bb \/][et_pb_text admin_label=\u00bbText\u00bb background_layout=\u00bblight\u00bb text_orientation=\u00bbcenter\u00bb background_color=\u00bb#eeeeee\u00bb custom_padding=\u00bb10px||10px|\u00bb text_font_size=\u00bb17&#8243; _builder_version=\u00bb3.0.97&#8243; module_alignment=\u00bbcenter\u00bb]<\/p>\n<p>Teclim Quimica S.L.<br \/>\nC\/ Atletismo, 18 08191 RUBI<br \/>\nTel\u00e9fono: +34935887667<\/p>\n<p>[\/et_pb_text][\/et_pb_column][\/et_pb_row][et_pb_row admin_label=\u00bbrow\u00bb background_position=\u00bbtop_left\u00bb background_repeat=\u00bbrepeat\u00bb background_size=\u00bbinitial\u00bb][et_pb_column type=\u00bb4_4&#8243;][et_pb_text admin_label=\u00bbText\u00bb background_layout=\u00bblight\u00bb _builder_version=\u00bb3.0.97&#8243;]<\/p>\n<p>Para otras aplicaciones o dudas, consultar con el departamento t\u00e9cnico\/comercial de Teclim Qu\u00edmica. Ficha de seguridad (MSDS) disponible para clientes.<\/p>\n<p>[\/et_pb_text][et_pb_text admin_label=\u00bbText\u00bb background_layout=\u00bblight\u00bb _builder_version=\u00bb3.0.97&#8243;]<\/p>\n<h4><strong>Noticias Relacionadas:<\/strong><\/h4>\n<hr \/>\n<p>[\/et_pb_text][et_pb_blog _builder_version=\u00bb3.0.97&#8243; posts_number=\u00bb6&#8243; include_categories=\u00bb40&#8243; show_content=\u00bboff\u00bb show_thumbnail=\u00bbon\u00bb show_more=\u00bboff\u00bb show_author=\u00bbon\u00bb show_date=\u00bbon\u00bb show_categories=\u00bbon\u00bb show_comments=\u00bbon\u00bb show_pagination=\u00bbon\u00bb fullwidth=\u00bboff\u00bb use_dropshadow=\u00bboff\u00bb use_overlay=\u00bboff\u00bb background_layout=\u00bblight\u00bb pagination_font_size_tablet=\u00bb51&#8243; pagination_line_height_tablet=\u00bb2&#8243; box_shadow_color=\u00bbrgba(0,0,0,0.3)\u00bb box_shadow_style=\u00bbnone\u00bb \/][\/et_pb_column][\/et_pb_row][\/et_pb_section]<\/p>\n","protected":false},"excerpt":{"rendered":"<p>LL-465C &#8211; Detergente Desengrasante Concentrado Descripci\u00f3n: El LL-465C es un detergente desengrasante concentrado que elimina las manchas grasientas m\u00e1s resistentes. Es aplicable a cualquier tipo de superficies, incluso tratadas con ceras o suelos delicados. Especial para las m\u00e1quinas fregadoras autom\u00e1ticas. M\u00e9todo de Aplicaci\u00f3n: Diluir el producto a las dosis adecuadas y aplicarlo ya sea frotando [&hellip;]<\/p>\n","protected":false},"author":1,"featured_media":0,"parent":0,"menu_order":0,"comment_status":"closed","ping_status":"closed","template":"","meta":{"_et_pb_use_builder":"on","_et_pb_old_content":"","_et_gb_content_width":"","footnotes":""},"class_list":["post-33787","page","type-page","status-publish","hentry"],"_links":{"self":[{"href":"https:\/\/teclimquimica.com\/es\/wp-json\/wp\/v2\/pages\/33787","targetHints":{"allow":["GET"]}}],"collection":[{"href":"https:\/\/teclimquimica.com\/es\/wp-json\/wp\/v2\/pages"}],"about":[{"href":"https:\/\/teclimquimica.com\/es\/wp-json\/wp\/v2\/types\/page"}],"author":[{"embeddable":true,"href":"https:\/\/teclimquimica.com\/es\/wp-json\/wp\/v2\/users\/1"}],"replies":[{"embeddable":true,"href":"https:\/\/teclimquimica.com\/es\/wp-json\/wp\/v2\/comments?post=33787"}],"version-history":[{"count":13,"href":"https:\/\/teclimquimica.com\/es\/wp-json\/wp\/v2\/pages\/33787\/revisions"}],"predecessor-version":[{"id":34459,"href":"https:\/\/teclimquimica.com\/es\/wp-json\/wp\/v2\/pages\/33787\/revisions\/34459"}],"wp:attachment":[{"href":"https:\/\/teclimquimica.com\/es\/wp-json\/wp\/v2\/media?parent=33787"}],"curies":[{"name":"wp","href":"https:\/\/api.w.org\/{rel}","templated":true}]}}