{"id":33821,"date":"2017-07-12T14:11:01","date_gmt":"2017-07-12T14:11:01","guid":{"rendered":"https:\/\/teclimquimica.com\/?page_id=33821"},"modified":"2018-02-27T13:29:29","modified_gmt":"2018-02-27T13:29:29","slug":"dac-120-detergente-acido44","status":"publish","type":"page","link":"https:\/\/teclimquimica.com\/es\/dac-120-detergente-acido44\/","title":{"rendered":"DAC-120"},"content":{"rendered":"<p>[et_pb_section bb_built=\u00bb1&#8243; admin_label=\u00bbsection\u00bb][et_pb_row admin_label=\u00bbrow\u00bb background_position=\u00bbtop_left\u00bb background_repeat=\u00bbrepeat\u00bb background_size=\u00bbinitial\u00bb][et_pb_column type=\u00bb4_4&#8243;][et_pb_text admin_label=\u00bbText\u00bb background_layout=\u00bblight\u00bb _builder_version=\u00bb3.0.97&#8243; module_alignment=\u00bbleft\u00bb]<\/p>\n<h1><strong>DAC-120 &#8211; Detergente \u00c1cido<\/strong><\/h1>\n<hr \/>\n<p>[\/et_pb_text][\/et_pb_column][\/et_pb_row][et_pb_row admin_label=\u00bbrow\u00bb background_position=\u00bbtop_left\u00bb background_repeat=\u00bbrepeat\u00bb background_size=\u00bbinitial\u00bb][et_pb_column type=\u00bb1_2&#8243;][et_pb_text admin_label=\u00bbText\u00bb background_layout=\u00bblight\u00bb text_font_size=\u00bb17&#8243; _builder_version=\u00bb3.0.97&#8243; module_alignment=\u00bbleft\u00bb]<\/p>\n<p><strong>Descripci\u00f3n:<\/strong><\/p>\n<p>El DAC-120 es un limpiador \u00e1cido fluorh\u00eddrico que junto a sus propiedades de neutralizaci\u00f3n de las eflorescencias salinas y herrumbre en las superficies calc\u00e1reas, presenta un elevado poder de disoluci\u00f3n de grasas y restos de suciedad.<\/p>\n<p><strong>M\u00e9todo de Aplicaci\u00f3n:<\/strong><\/p>\n<p>Una vez diluido, frotar la superficie a tratar con ayuda de un cepillo o abrasivo sint\u00e9tico, aclarando a continuaci\u00f3n. Puede aplicarse tambi\u00e9n en soluciones acuosas en m\u00e1quinas de presi\u00f3n. Tambi\u00e9n se puede aplicar con m\u00e1quinas pulidoras. Una vez aplicado el tratamiento, es importante proceder a un aclarado con agua limpia a fin de arrastrar la suciedad.<\/p>\n<p><strong>Superficies y Usos:<\/strong><\/p>\n<p>Est\u00e1 particularmente indicado para la limpieza de suelos y fachadas con restos de polvo, grasa, holl\u00edn, herrumbre, etc. Se puede aplicar en suelos de piedra, m\u00e1rmol, cementos y terrazos.<\/p>\n<p>[\/et_pb_text][\/et_pb_column][et_pb_column type=\u00bb1_2&#8243;][et_pb_text admin_label=\u00bbText\u00bb background_layout=\u00bblight\u00bb text_font_size=\u00bb17&#8243; _builder_version=\u00bb3.0.105&#8243; module_alignment=\u00bbleft\u00bb]<\/p>\n<p><strong>Dosis recomendadas<\/strong><\/p>\n<ul>\n<li>Con cepillo o abrasivo sint\u00e9tico: diluir DAC-120 en 3 a 5 partes de agua.<\/li>\n<li>Con m\u00e1quina a presi\u00f3n: diluir DAC-120 en 5 a 10 partes de agua.<\/li>\n<li>Con m\u00e1quina pulidora: diluir DAC-120 en 20 a 25 partes de agua.<\/li>\n<\/ul>\n<p><strong>Productos similares:<\/strong><\/p>\n<ul>\n<li><a href=\"http:\/\/teclimquimica.com\/es\/ll-10-desincrustante-w-c-final-de-obras\/\" target=\"_blank\" rel=\"noopener\">LL-10 &#8211; Desincrustante W.C. Final de Obras<\/a><\/li>\n<\/ul>\n<p>[\/et_pb_text][et_pb_button admin_label=\u00bbButton\u00bb button_url=\u00bbhttps:\/\/teclimquimica.com\/wp-content\/uploads\/2018\/01\/FT-ES-DAC-120.pdf\u00bb url_new_window=\u00bbon\u00bb button_text=\u00bbDescargar ficha\u00bb button_alignment=\u00bbcenter\u00bb background_layout=\u00bblight\u00bb custom_button=\u00bbon\u00bb button_border_radius=\u00bb0&#8243; button_icon_placement=\u00bbright\u00bb _builder_version=\u00bb3.0.97&#8243; button_use_icon=\u00bboff\u00bb \/][et_pb_text admin_label=\u00bbText\u00bb background_layout=\u00bblight\u00bb text_orientation=\u00bbcenter\u00bb background_color=\u00bb#eeeeee\u00bb custom_padding=\u00bb10px||10px|\u00bb text_font_size=\u00bb17&#8243; _builder_version=\u00bb3.0.97&#8243; module_alignment=\u00bbcenter\u00bb]<\/p>\n<p>Teclim Quimica S.L.<br \/>\nC\/ Atletismo, 18 08191 RUBI<br \/>\nTel\u00e9fono: +34935887667<\/p>\n<p>[\/et_pb_text][\/et_pb_column][\/et_pb_row][et_pb_row][et_pb_column type=\u00bb4_4&#8243;][et_pb_text _builder_version=\u00bb3.0.97&#8243; background_layout=\u00bblight\u00bb]<\/p>\n<p>Para otras aplicaciones o dudas, consultar con el departamento t\u00e9cnico\/comercial de Teclim Qu\u00edmica. Ficha de seguridad (MSDS) disponible para clientes.<\/p>\n<p>[\/et_pb_text][et_pb_text _builder_version=\u00bb3.0.97&#8243; background_layout=\u00bblight\u00bb]<\/p>\n<h4><strong>Noticias Relacionadas:<\/strong><\/h4>\n<hr \/>\n<p>[\/et_pb_text][et_pb_blog _builder_version=\u00bb3.0.97&#8243; posts_number=\u00bb6&#8243; include_categories=\u00bb43&#8243; show_content=\u00bboff\u00bb show_thumbnail=\u00bbon\u00bb show_more=\u00bboff\u00bb show_author=\u00bbon\u00bb show_date=\u00bbon\u00bb show_categories=\u00bbon\u00bb show_comments=\u00bbon\u00bb show_pagination=\u00bbon\u00bb fullwidth=\u00bboff\u00bb use_overlay=\u00bboff\u00bb background_layout=\u00bblight\u00bb pagination_font_size_tablet=\u00bb51&#8243; pagination_line_height_tablet=\u00bb2&#8243; \/][\/et_pb_column][\/et_pb_row][\/et_pb_section]<\/p>\n","protected":false},"excerpt":{"rendered":"<p>DAC-120 &#8211; Detergente \u00c1cido Descripci\u00f3n: El DAC-120 es un limpiador \u00e1cido fluorh\u00eddrico que junto a sus propiedades de neutralizaci\u00f3n de las eflorescencias salinas y herrumbre en las superficies calc\u00e1reas, presenta un elevado poder de disoluci\u00f3n de grasas y restos de suciedad. M\u00e9todo de Aplicaci\u00f3n: Una vez diluido, frotar la superficie a tratar con ayuda de [&hellip;]<\/p>\n","protected":false},"author":1,"featured_media":0,"parent":0,"menu_order":0,"comment_status":"closed","ping_status":"closed","template":"","meta":{"_et_pb_use_builder":"on","_et_pb_old_content":"","_et_gb_content_width":"","footnotes":""},"class_list":["post-33821","page","type-page","status-publish","hentry"],"_links":{"self":[{"href":"https:\/\/teclimquimica.com\/es\/wp-json\/wp\/v2\/pages\/33821","targetHints":{"allow":["GET"]}}],"collection":[{"href":"https:\/\/teclimquimica.com\/es\/wp-json\/wp\/v2\/pages"}],"about":[{"href":"https:\/\/teclimquimica.com\/es\/wp-json\/wp\/v2\/types\/page"}],"author":[{"embeddable":true,"href":"https:\/\/teclimquimica.com\/es\/wp-json\/wp\/v2\/users\/1"}],"replies":[{"embeddable":true,"href":"https:\/\/teclimquimica.com\/es\/wp-json\/wp\/v2\/comments?post=33821"}],"version-history":[{"count":16,"href":"https:\/\/teclimquimica.com\/es\/wp-json\/wp\/v2\/pages\/33821\/revisions"}],"predecessor-version":[{"id":35520,"href":"https:\/\/teclimquimica.com\/es\/wp-json\/wp\/v2\/pages\/33821\/revisions\/35520"}],"wp:attachment":[{"href":"https:\/\/teclimquimica.com\/es\/wp-json\/wp\/v2\/media?parent=33821"}],"curies":[{"name":"wp","href":"https:\/\/api.w.org\/{rel}","templated":true}]}}