{"id":33938,"date":"2017-09-03T20:24:24","date_gmt":"2017-09-03T20:24:24","guid":{"rendered":"https:\/\/teclimquimica.com\/?page_id=33938"},"modified":"2018-02-27T13:27:07","modified_gmt":"2018-02-27T13:27:07","slug":"ct-400-cristalizador","status":"publish","type":"page","link":"https:\/\/teclimquimica.com\/es\/ct-400-cristalizador\/","title":{"rendered":"CT-400"},"content":{"rendered":"<p>[et_pb_section bb_built=\u00bb1&#8243; admin_label=\u00bbsection\u00bb _builder_version=\u00bb3.0.47&#8243;][et_pb_row admin_label=\u00bbrow\u00bb _builder_version=\u00bb3.0.47&#8243; background_size=\u00bbinitial\u00bb background_position=\u00bbtop_left\u00bb background_repeat=\u00bbrepeat\u00bb _i=\u00bb1&#8243; _address=\u00bb0.1&#8243;][et_pb_column type=\u00bb4_4&#8243;][et_pb_text admin_label=\u00bbText\u00bb _builder_version=\u00bb3.0.82&#8243;]<\/p>\n<h1><strong>CT-400 &#8211; Cristalizador<br \/>\n<\/strong><\/h1>\n<p>&nbsp;<\/p>\n<p>&nbsp;<\/p>\n<hr \/>\n<p>[\/et_pb_text][\/et_pb_column][\/et_pb_row][et_pb_row admin_label=\u00bbrow\u00bb _builder_version=\u00bb3.0.47&#8243; background_size=\u00bbinitial\u00bb background_position=\u00bbtop_left\u00bb background_repeat=\u00bbrepeat\u00bb _i=\u00bb3&#8243; _address=\u00bb0.3&#8243;][et_pb_column type=\u00bb1_2&#8243;][et_pb_text admin_label=\u00bbText\u00bb _builder_version=\u00bb3.0.82&#8243; text_font_size=\u00bb17&#8243; background_layout=\u00bblight\u00bb border_style=\u00bbsolid\u00bb box_shadow_position=\u00bbouter\u00bb]<\/p>\n<p style=\"text-align: justify;\"><strong>Descripci\u00f3n:<\/strong><\/p>\n<p style=\"text-align: justify;\">El CT- 400 es un cristalizador para el pulimento a m\u00e1quina de superficies calc\u00e1reas (m\u00e1rmol, terrazo, mosaico) que recubre las mismas de una red microcristalina de gran dureza y brillo met\u00e1lico, obteni\u00e9ndose un cristalizado duradero y antideslizante.<\/p>\n<p style=\"text-align: justify;\"><strong>M\u00e9todo de Aplicaci\u00f3n:<\/strong><\/p>\n<p style=\"text-align: justify;\">Rociar el pavimento por zonas de unos 4-6m<sup>2<\/sup> con ayuda de un pulverizador o goteador y evitando que se sequen estas gotas extenderlas con ayuda de una m\u00e1quina pulidora provista de lana de acero con la mayor rapidez. Cuando se advierte que el producto ha penetrado en el pavimento puede imprimirse menor velocidad al pulido hasta la obtenci\u00f3n del brillo. Una vez seco y brillante, puede obtenerse un \u00f3ptimo resultado pasando un disco de lana o de fieltro con lo cual el brillo se incrementa notablemente, especialmente en ambientes h\u00famedos. En pavimentos porosos puede ser conveniente dar una segunda mano, o acabarlo con un poco de cera.<\/p>\n<p style=\"text-align: justify;\"><strong>Superficies y Usos:<\/strong><\/p>\n<p style=\"text-align: justify;\">Aplicar previamente un producto decapante para eliminar los restos que pudieran haber de tratamientos anteriores (como el DAC-100 para restos de obra o el DAC-120 en pavimentos ya bastante porosos y desgastados).<\/p>\n<p>[\/et_pb_text][\/et_pb_column][et_pb_column type=\u00bb1_2&#8243;][et_pb_text admin_label=\u00bbText\u00bb _builder_version=\u00bb3.0.105&#8243; text_font_size=\u00bb17&#8243; background_layout=\u00bblight\u00bb]<\/p>\n<p><strong>Dosis recomendadas<\/strong><\/p>\n<ul>\n<li>Rendimiento aproximado: 1 kg por cada 80 metros cuadrados.<\/li>\n<li>Aplicar a m\u00e1quina directamente el producto seg\u00fan viene descrito en el modo de aplicaci\u00f3n.<\/li>\n<\/ul>\n<p><strong>Productos similares:<\/strong><\/p>\n<ul>\n<li><a href=\"http:\/\/teclimquimica.com\/es\/cta-401-cristalizador-abrillantador\/\">CTA-401 &#8211; Cristializador Abrillantador<\/a><\/li>\n<\/ul>\n<p>[\/et_pb_text][et_pb_button admin_label=\u00bbButton\u00bb button_url=\u00bbhttps:\/\/teclimquimica.com\/wp-content\/uploads\/2017\/10\/FT-ES-CT-400.pdf\u00bb button_text=\u00bbDescargar ficha\u00bb button_alignment=\u00bbcenter\u00bb _builder_version=\u00bb3.0.82&#8243; custom_button=\u00bbon\u00bb button_border_radius=\u00bb0&#8243; button_use_icon=\u00bboff\u00bb url_new_window=\u00bbon\u00bb background_layout=\u00bblight\u00bb button_icon_placement=\u00bbright\u00bb box_shadow_position=\u00bbouter\u00bb \/][et_pb_text admin_label=\u00bbText\u00bb _builder_version=\u00bb3.0.82&#8243; text_font_size=\u00bb17&#8243; background_color=\u00bb#eeeeee\u00bb text_orientation=\u00bbcenter\u00bb module_alignment=\u00bbcenter\u00bb custom_padding=\u00bb10px||10px|\u00bb background_layout=\u00bblight\u00bb border_style=\u00bbsolid\u00bb box_shadow_position=\u00bbouter\u00bb]<\/p>\n<p>Teclim Quimica S.L.<br \/>\nC\/ Atletismo, 18 08191 RUBI<br \/>\nTel\u00e9fono: +34935887667<\/p>\n<p>[\/et_pb_text][\/et_pb_column][\/et_pb_row][et_pb_row][et_pb_column type=\u00bb4_4&#8243;][et_pb_text admin_label=\u00bbText\u00bb _builder_version=\u00bb3.0.82&#8243; background_layout=\u00bblight\u00bb border_style=\u00bbsolid\u00bb module_alignment=\u00bbleft\u00bb box_shadow_position=\u00bbouter\u00bb saved_tabs=\u00bball\u00bb]<\/p>\n<p>Para otras aplicaciones o dudas, consultar con el departamento t\u00e9cnico\/comercial de Teclim Qu\u00edmica. Ficha de seguridad (MSDS) disponible para clientes.<\/p>\n<p>[\/et_pb_text][et_pb_text admin_label=\u00bbText\u00bb _builder_version=\u00bb3.0.82&#8243; background_layout=\u00bblight\u00bb border_style=\u00bbsolid\u00bb module_alignment=\u00bbleft\u00bb box_shadow_position=\u00bbouter\u00bb saved_tabs=\u00bball\u00bb]<\/p>\n<h4><strong>Noticias Relacionadas:<\/strong><\/h4>\n<hr \/>\n<p>[\/et_pb_text][et_pb_blog _builder_version=\u00bb3.0.82&#8243; posts_number=\u00bb6&#8243; include_categories=\u00bb36&#8243; show_content=\u00bboff\u00bb show_thumbnail=\u00bbon\u00bb show_more=\u00bboff\u00bb show_author=\u00bbon\u00bb show_date=\u00bbon\u00bb show_categories=\u00bbon\u00bb show_comments=\u00bbon\u00bb show_pagination=\u00bbon\u00bb fullwidth=\u00bboff\u00bb use_dropshadow=\u00bboff\u00bb use_overlay=\u00bboff\u00bb background_layout=\u00bblight\u00bb pagination_font_size_tablet=\u00bb51&#8243; pagination_line_height_tablet=\u00bb2&#8243; border_style=\u00bbsolid\u00bb box_shadow_position=\u00bbouter\u00bb box_shadow_color=\u00bbrgba(0,0,0,0.3)\u00bb box_shadow_style=\u00bbnone\u00bb \/][\/et_pb_column][\/et_pb_row][\/et_pb_section]<\/p>\n","protected":false},"excerpt":{"rendered":"<p>CT-400 &#8211; Cristalizador &nbsp; &nbsp; Descripci\u00f3n: El CT- 400 es un cristalizador para el pulimento a m\u00e1quina de superficies calc\u00e1reas (m\u00e1rmol, terrazo, mosaico) que recubre las mismas de una red microcristalina de gran dureza y brillo met\u00e1lico, obteni\u00e9ndose un cristalizado duradero y antideslizante. M\u00e9todo de Aplicaci\u00f3n: Rociar el pavimento por zonas de unos 4-6m2 con [&hellip;]<\/p>\n","protected":false},"author":1,"featured_media":0,"parent":0,"menu_order":0,"comment_status":"closed","ping_status":"closed","template":"","meta":{"_et_pb_use_builder":"on","_et_pb_old_content":"","_et_gb_content_width":"","footnotes":""},"class_list":["post-33938","page","type-page","status-publish","hentry"],"_links":{"self":[{"href":"https:\/\/teclimquimica.com\/es\/wp-json\/wp\/v2\/pages\/33938","targetHints":{"allow":["GET"]}}],"collection":[{"href":"https:\/\/teclimquimica.com\/es\/wp-json\/wp\/v2\/pages"}],"about":[{"href":"https:\/\/teclimquimica.com\/es\/wp-json\/wp\/v2\/types\/page"}],"author":[{"embeddable":true,"href":"https:\/\/teclimquimica.com\/es\/wp-json\/wp\/v2\/users\/1"}],"replies":[{"embeddable":true,"href":"https:\/\/teclimquimica.com\/es\/wp-json\/wp\/v2\/comments?post=33938"}],"version-history":[{"count":18,"href":"https:\/\/teclimquimica.com\/es\/wp-json\/wp\/v2\/pages\/33938\/revisions"}],"predecessor-version":[{"id":35518,"href":"https:\/\/teclimquimica.com\/es\/wp-json\/wp\/v2\/pages\/33938\/revisions\/35518"}],"wp:attachment":[{"href":"https:\/\/teclimquimica.com\/es\/wp-json\/wp\/v2\/media?parent=33938"}],"curies":[{"name":"wp","href":"https:\/\/api.w.org\/{rel}","templated":true}]}}