{"id":33952,"date":"2017-09-04T10:07:17","date_gmt":"2017-09-04T10:07:17","guid":{"rendered":"https:\/\/teclimquimica.com\/?page_id=33952"},"modified":"2017-10-31T12:06:28","modified_gmt":"2017-10-31T12:06:28","slug":"sp-300-sellador-autobrillante","status":"publish","type":"page","link":"https:\/\/teclimquimica.com\/es\/sp-300-sellador-autobrillante\/","title":{"rendered":"SP-300"},"content":{"rendered":"<p>[et_pb_section bb_built=\u00bb1&#8243; admin_label=\u00bbsection\u00bb _builder_version=\u00bb3.0.47&#8243;][et_pb_row admin_label=\u00bbrow\u00bb _builder_version=\u00bb3.0.47&#8243; background_size=\u00bbinitial\u00bb background_position=\u00bbtop_left\u00bb background_repeat=\u00bbrepeat\u00bb][et_pb_column type=\u00bb4_4&#8243;][et_pb_text admin_label=\u00bbText\u00bb _builder_version=\u00bb3.0.82&#8243; background_layout=\u00bblight\u00bb border_style=\u00bbsolid\u00bb module_alignment=\u00bbleft\u00bb box_shadow_position=\u00bbouter\u00bb]<\/p>\n<h1><strong>SP-300 &#8211; Sellador Autobrillante<\/strong><\/h1>\n<p>&nbsp;<\/p>\n<hr \/>\n<p>[\/et_pb_text][\/et_pb_column][\/et_pb_row][et_pb_row admin_label=\u00bbrow\u00bb _builder_version=\u00bb3.0.47&#8243; background_size=\u00bbinitial\u00bb background_position=\u00bbtop_left\u00bb background_repeat=\u00bbrepeat\u00bb][et_pb_column type=\u00bb1_2&#8243;][et_pb_text admin_label=\u00bbText\u00bb _builder_version=\u00bb3.0.82&#8243; text_font_size=\u00bb17&#8243; background_layout=\u00bblight\u00bb border_style=\u00bbsolid\u00bb module_alignment=\u00bbleft\u00bb box_shadow_position=\u00bbouter\u00bb]<\/p>\n<p><strong>Descripci\u00f3n<\/strong>:<\/p>\n<p>El SP-300 es un producto para el sellado y abrillantado de pavimentos sin necesidad de posterior pulimentaci\u00f3n. Resulta por tanto ideal como producto autobrillante para pavimentos sint\u00e9ticos a base de vinilo.<\/p>\n<p><strong>M\u00e9todo de Aplicaci\u00f3n:<\/strong><\/p>\n<p>Extender con ayuda de un aplicador de ceras pl\u00e1sticas, o en su defecto con un mocho, el producto concentrado en pasadas paralelas. Transcurridos tres cuartos de hora puede darse una segunda capa y se deja secar cinco o seis horas. Es importante que el suelo est\u00e9 perfectamente limpio, para lo cual es conveniente en muchas ocasiones un fregado con detergentes alcalinos o neutros que no dejen pel\u00edcula residual. Para mantener el brillo puede darse una \u00fanica pasada cada quince d\u00edas. Cada tres meses es conveniente proceder a un decapado general repitiendo el ciclo.<\/p>\n<p><strong>Caracter\u00edsticas:<\/strong><\/p>\n<p>Emulsi\u00f3n blanca de ceras pl\u00e1sticas, densidad 1.03 grs. \/litro. Olor amoniacazo. Cubre el poro del pavimento sin agrietarse. Antideslizante. Coeficiente 0.33. Secado r\u00e1pido. Dureza Wolf-Wilborn a las 72 horas: 5 \u00bd. Eliminable con detergente amoniacazo. Resistente al lavado con detergentes neutros. Compatible con posteriores capas de abrillantadores c\u00e9reos en emulsi\u00f3n, pero no con cristalizadores.<\/p>\n<p>[\/et_pb_text][\/et_pb_column][et_pb_column type=\u00bb1_2&#8243;][et_pb_text admin_label=\u00bbText\u00bb _builder_version=\u00bb3.0.82&#8243; text_font_size=\u00bb17&#8243; background_layout=\u00bblight\u00bb border_style=\u00bbsolid\u00bb module_alignment=\u00bbleft\u00bb box_shadow_position=\u00bbouter\u00bb]<\/p>\n<p><strong>Superficies y Usos:<\/strong><\/p>\n<p>Superficies y Usos. Mosaico, terrazo, baldosa cer\u00e1mica y pavimentos sint\u00e9ticos.<\/p>\n<p><strong>Dosis recomendadas:<\/strong><\/p>\n<ul>\n<li>Diluible en agua en todas proporciones.<\/li>\n<li>Rendimiento optimo, 1 litro para cada 45 m2 por capa<\/li>\n<\/ul>\n<p><strong>Productos similares:<\/strong><\/p>\n<ul>\n<li><a href=\"https:\/\/teclimquimica.com\/pac-315-cera-autobrillante-concetrada-plus\/\">PAC-315 &#8211; Polish Autobirllante Concentrado Plus<\/a><\/li>\n<li><a href=\"https:\/\/teclimquimica.com\/pac-316-cera-autobrillante-concentrado\/\">PAC-316 &#8211; Polish Autobirllante Concentrado<\/a><\/li>\n<li><a href=\"https:\/\/teclimquimica.com\/pac-317-cera-metalizada-autobrillante\/\">PAC-317 &#8211; Polish Autobrillante<\/a><\/li>\n<li><a href=\"https:\/\/teclimquimica.com\/hsm-430-cera-metalizada-alta-velocidad\/\">HSM-430 Cera Metalizada Alta Velocidad<\/a><\/li>\n<\/ul>\n<p>[\/et_pb_text][et_pb_button admin_label=\u00bbButton\u00bb button_url=\u00bbhttps:\/\/teclimquimica.com\/wp-content\/uploads\/2017\/10\/FT-ES-SP-300.pdf\u00bb url_new_window=\u00bbon\u00bb button_text=\u00bbDescargar ficha\u00bb button_alignment=\u00bbcenter\u00bb _builder_version=\u00bb3.0.82&#8243; custom_button=\u00bbon\u00bb button_border_radius=\u00bb0&#8243; button_use_icon=\u00bboff\u00bb background_color=\u00bb#ff0000&#8243; background_layout=\u00bblight\u00bb button_icon_placement=\u00bbright\u00bb box_shadow_position=\u00bbouter\u00bb \/][et_pb_text admin_label=\u00bbText\u00bb text_orientation=\u00bbcenter\u00bb _builder_version=\u00bb3.0.82&#8243; text_font_size=\u00bb17&#8243; background_color=\u00bb#eeeeee\u00bb custom_padding=\u00bb10px||10px|\u00bb module_alignment=\u00bbcenter\u00bb background_layout=\u00bblight\u00bb border_style=\u00bbsolid\u00bb box_shadow_position=\u00bbouter\u00bb]<\/p>\n<p>Teclim Quimica S.L.<br \/>\nC\/ Atletismo, 18 08191 RUBI<br \/>\nTel\u00e9fono: +34935887667<\/p>\n<p>[\/et_pb_text][\/et_pb_column][\/et_pb_row][et_pb_row][et_pb_column type=\u00bb4_4&#8243;][et_pb_text admin_label=\u00bbText\u00bb _builder_version=\u00bb3.0.82&#8243; background_layout=\u00bblight\u00bb border_style=\u00bbsolid\u00bb module_alignment=\u00bbleft\u00bb box_shadow_position=\u00bbouter\u00bb saved_tabs=\u00bball\u00bb]<\/p>\n<p>Para otras aplicaciones o dudas, consultar con el departamento t\u00e9cnico\/comercial de Teclim Qu\u00edmica. Ficha de seguridad (MSDS) disponible para clientes.<\/p>\n<p>[\/et_pb_text][et_pb_text admin_label=\u00bbText\u00bb _builder_version=\u00bb3.0.82&#8243; background_layout=\u00bblight\u00bb border_style=\u00bbsolid\u00bb module_alignment=\u00bbleft\u00bb box_shadow_position=\u00bbouter\u00bb saved_tabs=\u00bball\u00bb]<\/p>\n<h4><strong>Noticias Relacionadas:<\/strong><\/h4>\n<hr \/>\n<p>[\/et_pb_text][et_pb_blog _builder_version=\u00bb3.0.82&#8243; posts_number=\u00bb6&#8243; show_content=\u00bboff\u00bb show_thumbnail=\u00bbon\u00bb show_more=\u00bboff\u00bb show_author=\u00bbon\u00bb show_date=\u00bbon\u00bb show_categories=\u00bbon\u00bb show_comments=\u00bbon\u00bb show_pagination=\u00bbon\u00bb fullwidth=\u00bboff\u00bb use_dropshadow=\u00bboff\u00bb use_overlay=\u00bboff\u00bb background_layout=\u00bblight\u00bb pagination_font_size_tablet=\u00bb51&#8243; pagination_line_height_tablet=\u00bb2&#8243; border_style=\u00bbsolid\u00bb box_shadow_position=\u00bbouter\u00bb include_categories=\u00bb37&#8243; \/][\/et_pb_column][\/et_pb_row][\/et_pb_section]<\/p>\n","protected":false},"excerpt":{"rendered":"<p>SP-300 &#8211; Sellador Autobrillante &nbsp; Descripci\u00f3n: El SP-300 es un producto para el sellado y abrillantado de pavimentos sin necesidad de posterior pulimentaci\u00f3n. Resulta por tanto ideal como producto autobrillante para pavimentos sint\u00e9ticos a base de vinilo. M\u00e9todo de Aplicaci\u00f3n: Extender con ayuda de un aplicador de ceras pl\u00e1sticas, o en su defecto con un [&hellip;]<\/p>\n","protected":false},"author":1,"featured_media":0,"parent":0,"menu_order":0,"comment_status":"closed","ping_status":"closed","template":"","meta":{"_et_pb_use_builder":"on","_et_pb_old_content":"","_et_gb_content_width":"","footnotes":""},"class_list":["post-33952","page","type-page","status-publish","hentry"],"_links":{"self":[{"href":"https:\/\/teclimquimica.com\/es\/wp-json\/wp\/v2\/pages\/33952","targetHints":{"allow":["GET"]}}],"collection":[{"href":"https:\/\/teclimquimica.com\/es\/wp-json\/wp\/v2\/pages"}],"about":[{"href":"https:\/\/teclimquimica.com\/es\/wp-json\/wp\/v2\/types\/page"}],"author":[{"embeddable":true,"href":"https:\/\/teclimquimica.com\/es\/wp-json\/wp\/v2\/users\/1"}],"replies":[{"embeddable":true,"href":"https:\/\/teclimquimica.com\/es\/wp-json\/wp\/v2\/comments?post=33952"}],"version-history":[{"count":8,"href":"https:\/\/teclimquimica.com\/es\/wp-json\/wp\/v2\/pages\/33952\/revisions"}],"predecessor-version":[{"id":34234,"href":"https:\/\/teclimquimica.com\/es\/wp-json\/wp\/v2\/pages\/33952\/revisions\/34234"}],"wp:attachment":[{"href":"https:\/\/teclimquimica.com\/es\/wp-json\/wp\/v2\/media?parent=33952"}],"curies":[{"name":"wp","href":"https:\/\/api.w.org\/{rel}","templated":true}]}}