{"id":33956,"date":"2017-09-04T10:08:39","date_gmt":"2017-09-04T10:08:39","guid":{"rendered":"https:\/\/teclimquimica.com\/?page_id=33956"},"modified":"2017-10-31T12:05:30","modified_gmt":"2017-10-31T12:05:30","slug":"pac-316-cera-autobrillante-concentrado","status":"publish","type":"page","link":"https:\/\/teclimquimica.com\/es\/pac-316-cera-autobrillante-concentrado\/","title":{"rendered":"PAC-316"},"content":{"rendered":"<p>[et_pb_section bb_built=\u00bb1&#8243; admin_label=\u00bbsection\u00bb _builder_version=\u00bb3.0.47&#8243;][et_pb_row admin_label=\u00bbrow\u00bb _builder_version=\u00bb3.0.47&#8243; background_size=\u00bbinitial\u00bb background_position=\u00bbtop_left\u00bb background_repeat=\u00bbrepeat\u00bb][et_pb_column type=\u00bb4_4&#8243;][et_pb_text admin_label=\u00bbText\u00bb _builder_version=\u00bb3.0.82&#8243; background_layout=\u00bblight\u00bb border_style=\u00bbsolid\u00bb module_alignment=\u00bbleft\u00bb box_shadow_position=\u00bbouter\u00bb]<\/p>\n<h1><strong>PAC-316 &#8211; Cera Metalizada Autobrillante Concentrada<\/strong><\/h1>\n<p>&nbsp;<\/p>\n<hr \/>\n<p>[\/et_pb_text][\/et_pb_column][\/et_pb_row][et_pb_row admin_label=\u00bbrow\u00bb _builder_version=\u00bb3.0.47&#8243; background_size=\u00bbinitial\u00bb background_position=\u00bbtop_left\u00bb background_repeat=\u00bbrepeat\u00bb][et_pb_column type=\u00bb1_2&#8243;][et_pb_text admin_label=\u00bbText\u00bb _builder_version=\u00bb3.0.82&#8243; text_font_size=\u00bb17&#8243; background_layout=\u00bblight\u00bb border_style=\u00bbsolid\u00bb module_alignment=\u00bbleft\u00bb box_shadow_position=\u00bbouter\u00bb]<\/p>\n<p><strong>Descripci\u00f3n:<\/strong><\/p>\n<p>El PAC-316 es un Polish Autobrillante Concentrado, a base de una emulsi\u00f3n metalizada de diversos pol\u00edmeros y ceras duras.<\/p>\n<p><strong>M\u00e9todo de Aplicaci\u00f3n:<\/strong><\/p>\n<p>Manual. Sobre un pavimento limpio y seco, extender el producto en forma de bandas paralelas. Dejar secar 45 minutos y aplicarlo de nuevo en direcci\u00f3n opuesta. Peri\u00f3dicamente puede mantenerse con el mismo producto en las zonas de mayor desgaste. Cada cinco aplicaciones es recomendable decapar a fondo. No debe aplicarse a temperaturas inferiores a 10\u00baC.<\/p>\n<p>&nbsp;<\/p>\n<p><strong>Superficies y Usos:<\/strong><\/p>\n<p>Abrillantado de suelos.<\/p>\n<p>[\/et_pb_text][\/et_pb_column][et_pb_column type=\u00bb1_2&#8243;][et_pb_text admin_label=\u00bbText\u00bb _builder_version=\u00bb3.0.82&#8243; text_font_size=\u00bb17&#8243; background_layout=\u00bblight\u00bb border_style=\u00bbsolid\u00bb module_alignment=\u00bbleft\u00bb box_shadow_position=\u00bbouter\u00bb]<\/p>\n<p><strong>Dosis recomendadas:<\/strong><\/p>\n<ul>\n<li>Aplicar directamente el producto seg\u00fan viene descrito en el modo de aplicaci\u00f3n.<\/li>\n<li>Rendimiento: 25-40 m<sup>2<\/sup>\/kg en la primera capa y 50-60m<sup>2<\/sup>\/kg en la segunda.<\/li>\n<\/ul>\n<p><strong>Productos relacionados:<\/strong><\/p>\n<ul>\n<li><a href=\"https:\/\/teclimquimica.com\/sp-300\/\">SP-300 Sellador Autobrillante<\/a><\/li>\n<li><a href=\"https:\/\/teclimquimica.com\/pac-315-cera-autobrillante-concetrada-plus\/\">PAC-315 Polish Autobrillante Concentrado Plus<\/a><\/li>\n<li><a href=\"https:\/\/teclimquimica.com\/pac-317-cera-metalizada-autobrillante\/\">PAC-317 Cera Metalizada Autobrillante<\/a><\/li>\n<li><a href=\"https:\/\/teclimquimica.com\/hsm-430-cera-metalizada-alta-velocidad\/\">HSM-430 Cera Metalizada Alta Velocidad<\/a><\/li>\n<\/ul>\n<p>[\/et_pb_text][et_pb_button admin_label=\u00bbButton\u00bb button_url=\u00bbhttps:\/\/teclimquimica.com\/wp-content\/uploads\/2017\/10\/FT-ES-PAC-316.pdf\u00bb url_new_window=\u00bbon\u00bb button_text=\u00bbDescargar ficha\u00bb button_alignment=\u00bbcenter\u00bb _builder_version=\u00bb3.0.82&#8243; custom_button=\u00bbon\u00bb button_border_radius=\u00bb0&#8243; button_use_icon=\u00bboff\u00bb background_color=\u00bb#ff0000&#8243; background_layout=\u00bblight\u00bb button_icon_placement=\u00bbright\u00bb box_shadow_position=\u00bbouter\u00bb \/][et_pb_text admin_label=\u00bbText\u00bb text_orientation=\u00bbcenter\u00bb _builder_version=\u00bb3.0.82&#8243; text_font_size=\u00bb17&#8243; background_color=\u00bb#eeeeee\u00bb custom_padding=\u00bb10px||10px|\u00bb module_alignment=\u00bbcenter\u00bb background_layout=\u00bblight\u00bb border_style=\u00bbsolid\u00bb box_shadow_position=\u00bbouter\u00bb]<\/p>\n<p>Teclim Quimica S.L.<br \/>\nC\/ Atletismo, 18 08191 RUBI<br \/>\nTel\u00e9fono: +34935887667<\/p>\n<p>[\/et_pb_text][\/et_pb_column][\/et_pb_row][et_pb_row][et_pb_column type=\u00bb4_4&#8243;][et_pb_text admin_label=\u00bbText\u00bb _builder_version=\u00bb3.0.82&#8243; background_layout=\u00bblight\u00bb border_style=\u00bbsolid\u00bb module_alignment=\u00bbleft\u00bb box_shadow_position=\u00bbouter\u00bb saved_tabs=\u00bball\u00bb]<\/p>\n<p>Para otras aplicaciones o dudas, consultar con el departamento t\u00e9cnico\/comercial de Teclim Qu\u00edmica. Ficha de seguridad (MSDS) disponible para clientes.<\/p>\n<p>[\/et_pb_text][et_pb_text admin_label=\u00bbText\u00bb _builder_version=\u00bb3.0.82&#8243; background_layout=\u00bblight\u00bb border_style=\u00bbsolid\u00bb module_alignment=\u00bbleft\u00bb box_shadow_position=\u00bbouter\u00bb saved_tabs=\u00bball\u00bb]<\/p>\n<h4><strong>Noticias Relacionadas:<\/strong><\/h4>\n<hr \/>\n<p>[\/et_pb_text][et_pb_blog _builder_version=\u00bb3.0.82&#8243; posts_number=\u00bb6&#8243; include_categories=\u00bb37&#8243; show_content=\u00bboff\u00bb show_thumbnail=\u00bbon\u00bb show_more=\u00bboff\u00bb show_author=\u00bbon\u00bb show_date=\u00bbon\u00bb show_categories=\u00bbon\u00bb show_comments=\u00bbon\u00bb show_pagination=\u00bbon\u00bb fullwidth=\u00bboff\u00bb use_dropshadow=\u00bboff\u00bb use_overlay=\u00bboff\u00bb background_layout=\u00bblight\u00bb pagination_font_size_tablet=\u00bb51&#8243; pagination_line_height_tablet=\u00bb2&#8243; border_style=\u00bbsolid\u00bb box_shadow_position=\u00bbouter\u00bb \/][\/et_pb_column][\/et_pb_row][\/et_pb_section]<\/p>\n","protected":false},"excerpt":{"rendered":"<p>PAC-316 &#8211; Cera Metalizada Autobrillante Concentrada &nbsp; Descripci\u00f3n: El PAC-316 es un Polish Autobrillante Concentrado, a base de una emulsi\u00f3n metalizada de diversos pol\u00edmeros y ceras duras. M\u00e9todo de Aplicaci\u00f3n: Manual. Sobre un pavimento limpio y seco, extender el producto en forma de bandas paralelas. Dejar secar 45 minutos y aplicarlo de nuevo en direcci\u00f3n [&hellip;]<\/p>\n","protected":false},"author":1,"featured_media":0,"parent":0,"menu_order":0,"comment_status":"closed","ping_status":"closed","template":"","meta":{"_et_pb_use_builder":"on","_et_pb_old_content":"","_et_gb_content_width":"","footnotes":""},"class_list":["post-33956","page","type-page","status-publish","hentry"],"_links":{"self":[{"href":"https:\/\/teclimquimica.com\/es\/wp-json\/wp\/v2\/pages\/33956","targetHints":{"allow":["GET"]}}],"collection":[{"href":"https:\/\/teclimquimica.com\/es\/wp-json\/wp\/v2\/pages"}],"about":[{"href":"https:\/\/teclimquimica.com\/es\/wp-json\/wp\/v2\/types\/page"}],"author":[{"embeddable":true,"href":"https:\/\/teclimquimica.com\/es\/wp-json\/wp\/v2\/users\/1"}],"replies":[{"embeddable":true,"href":"https:\/\/teclimquimica.com\/es\/wp-json\/wp\/v2\/comments?post=33956"}],"version-history":[{"count":5,"href":"https:\/\/teclimquimica.com\/es\/wp-json\/wp\/v2\/pages\/33956\/revisions"}],"predecessor-version":[{"id":34232,"href":"https:\/\/teclimquimica.com\/es\/wp-json\/wp\/v2\/pages\/33956\/revisions\/34232"}],"wp:attachment":[{"href":"https:\/\/teclimquimica.com\/es\/wp-json\/wp\/v2\/media?parent=33956"}],"curies":[{"name":"wp","href":"https:\/\/api.w.org\/{rel}","templated":true}]}}