{"id":33960,"date":"2017-09-04T10:09:58","date_gmt":"2017-09-04T10:09:58","guid":{"rendered":"https:\/\/teclimquimica.com\/?page_id=33960"},"modified":"2018-02-27T13:38:59","modified_gmt":"2018-02-27T13:38:59","slug":"hsm-430-cera-metalizada-alta-velocidad","status":"publish","type":"page","link":"https:\/\/teclimquimica.com\/es\/hsm-430-cera-metalizada-alta-velocidad\/","title":{"rendered":"HSM-430"},"content":{"rendered":"<p>[et_pb_section bb_built=\u00bb1&#8243; admin_label=\u00bbsection\u00bb _builder_version=\u00bb3.0.47&#8243;][et_pb_row admin_label=\u00bbrow\u00bb _builder_version=\u00bb3.0.47&#8243; background_size=\u00bbinitial\u00bb background_position=\u00bbtop_left\u00bb background_repeat=\u00bbrepeat\u00bb][et_pb_column type=\u00bb4_4&#8243;][et_pb_text admin_label=\u00bbText\u00bb _builder_version=\u00bb3.0.82&#8243; background_layout=\u00bblight\u00bb border_style=\u00bbsolid\u00bb module_alignment=\u00bbleft\u00bb box_shadow_position=\u00bbouter\u00bb]<\/p>\n<h1><strong>HSM-430 &#8211; Cera Metalizada Alta Velocidad<\/strong><\/h1>\n<p>&nbsp;<\/p>\n<hr \/>\n<p>[\/et_pb_text][\/et_pb_column][\/et_pb_row][et_pb_row admin_label=\u00bbrow\u00bb _builder_version=\u00bb3.0.47&#8243; background_size=\u00bbinitial\u00bb background_position=\u00bbtop_left\u00bb background_repeat=\u00bbrepeat\u00bb][et_pb_column type=\u00bb1_2&#8243;][et_pb_text admin_label=\u00bbText\u00bb _builder_version=\u00bb3.0.82&#8243; text_font_size=\u00bb17&#8243; background_layout=\u00bblight\u00bb border_style=\u00bbsolid\u00bb module_alignment=\u00bbleft\u00bb box_shadow_position=\u00bbouter\u00bb]<\/p>\n<p><strong>Descripci\u00f3n:<\/strong><\/p>\n<p>El HSM-430 es un pulimento que se emplea para limpiar y renovar el brillo de los pavimentos, ya sean duros o blandos a los que previamente se les hubiera aplicado un tratamiento abrillantador. Su especial formulaci\u00f3n a base de ceras duras y pol\u00edmeros sint\u00e9ticos permite obtener un excelente resultado en el mantenimiento peri\u00f3dico con la m\u00e1xima rapidez.<\/p>\n<p><strong>M\u00e9todo de Aplicaci\u00f3n:<\/strong><\/p>\n<p>Con ayuda de un pulverizador, esparcir el producto delante de donde vaya trabajando la m\u00e1quina, provista de un disco sint\u00e9tico para abrillantados, simultaneando con el movimiento de esta hacia delante. Cuando se llega al final de la franja, mover la m\u00e1quina hacia atr\u00e1s para deshacer el camino recorrido, lo que facilita la eliminaci\u00f3n de las propias huellas y los trazos de las ruedas de la m\u00e1quina (es conveniente no dejar transcurrir m\u00e1s de diez segundos entre ambas pasadas para evitar\u00a0 el secado de dichas huellas). Con esta pasada el suelo se quedar\u00e1 limpio y brillante pudiendo ser usado sin preocupaci\u00f3n. A partir de los 5 minutos, el polish ya se ha consolidado y entonces, si se desea, dando una pasada en seco se incrementa el brillo y puede exponerse al tr\u00e1nsito normal por tener ya el m\u00ednimo de dureza requerida que a\u00fan seguir\u00e1 aumentando ligeramente con el transcurso del tiempo.<\/p>\n<p><strong>Superficies y Usos:<\/strong><\/p>\n<p>La operaci\u00f3n de limpieza-renovaci\u00f3n de brillo simult\u00e1nea se hace aplicando el producto por medio de m\u00e1quinas pulidoras de alta velocidad.<\/p>\n<p>[\/et_pb_text][\/et_pb_column][et_pb_column type=\u00bb1_2&#8243;][et_pb_text admin_label=\u00bbText\u00bb _builder_version=\u00bb3.0.105&#8243; text_font_size=\u00bb17&#8243; background_layout=\u00bblight\u00bb module_alignment=\u00bbleft\u00bb]<\/p>\n<p><strong>Dosis recomendadas<\/strong><\/p>\n<ul>\n<li>Rendimiento aproximado: 1 kg por cada 50 metros cuadrados.<\/li>\n<li>Aplicar con pulverizador sobre el suelo puro y posteriormente pasar maquina de alta velocidad.<\/li>\n<\/ul>\n<p><strong>Productos relacionados:<\/strong><\/p>\n<ul>\n<li><a href=\"http:\/\/teclimquimica.com\/es\/sp-300-sellador-autobrillante\/\">SP-300 Sellador Autobrillante<\/a><\/li>\n<li><a href=\"http:\/\/teclimquimica.com\/es\/pac-315-cera-autobrillante-concetrada-plus\/\">PAC-315 Polish Autobrillante Concentrado Plus<\/a><\/li>\n<li><a href=\"http:\/\/teclimquimica.com\/es\/pac-316-cera-autobrillante-concentrado\/\">PAC-316 Polish Autobrillante Concentrado<\/a><\/li>\n<li><a href=\"http:\/\/teclimquimica.com\/es\/pac-317-cera-metalizada-autobrillante\/\">PAC-317 Polish Autobrillante<\/a><\/li>\n<\/ul>\n<p>[\/et_pb_text][et_pb_button admin_label=\u00bbButton\u00bb button_url=\u00bbhttps:\/\/teclimquimica.com\/wp-content\/uploads\/2017\/10\/FT-ES-HSM-430.pdf\u00bb url_new_window=\u00bbon\u00bb button_text=\u00bbDescargar ficha\u00bb button_alignment=\u00bbcenter\u00bb _builder_version=\u00bb3.0.82&#8243; custom_button=\u00bbon\u00bb button_border_radius=\u00bb0&#8243; button_use_icon=\u00bboff\u00bb background_color=\u00bb#ff0000&#8243; background_layout=\u00bblight\u00bb button_icon_placement=\u00bbright\u00bb box_shadow_position=\u00bbouter\u00bb \/][et_pb_text admin_label=\u00bbText\u00bb text_orientation=\u00bbcenter\u00bb _builder_version=\u00bb3.0.82&#8243; text_font_size=\u00bb17&#8243; background_color=\u00bb#eeeeee\u00bb custom_padding=\u00bb10px||10px|\u00bb module_alignment=\u00bbcenter\u00bb background_layout=\u00bblight\u00bb border_style=\u00bbsolid\u00bb box_shadow_position=\u00bbouter\u00bb]<\/p>\n<p>Teclim Quimica S.L.<br \/>\nC\/ Atletismo, 18 08191 RUBI<br \/>\nTel\u00e9fono: +34935887667<\/p>\n<p>[\/et_pb_text][\/et_pb_column][\/et_pb_row][et_pb_row][et_pb_column type=\u00bb4_4&#8243;][et_pb_text admin_label=\u00bbText\u00bb _builder_version=\u00bb3.0.82&#8243; background_layout=\u00bblight\u00bb border_style=\u00bbsolid\u00bb module_alignment=\u00bbleft\u00bb box_shadow_position=\u00bbouter\u00bb saved_tabs=\u00bball\u00bb]<\/p>\n<p>Para otras aplicaciones o dudas, consultar con el departamento t\u00e9cnico\/comercial de Teclim Qu\u00edmica. Ficha de seguridad (MSDS) disponible para clientes.<\/p>\n<p>[\/et_pb_text][et_pb_text admin_label=\u00bbText\u00bb _builder_version=\u00bb3.0.82&#8243; background_layout=\u00bblight\u00bb border_style=\u00bbsolid\u00bb module_alignment=\u00bbleft\u00bb box_shadow_position=\u00bbouter\u00bb saved_tabs=\u00bball\u00bb]<\/p>\n<h4><strong>Noticias Relacionadas:<\/strong><\/h4>\n<hr \/>\n<p>[\/et_pb_text][et_pb_blog _builder_version=\u00bb3.0.82&#8243; posts_number=\u00bb6&#8243; include_categories=\u00bb37&#8243; show_content=\u00bboff\u00bb show_thumbnail=\u00bbon\u00bb show_more=\u00bboff\u00bb show_author=\u00bbon\u00bb show_date=\u00bbon\u00bb show_categories=\u00bbon\u00bb show_comments=\u00bbon\u00bb show_pagination=\u00bbon\u00bb fullwidth=\u00bboff\u00bb use_dropshadow=\u00bboff\u00bb use_overlay=\u00bboff\u00bb background_layout=\u00bblight\u00bb pagination_font_size_tablet=\u00bb51&#8243; pagination_line_height_tablet=\u00bb2&#8243; border_style=\u00bbsolid\u00bb box_shadow_position=\u00bbouter\u00bb box_shadow_color=\u00bbrgba(0,0,0,0.3)\u00bb box_shadow_style=\u00bbnone\u00bb \/][\/et_pb_column][\/et_pb_row][\/et_pb_section]<\/p>\n","protected":false},"excerpt":{"rendered":"<p>HSM-430 &#8211; Cera Metalizada Alta Velocidad &nbsp; Descripci\u00f3n: El HSM-430 es un pulimento que se emplea para limpiar y renovar el brillo de los pavimentos, ya sean duros o blandos a los que previamente se les hubiera aplicado un tratamiento abrillantador. Su especial formulaci\u00f3n a base de ceras duras y pol\u00edmeros sint\u00e9ticos permite obtener un [&hellip;]<\/p>\n","protected":false},"author":1,"featured_media":0,"parent":0,"menu_order":0,"comment_status":"closed","ping_status":"closed","template":"","meta":{"_et_pb_use_builder":"on","_et_pb_old_content":"","_et_gb_content_width":"","footnotes":""},"class_list":["post-33960","page","type-page","status-publish","hentry"],"_links":{"self":[{"href":"https:\/\/teclimquimica.com\/es\/wp-json\/wp\/v2\/pages\/33960","targetHints":{"allow":["GET"]}}],"collection":[{"href":"https:\/\/teclimquimica.com\/es\/wp-json\/wp\/v2\/pages"}],"about":[{"href":"https:\/\/teclimquimica.com\/es\/wp-json\/wp\/v2\/types\/page"}],"author":[{"embeddable":true,"href":"https:\/\/teclimquimica.com\/es\/wp-json\/wp\/v2\/users\/1"}],"replies":[{"embeddable":true,"href":"https:\/\/teclimquimica.com\/es\/wp-json\/wp\/v2\/comments?post=33960"}],"version-history":[{"count":4,"href":"https:\/\/teclimquimica.com\/es\/wp-json\/wp\/v2\/pages\/33960\/revisions"}],"predecessor-version":[{"id":35526,"href":"https:\/\/teclimquimica.com\/es\/wp-json\/wp\/v2\/pages\/33960\/revisions\/35526"}],"wp:attachment":[{"href":"https:\/\/teclimquimica.com\/es\/wp-json\/wp\/v2\/media?parent=33960"}],"curies":[{"name":"wp","href":"https:\/\/api.w.org\/{rel}","templated":true}]}}