{"id":33969,"date":"2017-09-04T10:14:26","date_gmt":"2017-09-04T10:14:26","guid":{"rendered":"https:\/\/teclimquimica.com\/?page_id=33969"},"modified":"2018-02-27T13:36:54","modified_gmt":"2018-02-27T13:36:54","slug":"ec-495-emulsion-cerea","status":"publish","type":"page","link":"https:\/\/teclimquimica.com\/es\/ec-495-emulsion-cerea\/","title":{"rendered":"EC-495"},"content":{"rendered":"<p>[et_pb_section bb_built=\u00bb1&#8243; admin_label=\u00bbsection\u00bb _builder_version=\u00bb3.0.47&#8243;][et_pb_row admin_label=\u00bbrow\u00bb _builder_version=\u00bb3.0.47&#8243; background_size=\u00bbinitial\u00bb background_position=\u00bbtop_left\u00bb background_repeat=\u00bbrepeat\u00bb][et_pb_column type=\u00bb4_4&#8243;][et_pb_text admin_label=\u00bbText\u00bb _builder_version=\u00bb3.0.82&#8243; background_layout=\u00bblight\u00bb border_style=\u00bbsolid\u00bb module_alignment=\u00bbleft\u00bb box_shadow_position=\u00bbouter\u00bb]<\/p>\n<h1><strong>EC-495 &#8211; Emulsi\u00f3n C\u00e9rea<\/strong><\/h1>\n<p>&nbsp;<\/p>\n<hr \/>\n<p>[\/et_pb_text][\/et_pb_column][\/et_pb_row][et_pb_row admin_label=\u00bbrow\u00bb _builder_version=\u00bb3.0.47&#8243; background_size=\u00bbinitial\u00bb background_position=\u00bbtop_left\u00bb background_repeat=\u00bbrepeat\u00bb][et_pb_column type=\u00bb1_2&#8243;][et_pb_text admin_label=\u00bbText\u00bb _builder_version=\u00bb3.0.82&#8243; text_font_size=\u00bb17&#8243; background_layout=\u00bblight\u00bb border_style=\u00bbsolid\u00bb module_alignment=\u00bbleft\u00bb box_shadow_position=\u00bbouter\u00bb]<\/p>\n<p><strong>Descripci\u00f3n:<\/strong><\/p>\n<p>El EC-495 es un concentrado de ceras en agua y detergentes formulado para su empleo como producto de mantenimiento. Proporciona un intenso brillo tanto en suelos calc\u00e1reos como sint\u00e9ticos.<\/p>\n<p><strong>M\u00e9todo de Aplicaci\u00f3n:<\/strong><\/p>\n<p>Se puede aplicar tanto de forma manual como con m\u00e1quina pulidora.<\/p>\n<p><strong>Superficies y Usos:<\/strong><\/p>\n<p>Se puede utilizar tanto en suelos calc\u00e1reos (mosaico, terrazo, etc.) como sint\u00e9ticos (vinilo).<\/p>\n<p>[\/et_pb_text][\/et_pb_column][et_pb_column type=\u00bb1_2&#8243;][et_pb_text admin_label=\u00bbText\u00bb _builder_version=\u00bb3.0.105&#8243; text_font_size=\u00bb17&#8243; background_layout=\u00bblight\u00bb module_alignment=\u00bbleft\u00bb]<\/p>\n<p><strong>Dosis recomendadas:<\/strong><\/p>\n<ul>\n<li>MANUAL: Diluir con 1 a 4 partes como m\u00e1ximo de agua, pudiendo la mezcla resultante aplicarse directamente o diluyendo en el agua de fregar. Mantener el brillo en seco con mopsec.<\/li>\n<li>CON M\u00c1QUINA PULIDORA. Pulir con disco de abrillantar pulverizando el producto en peque\u00f1a cantidad (aprox. De 2 a 5 cc\/m2.). una vez seco mantener el brillo con disco blando.<\/li>\n<\/ul>\n<p><strong>Productos relacionados:<\/strong><\/p>\n<ul>\n<li><a href=\"http:\/\/teclimquimica.com\/es\/rb-491-renovador-brillo\/\">RB-491 &#8211; Renovador de Brillo<\/a><\/li>\n<\/ul>\n<p>[\/et_pb_text][et_pb_button admin_label=\u00bbButton\u00bb button_url=\u00bbhttps:\/\/teclimquimica.com\/wp-content\/uploads\/2017\/10\/FT-ES-EC-495.pdf\u00bb url_new_window=\u00bbon\u00bb button_text=\u00bbDescargar ficha\u00bb button_alignment=\u00bbcenter\u00bb _builder_version=\u00bb3.0.82&#8243; custom_button=\u00bbon\u00bb button_border_radius=\u00bb0&#8243; button_use_icon=\u00bboff\u00bb background_color=\u00bb#ff0000&#8243; background_layout=\u00bblight\u00bb button_icon_placement=\u00bbright\u00bb box_shadow_position=\u00bbouter\u00bb \/][et_pb_text admin_label=\u00bbText\u00bb text_orientation=\u00bbcenter\u00bb _builder_version=\u00bb3.0.82&#8243; text_font_size=\u00bb17&#8243; background_color=\u00bb#eeeeee\u00bb custom_padding=\u00bb10px||10px|\u00bb module_alignment=\u00bbcenter\u00bb background_layout=\u00bblight\u00bb border_style=\u00bbsolid\u00bb box_shadow_position=\u00bbouter\u00bb]<\/p>\n<p style=\"text-align: center;\">Teclim Quimica S.L.<br \/>\nC\/ Atletismo, 18 08191 RUBI<br \/>\nTel\u00e9fono: +34935887667<\/p>\n<p>[\/et_pb_text][\/et_pb_column][\/et_pb_row][et_pb_row][et_pb_column type=\u00bb4_4&#8243;][et_pb_text admin_label=\u00bbText\u00bb _builder_version=\u00bb3.0.82&#8243; background_layout=\u00bblight\u00bb border_style=\u00bbsolid\u00bb module_alignment=\u00bbleft\u00bb box_shadow_position=\u00bbouter\u00bb saved_tabs=\u00bball\u00bb]<\/p>\n<p>Para otras aplicaciones o dudas, consultar con el departamento t\u00e9cnico\/comercial de Teclim Qu\u00edmica. Ficha de seguridad (MSDS) disponible para clientes.<\/p>\n<p>[\/et_pb_text][et_pb_text admin_label=\u00bbText\u00bb _builder_version=\u00bb3.0.82&#8243; background_layout=\u00bblight\u00bb border_style=\u00bbsolid\u00bb module_alignment=\u00bbleft\u00bb box_shadow_position=\u00bbouter\u00bb saved_tabs=\u00bball\u00bb]<\/p>\n<h4><strong>Noticias Relacionadas:<\/strong><\/h4>\n<hr \/>\n<p>[\/et_pb_text][et_pb_blog _builder_version=\u00bb3.0.82&#8243; posts_number=\u00bb6&#8243; include_categories=\u00bb38&#8243; show_content=\u00bboff\u00bb show_thumbnail=\u00bbon\u00bb show_more=\u00bboff\u00bb show_author=\u00bbon\u00bb show_date=\u00bbon\u00bb show_categories=\u00bbon\u00bb show_comments=\u00bbon\u00bb show_pagination=\u00bbon\u00bb fullwidth=\u00bboff\u00bb use_dropshadow=\u00bboff\u00bb use_overlay=\u00bboff\u00bb background_layout=\u00bblight\u00bb pagination_font_size_tablet=\u00bb51&#8243; pagination_line_height_tablet=\u00bb2&#8243; border_style=\u00bbsolid\u00bb box_shadow_position=\u00bbouter\u00bb box_shadow_color=\u00bbrgba(0,0,0,0.3)\u00bb box_shadow_style=\u00bbnone\u00bb \/][\/et_pb_column][\/et_pb_row][\/et_pb_section]<\/p>\n","protected":false},"excerpt":{"rendered":"<p>EC-495 &#8211; Emulsi\u00f3n C\u00e9rea &nbsp; Descripci\u00f3n: El EC-495 es un concentrado de ceras en agua y detergentes formulado para su empleo como producto de mantenimiento. Proporciona un intenso brillo tanto en suelos calc\u00e1reos como sint\u00e9ticos. M\u00e9todo de Aplicaci\u00f3n: Se puede aplicar tanto de forma manual como con m\u00e1quina pulidora. Superficies y Usos: Se puede utilizar [&hellip;]<\/p>\n","protected":false},"author":1,"featured_media":0,"parent":0,"menu_order":0,"comment_status":"closed","ping_status":"closed","template":"","meta":{"_et_pb_use_builder":"on","_et_pb_old_content":"","_et_gb_content_width":"","footnotes":""},"class_list":["post-33969","page","type-page","status-publish","hentry"],"_links":{"self":[{"href":"https:\/\/teclimquimica.com\/es\/wp-json\/wp\/v2\/pages\/33969","targetHints":{"allow":["GET"]}}],"collection":[{"href":"https:\/\/teclimquimica.com\/es\/wp-json\/wp\/v2\/pages"}],"about":[{"href":"https:\/\/teclimquimica.com\/es\/wp-json\/wp\/v2\/types\/page"}],"author":[{"embeddable":true,"href":"https:\/\/teclimquimica.com\/es\/wp-json\/wp\/v2\/users\/1"}],"replies":[{"embeddable":true,"href":"https:\/\/teclimquimica.com\/es\/wp-json\/wp\/v2\/comments?post=33969"}],"version-history":[{"count":8,"href":"https:\/\/teclimquimica.com\/es\/wp-json\/wp\/v2\/pages\/33969\/revisions"}],"predecessor-version":[{"id":35525,"href":"https:\/\/teclimquimica.com\/es\/wp-json\/wp\/v2\/pages\/33969\/revisions\/35525"}],"wp:attachment":[{"href":"https:\/\/teclimquimica.com\/es\/wp-json\/wp\/v2\/media?parent=33969"}],"curies":[{"name":"wp","href":"https:\/\/api.w.org\/{rel}","templated":true}]}}