{"id":33987,"date":"2017-09-04T10:23:53","date_gmt":"2017-09-04T10:23:53","guid":{"rendered":"https:\/\/teclimquimica.com\/?page_id=33987"},"modified":"2018-02-27T13:43:57","modified_gmt":"2018-02-27T13:43:57","slug":"ll-639-detergente-antiestatico-disipativo-espuma-controlada","status":"publish","type":"page","link":"https:\/\/teclimquimica.com\/es\/ll-639-detergente-antiestatico-disipativo-espuma-controlada\/","title":{"rendered":"LL-639"},"content":{"rendered":"<p>[et_pb_section bb_built=\u00bb1&#8243; admin_label=\u00bbsection\u00bb _builder_version=\u00bb3.0.47&#8243;][et_pb_row admin_label=\u00bbrow\u00bb _builder_version=\u00bb3.0.47&#8243; background_size=\u00bbinitial\u00bb background_position=\u00bbtop_left\u00bb background_repeat=\u00bbrepeat\u00bb][et_pb_column type=\u00bb4_4&#8243;][et_pb_text admin_label=\u00bbText\u00bb _builder_version=\u00bb3.0.82&#8243; background_layout=\u00bblight\u00bb border_style=\u00bbsolid\u00bb module_alignment=\u00bbleft\u00bb box_shadow_position=\u00bbouter\u00bb]<\/p>\n<h1><strong>LL-639 &#8211; Detergente Antiestatico Disipativo Espuma Controlada<\/strong><\/h1>\n<hr \/>\n<p>[\/et_pb_text][\/et_pb_column][\/et_pb_row][et_pb_row admin_label=\u00bbrow\u00bb _builder_version=\u00bb3.0.47&#8243; background_size=\u00bbinitial\u00bb background_position=\u00bbtop_left\u00bb background_repeat=\u00bbrepeat\u00bb][et_pb_column type=\u00bb1_2&#8243;][et_pb_text admin_label=\u00bbText\u00bb _builder_version=\u00bb3.0.82&#8243; text_font_size=\u00bb17&#8243; background_layout=\u00bblight\u00bb border_style=\u00bbsolid\u00bb module_alignment=\u00bbleft\u00bb box_shadow_position=\u00bbouter\u00bb]<\/p>\n<p><strong>Descripci\u00f3n:<\/strong><\/p>\n<p>El LL-639 es un activo limpiador de suelos para limpieza de toda clase de superficies lavables con propiedades antiest\u00e1ticas y propiedades disipativas. Elimina eficientemente las cargas de energ\u00eda est\u00e1tica haciendo que una vez aplicado la superficie sea conductora. Esta especialmente formulado para situaciones que requieran espuma controlada, como la aplicaci\u00f3n mediante maquina fregadora.<\/p>\n<p><strong>M\u00e9todo de Aplicaci\u00f3n:<\/strong><\/p>\n<p>Aplicar con maquina fregadora, se puede a\u00f1adir directamente al tanque de agua de la fregadora. Se puede igualmente usar a mano o pulverizado si interesa un producto de espuma controlada.<\/p>\n<p><strong>Superficies y Usos:<\/strong><\/p>\n<p>Limpieza de todo tipo de superficie lavables. Aplicable sobre suelos vitrificados y encerados. Indicado tambi\u00e9n para superficies delicadas como el gres, cer\u00e1mica, etc.\u00a0Se puede aplicar a moqueta o metracrilatos para evitar cargas est\u00e1ticas.<\/p>\n<p>[\/et_pb_text][\/et_pb_column][et_pb_column type=\u00bb1_2&#8243;][et_pb_text admin_label=\u00bbText\u00bb _builder_version=\u00bb3.0.105&#8243; text_font_size=\u00bb17&#8243; background_layout=\u00bblight\u00bb module_alignment=\u00bbleft\u00bb]<\/p>\n<p><strong>Dosis recomendadas:<\/strong><\/p>\n<ul>\n<li>Para fregado con maquina fregadora diluyese 1 parte de producto por 20 de agua (5%).<\/li>\n<li>Para pulverizar sobre moqueta o metracrilato utilizar puro (100%).<\/li>\n<\/ul>\n<p><strong>Productos similares:<\/strong><\/p>\n<ul>\n<li><a href=\"http:\/\/teclimquimica.com\/es\/ll-638-detergente-antiestatico-disipativo\/\">LL-638 &#8211; Detergente Antiestatico<\/a><\/li>\n<\/ul>\n<p>[\/et_pb_text][et_pb_button admin_label=\u00bbButton\u00bb button_url=\u00bbhttps:\/\/teclimquimica.com\/wp-content\/uploads\/2017\/10\/FT-ES-LL-639.pdf\u00bb url_new_window=\u00bbon\u00bb button_text=\u00bbDescargar ficha\u00bb button_alignment=\u00bbcenter\u00bb _builder_version=\u00bb3.0.82&#8243; custom_button=\u00bbon\u00bb button_border_radius=\u00bb0&#8243; button_use_icon=\u00bboff\u00bb background_color=\u00bb#ff0000&#8243; background_layout=\u00bblight\u00bb button_icon_placement=\u00bbright\u00bb box_shadow_position=\u00bbouter\u00bb \/][et_pb_text admin_label=\u00bbText\u00bb text_orientation=\u00bbcenter\u00bb _builder_version=\u00bb3.0.82&#8243; text_font_size=\u00bb17&#8243; background_color=\u00bb#eeeeee\u00bb custom_padding=\u00bb10px||10px|\u00bb module_alignment=\u00bbcenter\u00bb background_layout=\u00bblight\u00bb border_style=\u00bbsolid\u00bb box_shadow_position=\u00bbouter\u00bb]<\/p>\n<p>Teclim Quimica S.L.<br \/>\nC\/ Atletismo, 18 08191 RUBI<br \/>\nTel\u00e9fono: +34935887667<\/p>\n<p>[\/et_pb_text][\/et_pb_column][\/et_pb_row][et_pb_row][et_pb_column type=\u00bb4_4&#8243;][et_pb_text admin_label=\u00bbText\u00bb _builder_version=\u00bb3.0.82&#8243; background_layout=\u00bblight\u00bb border_style=\u00bbsolid\u00bb module_alignment=\u00bbleft\u00bb box_shadow_position=\u00bbouter\u00bb saved_tabs=\u00bball\u00bb text_font_size=\u00bb17&#8243;]<\/p>\n<p>Para otras aplicaciones o dudas, consultar con el departamento t\u00e9cnico\/comercial de Teclim Qu\u00edmica. Ficha de seguridad (MSDS) disponible para clientes.<\/p>\n<p>[\/et_pb_text][et_pb_text admin_label=\u00bbText\u00bb _builder_version=\u00bb3.0.82&#8243; background_layout=\u00bblight\u00bb border_style=\u00bbsolid\u00bb module_alignment=\u00bbleft\u00bb box_shadow_position=\u00bbouter\u00bb]<\/p>\n<h4><strong>Noticias Relacionadas:<\/strong><\/h4>\n<hr \/>\n<p>[\/et_pb_text][et_pb_blog _builder_version=\u00bb3.0.82&#8243; posts_number=\u00bb6&#8243; include_categories=\u00bb33&#8243; show_content=\u00bboff\u00bb show_thumbnail=\u00bbon\u00bb show_more=\u00bboff\u00bb show_author=\u00bbon\u00bb show_date=\u00bbon\u00bb show_categories=\u00bbon\u00bb show_comments=\u00bbon\u00bb show_pagination=\u00bbon\u00bb fullwidth=\u00bboff\u00bb use_dropshadow=\u00bboff\u00bb use_overlay=\u00bboff\u00bb background_layout=\u00bblight\u00bb pagination_font_size_tablet=\u00bb51&#8243; pagination_line_height_tablet=\u00bb2&#8243; border_style=\u00bbsolid\u00bb box_shadow_position=\u00bbouter\u00bb box_shadow_color=\u00bbrgba(0,0,0,0.3)\u00bb box_shadow_style=\u00bbnone\u00bb \/][\/et_pb_column][\/et_pb_row][\/et_pb_section]<\/p>\n","protected":false},"excerpt":{"rendered":"<p>LL-639 &#8211; Detergente Antiestatico Disipativo Espuma Controlada Descripci\u00f3n: El LL-639 es un activo limpiador de suelos para limpieza de toda clase de superficies lavables con propiedades antiest\u00e1ticas y propiedades disipativas. Elimina eficientemente las cargas de energ\u00eda est\u00e1tica haciendo que una vez aplicado la superficie sea conductora. Esta especialmente formulado para situaciones que requieran espuma controlada, [&hellip;]<\/p>\n","protected":false},"author":1,"featured_media":0,"parent":0,"menu_order":0,"comment_status":"closed","ping_status":"closed","template":"","meta":{"_et_pb_use_builder":"on","_et_pb_old_content":"","_et_gb_content_width":"","footnotes":""},"class_list":["post-33987","page","type-page","status-publish","hentry"],"_links":{"self":[{"href":"https:\/\/teclimquimica.com\/es\/wp-json\/wp\/v2\/pages\/33987","targetHints":{"allow":["GET"]}}],"collection":[{"href":"https:\/\/teclimquimica.com\/es\/wp-json\/wp\/v2\/pages"}],"about":[{"href":"https:\/\/teclimquimica.com\/es\/wp-json\/wp\/v2\/types\/page"}],"author":[{"embeddable":true,"href":"https:\/\/teclimquimica.com\/es\/wp-json\/wp\/v2\/users\/1"}],"replies":[{"embeddable":true,"href":"https:\/\/teclimquimica.com\/es\/wp-json\/wp\/v2\/comments?post=33987"}],"version-history":[{"count":13,"href":"https:\/\/teclimquimica.com\/es\/wp-json\/wp\/v2\/pages\/33987\/revisions"}],"predecessor-version":[{"id":35529,"href":"https:\/\/teclimquimica.com\/es\/wp-json\/wp\/v2\/pages\/33987\/revisions\/35529"}],"wp:attachment":[{"href":"https:\/\/teclimquimica.com\/es\/wp-json\/wp\/v2\/media?parent=33987"}],"curies":[{"name":"wp","href":"https:\/\/api.w.org\/{rel}","templated":true}]}}