{"id":34065,"date":"2017-10-20T14:44:01","date_gmt":"2017-10-20T14:44:01","guid":{"rendered":"https:\/\/teclimquimica.com\/?page_id=34065"},"modified":"2017-10-20T14:44:01","modified_gmt":"2017-10-20T14:44:01","slug":"ll-578-detergente-limpiador-placas-solares","status":"publish","type":"page","link":"https:\/\/teclimquimica.com\/es\/ll-578-detergente-limpiador-placas-solares\/","title":{"rendered":"LL-578 Detergente Limpiador Placas Solares"},"content":{"rendered":"<p>[et_pb_section bb_built=\u00bb1&#8243; admin_label=\u00bbsection\u00bb][et_pb_row admin_label=\u00bbRow\u00bb make_fullwidth=\u00bboff\u00bb use_custom_width=\u00bboff\u00bb width_unit=\u00bbon\u00bb use_custom_gutter=\u00bboff\u00bb custom_padding=\u00bb0px||0px|\u00bb allow_player_pause=\u00bboff\u00bb parallax=\u00bboff\u00bb parallax_method=\u00bbon\u00bb make_equal=\u00bboff\u00bb parallax_1=\u00bboff\u00bb parallax_method_1=\u00bboff\u00bb parallax_2=\u00bboff\u00bb parallax_method_2=\u00bboff\u00bb custom_margin=\u00bb0px|||\u00bb padding_top_1=\u00bb0px\u00bb padding_top_2=\u00bb0px\u00bb background_position=\u00bbtop_left\u00bb background_repeat=\u00bbrepeat\u00bb background_size=\u00bbinitial\u00bb][et_pb_column type=\u00bb1_2&#8243;][et_pb_text admin_label=\u00bbText\u00bb background_layout=\u00bblight\u00bb text_orientation=\u00bbleft\u00bb border_style=\u00bbsolid\u00bb custom_margin=\u00bb0px|||\u00bb custom_padding=\u00bb0px|||\u00bb background_position=\u00bbtop_left\u00bb background_repeat=\u00bbrepeat\u00bb background_size=\u00bbinitial\u00bb _builder_version=\u00bb3.0.82&#8243; module_alignment=\u00bbleft\u00bb]<\/p>\n<p><a href=\"https:\/\/teclimquimica.com\">Tornar enrere<\/a><\/p>\n<p>[\/et_pb_text][\/et_pb_column][et_pb_column type=\u00bb1_2&#8243;][\/et_pb_column][\/et_pb_row][et_pb_row admin_label=\u00bbrow\u00bb background_position=\u00bbtop_left\u00bb background_repeat=\u00bbrepeat\u00bb background_size=\u00bbinitial\u00bb][et_pb_column type=\u00bb4_4&#8243;][et_pb_text admin_label=\u00bbText\u00bb background_layout=\u00bblight\u00bb border_style=\u00bbsolid\u00bb _builder_version=\u00bb3.0.82&#8243; module_alignment=\u00bbleft\u00bb box_shadow_position=\u00bbouter\u00bb]<\/p>\n<h1>LL\u2013578 Detergente Limpiador de Placas Solares<\/h1>\n<hr \/>\n<p>[\/et_pb_text][\/et_pb_column][\/et_pb_row][et_pb_row admin_label=\u00bbrow\u00bb background_position=\u00bbtop_left\u00bb background_repeat=\u00bbrepeat\u00bb background_size=\u00bbinitial\u00bb][et_pb_column type=\u00bb1_2&#8243;][et_pb_text admin_label=\u00bbText\u00bb background_layout=\u00bblight\u00bb border_style=\u00bbsolid\u00bb text_font_size=\u00bb17&#8243; _builder_version=\u00bb3.0.82&#8243; module_alignment=\u00bbleft\u00bb box_shadow_position=\u00bbouter\u00bb]<\/p>\n<p><strong>PROPIEDADES:<\/strong><\/p>\n<p>Producto de pH neutro para el fregado de todo tipo de superficies lavables, dej\u00e1ndolas perfumadas.<\/p>\n<p><strong>CONTIENE ENTRE OTROS INGREDIENTES:<\/strong><\/p>\n<p>Conservantes<\/p>\n<p><strong>MODO DE EMPLEO:<\/strong><\/p>\n<p>Diluir de 15 a20 gramos por cubo de agua. Fregar la superficie sin dejar restos de agua. Para limpieza de superficies lavables aplicar diluido con un pa\u00f1o. No necesita aclarado.<\/p>\n<p>PRODUCTO BIODEGRADABLE.<br \/>\nContenido neto: 5 litros.<br \/>\nLote de fabricaci\u00f3n: 6365.<\/p>\n<p>[\/et_pb_text][\/et_pb_column][et_pb_column type=\u00bb1_2&#8243;][et_pb_text admin_label=\u00bbText\u00bb background_layout=\u00bblight\u00bb text_orientation=\u00bbleft\u00bb border_style=\u00bbsolid\u00bb text_font_size=\u00bb17&#8243; _builder_version=\u00bb3.0.82&#8243; module_alignment=\u00bbleft\u00bb]<\/p>\n<p><strong>CONSEJOS DE SEGURIDAD<\/strong>:<\/p>\n<p>En caso de ingesti\u00f3n, ac\u00fadase inmediatamente al m\u00e9dico y mu\u00e9strele la etiqueta o el envase.<br \/>\nNO INGERIR.<br \/>\nMANTENER FUERA DEL ALCANCE DE LOS NI\u00d1OS.<\/p>\n<p>Aroma: Magnolia.<\/p>\n<p>[\/et_pb_text][et_pb_button admin_label=\u00bbButton\u00bb button_url=\u00bbhttps:\/\/teclimquimica.com\/wp-content\/uploads\/2017\/07\/LL-67MA.pdf\u00bb url_new_window=\u00bbon\u00bb button_text=\u00bbDescargar ficha\u00bb button_alignment=\u00bbcenter\u00bb background_layout=\u00bblight\u00bb custom_button=\u00bbon\u00bb button_border_radius=\u00bb0&#8243; button_letter_spacing=\u00bb0&#8243; button_icon_placement=\u00bbright\u00bb button_letter_spacing_hover=\u00bb0&#8243; _builder_version=\u00bb3.0.82&#8243; button_use_icon=\u00bboff\u00bb \/][et_pb_text admin_label=\u00bbText\u00bb background_layout=\u00bblight\u00bb text_orientation=\u00bbcenter\u00bb background_color=\u00bb#eeeeee\u00bb border_style=\u00bbsolid\u00bb custom_padding=\u00bb10px||10px|\u00bb text_font_size=\u00bb17&#8243; _builder_version=\u00bb3.0.82&#8243; module_alignment=\u00bbcenter\u00bb]<\/p>\n<p>PRODUCTOS ROSELL, S.A.<br \/>\nC\/ Atletismo, 18 08191 RUBI<br \/>\nTel\u00e9fono: 93.588.76.67 \u2013 Fax: 93.586.07.72<\/p>\n<p>[\/et_pb_text][\/et_pb_column][\/et_pb_row][\/et_pb_section][et_pb_section bb_built=\u00bb1&#8243;][et_pb_row][\/et_pb_row][\/et_pb_section]<\/p>\n","protected":false},"excerpt":{"rendered":"<p>Tornar enrere LL\u2013578 Detergente Limpiador de Placas Solares PROPIEDADES: Producto de pH neutro para el fregado de todo tipo de superficies lavables, dej\u00e1ndolas perfumadas. CONTIENE ENTRE OTROS INGREDIENTES: Conservantes MODO DE EMPLEO: Diluir de 15 a20 gramos por cubo de agua. Fregar la superficie sin dejar restos de agua. Para limpieza de superficies lavables aplicar [&hellip;]<\/p>\n","protected":false},"author":4,"featured_media":0,"parent":0,"menu_order":0,"comment_status":"closed","ping_status":"closed","template":"","meta":{"_et_pb_use_builder":"on","_et_pb_old_content":"","_et_gb_content_width":"","footnotes":""},"class_list":["post-34065","page","type-page","status-publish","hentry"],"_links":{"self":[{"href":"https:\/\/teclimquimica.com\/es\/wp-json\/wp\/v2\/pages\/34065","targetHints":{"allow":["GET"]}}],"collection":[{"href":"https:\/\/teclimquimica.com\/es\/wp-json\/wp\/v2\/pages"}],"about":[{"href":"https:\/\/teclimquimica.com\/es\/wp-json\/wp\/v2\/types\/page"}],"author":[{"embeddable":true,"href":"https:\/\/teclimquimica.com\/es\/wp-json\/wp\/v2\/users\/4"}],"replies":[{"embeddable":true,"href":"https:\/\/teclimquimica.com\/es\/wp-json\/wp\/v2\/comments?post=34065"}],"version-history":[{"count":3,"href":"https:\/\/teclimquimica.com\/es\/wp-json\/wp\/v2\/pages\/34065\/revisions"}],"predecessor-version":[{"id":35302,"href":"https:\/\/teclimquimica.com\/es\/wp-json\/wp\/v2\/pages\/34065\/revisions\/35302"}],"wp:attachment":[{"href":"https:\/\/teclimquimica.com\/es\/wp-json\/wp\/v2\/media?parent=34065"}],"curies":[{"name":"wp","href":"https:\/\/api.w.org\/{rel}","templated":true}]}}