{"id":34522,"date":"2017-07-08T15:04:55","date_gmt":"2017-07-08T15:04:55","guid":{"rendered":"https:\/\/teclimquimica.com\/empresa\/"},"modified":"2018-02-25T15:34:09","modified_gmt":"2018-02-25T15:34:09","slug":"entreprise","status":"publish","type":"page","link":"https:\/\/teclimquimica.com\/fr\/entreprise\/","title":{"rendered":"Entreprise"},"content":{"rendered":"<p>[et_pb_section bb_built=\u00a0\u00bb1&Prime; _builder_version=\u00a0\u00bb3.0.60&Prime; use_background_color_gradient=\u00a0\u00bbon\u00a0\u00bb background_color_gradient_start=\u00a0\u00bbrgba(224,43,32,0.71)\u00a0\u00bb background_color_gradient_end=\u00a0\u00bbrgba(255,255,255,0.66)\u00a0\u00bb background_color_gradient_type=\u00a0\u00bbradial\u00a0\u00bb background_color_gradient_direction_radial=\u00a0\u00bbleft\u00a0\u00bb background_image=\u00a0\u00bbhttps:\/\/teclimquimica.com\/wp-content\/uploads\/2016\/11\/5685e62aad5b4f06b162f39d660b5638.jpg\u00a0\u00bb background_blend=\u00a0\u00bboverlay\u00a0\u00bb next_background_color=\u00a0\u00bb#000000&Prime;][et_pb_row _builder_version=\u00a0\u00bb3.0.60&Prime; background_position_1=\u00a0\u00bbtop_left\u00a0\u00bb background_repeat_1=\u00a0\u00bbno-repeat\u00a0\u00bb][et_pb_column type=\u00a0\u00bb4_4&Prime;][et_pb_text _builder_version=\u00a0\u00bb3.0.105&Prime; background_layout=\u00a0\u00bbdark\u00a0\u00bb]<\/p>\n<h1>ENTERPRISE<\/h1>\n<p>[\/et_pb_text][\/et_pb_column][\/et_pb_row][\/et_pb_section][et_pb_section bb_built=\u00a0\u00bb1&Prime; fullwidth=\u00a0\u00bboff\u00a0\u00bb specialty=\u00a0\u00bboff\u00a0\u00bb prev_background_color=\u00a0\u00bb#000000&Prime;][et_pb_row][et_pb_column type=\u00a0\u00bb1_4&Prime;][\/et_pb_column][et_pb_column type=\u00a0\u00bb1_2&Prime;][et_pb_text _builder_version=\u00a0\u00bb3.0.105&Prime; background_layout=\u00a0\u00bblight\u00a0\u00bb]<\/p>\n<blockquote>\n<p style=\"text-align: justify;\">Productos Rosell fabrique depuis 1896 des d\u00e9tergents et des produits chimiques pour le secteur professionnel du nettoyage, de l&rsquo;industrie et de l&rsquo;h\u00f4tellerie. Les produits de marque Productos Rosell\u00ae et Teclim\u00ae, synonymes de qualit\u00e9, sont le fruit de l&rsquo;innovation et de l&rsquo;exp\u00e9rience.<\/p>\n<p>&nbsp;<\/p>\n<p style=\"text-align: justify;\">Nous avons d\u00e9velopp\u00e9 une large gamme de produits hautement fiables, capables de satisfaire les besoins du march\u00e9. Notre laboratoire d&rsquo;application est \u00e0 la disposition de nos clients pour r\u00e9soudre les probl\u00e8mes, les questions techniques, ainsi que l&rsquo;optimisation afin de s&rsquo;adapter \u00e0 des besoins particuliers.<\/p>\n<\/blockquote>\n<p>[\/et_pb_text][\/et_pb_column][et_pb_column type=\u00a0\u00bb1_4&Prime;][\/et_pb_column][\/et_pb_row][\/et_pb_section]<\/p>\n","protected":false},"excerpt":{"rendered":"<p>ENTERPRISE <div class=\"et_pb_row et_pb_row_0 et_pb_row_empty\">\n\t\t\t\t\n\t\t\t\t\n\t\t\t\t\n\t\t\t\t\n\t\t\t\t\n\t\t\t<\/div> Productos Rosell fabrique depuis 1896 des d\u00e9tergents et des produits chimiques pour le secteur professionnel du nettoyage, de l&rsquo;industrie et de l&rsquo;h\u00f4tellerie. Les produits de marque Productos Rosell\u00ae et Teclim\u00ae, synonymes de qualit\u00e9, sont le fruit de l&rsquo;innovation et de l&rsquo;exp\u00e9rience. &nbsp; Nous avons d\u00e9velopp\u00e9 une large gamme de produits hautement fiables, capables [&hellip;]<\/p>\n","protected":false},"author":1,"featured_media":0,"parent":0,"menu_order":0,"comment_status":"closed","ping_status":"closed","template":"","meta":{"_et_pb_use_builder":"on","_et_pb_old_content":"","_et_gb_content_width":"","footnotes":""},"class_list":["post-34522","page","type-page","status-publish","hentry"],"_links":{"self":[{"href":"https:\/\/teclimquimica.com\/fr\/wp-json\/wp\/v2\/pages\/34522","targetHints":{"allow":["GET"]}}],"collection":[{"href":"https:\/\/teclimquimica.com\/fr\/wp-json\/wp\/v2\/pages"}],"about":[{"href":"https:\/\/teclimquimica.com\/fr\/wp-json\/wp\/v2\/types\/page"}],"author":[{"embeddable":true,"href":"https:\/\/teclimquimica.com\/fr\/wp-json\/wp\/v2\/users\/1"}],"replies":[{"embeddable":true,"href":"https:\/\/teclimquimica.com\/fr\/wp-json\/wp\/v2\/comments?post=34522"}],"version-history":[{"count":3,"href":"https:\/\/teclimquimica.com\/fr\/wp-json\/wp\/v2\/pages\/34522\/revisions"}],"predecessor-version":[{"id":35292,"href":"https:\/\/teclimquimica.com\/fr\/wp-json\/wp\/v2\/pages\/34522\/revisions\/35292"}],"wp:attachment":[{"href":"https:\/\/teclimquimica.com\/fr\/wp-json\/wp\/v2\/media?parent=34522"}],"curies":[{"name":"wp","href":"https:\/\/api.w.org\/{rel}","templated":true}]}}