{"id":34524,"date":"2017-07-08T15:47:15","date_gmt":"2017-07-08T15:47:15","guid":{"rendered":"https:\/\/teclimquimica.com\/mision-vision-y-valores\/"},"modified":"2018-02-13T19:13:16","modified_gmt":"2018-02-13T19:13:16","slug":"mission-vision-et-valeurs","status":"publish","type":"page","link":"https:\/\/teclimquimica.com\/fr\/mission-vision-et-valeurs\/","title":{"rendered":"Mission, Vision et Valeurs"},"content":{"rendered":"<p>[et_pb_section fb_built=\u00a0\u00bb1&Prime; _builder_version=\u00a0\u00bb3.0.60&Prime; use_background_color_gradient=\u00a0\u00bbon\u00a0\u00bb background_color_gradient_start=\u00a0\u00bbrgba(224,43,32,0.71)\u00a0\u00bb background_color_gradient_end=\u00a0\u00bbrgba(255,255,255,0.66)\u00a0\u00bb background_color_gradient_type=\u00a0\u00bbradial\u00a0\u00bb background_color_gradient_direction_radial=\u00a0\u00bbleft\u00a0\u00bb background_image=\u00a0\u00bbhttps:\/\/teclimquimica.com\/wp-content\/uploads\/2016\/11\/5685e62aad5b4f06b162f39d660b5638.jpg\u00a0\u00bb background_blend=\u00a0\u00bboverlay\u00a0\u00bb][et_pb_row background_position_1=\u00a0\u00bbtop_left\u00a0\u00bb background_repeat_1=\u00a0\u00bbno-repeat\u00a0\u00bb _builder_version=\u00a0\u00bb3.0.60&Prime;][et_pb_column type=\u00a0\u00bb4_4&Prime; _builder_version=\u00a0\u00bb3.0.47&Prime; parallax=\u00a0\u00bboff\u00a0\u00bb parallax_method=\u00a0\u00bbon\u00a0\u00bb background_position=\u00a0\u00bbtop_left\u00a0\u00bb background_repeat=\u00a0\u00bbno-repeat\u00a0\u00bb][et_pb_text background_layout=\u00a0\u00bbdark\u00a0\u00bb _builder_version=\u00a0\u00bb3.0.60&Prime; border_style=\u00a0\u00bbsolid\u00a0\u00bb]<\/p>\n<h1>Mission, Vision et Valeurs<\/h1>\n<p>[\/et_pb_text][\/et_pb_column][\/et_pb_row][\/et_pb_section][et_pb_section fb_built=\u00a0\u00bb1&Prime; _builder_version=\u00a0\u00bb3.0.47&Prime;][et_pb_row _builder_version=\u00a0\u00bb3.0.47&Prime; background_size=\u00a0\u00bbinitial\u00a0\u00bb background_position=\u00a0\u00bbtop_left\u00a0\u00bb background_repeat=\u00a0\u00bbrepeat\u00a0\u00bb][et_pb_column type=\u00a0\u00bb4_4&Prime; _builder_version=\u00a0\u00bb3.0.47&Prime; parallax=\u00a0\u00bboff\u00a0\u00bb parallax_method=\u00a0\u00bbon\u00a0\u00bb][et_pb_text _builder_version=\u00a0\u00bb3.0.60&Prime; border_style=\u00a0\u00bbsolid\u00a0\u00bb]<\/p>\n<blockquote><p><strong>MISSION<\/strong>:<\/p>\n<p>Offrir \u00e0 nos clients des produits de qualit\u00e9 pour le nettoyage professionnel, \u00e0 travers nos marques reconnues Rosell\u00ae et Teclim\u00ae. Proposer des solutions technologiques sur mesure pour r\u00e9pondre \u00e0 des besoins sp\u00e9cifiques.<\/p><\/blockquote>\n<p>[\/et_pb_text][\/et_pb_column][\/et_pb_row][et_pb_row _builder_version=\u00a0\u00bb3.0.47&Prime; background_size=\u00a0\u00bbinitial\u00a0\u00bb background_position=\u00a0\u00bbtop_left\u00a0\u00bb background_repeat=\u00a0\u00bbrepeat\u00a0\u00bb][et_pb_column type=\u00a0\u00bb4_4&Prime; _builder_version=\u00a0\u00bb3.0.47&Prime; parallax=\u00a0\u00bboff\u00a0\u00bb parallax_method=\u00a0\u00bbon\u00a0\u00bb][et_pb_text _builder_version=\u00a0\u00bb3.0.64&Prime; border_style=\u00a0\u00bbsolid\u00a0\u00bb]<\/p>\n<blockquote><p><strong>VISION<\/strong>:<\/p>\n<p style=\"text-align: left;\">\u00catre une entreprise leader dans le secteur de la d\u00e9tergence, en apportant la fiabilit\u00e9, la qualit\u00e9 et le service \u00e0 nos clients. \u00catre une entreprise innovante, capable de g\u00e9n\u00e9rer des solutions applicables dans nos domaines d&rsquo;activit\u00e9 : l&rsquo;h\u00f4tellerie, l&rsquo;industrie et le nettoyage professionnel, en exploitant le potentiel de nos marques.cas.<\/p>\n<\/blockquote>\n<p>[\/et_pb_text][\/et_pb_column][\/et_pb_row][et_pb_row _builder_version=\u00a0\u00bb3.0.47&Prime; background_size=\u00a0\u00bbinitial\u00a0\u00bb background_position=\u00a0\u00bbtop_left\u00a0\u00bb background_repeat=\u00a0\u00bbrepeat\u00a0\u00bb][et_pb_column type=\u00a0\u00bb4_4&Prime; _builder_version=\u00a0\u00bb3.0.47&Prime; parallax=\u00a0\u00bboff\u00a0\u00bb parallax_method=\u00a0\u00bbon\u00a0\u00bb][et_pb_text _builder_version=\u00a0\u00bb3.0.60&Prime; border_style=\u00a0\u00bbsolid\u00a0\u00bb]<\/p>\n<blockquote><p><strong>VALEURS:<\/strong><\/p>\n<ul>\n<li>Qualit\u00e9 : nous favorisons l&rsquo;am\u00e9lioration continue des activit\u00e9s afin de garantir des produits de qualit\u00e9..<\/li>\n<li>Service et engagement avec nos clients, en essayant d&rsquo;atteindre le degr\u00e9 de satisfaction et de fiabilit\u00e9 souhait\u00e9.<\/li>\n<li>Cr\u00e9ativit\u00e9 et innovation : recherche constante de nouvelles solutions techniques pour proposer de nouveaux produits couvrant diff\u00e9rents march\u00e9s de niche.<\/li>\n<li>\u00c9thique : nous garantissons un comportement \u00e9thique avec nos clients et les destinataires finaux de nos produits. Respect de la l\u00e9gislation actuelle.<\/li>\n<li>Int\u00e9grit\u00e9 : coh\u00e9rence et comportement \u00e9thique envers les personnes, l&rsquo;environnement et la soci\u00e9t\u00e9.<\/li>\n<li>Honn\u00eatet\u00e9 : interne et externe, avoir une attitude sinc\u00e8re et \u00e9quitable.<\/li>\n<\/ul>\n<\/blockquote>\n<p>[\/et_pb_text][\/et_pb_column][\/et_pb_row][\/et_pb_section]<\/p>\n","protected":false},"excerpt":{"rendered":"<p>Mission, Vision et Valeurs MISSION: Offrir \u00e0 nos clients des produits de qualit\u00e9 pour le nettoyage professionnel, \u00e0 travers nos marques reconnues Rosell\u00ae et Teclim\u00ae. Proposer des solutions technologiques sur mesure pour r\u00e9pondre \u00e0 des besoins sp\u00e9cifiques. VISION: \u00catre une entreprise leader dans le secteur de la d\u00e9tergence, en apportant la fiabilit\u00e9, la qualit\u00e9 et [&hellip;]<\/p>\n","protected":false},"author":1,"featured_media":0,"parent":0,"menu_order":0,"comment_status":"closed","ping_status":"closed","template":"","meta":{"_et_pb_use_builder":"on","_et_pb_old_content":"","_et_gb_content_width":"","footnotes":""},"class_list":["post-34524","page","type-page","status-publish","hentry"],"_links":{"self":[{"href":"https:\/\/teclimquimica.com\/fr\/wp-json\/wp\/v2\/pages\/34524","targetHints":{"allow":["GET"]}}],"collection":[{"href":"https:\/\/teclimquimica.com\/fr\/wp-json\/wp\/v2\/pages"}],"about":[{"href":"https:\/\/teclimquimica.com\/fr\/wp-json\/wp\/v2\/types\/page"}],"author":[{"embeddable":true,"href":"https:\/\/teclimquimica.com\/fr\/wp-json\/wp\/v2\/users\/1"}],"replies":[{"embeddable":true,"href":"https:\/\/teclimquimica.com\/fr\/wp-json\/wp\/v2\/comments?post=34524"}],"version-history":[{"count":3,"href":"https:\/\/teclimquimica.com\/fr\/wp-json\/wp\/v2\/pages\/34524\/revisions"}],"predecessor-version":[{"id":34800,"href":"https:\/\/teclimquimica.com\/fr\/wp-json\/wp\/v2\/pages\/34524\/revisions\/34800"}],"wp:attachment":[{"href":"https:\/\/teclimquimica.com\/fr\/wp-json\/wp\/v2\/media?parent=34524"}],"curies":[{"name":"wp","href":"https:\/\/api.w.org\/{rel}","templated":true}]}}