{"id":34533,"date":"2017-07-08T16:55:41","date_gmt":"2017-07-08T16:55:41","guid":{"rendered":"https:\/\/teclimquimica.com\/historia\/"},"modified":"2018-02-13T19:26:01","modified_gmt":"2018-02-13T19:26:01","slug":"histoire","status":"publish","type":"page","link":"https:\/\/teclimquimica.com\/fr\/histoire\/","title":{"rendered":"Histoire"},"content":{"rendered":"<p>[et_pb_section fb_built=\u00a0\u00bb1&Prime; _builder_version=\u00a0\u00bb3.0.60&Prime; use_background_color_gradient=\u00a0\u00bbon\u00a0\u00bb background_color_gradient_start=\u00a0\u00bbrgba(224,43,32,0.71)\u00a0\u00bb background_color_gradient_end=\u00a0\u00bbrgba(255,255,255,0.66)\u00a0\u00bb background_color_gradient_type=\u00a0\u00bbradial\u00a0\u00bb background_color_gradient_direction_radial=\u00a0\u00bbleft\u00a0\u00bb background_image=\u00a0\u00bbhttps:\/\/teclimquimica.com\/wp-content\/uploads\/2016\/11\/5685e62aad5b4f06b162f39d660b5638.jpg\u00a0\u00bb background_blend=\u00a0\u00bboverlay\u00a0\u00bb][et_pb_row background_position_1=\u00a0\u00bbtop_left\u00a0\u00bb background_repeat_1=\u00a0\u00bbno-repeat\u00a0\u00bb _builder_version=\u00a0\u00bb3.0.60&Prime;][et_pb_column type=\u00a0\u00bb4_4&Prime; _builder_version=\u00a0\u00bb3.0.47&Prime; parallax=\u00a0\u00bboff\u00a0\u00bb parallax_method=\u00a0\u00bbon\u00a0\u00bb background_position=\u00a0\u00bbtop_left\u00a0\u00bb background_repeat=\u00a0\u00bbno-repeat\u00a0\u00bb][et_pb_text background_layout=\u00a0\u00bbdark\u00a0\u00bb _builder_version=\u00a0\u00bb3.0.60&Prime; border_style=\u00a0\u00bbsolid\u00a0\u00bb]<\/p>\n<h1>Histoire<\/h1>\n<p>[\/et_pb_text][\/et_pb_column][\/et_pb_row][\/et_pb_section][et_pb_section fb_built=\u00a0\u00bb1&Prime; _builder_version=\u00a0\u00bb3.0.47&Prime;][et_pb_row _builder_version=\u00a0\u00bb3.0.47&Prime; background_size=\u00a0\u00bbinitial\u00a0\u00bb background_position=\u00a0\u00bbtop_left\u00a0\u00bb background_repeat=\u00a0\u00bbrepeat\u00a0\u00bb][et_pb_column type=\u00a0\u00bb4_4&Prime; _builder_version=\u00a0\u00bb3.0.47&Prime; parallax=\u00a0\u00bboff\u00a0\u00bb parallax_method=\u00a0\u00bbon\u00a0\u00bb][et_pb_text _builder_version=\u00a0\u00bb3.0.60&Prime; border_style=\u00a0\u00bbsolid\u00a0\u00bb]<\/p>\n<blockquote>\n<p>La soci\u00e9t\u00e9 Produits Rosell a \u00e9t\u00e9 cr\u00e9\u00e9e en 1886 par Gil Rosell, pla\u00e7ant l&rsquo;entreprise dans un immeuble de l&rsquo;Eixample \u00e0 Barcelone. Au d\u00e9but, l&rsquo;entreprise \u00e9tait principalement engag\u00e9e dans la production de produits auxiliaires pour l&rsquo;industrie textile qui, \u00e0 la fin du XIXe si\u00e8cle, \u00e9tait tr\u00e8s active dans toute la Catalogne. Petit \u00e0 petit, avec la disparition d&rsquo;une grande partie des usines textiles, l&rsquo;entreprise se recentre sur la production pour le nettoyage sp\u00e9cialis\u00e9, en produisant des d\u00e9capants de peinture, des d\u00e9tergents, des d\u00e9tartrants, des d\u00e9graisseurs, etc.<\/p>\n<p>&nbsp;<\/p>\n<p><img decoding=\"async\" class=\"size-full wp-image-33710 aligncenter lazyload\" data-src=\"..\/..\/wp-content\/uploads\/2017\/07\/fototeclim.png\" alt=\"\" width=\"129\" height=\"153\" src=\"data:image\/svg+xml;base64,PHN2ZyB3aWR0aD0iMSIgaGVpZ2h0PSIxIiB4bWxucz0iaHR0cDovL3d3dy53My5vcmcvMjAwMC9zdmciPjwvc3ZnPg==\" style=\"--smush-placeholder-width: 129px; --smush-placeholder-aspect-ratio: 129\/153;\" \/><\/p>\n<p>&nbsp;<\/p>\n<p>La crise du secteur textile dans les ann\u00e9es 70, conjugu\u00e9e \u00e0 la pression d&rsquo;abandonner l&rsquo;activit\u00e9 industrielle dans le centre de Barcelone, a permis \u00e0 Rosell Products d&rsquo;acheter la soci\u00e9t\u00e9 Teclim Qu\u00edmica qui poss\u00e9dait un entrep\u00f4t industriel dans l&rsquo;enceinte de Can Roses de Rub\u00ed et commercialisait d\u00e9j\u00e0 un portefeuille de produits compl\u00e9mentaires. La soci\u00e9t\u00e9 a fait son chemin \u00e0 travers l&rsquo;\u00e9laboration, la commercialisation et la distribution de produits sp\u00e9cifiques pour le nettoyage industriel et le traitement de tous types de surfaces. En 1984 la soci\u00e9t\u00e9 actuelle a \u00e9t\u00e9 formalis\u00e9e avec le nom de Productos Rosell S.A.<\/p>\n<p>&nbsp;<\/p>\n<p>L&rsquo;entreprise est toujours familiale et est actuellement dirig\u00e9e par la cinqui\u00e8me g\u00e9n\u00e9ration. <strong>Avec plus d&rsquo;un si\u00e8cle d&rsquo;exp\u00e9rience, la qualit\u00e9, l&rsquo;innovation et l&rsquo;engagement envers nos clients<\/strong> ont \u00e9t\u00e9 les cl\u00e9s de la r\u00e9ussite de l&rsquo;entreprise au fil des ann\u00e9es.<\/p>\n<\/blockquote>\n<p>[\/et_pb_text][\/et_pb_column][\/et_pb_row][\/et_pb_section]<\/p>\n","protected":false},"excerpt":{"rendered":"<p>Histoire La soci\u00e9t\u00e9 Produits Rosell a \u00e9t\u00e9 cr\u00e9\u00e9e en 1886 par Gil Rosell, pla\u00e7ant l&rsquo;entreprise dans un immeuble de l&rsquo;Eixample \u00e0 Barcelone. Au d\u00e9but, l&rsquo;entreprise \u00e9tait principalement engag\u00e9e dans la production de produits auxiliaires pour l&rsquo;industrie textile qui, \u00e0 la fin du XIXe si\u00e8cle, \u00e9tait tr\u00e8s active dans toute la Catalogne. Petit \u00e0 petit, avec [&hellip;]<\/p>\n","protected":false},"author":1,"featured_media":0,"parent":0,"menu_order":0,"comment_status":"closed","ping_status":"closed","template":"","meta":{"_et_pb_use_builder":"on","_et_pb_old_content":"","_et_gb_content_width":"","footnotes":""},"class_list":["post-34533","page","type-page","status-publish","hentry"],"_links":{"self":[{"href":"https:\/\/teclimquimica.com\/fr\/wp-json\/wp\/v2\/pages\/34533","targetHints":{"allow":["GET"]}}],"collection":[{"href":"https:\/\/teclimquimica.com\/fr\/wp-json\/wp\/v2\/pages"}],"about":[{"href":"https:\/\/teclimquimica.com\/fr\/wp-json\/wp\/v2\/types\/page"}],"author":[{"embeddable":true,"href":"https:\/\/teclimquimica.com\/fr\/wp-json\/wp\/v2\/users\/1"}],"replies":[{"embeddable":true,"href":"https:\/\/teclimquimica.com\/fr\/wp-json\/wp\/v2\/comments?post=34533"}],"version-history":[{"count":2,"href":"https:\/\/teclimquimica.com\/fr\/wp-json\/wp\/v2\/pages\/34533\/revisions"}],"predecessor-version":[{"id":34804,"href":"https:\/\/teclimquimica.com\/fr\/wp-json\/wp\/v2\/pages\/34533\/revisions\/34804"}],"wp:attachment":[{"href":"https:\/\/teclimquimica.com\/fr\/wp-json\/wp\/v2\/media?parent=34533"}],"curies":[{"name":"wp","href":"https:\/\/api.w.org\/{rel}","templated":true}]}}