{"id":34539,"date":"2017-07-08T17:02:25","date_gmt":"2017-07-08T17:02:25","guid":{"rendered":"https:\/\/teclimquimica.com\/id\/"},"modified":"2018-02-13T19:29:37","modified_gmt":"2018-02-13T19:29:37","slug":"id","status":"publish","type":"page","link":"https:\/\/teclimquimica.com\/fr\/id\/","title":{"rendered":"I+D"},"content":{"rendered":"<p>[et_pb_section fb_built=\u00a0\u00bb1&Prime; _builder_version=\u00a0\u00bb3.0.60&Prime; use_background_color_gradient=\u00a0\u00bbon\u00a0\u00bb background_color_gradient_start=\u00a0\u00bbrgba(224,43,32,0.71)\u00a0\u00bb background_color_gradient_end=\u00a0\u00bbrgba(255,255,255,0.66)\u00a0\u00bb background_color_gradient_type=\u00a0\u00bbradial\u00a0\u00bb background_color_gradient_direction_radial=\u00a0\u00bbleft\u00a0\u00bb background_image=\u00a0\u00bbhttps:\/\/teclimquimica.com\/wp-content\/uploads\/2016\/11\/5685e62aad5b4f06b162f39d660b5638.jpg\u00a0\u00bb background_blend=\u00a0\u00bboverlay\u00a0\u00bb][et_pb_row background_position_1=\u00a0\u00bbtop_left\u00a0\u00bb background_repeat_1=\u00a0\u00bbno-repeat\u00a0\u00bb _builder_version=\u00a0\u00bb3.0.60&Prime;][et_pb_column type=\u00a0\u00bb4_4&Prime; _builder_version=\u00a0\u00bb3.0.47&Prime; parallax=\u00a0\u00bboff\u00a0\u00bb parallax_method=\u00a0\u00bbon\u00a0\u00bb background_position=\u00a0\u00bbtop_left\u00a0\u00bb background_repeat=\u00a0\u00bbno-repeat\u00a0\u00bb][et_pb_text background_layout=\u00a0\u00bbdark\u00a0\u00bb _builder_version=\u00a0\u00bb3.0.60&Prime; border_style=\u00a0\u00bbsolid\u00a0\u00bb]<\/p>\n<h1>I+D<\/h1>\n<p>[\/et_pb_text][\/et_pb_column][\/et_pb_row][\/et_pb_section][et_pb_section fb_built=\u00a0\u00bb1&Prime; _builder_version=\u00a0\u00bb3.0.47&Prime;][et_pb_row _builder_version=\u00a0\u00bb3.0.47&Prime; background_size=\u00a0\u00bbinitial\u00a0\u00bb background_position=\u00a0\u00bbtop_left\u00a0\u00bb background_repeat=\u00a0\u00bbrepeat\u00a0\u00bb][et_pb_column type=\u00a0\u00bb4_4&Prime; _builder_version=\u00a0\u00bb3.0.47&Prime; parallax=\u00a0\u00bboff\u00a0\u00bb parallax_method=\u00a0\u00bbon\u00a0\u00bb][et_pb_text _builder_version=\u00a0\u00bb3.0.60&Prime; border_style=\u00a0\u00bbsolid\u00a0\u00bb]<\/p>\n<blockquote>\n<p>Productos Rosell dispose d&rsquo;un laboratoire d&rsquo;application o\u00f9 de nouveaux produits sont d\u00e9velopp\u00e9s et des contr\u00f4les de qualit\u00e9 de la mati\u00e8re premi\u00e8re et du produit fini sont effectu\u00e9s. Ces derni\u00e8res ann\u00e9es, de nouveaux produits techniques ont \u00e9t\u00e9 con\u00e7us et d\u00e9velopp\u00e9s pour g\u00e9n\u00e9rer des solutions innovantes.<\/p>\n<p>&nbsp;<\/p>\n<p><img decoding=\"async\" class=\"wp-image-33715 size-medium alignleft lazyload\" data-src=\"..\/..\/wp-content\/uploads\/2017\/07\/imasde-300x171.png\" alt=\"\" width=\"300\" height=\"171\" data-srcset=\"https:\/\/teclimquimica.com\/wp-content\/uploads\/2017\/07\/imasde-300x171.png 300w, https:\/\/teclimquimica.com\/wp-content\/uploads\/2017\/07\/imasde.png 571w\" data-sizes=\"(max-width: 300px) 100vw, 300px\" src=\"data:image\/svg+xml;base64,PHN2ZyB3aWR0aD0iMSIgaGVpZ2h0PSIxIiB4bWxucz0iaHR0cDovL3d3dy53My5vcmcvMjAwMC9zdmciPjwvc3ZnPg==\" style=\"--smush-placeholder-width: 300px; --smush-placeholder-aspect-ratio: 300\/171;\" \/><\/p>\n<p>&nbsp;<\/p>\n<p>Le laboratoire est r\u00e9gi par des normes de qualit\u00e9, suivant des proc\u00e9dures de travail standardis\u00e9es. Les diff\u00e9rents lots de fabrication sont stock\u00e9s pendant au moins huit mois pour assurer la stabilit\u00e9 et r\u00e9soudre toute anomalie pouvant survenir.<\/p>\n<p>&nbsp;<\/p>\n<p>Dans le laboratoire d&rsquo;application, diff\u00e9rents types d&rsquo;\u00e9tudes sont r\u00e9alis\u00e9es, en concevant des processus et en collaborant \u00e0 la r\u00e9solution de probl\u00e8mes techniques et de questions soulev\u00e9es par nos clients.<\/p>\n<\/blockquote>\n<p>[\/et_pb_text][\/et_pb_column][\/et_pb_row][\/et_pb_section]<\/p>\n","protected":false},"excerpt":{"rendered":"<p>I+D Productos Rosell dispose d&rsquo;un laboratoire d&rsquo;application o\u00f9 de nouveaux produits sont d\u00e9velopp\u00e9s et des contr\u00f4les de qualit\u00e9 de la mati\u00e8re premi\u00e8re et du produit fini sont effectu\u00e9s. Ces derni\u00e8res ann\u00e9es, de nouveaux produits techniques ont \u00e9t\u00e9 con\u00e7us et d\u00e9velopp\u00e9s pour g\u00e9n\u00e9rer des solutions innovantes. &nbsp; &nbsp; Le laboratoire est r\u00e9gi par des normes de [&hellip;]<\/p>\n","protected":false},"author":1,"featured_media":0,"parent":0,"menu_order":0,"comment_status":"closed","ping_status":"closed","template":"","meta":{"_et_pb_use_builder":"on","_et_pb_old_content":"","_et_gb_content_width":"","footnotes":""},"class_list":["post-34539","page","type-page","status-publish","hentry"],"_links":{"self":[{"href":"https:\/\/teclimquimica.com\/fr\/wp-json\/wp\/v2\/pages\/34539","targetHints":{"allow":["GET"]}}],"collection":[{"href":"https:\/\/teclimquimica.com\/fr\/wp-json\/wp\/v2\/pages"}],"about":[{"href":"https:\/\/teclimquimica.com\/fr\/wp-json\/wp\/v2\/types\/page"}],"author":[{"embeddable":true,"href":"https:\/\/teclimquimica.com\/fr\/wp-json\/wp\/v2\/users\/1"}],"replies":[{"embeddable":true,"href":"https:\/\/teclimquimica.com\/fr\/wp-json\/wp\/v2\/comments?post=34539"}],"version-history":[{"count":2,"href":"https:\/\/teclimquimica.com\/fr\/wp-json\/wp\/v2\/pages\/34539\/revisions"}],"predecessor-version":[{"id":34808,"href":"https:\/\/teclimquimica.com\/fr\/wp-json\/wp\/v2\/pages\/34539\/revisions\/34808"}],"wp:attachment":[{"href":"https:\/\/teclimquimica.com\/fr\/wp-json\/wp\/v2\/media?parent=34539"}],"curies":[{"name":"wp","href":"https:\/\/api.w.org\/{rel}","templated":true}]}}