{"id":34544,"date":"2017-07-08T17:04:54","date_gmt":"2017-07-08T17:04:54","guid":{"rendered":"https:\/\/teclimquimica.com\/politica-de-calidad\/"},"modified":"2018-02-15T09:14:56","modified_gmt":"2018-02-15T09:14:56","slug":"politique-de-qualite","status":"publish","type":"page","link":"https:\/\/teclimquimica.com\/fr\/politique-de-qualite\/","title":{"rendered":"Politique de qualit\u00e9"},"content":{"rendered":"<p>[et_pb_section fb_built=\u00a0\u00bb1&Prime; _builder_version=\u00a0\u00bb3.0.60&Prime; use_background_color_gradient=\u00a0\u00bbon\u00a0\u00bb background_color_gradient_start=\u00a0\u00bbrgba(224,43,32,0.71)\u00a0\u00bb background_color_gradient_end=\u00a0\u00bbrgba(255,255,255,0.66)\u00a0\u00bb background_color_gradient_type=\u00a0\u00bbradial\u00a0\u00bb background_color_gradient_direction_radial=\u00a0\u00bbleft\u00a0\u00bb background_image=\u00a0\u00bbhttps:\/\/teclimquimica.com\/wp-content\/uploads\/2016\/11\/5685e62aad5b4f06b162f39d660b5638.jpg\u00a0\u00bb background_blend=\u00a0\u00bboverlay\u00a0\u00bb][et_pb_row background_position_1=\u00a0\u00bbtop_left\u00a0\u00bb background_repeat_1=\u00a0\u00bbno-repeat\u00a0\u00bb _builder_version=\u00a0\u00bb3.0.60&Prime;][et_pb_column type=\u00a0\u00bb4_4&Prime; _builder_version=\u00a0\u00bb3.0.47&Prime; parallax=\u00a0\u00bboff\u00a0\u00bb parallax_method=\u00a0\u00bbon\u00a0\u00bb background_position=\u00a0\u00bbtop_left\u00a0\u00bb background_repeat=\u00a0\u00bbno-repeat\u00a0\u00bb][et_pb_text background_layout=\u00a0\u00bbdark\u00a0\u00bb _builder_version=\u00a0\u00bb3.0.101&Prime; module_alignment=\u00a0\u00bbleft\u00a0\u00bb]<\/p>\n<h1>Politique de qualit\u00e9<\/h1>\n<p>[\/et_pb_text][\/et_pb_column][\/et_pb_row][\/et_pb_section][et_pb_section fb_built=\u00a0\u00bb1&Prime; _builder_version=\u00a0\u00bb3.0.47&Prime;][et_pb_row _builder_version=\u00a0\u00bb3.0.47&Prime; background_size=\u00a0\u00bbinitial\u00a0\u00bb background_position=\u00a0\u00bbtop_left\u00a0\u00bb background_repeat=\u00a0\u00bbrepeat\u00a0\u00bb][et_pb_column type=\u00a0\u00bb4_4&Prime; _builder_version=\u00a0\u00bb3.0.47&Prime; parallax=\u00a0\u00bboff\u00a0\u00bb parallax_method=\u00a0\u00bbon\u00a0\u00bb][et_pb_text _builder_version=\u00a0\u00bb3.0.101&Prime; module_alignment=\u00a0\u00bbleft\u00a0\u00bb border_style=\u00a0\u00bbsolid\u00a0\u00bb]<\/p>\n<blockquote><p><strong>Contr\u00f4le par lots et tra\u00e7abilit\u00e9:<\/strong><\/p>\n<p>&nbsp;<\/p>\n<p style=\"text-align: justify;\">Teclim Qu\u00edmica conserve un \u00e9chantillon de tous les lots fabriqu\u00e9s dans nos installations pendant un minimum de 8 mois. Tous passent par des contr\u00f4les de qualit\u00e9 stricts avant d&#8217;emballer le produit.<\/p>\n<p><strong>Fichiers de s\u00e9curit\u00e9 <\/strong><strong>(MSDS):<\/strong><\/p>\n<p>&nbsp;<\/p>\n<p style=\"text-align: justify;\">Teclim Qu\u00edmica dispose d&rsquo;un logiciel pour cr\u00e9er automatiquement des fichiers de s\u00e9curit\u00e9 selon la derni\u00e8re l\u00e9gislation en vigueur. La classification \u00e9co-toxicologique de ces pr\u00e9parations a \u00e9t\u00e9 r\u00e9alis\u00e9e \u00e0 l&rsquo;aide de la m\u00e9thode de calcul conventionnelle de la directive 1999\/45 \/ CE (RD.255 \/ 2003). Les fiches de donn\u00e9es de s\u00e9curit\u00e9 sont adapt\u00e9es \u00e0 l&rsquo;accord avec l&rsquo;annexe II du r\u00e8glement (CE) n \u00b0 1907\/2006 (REACH). Nous avons r\u00e9cemment int\u00e9gr\u00e9 le r\u00e8glement (UE) 2016\/918 de la commission (CLP-ATP8).<\/p>\n<p>Notre logiciel nous permet de traiter les fichiers de s\u00e9curit\u00e9 dans les langues suivantes :<\/p>\n<p>&nbsp;<\/p>\n<ul>\n<li>Castillan<\/li>\n<li>Anglais<\/li>\n<li>Fran\u00e7ais<\/li>\n<\/ul>\n<p>&nbsp;<\/p>\n<p style=\"text-align: center;\"><img decoding=\"async\" class=\"alignnone size-medium wp-image-34097 lazyload\" data-src=\"https:\/\/teclimquimica.com\/wp-content\/uploads\/2017\/07\/descarga.png\" alt=\"\" width=\"300\" height=\"90\" data-srcset=\"https:\/\/teclimquimica.com\/wp-content\/uploads\/2017\/07\/descarga.png 409w, https:\/\/teclimquimica.com\/wp-content\/uploads\/2017\/07\/descarga-300x90.png 300w\" data-sizes=\"(max-width: 300px) 100vw, 300px\" src=\"data:image\/svg+xml;base64,PHN2ZyB3aWR0aD0iMSIgaGVpZ2h0PSIxIiB4bWxucz0iaHR0cDovL3d3dy53My5vcmcvMjAwMC9zdmciPjwvc3ZnPg==\" style=\"--smush-placeholder-width: 300px; --smush-placeholder-aspect-ratio: 300\/90;\" \/><\/p>\n<\/blockquote>\n<p>[\/et_pb_text][\/et_pb_column][\/et_pb_row][\/et_pb_section]<\/p>\n","protected":false},"excerpt":{"rendered":"<p>Politique de qualit\u00e9 Contr\u00f4le par lots et tra\u00e7abilit\u00e9: &nbsp; Teclim Qu\u00edmica conserve un \u00e9chantillon de tous les lots fabriqu\u00e9s dans nos installations pendant un minimum de 8 mois. Tous passent par des contr\u00f4les de qualit\u00e9 stricts avant d&#8217;emballer le produit. Fichiers de s\u00e9curit\u00e9 (MSDS): &nbsp; Teclim Qu\u00edmica dispose d&rsquo;un logiciel pour cr\u00e9er automatiquement des fichiers [&hellip;]<\/p>\n","protected":false},"author":1,"featured_media":0,"parent":0,"menu_order":0,"comment_status":"closed","ping_status":"closed","template":"","meta":{"_et_pb_use_builder":"on","_et_pb_old_content":"","_et_gb_content_width":"","footnotes":""},"class_list":["post-34544","page","type-page","status-publish","hentry"],"_links":{"self":[{"href":"https:\/\/teclimquimica.com\/fr\/wp-json\/wp\/v2\/pages\/34544","targetHints":{"allow":["GET"]}}],"collection":[{"href":"https:\/\/teclimquimica.com\/fr\/wp-json\/wp\/v2\/pages"}],"about":[{"href":"https:\/\/teclimquimica.com\/fr\/wp-json\/wp\/v2\/types\/page"}],"author":[{"embeddable":true,"href":"https:\/\/teclimquimica.com\/fr\/wp-json\/wp\/v2\/users\/1"}],"replies":[{"embeddable":true,"href":"https:\/\/teclimquimica.com\/fr\/wp-json\/wp\/v2\/comments?post=34544"}],"version-history":[{"count":7,"href":"https:\/\/teclimquimica.com\/fr\/wp-json\/wp\/v2\/pages\/34544\/revisions"}],"predecessor-version":[{"id":35060,"href":"https:\/\/teclimquimica.com\/fr\/wp-json\/wp\/v2\/pages\/34544\/revisions\/35060"}],"wp:attachment":[{"href":"https:\/\/teclimquimica.com\/fr\/wp-json\/wp\/v2\/media?parent=34544"}],"curies":[{"name":"wp","href":"https:\/\/api.w.org\/{rel}","templated":true}]}}