{"id":34549,"date":"2017-07-08T17:07:18","date_gmt":"2017-07-08T17:07:18","guid":{"rendered":"https:\/\/teclimquimica.com\/medio-ambiente\/"},"modified":"2018-02-15T09:18:28","modified_gmt":"2018-02-15T09:18:28","slug":"environnement","status":"publish","type":"page","link":"https:\/\/teclimquimica.com\/fr\/environnement\/","title":{"rendered":"Environnement"},"content":{"rendered":"<p>[et_pb_section fb_built=\u00a0\u00bb1&Prime; _builder_version=\u00a0\u00bb3.0.60&Prime; use_background_color_gradient=\u00a0\u00bbon\u00a0\u00bb background_color_gradient_start=\u00a0\u00bbrgba(224,43,32,0.71)\u00a0\u00bb background_color_gradient_end=\u00a0\u00bbrgba(255,255,255,0.66)\u00a0\u00bb background_color_gradient_type=\u00a0\u00bbradial\u00a0\u00bb background_color_gradient_direction_radial=\u00a0\u00bbleft\u00a0\u00bb background_image=\u00a0\u00bbhttps:\/\/teclimquimica.com\/wp-content\/uploads\/2016\/11\/5685e62aad5b4f06b162f39d660b5638.jpg\u00a0\u00bb background_blend=\u00a0\u00bboverlay\u00a0\u00bb][et_pb_row background_position_1=\u00a0\u00bbtop_left\u00a0\u00bb background_repeat_1=\u00a0\u00bbno-repeat\u00a0\u00bb _builder_version=\u00a0\u00bb3.0.60&Prime; background_size=\u00a0\u00bbinitial\u00a0\u00bb background_position=\u00a0\u00bbtop_left\u00a0\u00bb background_repeat=\u00a0\u00bbrepeat\u00a0\u00bb][et_pb_column type=\u00a0\u00bb4_4&Prime; _builder_version=\u00a0\u00bb3.0.47&Prime; parallax=\u00a0\u00bboff\u00a0\u00bb parallax_method=\u00a0\u00bbon\u00a0\u00bb background_position=\u00a0\u00bbtop_left\u00a0\u00bb background_repeat=\u00a0\u00bbno-repeat\u00a0\u00bb][et_pb_text background_layout=\u00a0\u00bbdark\u00a0\u00bb _builder_version=\u00a0\u00bb3.0.101&Prime; module_alignment=\u00a0\u00bbleft\u00a0\u00bb]<\/p>\n<h1>Environnement<\/h1>\n<p>[\/et_pb_text][\/et_pb_column][\/et_pb_row][\/et_pb_section][et_pb_section fb_built=\u00a0\u00bb1&Prime; _builder_version=\u00a0\u00bb3.0.47&Prime;][et_pb_row _builder_version=\u00a0\u00bb3.0.47&Prime; background_size=\u00a0\u00bbinitial\u00a0\u00bb background_position=\u00a0\u00bbtop_left\u00a0\u00bb background_repeat=\u00a0\u00bbrepeat\u00a0\u00bb][et_pb_column type=\u00a0\u00bb4_4&Prime; _builder_version=\u00a0\u00bb3.0.47&Prime; parallax=\u00a0\u00bboff\u00a0\u00bb parallax_method=\u00a0\u00bbon\u00a0\u00bb][et_pb_text _builder_version=\u00a0\u00bb3.0.82&Prime; module_alignment=\u00a0\u00bbleft\u00a0\u00bb border_style=\u00a0\u00bbsolid\u00a0\u00bb]<\/p>\n<blockquote>\n<p style=\"text-align: justify;\">\u00c0 Teclim Qu\u00edmica, le respect de l&rsquo;environnement est une priorit\u00e9 et c&rsquo;est pourquoi nous avons mis en place une politique de protection de l&rsquo;environnement. Nous croyons que le secteur de la chimie devrait \u00eatre l&rsquo;un des plus sensibles aux probl\u00e8mes environnementaux et c&rsquo;est pourquoi nous travaillons activement \u00e0 am\u00e9liorer cet aspect chaque jour.<\/p>\n<p>Nous essayons de mettre \u00e0 jour nos processus de production avec MTD (am\u00e9liorations techniques disponibles) comme \u00e9tabli par la directive 2010\/75 \/ UE<\/p>\n<p>Tous nos produits sont fabriqu\u00e9s avec des mati\u00e8res premi\u00e8res biod\u00e9gradables et r\u00e9pondent aux normes techniques et sanitaires actuelles, comme stipul\u00e9 dans le r\u00e8glement 648\/2004 \/ CE. Les tensioactifs contenus dans tous nos produits r\u00e9pondent aux crit\u00e8res de biod\u00e9gradation a\u00e9robie finale d&rsquo;au moins 90% sur une p\u00e9riode maximale de 28 jours.<\/p>\n<p>Teclim Qu\u00edmica a mis en place un syst\u00e8me d&rsquo;\u00e9vacuation des eaux us\u00e9es z\u00e9ro et nous nous am\u00e9liorons toujours pour atteindre une minimisation des d\u00e9chets dans tous nos processus industriels.<\/p>\n<p>Teclim Qu\u00edmica travaille tr\u00e8s activement \u00e0 la gestion des conteneurs re\u00e7us et qu&rsquo;elle met sur le march\u00e9. C&rsquo;est pourquoi cela fonctionne avec les plans de contr\u00f4le suivants :<\/p>\n<p>SDDR (d\u00e9p\u00f4t et syst\u00e8me de retour conteneurs r\u00e9utilisables), o\u00f9 nos fournisseurs une fois que nous avons utilis\u00e9 le contenu du conteneur, ils le collectent pour le laver et le r\u00e9utiliser plus tard.<\/p>\n<p>&nbsp;<\/p>\n<p style=\"text-align: center;\"><img decoding=\"async\" class=\"alignnone size-medium wp-image-34080 lazyload\" data-src=\"https:\/\/teclimquimica.com\/wp-content\/uploads\/2017\/07\/Ciclo-SDDR-2.jpg\" alt=\"\" width=\"300\" height=\"143\" data-srcset=\"https:\/\/teclimquimica.com\/wp-content\/uploads\/2017\/07\/Ciclo-SDDR-2.jpg 1170w, https:\/\/teclimquimica.com\/wp-content\/uploads\/2017\/07\/Ciclo-SDDR-2-600x287.jpg 600w, https:\/\/teclimquimica.com\/wp-content\/uploads\/2017\/07\/Ciclo-SDDR-2-300x143.jpg 300w, https:\/\/teclimquimica.com\/wp-content\/uploads\/2017\/07\/Ciclo-SDDR-2-768x367.jpg 768w, https:\/\/teclimquimica.com\/wp-content\/uploads\/2017\/07\/Ciclo-SDDR-2-1024x489.jpg 1024w, https:\/\/teclimquimica.com\/wp-content\/uploads\/2017\/07\/Ciclo-SDDR-2-1080x516.jpg 1080w\" data-sizes=\"(max-width: 300px) 100vw, 300px\" src=\"data:image\/svg+xml;base64,PHN2ZyB3aWR0aD0iMSIgaGVpZ2h0PSIxIiB4bWxucz0iaHR0cDovL3d3dy53My5vcmcvMjAwMC9zdmciPjwvc3ZnPg==\" style=\"--smush-placeholder-width: 300px; --smush-placeholder-aspect-ratio: 300\/143;\" \/><\/p>\n<p>&nbsp;<\/p>\n<p style=\"text-align: justify;\">SIG (Syst\u00e8me Int\u00e9gral de Gestion des D\u00e9chets), nous g\u00e9rons avec Ecoembes (qui comprend les emballages l\u00e9gers, le papier et le carton) les conteneurs mis sur le march\u00e9 par Teclim Qu\u00edmica pour assurer leur recyclage et leur gestion ult\u00e9rieure.<\/p>\n<p>&nbsp;<\/p>\n<p style=\"text-align: center;\"><img decoding=\"async\" class=\"alignnone size-medium wp-image-34079 lazyload\" data-src=\"https:\/\/teclimquimica.com\/wp-content\/uploads\/2017\/07\/ecoembes.jpg\" alt=\"\" width=\"291\" height=\"300\" data-srcset=\"https:\/\/teclimquimica.com\/wp-content\/uploads\/2017\/07\/ecoembes.jpg 646w, https:\/\/teclimquimica.com\/wp-content\/uploads\/2017\/07\/ecoembes-600x618.jpg 600w, https:\/\/teclimquimica.com\/wp-content\/uploads\/2017\/07\/ecoembes-291x300.jpg 291w\" data-sizes=\"(max-width: 291px) 100vw, 291px\" src=\"data:image\/svg+xml;base64,PHN2ZyB3aWR0aD0iMSIgaGVpZ2h0PSIxIiB4bWxucz0iaHR0cDovL3d3dy53My5vcmcvMjAwMC9zdmciPjwvc3ZnPg==\" style=\"--smush-placeholder-width: 291px; --smush-placeholder-aspect-ratio: 291\/300;\" \/><\/p>\n<p>&nbsp;<\/p>\n<p style=\"text-align: center;\"><img decoding=\"async\" class=\"alignnone size-full wp-image-33725 lazyload\" data-src=\"https:\/\/teclimquimica.com\/wp-content\/uploads\/2017\/07\/medioiambiente.png\" alt=\"\" width=\"173\" height=\"91\" src=\"data:image\/svg+xml;base64,PHN2ZyB3aWR0aD0iMSIgaGVpZ2h0PSIxIiB4bWxucz0iaHR0cDovL3d3dy53My5vcmcvMjAwMC9zdmciPjwvc3ZnPg==\" style=\"--smush-placeholder-width: 173px; --smush-placeholder-aspect-ratio: 173\/91;\" \/><\/p>\n<\/blockquote>\n<p>[\/et_pb_text][et_pb_cta title=\u00a0\u00bbNouvelles Connexes\u00a0\u00bb use_background_color=\u00a0\u00bboff\u00a0\u00bb admin_label=\u00a0\u00bbNoticias title\u00a0\u00bb _builder_version=\u00a0\u00bb3.0.82&Prime; header_font_size=\u00a0\u00bb48&Prime; header_font_size_tablet=\u00a0\u00bb36&Prime; header_font_size_phone=\u00a0\u00bb28&Prime; header_font_size_last_edited=\u00a0\u00bbon|phone\u00a0\u00bb header_text_color=\u00a0\u00bb#ff0000&Prime; background_size=\u00a0\u00bbinitial\u00a0\u00bb background_position=\u00a0\u00bbtop_left\u00a0\u00bb background_repeat=\u00a0\u00bbrepeat\u00a0\u00bb text_orientation=\u00a0\u00bbleft\u00a0\u00bb custom_css_promo_title=\u00a0\u00bbline-height: 130% !important;\u00a0\u00bb border_style=\u00a0\u00bbsolid\u00a0\u00bb saved_tabs=\u00a0\u00bball\u00a0\u00bb][\/et_pb_cta][et_pb_blog fullwidth=\u00a0\u00bboff\u00a0\u00bb posts_number=\u00a0\u00bb6&Prime; include_categories=\u00a0\u00bb29&Prime; offset_number=\u00a0\u00bb0&Prime; _builder_version=\u00a0\u00bb3.0.82&Prime; pagination_font_size_tablet=\u00a0\u00bb51&Prime; pagination_line_height_tablet=\u00a0\u00bb2&Prime; border_style=\u00a0\u00bbsolid\u00a0\u00bb use_dropshadow=\u00a0\u00bboff\u00a0\u00bb][\/et_pb_blog][\/et_pb_column][\/et_pb_row][\/et_pb_section]<\/p>\n","protected":false},"excerpt":{"rendered":"<p>Environnement \u00c0 Teclim Qu\u00edmica, le respect de l&rsquo;environnement est une priorit\u00e9 et c&rsquo;est pourquoi nous avons mis en place une politique de protection de l&rsquo;environnement. Nous croyons que le secteur de la chimie devrait \u00eatre l&rsquo;un des plus sensibles aux probl\u00e8mes environnementaux et c&rsquo;est pourquoi nous travaillons activement \u00e0 am\u00e9liorer cet aspect chaque jour. Nous [&hellip;]<\/p>\n","protected":false},"author":1,"featured_media":0,"parent":0,"menu_order":0,"comment_status":"closed","ping_status":"closed","template":"","meta":{"_et_pb_use_builder":"on","_et_pb_old_content":"","_et_gb_content_width":"","footnotes":""},"class_list":["post-34549","page","type-page","status-publish","hentry"],"_links":{"self":[{"href":"https:\/\/teclimquimica.com\/fr\/wp-json\/wp\/v2\/pages\/34549","targetHints":{"allow":["GET"]}}],"collection":[{"href":"https:\/\/teclimquimica.com\/fr\/wp-json\/wp\/v2\/pages"}],"about":[{"href":"https:\/\/teclimquimica.com\/fr\/wp-json\/wp\/v2\/types\/page"}],"author":[{"embeddable":true,"href":"https:\/\/teclimquimica.com\/fr\/wp-json\/wp\/v2\/users\/1"}],"replies":[{"embeddable":true,"href":"https:\/\/teclimquimica.com\/fr\/wp-json\/wp\/v2\/comments?post=34549"}],"version-history":[{"count":3,"href":"https:\/\/teclimquimica.com\/fr\/wp-json\/wp\/v2\/pages\/34549\/revisions"}],"predecessor-version":[{"id":35065,"href":"https:\/\/teclimquimica.com\/fr\/wp-json\/wp\/v2\/pages\/34549\/revisions\/35065"}],"wp:attachment":[{"href":"https:\/\/teclimquimica.com\/fr\/wp-json\/wp\/v2\/media?parent=34549"}],"curies":[{"name":"wp","href":"https:\/\/api.w.org\/{rel}","templated":true}]}}