{"id":34569,"date":"2017-09-04T10:34:06","date_gmt":"2017-09-04T10:34:06","guid":{"rendered":"https:\/\/teclimquimica.com\/soluciones-industriales\/"},"modified":"2018-02-26T10:08:59","modified_gmt":"2018-02-26T10:08:59","slug":"solutions-industrielles","status":"publish","type":"page","link":"https:\/\/teclimquimica.com\/fr\/solutions-industrielles\/","title":{"rendered":"Solutions Industrielles"},"content":{"rendered":"<p>[et_pb_section fb_built=\u00a0\u00bb1&Prime; disabled_on=\u00a0\u00bbon|on|\u00a0\u00bb admin_label=\u00a0\u00bbsection\u00a0\u00bb _builder_version=\u00a0\u00bb3.0.64&Prime; custom_padding=\u00a0\u00bb0px|0px|0px|0px\u00a0\u00bb][et_pb_row make_fullwidth=\u00a0\u00bbon\u00a0\u00bb use_custom_gutter=\u00a0\u00bbon\u00a0\u00bb gutter_width=\u00a0\u00bb1&Prime; custom_padding=\u00a0\u00bb0px|0px|0px|0px\u00a0\u00bb padding_top_1=\u00a0\u00bb4em\u00a0\u00bb padding_right_1=\u00a0\u00bb4em\u00a0\u00bb padding_bottom_1=\u00a0\u00bb4em\u00a0\u00bb padding_left_1=\u00a0\u00bb4em\u00a0\u00bb padding_top_2=\u00a0\u00bb4em\u00a0\u00bb padding_right_2=\u00a0\u00bb4em\u00a0\u00bb padding_bottom_2=\u00a0\u00bb4em\u00a0\u00bb padding_left_2=\u00a0\u00bb4em\u00a0\u00bb background_position_1=\u00a0\u00bbtop_left\u00a0\u00bb background_position_2=\u00a0\u00bbtop_left\u00a0\u00bb background_position_3=\u00a0\u00bbtop_left\u00a0\u00bb background_repeat_1=\u00a0\u00bbno-repeat\u00a0\u00bb background_repeat_2=\u00a0\u00bbno-repeat\u00a0\u00bb background_repeat_3=\u00a0\u00bbno-repeat\u00a0\u00bb admin_label=\u00a0\u00bbrow\u00a0\u00bb module_id=\u00a0\u00bbahrefred\u00a0\u00bb _builder_version=\u00a0\u00bb3.0.97&Prime; background_size=\u00a0\u00bbinitial\u00a0\u00bb background_position=\u00a0\u00bbtop_left\u00a0\u00bb background_repeat=\u00a0\u00bbrepeat\u00a0\u00bb][et_pb_column type=\u00a0\u00bb3_4&Prime; _builder_version=\u00a0\u00bb3.0.47&Prime; padding_bottom=\u00a0\u00bb4em\u00a0\u00bb padding_left=\u00a0\u00bb4em\u00a0\u00bb padding_right=\u00a0\u00bb4em\u00a0\u00bb padding_top=\u00a0\u00bb4em\u00a0\u00bb parallax=\u00a0\u00bboff\u00a0\u00bb parallax_method=\u00a0\u00bbon\u00a0\u00bb background_position=\u00a0\u00bbtop_left\u00a0\u00bb background_repeat=\u00a0\u00bbno-repeat\u00a0\u00bb][et_pb_text background_layout=\u00a0\u00bbdark\u00a0\u00bb admin_label=\u00a0\u00bbTitle\u00a0\u00bb _builder_version=\u00a0\u00bb3.0.97&Prime; header_text_color=\u00a0\u00bb#ffffff\u00a0\u00bb custom_margin=\u00a0\u00bb||2em|\u00a0\u00bb custom_padding=\u00a0\u00bb18px|18px|18px|18px\u00a0\u00bb custom_css_main_element=\u00a0\u00bbbackground: #ff0000!important;\u00a0\u00bb]<\/p>\n<h1>Solutions Industrielles<\/h1>\n<p>Produits pour le secteur industriel, nettoyage, d\u00e9sinfection ou entretien de tous types de surfaces.<br \/>\n[\/et_pb_text][et_pb_toggle title=\u00a0\u00bbD\u00e9graissants\u00a0\u00bb module_id=\u00a0\u00bbdegraissants\u00a0\u00bb _builder_version=\u00a0\u00bb3.0.105&Prime; title_level=\u00a0\u00bbh1&Prime; title_text_color=\u00a0\u00bb#ff0000&Prime;]<\/p>\n<p>Avec une vari\u00e9t\u00e9 d&rsquo;applications et de mousse contr\u00f4l\u00e9e. Par immersion, aspi-laveuse ou laveuse manuelle pour toutes sortes d&rsquo;utilisations industrielles.<\/p>\n<h1 style=\"color: #ff0000;\"><a href=\"..\/ll-38-degraissant-sols\/\">LL-38<\/a><\/h1>\n<p>D\u00e9graissants pour sols<\/p>\n<hr \/>\n<h1 style=\"color: #ff0000;\"><a href=\"..\/..\/ll-465c-detergente-desengrasante-concentrado\/\">LL-465C<\/a><\/h1>\n<p>D\u00e9tergent d\u00e9graissant concentr\u00e9<\/p>\n<hr \/>\n<h1 style=\"color: #ff0000;\"><a href=\"..\/dfd-200-detergent-degraissant\/\">DFD-200<\/a><\/h1>\n<p>D\u00e9tergent d\u00e9graissant<\/p>\n<hr \/>\n<p>[\/et_pb_toggle][et_pb_divider height=\u00a0\u00bb30px\u00a0\u00bb _builder_version=\u00a0\u00bb3.0.97&Prime;][\/et_pb_divider][et_pb_toggle title=\u00a0\u00bbD\u00e9tartrage\u00a0\u00bb module_id=\u00a0\u00bbdetartrage\u00a0\u00bb _builder_version=\u00a0\u00bb3.0.105&Prime; title_level=\u00a0\u00bbh1&Prime; title_text_color=\u00a0\u00bb#ff0000&Prime;]<\/p>\n<p>Enl\u00e8ve les r\u00e9sidus calcaires ou oxyd\u00e9s et toute sp\u00e9cificit\u00e9 requise.<\/p>\n<hr \/>\n<h1 style=\"color: #ff0000;\"><a href=\"..\/ll-10-desincrustant-w-c-fin-de-travaux\/\">LL-10<\/a><\/h1>\n<p>D\u00e9sincrustant W.C. fin de travaux<\/p>\n<hr \/>\n<h1 style=\"color: #ff0000;\"><a href=\"..\/dac-120-detergent-acide44\/\">DAC-120<\/a><\/h1>\n<p>D\u00e9tergent Acide<\/p>\n<hr \/>\n<p>[\/et_pb_toggle][et_pb_divider height=\u00a0\u00bb30px\u00a0\u00bb _builder_version=\u00a0\u00bb3.0.95&Prime;][\/et_pb_divider][et_pb_toggle title=\u00a0\u00bbMaintenance g\u00e9n\u00e9rale\u00a0\u00bb module_id=\u00a0\u00bbmaintenance-generale\u00a0\u00bb _builder_version=\u00a0\u00bb3.0.105&Prime; title_level=\u00a0\u00bbh1&Prime; title_text_color=\u00a0\u00bb#ff0000&Prime;]<\/p>\n<p>Tous types de produits pour surfaces lavables \u00e0 la machine ou \u00e0 la main.<\/p>\n<h1 style=\"color: #ff0000;\"><a href=\"..\/ll-67ma-nettoyant-de-sol-parfum-magnolia\/\">LL\u201367MA<\/a><\/h1>\n<p>Nettoyant de Surface parfum magnolia<\/p>\n<hr \/>\n<p>[\/et_pb_toggle][et_pb_divider height=\u00a0\u00bb30px\u00a0\u00bb _builder_version=\u00a0\u00bb3.0.95&Prime;][\/et_pb_divider][et_pb_toggle title=\u00a0\u00bbD\u00e9capants\u00a0\u00bb module_id=\u00a0\u00bbdecapants\u00a0\u00bb _builder_version=\u00a0\u00bb3.0.105&Prime; title_level=\u00a0\u00bbh1&Prime; title_text_color=\u00a0\u00bb#ff0000&Prime;]<\/p>\n<p>Traitement d\u00e9sinfectant final.<\/p>\n<h1 style=\"color: #ff0000;\"><a href=\"..\/baal-701-detergent-bactericide-inodore\/\">BAAL\u2013701<\/a><\/h1>\n<p>D\u00e9tergent bact\u00e9ricide inodore<\/p>\n<hr \/>\n<p>[\/et_pb_toggle][\/et_pb_column][et_pb_column type=\u00a0\u00bb1_4&Prime; _builder_version=\u00a0\u00bb3.0.47&Prime; padding_bottom=\u00a0\u00bb4em\u00a0\u00bb padding_left=\u00a0\u00bb4em\u00a0\u00bb padding_right=\u00a0\u00bb4em\u00a0\u00bb padding_top=\u00a0\u00bb4em\u00a0\u00bb parallax=\u00a0\u00bboff\u00a0\u00bb parallax_method=\u00a0\u00bbon\u00a0\u00bb background_position=\u00a0\u00bbtop_left\u00a0\u00bb background_repeat=\u00a0\u00bbno-repeat\u00a0\u00bb][et_pb_image src=\u00a0\u00bbhttps:\/\/teclimquimica.com\/wp-content\/uploads\/2016\/11\/teclimlateralderecha.png\u00a0\u00bb disabled_on=\u00a0\u00bbon|on|off\u00a0\u00bb _builder_version=\u00a0\u00bb3.0.61&Prime; animation=\u00a0\u00bboff\u00a0\u00bb][\/et_pb_image][\/et_pb_column][\/et_pb_row][\/et_pb_section][et_pb_section fb_built=\u00a0\u00bb1&Prime; disabled_on=\u00a0\u00bb||on\u00a0\u00bb admin_label=\u00a0\u00bbsection\u00a0\u00bb _builder_version=\u00a0\u00bb3.0.64&Prime; custom_padding=\u00a0\u00bb0px|0px|0px|0px\u00a0\u00bb][et_pb_row make_fullwidth=\u00a0\u00bbon\u00a0\u00bb use_custom_gutter=\u00a0\u00bbon\u00a0\u00bb gutter_width=\u00a0\u00bb1&Prime; custom_padding=\u00a0\u00bb0px|0px|0px|0px\u00a0\u00bb padding_top_1=\u00a0\u00bb4em\u00a0\u00bb padding_right_1=\u00a0\u00bb4em\u00a0\u00bb padding_bottom_1=\u00a0\u00bb4em\u00a0\u00bb padding_left_1=\u00a0\u00bb4em\u00a0\u00bb padding_top_2=\u00a0\u00bb4em\u00a0\u00bb padding_right_2=\u00a0\u00bb4em\u00a0\u00bb padding_bottom_2=\u00a0\u00bb4em\u00a0\u00bb padding_left_2=\u00a0\u00bb4em\u00a0\u00bb background_position_1=\u00a0\u00bbtop_left\u00a0\u00bb background_position_2=\u00a0\u00bbtop_left\u00a0\u00bb background_position_3=\u00a0\u00bbtop_left\u00a0\u00bb background_repeat_1=\u00a0\u00bbno-repeat\u00a0\u00bb background_repeat_2=\u00a0\u00bbno-repeat\u00a0\u00bb background_repeat_3=\u00a0\u00bbno-repeat\u00a0\u00bb admin_label=\u00a0\u00bbrow\u00a0\u00bb module_id=\u00a0\u00bbahrefred\u00a0\u00bb _builder_version=\u00a0\u00bb3.0.97&Prime; background_size=\u00a0\u00bbinitial\u00a0\u00bb background_position=\u00a0\u00bbtop_left\u00a0\u00bb background_repeat=\u00a0\u00bbrepeat\u00a0\u00bb][et_pb_column type=\u00a0\u00bb4_4&Prime; _builder_version=\u00a0\u00bb3.0.47&Prime; padding_bottom=\u00a0\u00bb4em\u00a0\u00bb padding_left=\u00a0\u00bb4em\u00a0\u00bb padding_right=\u00a0\u00bb4em\u00a0\u00bb padding_top=\u00a0\u00bb4em\u00a0\u00bb parallax=\u00a0\u00bboff\u00a0\u00bb parallax_method=\u00a0\u00bbon\u00a0\u00bb background_position=\u00a0\u00bbtop_left\u00a0\u00bb background_repeat=\u00a0\u00bbno-repeat\u00a0\u00bb][et_pb_text background_layout=\u00a0\u00bbdark\u00a0\u00bb admin_label=\u00a0\u00bbTitle\u00a0\u00bb _builder_version=\u00a0\u00bb3.0.97&Prime; header_text_color=\u00a0\u00bb#ffffff\u00a0\u00bb custom_margin=\u00a0\u00bb||2em|\u00a0\u00bb custom_padding=\u00a0\u00bb18px|18px|18px|18px\u00a0\u00bb custom_css_main_element=\u00a0\u00bbbackground: #ff0000!important;\u00a0\u00bb]<\/p>\n<h1>Solutions Industrielles<\/h1>\n<p>Produits pour le secteur industriel, nettoyage, d\u00e9sinfection ou entretien de tous types de surfaces.<br \/>\n[\/et_pb_text][et_pb_toggle title=\u00a0\u00bbD\u00e9graissants\u00a0\u00bb module_id=\u00a0\u00bbdegraissants\u00a0\u00bb _builder_version=\u00a0\u00bb3.0.105&Prime; title_level=\u00a0\u00bbh1&Prime; title_text_color=\u00a0\u00bb#ff0000&Prime;]<\/p>\n<p>Avec une vari\u00e9t\u00e9 d&rsquo;applications et de mousse contr\u00f4l\u00e9e. Par immersion, aspi-laveuse ou laveuse manuelle pour toutes sortes d&rsquo;utilisations industrielles.<\/p>\n<h1 style=\"color: #ff0000;\"><a href=\"..\/ll-38-degraissant-sols\/\">LL-38<\/a><\/h1>\n<p>D\u00e9graissants pour sols<\/p>\n<hr \/>\n<h1 style=\"color: #ff0000;\"><a href=\"..\/..\/ll-465c-detergente-desengrasante-concentrado\/\">LL-465C<\/a><\/h1>\n<p>D\u00e9tergent d\u00e9graissant concentr\u00e9<\/p>\n<hr \/>\n<h1 style=\"color: #ff0000;\"><a href=\"..\/dfd-200-detergent-degraissant\/\">DFD-200<\/a><\/h1>\n<p>D\u00e9tergent d\u00e9graissant<\/p>\n<hr \/>\n<p>[\/et_pb_toggle][et_pb_divider height=\u00a0\u00bb30px\u00a0\u00bb _builder_version=\u00a0\u00bb3.0.97&Prime;][\/et_pb_divider][et_pb_toggle title=\u00a0\u00bbD\u00e9tartrage\u00a0\u00bb module_id=\u00a0\u00bbdetartrage\u00a0\u00bb _builder_version=\u00a0\u00bb3.0.105&Prime; title_level=\u00a0\u00bbh1&Prime; title_text_color=\u00a0\u00bb#ff0000&Prime;]<\/p>\n<p>Enl\u00e8ve les r\u00e9sidus calcaires ou oxyd\u00e9s et toute sp\u00e9cificit\u00e9 requise.<\/p>\n<hr \/>\n<h1 style=\"color: #ff0000;\"><a href=\"..\/ll-10-desincrustant-w-c-fin-de-travaux\/\">LL-10<\/a><\/h1>\n<p>D\u00e9sincrustant W.C. fin de travaux<\/p>\n<hr \/>\n<h1 style=\"color: #ff0000;\"><a href=\"..\/dac-120-detergent-acide44\/\">DAC-120<\/a><\/h1>\n<p>D\u00e9tergent Acide<\/p>\n<hr \/>\n<p>[\/et_pb_toggle][et_pb_divider height=\u00a0\u00bb30px\u00a0\u00bb _builder_version=\u00a0\u00bb3.0.95&Prime;][\/et_pb_divider][et_pb_toggle title=\u00a0\u00bbMaintenance g\u00e9n\u00e9rale\u00a0\u00bb module_id=\u00a0\u00bbmaintenance-generale\u00a0\u00bb _builder_version=\u00a0\u00bb3.0.105&Prime; title_level=\u00a0\u00bbh1&Prime; title_text_color=\u00a0\u00bb#ff0000&Prime;]<\/p>\n<p>Tous types de produits pour surfaces lavables \u00e0 la machine ou \u00e0 la main.<\/p>\n<h1 style=\"color: #ff0000;\"><a href=\"..\/ll-67ma-nettoyant-de-sol-parfum-magnolia\/\">LL\u201367MA<\/a><\/h1>\n<p>Nettoyant de Surface parfum magnolia<\/p>\n<hr \/>\n<p>[\/et_pb_toggle][et_pb_divider height=\u00a0\u00bb30px\u00a0\u00bb _builder_version=\u00a0\u00bb3.0.95&Prime;][\/et_pb_divider][et_pb_toggle title=\u00a0\u00bbD\u00e9capants\u00a0\u00bb module_id=\u00a0\u00bbdecapants\u00a0\u00bb _builder_version=\u00a0\u00bb3.0.105&Prime; title_level=\u00a0\u00bbh1&Prime; title_text_color=\u00a0\u00bb#ff0000&Prime;]<\/p>\n<p>Traitement d\u00e9sinfectant final.<\/p>\n<h1 style=\"color: #ff0000;\"><a href=\"..\/baal-701-detergent-bactericide-inodore\/\">BAAL\u2013701<\/a><\/h1>\n<p>D\u00e9tergent bact\u00e9ricide inodore<\/p>\n<hr \/>\n<p>[\/et_pb_toggle][\/et_pb_column][\/et_pb_row][et_pb_row make_fullwidth=\u00a0\u00bbon\u00a0\u00bb use_custom_gutter=\u00a0\u00bbon\u00a0\u00bb gutter_width=\u00a0\u00bb1&Prime; custom_padding=\u00a0\u00bb0px|0px|0px|0px\u00a0\u00bb padding_top_1=\u00a0\u00bb4em\u00a0\u00bb padding_right_1=\u00a0\u00bb4em\u00a0\u00bb padding_bottom_1=\u00a0\u00bb4em\u00a0\u00bb padding_left_1=\u00a0\u00bb4em\u00a0\u00bb padding_top_2=\u00a0\u00bb4em\u00a0\u00bb padding_right_2=\u00a0\u00bb4em\u00a0\u00bb padding_bottom_2=\u00a0\u00bb4em\u00a0\u00bb padding_left_2=\u00a0\u00bb4em\u00a0\u00bb background_position_1=\u00a0\u00bbtop_left\u00a0\u00bb background_position_2=\u00a0\u00bbtop_left\u00a0\u00bb background_position_3=\u00a0\u00bbtop_left\u00a0\u00bb background_repeat_1=\u00a0\u00bbno-repeat\u00a0\u00bb background_repeat_2=\u00a0\u00bbno-repeat\u00a0\u00bb background_repeat_3=\u00a0\u00bbno-repeat\u00a0\u00bb disabled_on=\u00a0\u00bbon|on|on\u00a0\u00bb admin_label=\u00a0\u00bbrow\u00a0\u00bb module_id=\u00a0\u00bbahrefred\u00a0\u00bb _builder_version=\u00a0\u00bb3.0.97&Prime; background_size=\u00a0\u00bbinitial\u00a0\u00bb background_position=\u00a0\u00bbtop_left\u00a0\u00bb background_repeat=\u00a0\u00bbrepeat\u00a0\u00bb disabled=\u00a0\u00bbon\u00a0\u00bb][et_pb_column type=\u00a0\u00bb4_4&Prime; _builder_version=\u00a0\u00bb3.0.47&Prime; padding_bottom=\u00a0\u00bb4em\u00a0\u00bb padding_left=\u00a0\u00bb4em\u00a0\u00bb padding_right=\u00a0\u00bb4em\u00a0\u00bb padding_top=\u00a0\u00bb4em\u00a0\u00bb parallax=\u00a0\u00bboff\u00a0\u00bb parallax_method=\u00a0\u00bbon\u00a0\u00bb background_position=\u00a0\u00bbtop_left\u00a0\u00bb background_repeat=\u00a0\u00bbno-repeat\u00a0\u00bb][et_pb_text background_layout=\u00a0\u00bbdark\u00a0\u00bb admin_label=\u00a0\u00bbTitle\u00a0\u00bb _builder_version=\u00a0\u00bb3.0.97&Prime; header_text_color=\u00a0\u00bb#ffffff\u00a0\u00bb custom_margin=\u00a0\u00bb||2em|\u00a0\u00bb custom_padding=\u00a0\u00bb18px|18px|18px|18px\u00a0\u00bb custom_css_main_element=\u00a0\u00bbbackground: #ff0000!important;\u00a0\u00bb]<\/p>\n<h1>Soluciones industriales<\/h1>\n<p>Productos para el sector industrial, limpieza, desinfecci\u00f3n o mantenimiento de todo tipo de superficies.<br \/>\n[\/et_pb_text][et_pb_text admin_label=\u00a0\u00bbTitle\u00a0\u00bb _builder_version=\u00a0\u00bb3.0.73&Prime; header_text_color=\u00a0\u00bb#ff0000&Prime; custom_margin=\u00a0\u00bb||2em|\u00a0\u00bb]<\/p>\n<h1>Desengrasantes<\/h1>\n<p>Con variedad de aplicaciones y espuma controlada. Por inmersi\u00f3n, maquina fregadora o manual para todo tipo de usos industriales.<br \/>\n[\/et_pb_text][et_pb_text admin_label=\u00a0\u00bbText\u00a0\u00bb _builder_version=\u00a0\u00bb3.0.71&Prime; header_text_color=\u00a0\u00bb#ff0000&Prime;]<\/p>\n<h1><a href=\"https:\/\/teclimquimica.com\/fr\/ll-38-degraissant-sols\/\">LL-38<\/a><\/h1>\n<p>Desengrasante suelos<\/p>\n<hr \/>\n<p>[\/et_pb_text][et_pb_text admin_label=\u00a0\u00bbText\u00a0\u00bb _builder_version=\u00a0\u00bb3.0.71&Prime; header_text_color=\u00a0\u00bb#ff0000&Prime;]<\/p>\n<h1><a href=\"https:\/\/teclimquimica.com\/fr\/ll-465c-detergent-degraissant-concentre\/\">LL-465C<\/a><\/h1>\n<p>Detergente desengrasante concentrado<\/p>\n<hr \/>\n<p>[\/et_pb_text][et_pb_text admin_label=\u00a0\u00bbText\u00a0\u00bb _builder_version=\u00a0\u00bb3.0.97&Prime; header_text_color=\u00a0\u00bb#ff0000&Prime;]<\/p>\n<h1><a href=\"https:\/\/teclimquimica.com\/fr\/dfd-200-detergent-degraissant\/\">DFD-200<\/a><\/h1>\n<p>Detergente desengrasante<\/p>\n<hr \/>\n<p>[\/et_pb_text][\/et_pb_column][\/et_pb_row][et_pb_row make_fullwidth=\u00a0\u00bbon\u00a0\u00bb use_custom_gutter=\u00a0\u00bbon\u00a0\u00bb gutter_width=\u00a0\u00bb1&Prime; custom_padding=\u00a0\u00bb0px|0px|0px|0px\u00a0\u00bb padding_top_1=\u00a0\u00bb4em\u00a0\u00bb padding_right_1=\u00a0\u00bb4em\u00a0\u00bb padding_bottom_1=\u00a0\u00bb4em\u00a0\u00bb padding_left_1=\u00a0\u00bb4em\u00a0\u00bb padding_top_2=\u00a0\u00bb4em\u00a0\u00bb padding_right_2=\u00a0\u00bb4em\u00a0\u00bb padding_bottom_2=\u00a0\u00bb4em\u00a0\u00bb padding_left_2=\u00a0\u00bb4em\u00a0\u00bb background_position_1=\u00a0\u00bbtop_left\u00a0\u00bb background_position_2=\u00a0\u00bbtop_left\u00a0\u00bb background_position_3=\u00a0\u00bbtop_left\u00a0\u00bb background_repeat_1=\u00a0\u00bbno-repeat\u00a0\u00bb background_repeat_2=\u00a0\u00bbno-repeat\u00a0\u00bb background_repeat_3=\u00a0\u00bbno-repeat\u00a0\u00bb disabled_on=\u00a0\u00bbon|on|on\u00a0\u00bb admin_label=\u00a0\u00bbrow\u00a0\u00bb module_id=\u00a0\u00bbahrefred\u00a0\u00bb _builder_version=\u00a0\u00bb3.0.61&Prime; background_size=\u00a0\u00bbinitial\u00a0\u00bb background_position=\u00a0\u00bbtop_left\u00a0\u00bb background_repeat=\u00a0\u00bbrepeat\u00a0\u00bb disabled=\u00a0\u00bbon\u00a0\u00bb][et_pb_column type=\u00a0\u00bb4_4&Prime; _builder_version=\u00a0\u00bb3.0.47&Prime; padding_bottom=\u00a0\u00bb4em\u00a0\u00bb padding_left=\u00a0\u00bb4em\u00a0\u00bb padding_right=\u00a0\u00bb4em\u00a0\u00bb padding_top=\u00a0\u00bb4em\u00a0\u00bb parallax=\u00a0\u00bboff\u00a0\u00bb parallax_method=\u00a0\u00bbon\u00a0\u00bb background_position=\u00a0\u00bbtop_left\u00a0\u00bb background_repeat=\u00a0\u00bbno-repeat\u00a0\u00bb][et_pb_text admin_label=\u00a0\u00bbTitle\u00a0\u00bb _builder_version=\u00a0\u00bb3.0.73&Prime; header_text_color=\u00a0\u00bb#ff0000&Prime; custom_margin=\u00a0\u00bb2em||2em|\u00a0\u00bb]<\/p>\n<h1>Desincrustantes<\/h1>\n<p>Elimina restos calc\u00e1reos o de \u00f3xido y cualquier especificidad que se requiera.<br \/>\n[\/et_pb_text][et_pb_text admin_label=\u00a0\u00bbText\u00a0\u00bb _builder_version=\u00a0\u00bb3.0.71&Prime; header_text_color=\u00a0\u00bb#ff0000&Prime;]<\/p>\n<h1><a href=\"https:\/\/teclimquimica.com\/fr\/ll-38-degraissant-sols\/\">LL-38 <\/a><\/h1>\n<p>Desengrasante general<\/p>\n<hr \/>\n<p>[\/et_pb_text][et_pb_text admin_label=\u00a0\u00bbText\u00a0\u00bb _builder_version=\u00a0\u00bb3.0.71&Prime; header_text_color=\u00a0\u00bb#ff0000&Prime;]<\/p>\n<h1><a href=\"https:\/\/teclimquimica.com\/fr\/ll-465c-detergent-degraissant-concentre\/\">LL\u2013465C<\/a><\/h1>\n<p>Detergente desengrasante concentrado<\/p>\n<hr \/>\n<p>[\/et_pb_text][et_pb_text admin_label=\u00a0\u00bbText\u00a0\u00bb _builder_version=\u00a0\u00bb3.0.71&Prime; header_text_color=\u00a0\u00bb#ff0000&Prime;]<\/p>\n<h1><a href=\"https:\/\/teclimquimica.com\/fr\/dfd-200-detergent-degraissant\/\">DFD-200<\/a><\/h1>\n<p>Detergente desengrasante<\/p>\n<hr \/>\n<p>[\/et_pb_text][\/et_pb_column][\/et_pb_row][et_pb_row make_fullwidth=\u00a0\u00bbon\u00a0\u00bb use_custom_gutter=\u00a0\u00bbon\u00a0\u00bb gutter_width=\u00a0\u00bb1&Prime; custom_padding=\u00a0\u00bb0px|0px|0px|0px\u00a0\u00bb padding_top_1=\u00a0\u00bb4em\u00a0\u00bb padding_right_1=\u00a0\u00bb4em\u00a0\u00bb padding_bottom_1=\u00a0\u00bb4em\u00a0\u00bb padding_left_1=\u00a0\u00bb4em\u00a0\u00bb padding_top_2=\u00a0\u00bb4em\u00a0\u00bb padding_right_2=\u00a0\u00bb4em\u00a0\u00bb padding_bottom_2=\u00a0\u00bb4em\u00a0\u00bb padding_left_2=\u00a0\u00bb4em\u00a0\u00bb background_position_1=\u00a0\u00bbtop_left\u00a0\u00bb background_position_2=\u00a0\u00bbtop_left\u00a0\u00bb background_position_3=\u00a0\u00bbtop_left\u00a0\u00bb background_repeat_1=\u00a0\u00bbno-repeat\u00a0\u00bb background_repeat_2=\u00a0\u00bbno-repeat\u00a0\u00bb background_repeat_3=\u00a0\u00bbno-repeat\u00a0\u00bb disabled_on=\u00a0\u00bbon|on|on\u00a0\u00bb admin_label=\u00a0\u00bbrow\u00a0\u00bb module_id=\u00a0\u00bbahrefred\u00a0\u00bb _builder_version=\u00a0\u00bb3.0.61&Prime; background_size=\u00a0\u00bbinitial\u00a0\u00bb background_position=\u00a0\u00bbtop_left\u00a0\u00bb background_repeat=\u00a0\u00bbrepeat\u00a0\u00bb disabled=\u00a0\u00bbon\u00a0\u00bb][et_pb_column type=\u00a0\u00bb4_4&Prime; _builder_version=\u00a0\u00bb3.0.47&Prime; padding_bottom=\u00a0\u00bb4em\u00a0\u00bb padding_left=\u00a0\u00bb4em\u00a0\u00bb padding_right=\u00a0\u00bb4em\u00a0\u00bb padding_top=\u00a0\u00bb4em\u00a0\u00bb parallax=\u00a0\u00bboff\u00a0\u00bb parallax_method=\u00a0\u00bbon\u00a0\u00bb background_position=\u00a0\u00bbtop_left\u00a0\u00bb background_repeat=\u00a0\u00bbno-repeat\u00a0\u00bb][et_pb_text admin_label=\u00a0\u00bbTitle\u00a0\u00bb _builder_version=\u00a0\u00bb3.0.73&Prime; header_text_color=\u00a0\u00bb#ff0000&Prime; custom_margin=\u00a0\u00bb2em||2em|\u00a0\u00bb]<\/p>\n<h1>Mantenimiento general<\/h1>\n<p>Todo tipo de productos para superficies lavables a m\u00e1quina o a mano.<br \/>\n[\/et_pb_text][et_pb_text admin_label=\u00a0\u00bbText\u00a0\u00bb _builder_version=\u00a0\u00bb3.0.71&Prime; header_text_color=\u00a0\u00bb#ff0000&Prime;]<\/p>\n<h1><a href=\"https:\/\/teclimquimica.com\/fr\/ll-67ma-nettoyant-de-sol-parfum-magnolia\/\">LL\u201367MA<\/a><\/h1>\n<p>Friegasuelos perfumado magnolia.<\/p>\n<hr \/>\n<p>[\/et_pb_text][\/et_pb_column][\/et_pb_row][et_pb_row make_fullwidth=\u00a0\u00bbon\u00a0\u00bb use_custom_gutter=\u00a0\u00bbon\u00a0\u00bb gutter_width=\u00a0\u00bb1&Prime; custom_padding=\u00a0\u00bb0px|0px|0px|0px\u00a0\u00bb padding_top_1=\u00a0\u00bb4em\u00a0\u00bb padding_right_1=\u00a0\u00bb4em\u00a0\u00bb padding_bottom_1=\u00a0\u00bb4em\u00a0\u00bb padding_left_1=\u00a0\u00bb4em\u00a0\u00bb padding_top_2=\u00a0\u00bb4em\u00a0\u00bb padding_right_2=\u00a0\u00bb4em\u00a0\u00bb padding_bottom_2=\u00a0\u00bb4em\u00a0\u00bb padding_left_2=\u00a0\u00bb4em\u00a0\u00bb background_position_1=\u00a0\u00bbtop_left\u00a0\u00bb background_position_2=\u00a0\u00bbtop_left\u00a0\u00bb background_position_3=\u00a0\u00bbtop_left\u00a0\u00bb background_repeat_1=\u00a0\u00bbno-repeat\u00a0\u00bb background_repeat_2=\u00a0\u00bbno-repeat\u00a0\u00bb background_repeat_3=\u00a0\u00bbno-repeat\u00a0\u00bb disabled_on=\u00a0\u00bbon|on|on\u00a0\u00bb admin_label=\u00a0\u00bbrow\u00a0\u00bb module_id=\u00a0\u00bbahrefred\u00a0\u00bb _builder_version=\u00a0\u00bb3.0.61&Prime; background_size=\u00a0\u00bbinitial\u00a0\u00bb background_position=\u00a0\u00bbtop_left\u00a0\u00bb background_repeat=\u00a0\u00bbrepeat\u00a0\u00bb disabled=\u00a0\u00bbon\u00a0\u00bb][et_pb_column type=\u00a0\u00bb4_4&Prime; _builder_version=\u00a0\u00bb3.0.47&Prime; padding_bottom=\u00a0\u00bb4em\u00a0\u00bb padding_left=\u00a0\u00bb4em\u00a0\u00bb padding_right=\u00a0\u00bb4em\u00a0\u00bb padding_top=\u00a0\u00bb4em\u00a0\u00bb parallax=\u00a0\u00bboff\u00a0\u00bb parallax_method=\u00a0\u00bbon\u00a0\u00bb background_position=\u00a0\u00bbtop_left\u00a0\u00bb background_repeat=\u00a0\u00bbno-repeat\u00a0\u00bb][et_pb_text admin_label=\u00a0\u00bbTitle\u00a0\u00bb _builder_version=\u00a0\u00bb3.0.73&Prime; header_text_color=\u00a0\u00bb#ff0000&Prime; custom_margin=\u00a0\u00bb2em||2em|\u00a0\u00bb]<\/p>\n<h1>Desinfectantes<\/h1>\n<p>Tratamiento final desinfectante.<br \/>\n[\/et_pb_text][et_pb_text admin_label=\u00a0\u00bbText\u00a0\u00bb _builder_version=\u00a0\u00bb3.0.71&Prime; header_text_color=\u00a0\u00bb#ff0000&Prime;]<\/p>\n<h1><a href=\"https:\/\/teclimquimica.com\/fr\/baal-701-detergent-bactericide-inodore\/\">BAAL\u2013701<\/a><\/h1>\n<p>Detergente bactericida inodoro<\/p>\n<hr \/>\n<p>[\/et_pb_text][\/et_pb_column][\/et_pb_row][\/et_pb_section]<\/p>\n","protected":false},"excerpt":{"rendered":"<p>Solutions Industrielles Produits pour le secteur industriel, nettoyage, d\u00e9sinfection ou entretien de tous types de surfaces. Avec une vari\u00e9t\u00e9 d&rsquo;applications et de mousse contr\u00f4l\u00e9e. Par immersion, aspi-laveuse ou laveuse manuelle pour toutes sortes d&rsquo;utilisations industrielles. LL-38 D\u00e9graissants pour sols LL-465C D\u00e9tergent d\u00e9graissant concentr\u00e9 DFD-200 D\u00e9tergent d\u00e9graissant Enl\u00e8ve les r\u00e9sidus calcaires ou oxyd\u00e9s et toute sp\u00e9cificit\u00e9 [&hellip;]<\/p>\n","protected":false},"author":1,"featured_media":0,"parent":0,"menu_order":0,"comment_status":"closed","ping_status":"closed","template":"","meta":{"_et_pb_use_builder":"on","_et_pb_old_content":"<p>o<\/p>","_et_gb_content_width":"","footnotes":""},"class_list":["post-34569","page","type-page","status-publish","hentry"],"_links":{"self":[{"href":"https:\/\/teclimquimica.com\/fr\/wp-json\/wp\/v2\/pages\/34569","targetHints":{"allow":["GET"]}}],"collection":[{"href":"https:\/\/teclimquimica.com\/fr\/wp-json\/wp\/v2\/pages"}],"about":[{"href":"https:\/\/teclimquimica.com\/fr\/wp-json\/wp\/v2\/types\/page"}],"author":[{"embeddable":true,"href":"https:\/\/teclimquimica.com\/fr\/wp-json\/wp\/v2\/users\/1"}],"replies":[{"embeddable":true,"href":"https:\/\/teclimquimica.com\/fr\/wp-json\/wp\/v2\/comments?post=34569"}],"version-history":[{"count":9,"href":"https:\/\/teclimquimica.com\/fr\/wp-json\/wp\/v2\/pages\/34569\/revisions"}],"predecessor-version":[{"id":35418,"href":"https:\/\/teclimquimica.com\/fr\/wp-json\/wp\/v2\/pages\/34569\/revisions\/35418"}],"wp:attachment":[{"href":"https:\/\/teclimquimica.com\/fr\/wp-json\/wp\/v2\/media?parent=34569"}],"curies":[{"name":"wp","href":"https:\/\/api.w.org\/{rel}","templated":true}]}}