{"id":34574,"date":"2017-07-09T11:42:33","date_gmt":"2017-07-09T11:42:33","guid":{"rendered":"https:\/\/teclimquimica.com\/sector-marino\/"},"modified":"2018-02-15T09:47:56","modified_gmt":"2018-02-15T09:47:56","slug":"secteur-maritime","status":"publish","type":"page","link":"https:\/\/teclimquimica.com\/fr\/secteur-maritime\/","title":{"rendered":"Secteur Maritime"},"content":{"rendered":"<p>[et_pb_section bb_built=\u00a0\u00bb1&Prime; _builder_version=\u00a0\u00bb3.0.60&Prime; use_background_color_gradient=\u00a0\u00bbon\u00a0\u00bb background_color_gradient_start=\u00a0\u00bbrgba(224,43,32,0.71)\u00a0\u00bb background_color_gradient_end=\u00a0\u00bbrgba(255,255,255,0.66)\u00a0\u00bb background_color_gradient_type=\u00a0\u00bbradial\u00a0\u00bb background_color_gradient_direction_radial=\u00a0\u00bbleft\u00a0\u00bb background_image=\u00a0\u00bbhttps:\/\/teclimquimica.com\/wp-content\/uploads\/2016\/11\/5685e62aad5b4f06b162f39d660b5638.jpg\u00a0\u00bb background_blend=\u00a0\u00bboverlay\u00a0\u00bb next_background_color=\u00a0\u00bb#000000&Prime;][et_pb_row _builder_version=\u00a0\u00bb3.0.60&Prime; background_position_1=\u00a0\u00bbtop_left\u00a0\u00bb background_repeat_1=\u00a0\u00bbno-repeat\u00a0\u00bb background_position=\u00a0\u00bbtop_left\u00a0\u00bb background_repeat=\u00a0\u00bbrepeat\u00a0\u00bb background_size=\u00a0\u00bbinitial\u00a0\u00bb][et_pb_column type=\u00a0\u00bb4_4&Prime;][et_pb_text _builder_version=\u00a0\u00bb3.0.101&Prime; background_layout=\u00a0\u00bbdark\u00a0\u00bb module_alignment=\u00a0\u00bbleft\u00a0\u00bb]<\/p>\n<h1>Secteur Maritime<\/h1>\n<p>[\/et_pb_text][\/et_pb_column][\/et_pb_row][\/et_pb_section][et_pb_section bb_built=\u00a0\u00bb1&Prime; fullwidth=\u00a0\u00bboff\u00a0\u00bb specialty=\u00a0\u00bboff\u00a0\u00bb prev_background_color=\u00a0\u00bb#000000&Prime;][et_pb_row][et_pb_column type=\u00a0\u00bb4_4&Prime;][et_pb_text _builder_version=\u00a0\u00bb3.0.101&Prime; background_layout=\u00a0\u00bblight\u00a0\u00bb module_alignment=\u00a0\u00bbleft\u00a0\u00bb]<\/p>\n<p>Teclim Qu\u00edmica SL, avec plus de cinq ans d&rsquo;exp\u00e9rience dans l&rsquo;approvisionnement du secteur maritime, a travaill\u00e9 dans plus de cinquante ports commerciaux situ\u00e9s au Portugal, en Espagne, en Grande-Bretagne et en France. L&rsquo;approvisionnement des navires de croisi\u00e8re ou vraquier, avec des mati\u00e8res premi\u00e8res ou des formules n\u00e9cessaires, il y a la possibilit\u00e9 de service \u00e0 la carte pour des marques tierces enti\u00e8rement adapt\u00e9es.<\/p>\n<p>[\/et_pb_text][\/et_pb_column][\/et_pb_row][et_pb_row][et_pb_column type=\u00a0\u00bb4_4&Prime;][et_pb_text _builder_version=\u00a0\u00bb3.0.101&Prime; background_layout=\u00a0\u00bblight\u00a0\u00bb text_text_color=\u00a0\u00bb#ff0000&Prime; header_text_color=\u00a0\u00bb#ff0000&Prime; module_alignment=\u00a0\u00bbleft\u00a0\u00bb]<\/p>\n<h4 style=\"color: #ff0000;\"><strong>Les ports o\u00f9 nous avons travaill\u00e9:<\/strong><\/h4>\n<p>[\/et_pb_text][\/et_pb_column][\/et_pb_row][et_pb_row][et_pb_column type=\u00a0\u00bb4_4&Prime;][et_pb_text _builder_version=\u00a0\u00bb3.0.101&Prime; background_layout=\u00a0\u00bblight\u00a0\u00bb module_alignment=\u00a0\u00bbleft\u00a0\u00bb]<\/p>\n<div id=\"wpgmza_map\" class=\"wpgmza_map\" data-settings=\"{&quot;id&quot;:&quot;1&quot;,&quot;map_title&quot;:&quot;My first map&quot;,&quot;map_width&quot;:&quot;100&quot;,&quot;map_height&quot;:&quot;400&quot;,&quot;map_start_lat&quot;:&quot;36.735742&quot;,&quot;map_start_lng&quot;:&quot;-3.528289&quot;,&quot;map_start_location&quot;:&quot;36.735742057305266,-3.5282886088866605&quot;,&quot;map_start_zoom&quot;:&quot;7&quot;,&quot;default_marker&quot;:&quot;0&quot;,&quot;type&quot;:&quot;1&quot;,&quot;alignment&quot;:&quot;1&quot;,&quot;directions_enabled&quot;:&quot;1&quot;,&quot;styling_enabled&quot;:&quot;0&quot;,&quot;styling_json&quot;:&quot;&quot;,&quot;active&quot;:&quot;0&quot;,&quot;kml&quot;:&quot;&quot;,&quot;bicycle&quot;:&quot;0&quot;,&quot;traffic&quot;:&quot;0&quot;,&quot;dbox&quot;:&quot;1&quot;,&quot;dbox_width&quot;:&quot;100&quot;,&quot;listmarkers&quot;:&quot;0&quot;,&quot;listmarkers_advanced&quot;:&quot;0&quot;,&quot;filterbycat&quot;:&quot;0&quot;,&quot;ugm_enabled&quot;:&quot;0&quot;,&quot;ugm_category_enabled&quot;:&quot;0&quot;,&quot;fusion&quot;:&quot;&quot;,&quot;map_width_type&quot;:&quot;\\\\%&quot;,&quot;map_height_type&quot;:&quot;px&quot;,&quot;mass_marker_support&quot;:&quot;1&quot;,&quot;ugm_access&quot;:&quot;0&quot;,&quot;order_markers_by&quot;:&quot;1&quot;,&quot;order_markers_choice&quot;:&quot;2&quot;,&quot;show_user_location&quot;:&quot;2&quot;,&quot;default_to&quot;:&quot;&quot;,&quot;other_settings&quot;:{&quot;wpgmza_store_locator_restrict&quot;:&quot;&quot;,&quot;wpgmza_sl_animation&quot;:&quot;1&quot;,&quot;store_locator_bounce&quot;:1,&quot;store_locator_query_string&quot;:&quot;ZIP \\\/ C\\u00f3digo Postal \\\/ Direcci\\u00f3n&quot;,&quot;store_locator_name_string&quot;:&quot;Title \\\/ Description:&quot;,&quot;store_locator_default_address&quot;:&quot;&quot;,&quot;wpgmza_dbox_width_type&quot;:&quot;%&quot;,&quot;map_max_zoom&quot;:&quot;1&quot;,&quot;map_min_zoom&quot;:&quot;21&quot;,&quot;sl_stroke_color&quot;:&quot;FF0000&quot;,&quot;sl_stroke_opacity&quot;:&quot;0.25&quot;,&quot;sl_fill_color&quot;:&quot;FF0000&quot;,&quot;sl_fill_opacity&quot;:&quot;0.15&quot;,&quot;click_open_link&quot;:2,&quot;transport_layer&quot;:0,&quot;iw_primary_color&quot;:&quot;2A3744&quot;,&quot;iw_accent_color&quot;:&quot;252F3A&quot;,&quot;iw_text_color&quot;:&quot;FFFFFF&quot;,&quot;wpgmza_iw_type&quot;:&quot;0&quot;,&quot;list_markers_by&quot;:&quot;0&quot;,&quot;push_in_map&quot;:&quot;&quot;,&quot;push_in_map_placement&quot;:&quot;9&quot;,&quot;wpgmza_push_in_map_width&quot;:&quot;&quot;,&quot;wpgmza_push_in_map_height&quot;:&quot;&quot;,&quot;wpgmza_theme_data&quot;:&quot;[ { \\\\\\&quot;featureType\\\\\\&quot;: \\\\\\&quot;water\\\\\\&quot;, \\\\\\&quot;elementType\\\\\\&quot;: \\\\\\&quot;geometry.fill\\\\\\&quot;, \\\\\\&quot;stylers\\\\\\&quot;: [ { \\\\\\&quot;invert_lightness\\\\\\&quot;: true } ] },{ \\\\\\&quot;featureType\\\\\\&quot;: \\\\\\&quot;landscape.natural\\\\\\&quot;, \\\\\\&quot;elementType\\\\\\&quot;: \\\\\\&quot;geometry.fill\\\\\\&quot;, \\\\\\&quot;stylers\\\\\\&quot;: [ { \\\\\\&quot;color\\\\\\&quot;: \\\\\\&quot;#64789e\\\\\\&quot; }, { \\\\\\&quot;lightness\\\\\\&quot;: 14 } ] },{ \\\\\\&quot;featureType\\\\\\&quot;: \\\\\\&quot;poi\\\\\\&quot;, \\\\\\&quot;elementType\\\\\\&quot;: \\\\\\&quot;geometry\\\\\\&quot;, \\\\\\&quot;stylers\\\\\\&quot;: [ { \\\\\\&quot;color\\\\\\&quot;: \\\\\\&quot;#5f7b9c\\\\\\&quot; }, { \\\\\\&quot;saturation\\\\\\&quot;: -33 } ] },{ \\\\\\&quot;featureType\\\\\\&quot;: \\\\\\&quot;road.highway\\\\\\&quot;, \\\\\\&quot;elementType\\\\\\&quot;: \\\\\\&quot;geometry.fill\\\\\\&quot;, \\\\\\&quot;stylers\\\\\\&quot;: [ { \\\\\\&quot;color\\\\\\&quot;: \\\\\\&quot;#808080\\\\\\&quot; } ] },{ \\\\\\&quot;featureType\\\\\\&quot;: \\\\\\&quot;road.highway\\\\\\&quot;, \\\\\\&quot;elementType\\\\\\&quot;: \\\\\\&quot;geometry.stroke\\\\\\&quot;, \\\\\\&quot;stylers\\\\\\&quot;: [ { \\\\\\&quot;color\\\\\\&quot;: \\\\\\&quot;#e1ba05\\\\\\&quot; } ] },{ \\\\\\&quot;featureType\\\\\\&quot;: \\\\\\&quot;road.arterial\\\\\\&quot;, \\\\\\&quot;elementType\\\\\\&quot;: \\\\\\&quot;geometry.stroke\\\\\\&quot;, \\\\\\&quot;stylers\\\\\\&quot;: [ { \\\\\\&quot;lightness\\\\\\&quot;: 100 } ] },{ \\\\\\&quot;featureType\\\\\\&quot;: \\\\\\&quot;road.local\\\\\\&quot;, \\\\\\&quot;elementType\\\\\\&quot;: \\\\\\&quot;geometry.stroke\\\\\\&quot;, \\\\\\&quot;stylers\\\\\\&quot;: [ { \\\\\\&quot;visibility\\\\\\&quot;: \\\\\\&quot;on\\\\\\&quot; }, { \\\\\\&quot;lightness\\\\\\&quot;: 100 } ] },{ \\\\\\&quot;featureType\\\\\\&quot;: \\\\\\&quot;landscape.man_made\\\\\\&quot;, \\\\\\&quot;elementType\\\\\\&quot;: \\\\\\&quot;geometry.fill\\\\\\&quot;, \\\\\\&quot;stylers\\\\\\&quot;: [ { \\\\\\&quot;color\\\\\\&quot;: \\\\\\&quot;#7290b0\\\\\\&quot; }, { \\\\\\&quot;saturation\\\\\\&quot;: -50 } ] },{ \\\\\\&quot;elementType\\\\\\&quot;: \\\\\\&quot;labels.icon\\\\\\&quot; } ]&quot;,&quot;wpgmza_theme_selection&quot;:7,&quot;upload_default_ul_marker&quot;:&quot;&quot;,&quot;upload_default_sl_marker&quot;:&quot;&quot;}}\" data-map-id='1' Data-maps-engine='' data-shortcode-attributes=\"{&quot;id&quot;:&quot;1&quot;}\" style=\"display:block; overflow:auto; width:100%; height:400px; float:left;\"><\/div>\n<p>[\/et_pb_text][\/et_pb_column][\/et_pb_row][et_pb_row][et_pb_column type=\u00a0\u00bb4_4&Prime;][et_pb_cta admin_label=\u00a0\u00bbNoticias title\u00a0\u00bb title=\u00a0\u00bbNouvelles Connexes\u00a0\u00bb use_background_color=\u00a0\u00bboff\u00a0\u00bb text_orientation=\u00a0\u00bbleft\u00a0\u00bb _builder_version=\u00a0\u00bb3.0.101&Prime; header_font_size=\u00a0\u00bb48&Prime; header_font_size_tablet=\u00a0\u00bb36&Prime; header_font_size_phone=\u00a0\u00bb28&Prime; header_font_size_last_edited=\u00a0\u00bbon|phone\u00a0\u00bb header_text_color=\u00a0\u00bb#ff0000&Prime; background_size=\u00a0\u00bbinitial\u00a0\u00bb background_position=\u00a0\u00bbtop_left\u00a0\u00bb background_repeat=\u00a0\u00bbrepeat\u00a0\u00bb custom_css_promo_title=\u00a0\u00bbline-height: 130% !important;\u00a0\u00bb saved_tabs=\u00a0\u00bball\u00a0\u00bb url_new_window=\u00a0\u00bboff\u00a0\u00bb background_layout=\u00a0\u00bbdark\u00a0\u00bb custom_button=\u00a0\u00bboff\u00a0\u00bb button_icon_placement=\u00a0\u00bbright\u00a0\u00bb \/][et_pb_blog _builder_version=\u00a0\u00bb3.0.82&Prime; posts_number=\u00a0\u00bb6&Prime; show_content=\u00a0\u00bboff\u00a0\u00bb show_thumbnail=\u00a0\u00bbon\u00a0\u00bb show_more=\u00a0\u00bboff\u00a0\u00bb show_author=\u00a0\u00bbon\u00a0\u00bb show_date=\u00a0\u00bbon\u00a0\u00bb show_categories=\u00a0\u00bbon\u00a0\u00bb show_comments=\u00a0\u00bbon\u00a0\u00bb show_pagination=\u00a0\u00bbon\u00a0\u00bb fullwidth=\u00a0\u00bboff\u00a0\u00bb use_dropshadow=\u00a0\u00bboff\u00a0\u00bb use_overlay=\u00a0\u00bboff\u00a0\u00bb background_layout=\u00a0\u00bblight\u00a0\u00bb pagination_font_size_tablet=\u00a0\u00bb51&Prime; pagination_line_height_tablet=\u00a0\u00bb2&Prime; border_style=\u00a0\u00bbsolid\u00a0\u00bb box_shadow_position=\u00a0\u00bbouter\u00a0\u00bb include_categories=\u00a0\u00bb31&Prime; box_shadow_color=\u00a0\u00bbrgba(0,0,0,0.3)\u00a0\u00bb box_shadow_style=\u00a0\u00bbnone\u00a0\u00bb \/][\/et_pb_column][\/et_pb_row][\/et_pb_section]<\/p>\n","protected":false},"excerpt":{"rendered":"<p>Secteur Maritime <div class=\"et_pb_row et_pb_row_0 et_pb_row_empty\">\n\t\t\t\t\n\t\t\t\t\n\t\t\t\t\n\t\t\t\t\n\t\t\t\t\n\t\t\t<\/div> Teclim Qu\u00edmica SL, avec plus de cinq ans d&rsquo;exp\u00e9rience dans l&rsquo;approvisionnement du secteur maritime, a travaill\u00e9 dans plus de cinquante ports commerciaux situ\u00e9s au Portugal, en Espagne, en Grande-Bretagne et en France. L&rsquo;approvisionnement des navires de croisi\u00e8re ou vraquier, avec des mati\u00e8res premi\u00e8res ou des formules n\u00e9cessaires, il y a la possibilit\u00e9 [&hellip;]<\/p>\n","protected":false},"author":1,"featured_media":0,"parent":0,"menu_order":0,"comment_status":"closed","ping_status":"closed","template":"","meta":{"_et_pb_use_builder":"on","_et_pb_old_content":"","_et_gb_content_width":"","footnotes":""},"class_list":["post-34574","page","type-page","status-publish","hentry"],"_links":{"self":[{"href":"https:\/\/teclimquimica.com\/fr\/wp-json\/wp\/v2\/pages\/34574","targetHints":{"allow":["GET"]}}],"collection":[{"href":"https:\/\/teclimquimica.com\/fr\/wp-json\/wp\/v2\/pages"}],"about":[{"href":"https:\/\/teclimquimica.com\/fr\/wp-json\/wp\/v2\/types\/page"}],"author":[{"embeddable":true,"href":"https:\/\/teclimquimica.com\/fr\/wp-json\/wp\/v2\/users\/1"}],"replies":[{"embeddable":true,"href":"https:\/\/teclimquimica.com\/fr\/wp-json\/wp\/v2\/comments?post=34574"}],"version-history":[{"count":3,"href":"https:\/\/teclimquimica.com\/fr\/wp-json\/wp\/v2\/pages\/34574\/revisions"}],"predecessor-version":[{"id":35079,"href":"https:\/\/teclimquimica.com\/fr\/wp-json\/wp\/v2\/pages\/34574\/revisions\/35079"}],"wp:attachment":[{"href":"https:\/\/teclimquimica.com\/fr\/wp-json\/wp\/v2\/media?parent=34574"}],"curies":[{"name":"wp","href":"https:\/\/api.w.org\/{rel}","templated":true}]}}