{"id":34579,"date":"2017-07-13T12:04:41","date_gmt":"2017-07-13T12:04:41","guid":{"rendered":"https:\/\/teclimquimica.com\/contacto\/"},"modified":"2018-03-21T10:54:58","modified_gmt":"2018-03-21T10:54:58","slug":"contact","status":"publish","type":"page","link":"https:\/\/teclimquimica.com\/fr\/contact\/","title":{"rendered":"Contact"},"content":{"rendered":"<p>[et_pb_section bb_built=\u00a0\u00bb1&Prime; _builder_version=\u00a0\u00bb3.0.62&Prime; use_background_color_gradient=\u00a0\u00bbon\u00a0\u00bb background_color_gradient_start=\u00a0\u00bbrgba(224,43,32,0.71)\u00a0\u00bb background_color_gradient_end=\u00a0\u00bbrgba(255,255,255,0.66)\u00a0\u00bb background_image=\u00a0\u00bbhttps:\/\/teclimquimica.com\/wp-content\/uploads\/2017\/07\/contactoteclim.jpg\u00a0\u00bb background_blend=\u00a0\u00bboverlay\u00a0\u00bb][et_pb_row _builder_version=\u00a0\u00bb3.0.47&Prime; background_size=\u00a0\u00bbinitial\u00a0\u00bb background_position=\u00a0\u00bbtop_left\u00a0\u00bb background_repeat=\u00a0\u00bbrepeat\u00a0\u00bb][et_pb_column type=\u00a0\u00bb1_2&Prime;][et_pb_text _builder_version=\u00a0\u00bb3.0.101&Prime; text_font=\u00a0\u00bb||||\u00a0\u00bb text_font_size=\u00a0\u00bb3em\u00a0\u00bb text_text_color=\u00a0\u00bb#ffffff\u00a0\u00bb text_line_height=\u00a0\u00bb1em\u00a0\u00bb text_font_size_last_edited=\u00a0\u00bbon|tablet\u00a0\u00bb text_font_size_phone=\u00a0\u00bb2em\u00a0\u00bb background_layout=\u00a0\u00bblight\u00a0\u00bb]<\/p>\n<p>Contactez-nous pour demander des informations, acheter nos produits ou faire appel \u00e0 nos services sp\u00e9cialis\u00e9s.<\/p>\n<p>[\/et_pb_text][\/et_pb_column][et_pb_column type=\u00a0\u00bb1_2&Prime;][et_pb_contact_form form_background_color=\u00a0\u00bbrgba(255,255,255,0.76)\u00a0\u00bb module_id=\u00a0\u00bbet_pb_contact_form_0&Prime; _builder_version=\u00a0\u00bb3.0.106&Prime; use_border_color=\u00a0\u00bbon\u00a0\u00bb captcha=\u00a0\u00bboff\u00a0\u00bb use_redirect=\u00a0\u00bboff\u00a0\u00bb custom_button=\u00a0\u00bboff\u00a0\u00bb button_icon_placement=\u00a0\u00bbright\u00a0\u00bb email=\u00a0\u00bbinfo@teclimquimica.com\u00a0\u00bb border_color_all=\u00a0\u00bbrgba(224,43,32,0.58)\u00a0\u00bb border_width_all=\u00a0\u00bb1px\u00a0\u00bb success_message=\u00a0\u00bbMerci de nous avoir contact\u00e9\u00a0\u00bb submit_button_text=\u00a0\u00bbEnvoyer\u00a0\u00bb][et_pb_contact_field field_id=\u00a0\u00bbName\u00a0\u00bb field_title=\u00a0\u00bbNom\u00a0\u00bb fullwidth_field=\u00a0\u00bbon\u00a0\u00bb field_background_color=\u00a0\u00bbrgba(255,255,255,0.76)\u00a0\u00bb _builder_version=\u00a0\u00bb3.0.106&Prime; form_field_font=\u00a0\u00bb||||\u00a0\u00bb field_type=\u00a0\u00bbinput\u00a0\u00bb checkbox_checked=\u00a0\u00bboff\u00a0\u00bb checkbox_options=\u00a0\u00bb%91{%22value%22:%22Nombre%22,%22checked%22:0}%93&Prime; radio_options=\u00a0\u00bb%91{%22value%22:%22Nombre%22,%22checked%22:0}%93&Prime; select_options=\u00a0\u00bb%91{%22value%22:%22Nombre%22,%22checked%22:0}%93&Prime; min_length=\u00a0\u00bb0&Prime; max_length=\u00a0\u00bb0&Prime; allowed_symbols=\u00a0\u00bball\u00a0\u00bb required_mark=\u00a0\u00bbon\u00a0\u00bb conditional_logic=\u00a0\u00bboff\u00a0\u00bb conditional_logic_relation=\u00a0\u00bboff\u00a0\u00bb conditional_logic_rules=\u00a0\u00bb%91{%22field%22:%22email%22,%22condition%22:%22is%22,%22value%22:%22%22}%93&Prime; use_background_color_gradient=\u00a0\u00bboff\u00a0\u00bb background_color_gradient_start=\u00a0\u00bb#2b87da\u00a0\u00bb background_color_gradient_end=\u00a0\u00bb#29c4a9&Prime; background_color_gradient_type=\u00a0\u00bblinear\u00a0\u00bb background_color_gradient_direction=\u00a0\u00bb180deg\u00a0\u00bb background_color_gradient_direction_radial=\u00a0\u00bbcenter\u00a0\u00bb background_color_gradient_start_position=\u00a0\u00bb0%\u00a0\u00bb background_color_gradient_end_position=\u00a0\u00bb100%\u00a0\u00bb background_color_gradient_overlays_image=\u00a0\u00bboff\u00a0\u00bb parallax=\u00a0\u00bboff\u00a0\u00bb parallax_method=\u00a0\u00bbon\u00a0\u00bb background_size=\u00a0\u00bbcover\u00a0\u00bb background_position=\u00a0\u00bbcenter\u00a0\u00bb background_repeat=\u00a0\u00bbno-repeat\u00a0\u00bb background_blend=\u00a0\u00bbnormal\u00a0\u00bb allow_player_pause=\u00a0\u00bboff\u00a0\u00bb background_video_pause_outside_viewport=\u00a0\u00bbon\u00a0\u00bb form_field_text_shadow_style=\u00a0\u00bbnone\u00a0\u00bb box_shadow_style=\u00a0\u00bbnone\u00a0\u00bb \/][et_pb_contact_field _builder_version=\u00a0\u00bb3.0.106&Prime; field_id=\u00a0\u00bbT\u00e9l\u00e9phone\u00a0\u00bb field_title=\u00a0\u00bbT\u00e9l\u00e9phone\u00a0\u00bb field_type=\u00a0\u00bbinput\u00a0\u00bb checkbox_checked=\u00a0\u00bboff\u00a0\u00bb checkbox_options=\u00a0\u00bb%91{%22value%22:%22%22,%22checked%22:0}%93&Prime; radio_options=\u00a0\u00bb%91{%22value%22:%22%22,%22checked%22:0}%93&Prime; select_options=\u00a0\u00bb%91{%22value%22:%22%22,%22checked%22:0}%93&Prime; min_length=\u00a0\u00bb0&Prime; max_length=\u00a0\u00bb0&Prime; allowed_symbols=\u00a0\u00bball\u00a0\u00bb required_mark=\u00a0\u00bbon\u00a0\u00bb conditional_logic=\u00a0\u00bboff\u00a0\u00bb conditional_logic_relation=\u00a0\u00bboff\u00a0\u00bb conditional_logic_rules=\u00a0\u00bb%91{%22field%22:%22name%22,%22condition%22:%22is%22,%22value%22:%22%22}%93&Prime; use_background_color_gradient=\u00a0\u00bboff\u00a0\u00bb background_color_gradient_start=\u00a0\u00bb#2b87da\u00a0\u00bb background_color_gradient_end=\u00a0\u00bb#29c4a9&Prime; background_color_gradient_type=\u00a0\u00bblinear\u00a0\u00bb background_color_gradient_direction=\u00a0\u00bb180deg\u00a0\u00bb background_color_gradient_direction_radial=\u00a0\u00bbcenter\u00a0\u00bb background_color_gradient_start_position=\u00a0\u00bb0%\u00a0\u00bb background_color_gradient_end_position=\u00a0\u00bb100%\u00a0\u00bb background_color_gradient_overlays_image=\u00a0\u00bboff\u00a0\u00bb parallax=\u00a0\u00bboff\u00a0\u00bb parallax_method=\u00a0\u00bbon\u00a0\u00bb background_size=\u00a0\u00bbcover\u00a0\u00bb background_position=\u00a0\u00bbcenter\u00a0\u00bb background_repeat=\u00a0\u00bbno-repeat\u00a0\u00bb background_blend=\u00a0\u00bbnormal\u00a0\u00bb allow_player_pause=\u00a0\u00bboff\u00a0\u00bb background_video_pause_outside_viewport=\u00a0\u00bbon\u00a0\u00bb fullwidth_field=\u00a0\u00bbon\u00a0\u00bb form_field_text_shadow_style=\u00a0\u00bbnone\u00a0\u00bb box_shadow_style=\u00a0\u00bbnone\u00a0\u00bb \/][et_pb_contact_field field_id=\u00a0\u00bbEmail\u00a0\u00bb field_title=\u00a0\u00bbAdresse courriel\u00a0\u00bb field_type=\u00a0\u00bbemail\u00a0\u00bb fullwidth_field=\u00a0\u00bbon\u00a0\u00bb field_background_color=\u00a0\u00bbrgba(255,255,255,0.76)\u00a0\u00bb _builder_version=\u00a0\u00bb3.0.106&Prime; form_field_font=\u00a0\u00bb||||\u00a0\u00bb checkbox_checked=\u00a0\u00bboff\u00a0\u00bb checkbox_options=\u00a0\u00bb%91{%22value%22:%22Direcci\u00f3n de correo electr\u00f3nico%22,%22checked%22:0}%93&Prime; radio_options=\u00a0\u00bb%91{%22value%22:%22Direcci\u00f3n de correo electr\u00f3nico%22,%22checked%22:0}%93&Prime; select_options=\u00a0\u00bb%91{%22value%22:%22Direcci\u00f3n de correo electr\u00f3nico%22,%22checked%22:0}%93&Prime; min_length=\u00a0\u00bb0&Prime; max_length=\u00a0\u00bb0&Prime; allowed_symbols=\u00a0\u00bball\u00a0\u00bb required_mark=\u00a0\u00bbon\u00a0\u00bb conditional_logic=\u00a0\u00bboff\u00a0\u00bb conditional_logic_relation=\u00a0\u00bboff\u00a0\u00bb conditional_logic_rules=\u00a0\u00bb%91{%22field%22:%22name%22,%22condition%22:%22is%22,%22value%22:%22%22}%93&Prime; use_background_color_gradient=\u00a0\u00bboff\u00a0\u00bb background_color_gradient_start=\u00a0\u00bb#2b87da\u00a0\u00bb background_color_gradient_end=\u00a0\u00bb#29c4a9&Prime; background_color_gradient_type=\u00a0\u00bblinear\u00a0\u00bb background_color_gradient_direction=\u00a0\u00bb180deg\u00a0\u00bb background_color_gradient_direction_radial=\u00a0\u00bbcenter\u00a0\u00bb background_color_gradient_start_position=\u00a0\u00bb0%\u00a0\u00bb background_color_gradient_end_position=\u00a0\u00bb100%\u00a0\u00bb background_color_gradient_overlays_image=\u00a0\u00bboff\u00a0\u00bb parallax=\u00a0\u00bboff\u00a0\u00bb parallax_method=\u00a0\u00bbon\u00a0\u00bb background_size=\u00a0\u00bbcover\u00a0\u00bb background_position=\u00a0\u00bbcenter\u00a0\u00bb background_repeat=\u00a0\u00bbno-repeat\u00a0\u00bb background_blend=\u00a0\u00bbnormal\u00a0\u00bb allow_player_pause=\u00a0\u00bboff\u00a0\u00bb background_video_pause_outside_viewport=\u00a0\u00bbon\u00a0\u00bb form_field_text_shadow_style=\u00a0\u00bbnone\u00a0\u00bb box_shadow_style=\u00a0\u00bbnone\u00a0\u00bb \/][et_pb_contact_field field_id=\u00a0\u00bbMessage\u00a0\u00bb field_title=\u00a0\u00bbMessage\u00a0\u00bb field_type=\u00a0\u00bbtext\u00a0\u00bb fullwidth_field=\u00a0\u00bbon\u00a0\u00bb _builder_version=\u00a0\u00bb3.0.106&Prime; checkbox_checked=\u00a0\u00bboff\u00a0\u00bb checkbox_options=\u00a0\u00bb%91{%22value%22:%22Mensaje%22,%22checked%22:0}%93&Prime; radio_options=\u00a0\u00bb%91{%22value%22:%22Mensaje%22,%22checked%22:0}%93&Prime; select_options=\u00a0\u00bb%91{%22value%22:%22Mensaje%22,%22checked%22:0}%93&Prime; min_length=\u00a0\u00bb0&Prime; max_length=\u00a0\u00bb0&Prime; allowed_symbols=\u00a0\u00bball\u00a0\u00bb required_mark=\u00a0\u00bbon\u00a0\u00bb conditional_logic=\u00a0\u00bboff\u00a0\u00bb conditional_logic_relation=\u00a0\u00bboff\u00a0\u00bb conditional_logic_rules=\u00a0\u00bb%91{%22field%22:%22name%22,%22condition%22:%22is%22,%22value%22:%22%22}%93&Prime; use_background_color_gradient=\u00a0\u00bboff\u00a0\u00bb background_color_gradient_start=\u00a0\u00bb#2b87da\u00a0\u00bb background_color_gradient_end=\u00a0\u00bb#29c4a9&Prime; background_color_gradient_type=\u00a0\u00bblinear\u00a0\u00bb background_color_gradient_direction=\u00a0\u00bb180deg\u00a0\u00bb background_color_gradient_direction_radial=\u00a0\u00bbcenter\u00a0\u00bb background_color_gradient_start_position=\u00a0\u00bb0%\u00a0\u00bb background_color_gradient_end_position=\u00a0\u00bb100%\u00a0\u00bb background_color_gradient_overlays_image=\u00a0\u00bboff\u00a0\u00bb parallax=\u00a0\u00bboff\u00a0\u00bb parallax_method=\u00a0\u00bbon\u00a0\u00bb background_size=\u00a0\u00bbcover\u00a0\u00bb background_position=\u00a0\u00bbcenter\u00a0\u00bb background_repeat=\u00a0\u00bbno-repeat\u00a0\u00bb background_blend=\u00a0\u00bbnormal\u00a0\u00bb allow_player_pause=\u00a0\u00bboff\u00a0\u00bb background_video_pause_outside_viewport=\u00a0\u00bbon\u00a0\u00bb form_field_text_shadow_style=\u00a0\u00bbnone\u00a0\u00bb box_shadow_style=\u00a0\u00bbnone\u00a0\u00bb \/][\/et_pb_contact_form][\/et_pb_column][\/et_pb_row][\/et_pb_section]<\/p>\n","protected":false},"excerpt":{"rendered":"<p>Contactez-nous pour demander des informations, acheter nos produits ou faire appel \u00e0 nos services sp\u00e9cialis\u00e9s.<\/p>\n","protected":false},"author":1,"featured_media":0,"parent":0,"menu_order":0,"comment_status":"closed","ping_status":"closed","template":"","meta":{"_et_pb_use_builder":"on","_et_pb_old_content":"","_et_gb_content_width":"","footnotes":""},"class_list":["post-34579","page","type-page","status-publish","hentry"],"_links":{"self":[{"href":"https:\/\/teclimquimica.com\/fr\/wp-json\/wp\/v2\/pages\/34579","targetHints":{"allow":["GET"]}}],"collection":[{"href":"https:\/\/teclimquimica.com\/fr\/wp-json\/wp\/v2\/pages"}],"about":[{"href":"https:\/\/teclimquimica.com\/fr\/wp-json\/wp\/v2\/types\/page"}],"author":[{"embeddable":true,"href":"https:\/\/teclimquimica.com\/fr\/wp-json\/wp\/v2\/users\/1"}],"replies":[{"embeddable":true,"href":"https:\/\/teclimquimica.com\/fr\/wp-json\/wp\/v2\/comments?post=34579"}],"version-history":[{"count":3,"href":"https:\/\/teclimquimica.com\/fr\/wp-json\/wp\/v2\/pages\/34579\/revisions"}],"predecessor-version":[{"id":35596,"href":"https:\/\/teclimquimica.com\/fr\/wp-json\/wp\/v2\/pages\/34579\/revisions\/35596"}],"wp:attachment":[{"href":"https:\/\/teclimquimica.com\/fr\/wp-json\/wp\/v2\/media?parent=34579"}],"curies":[{"name":"wp","href":"https:\/\/api.w.org\/{rel}","templated":true}]}}