{"id":34587,"date":"2017-09-03T20:24:24","date_gmt":"2017-09-03T20:24:24","guid":{"rendered":"https:\/\/teclimquimica.com\/ct-400-cristalizador\/"},"modified":"2018-02-26T09:09:54","modified_gmt":"2018-02-26T09:09:54","slug":"ct-400-cristallisateur","status":"publish","type":"page","link":"https:\/\/teclimquimica.com\/fr\/ct-400-cristallisateur\/","title":{"rendered":"CT-400"},"content":{"rendered":"<p>[et_pb_section fb_built=\u00a0\u00bb1&Prime; admin_label=\u00a0\u00bbsection\u00a0\u00bb _builder_version=\u00a0\u00bb3.0.47&Prime;][et_pb_row admin_label=\u00a0\u00bbrow\u00a0\u00bb _builder_version=\u00a0\u00bb3.0.47&Prime; background_size=\u00a0\u00bbinitial\u00a0\u00bb background_position=\u00a0\u00bbtop_left\u00a0\u00bb background_repeat=\u00a0\u00bbrepeat\u00a0\u00bb][et_pb_column type=\u00a0\u00bb4_4&Prime; _builder_version=\u00a0\u00bb3.0.47&Prime; parallax=\u00a0\u00bboff\u00a0\u00bb parallax_method=\u00a0\u00bbon\u00a0\u00bb][et_pb_text admin_label=\u00a0\u00bbText\u00a0\u00bb _builder_version=\u00a0\u00bb3.0.82&Prime;]<\/p>\n<h1><strong>CT-400 &#8211; Cristallisateur<br \/> <\/strong><\/h1>\n<p>\u00a0<\/p>\n<p>\u00a0<\/p>\n<hr \/>\n<p>[\/et_pb_text][\/et_pb_column][\/et_pb_row][et_pb_row admin_label=\u00a0\u00bbrow\u00a0\u00bb _builder_version=\u00a0\u00bb3.0.47&Prime; background_size=\u00a0\u00bbinitial\u00a0\u00bb background_position=\u00a0\u00bbtop_left\u00a0\u00bb background_repeat=\u00a0\u00bbrepeat\u00a0\u00bb][et_pb_column type=\u00a0\u00bb1_2&Prime; _builder_version=\u00a0\u00bb3.0.47&Prime; parallax=\u00a0\u00bboff\u00a0\u00bb parallax_method=\u00a0\u00bbon\u00a0\u00bb][et_pb_text admin_label=\u00a0\u00bbText\u00a0\u00bb _builder_version=\u00a0\u00bb3.0.82&Prime; text_font_size=\u00a0\u00bb17&Prime; border_style=\u00a0\u00bbsolid\u00a0\u00bb]<\/p>\n<p style=\"text-align: justify;\"><strong>Description:<\/strong><\/p>\n<p style=\"text-align: justify;\">Le CT-400 est un cristallisateur pour le polissage \u00e0 la machine de surfaces calcaires (marbre, terrazzo, mosa\u00efque) qui les recouvre d&rsquo;un r\u00e9seau microcristallin de grande duret\u00e9 et de lustre m\u00e9tallique, obtenant une cristallisation durable et antid\u00e9rapante.<\/p>\n<p style=\"text-align: justify;\"><strong>M\u00e9thode d\u2019utilisation:<\/strong><\/p>\n<p style=\"text-align: justify;\">Pulv\u00e9riser le rev\u00eatement par des zones d&rsquo;environ 4-6m2 \u00e0 l&rsquo;aide d&rsquo;un pulv\u00e9risateur ou d&rsquo;un \u00e9gouttoir et \u00e9viter que ces gouttes ne se dess\u00e8chent avec une machine \u00e0 polir avec de la laine d&rsquo;acier aussi rapidement que possible. Quand on remarque que le produit a p\u00e9n\u00e9tr\u00e9 le sol, il est possible de r\u00e9duire la vitesse jusqu&rsquo;\u00e0 ce que la luminosit\u00e9 soit obtenue. Une fois sec et brillant, un r\u00e9sultat optimal peut \u00eatre obtenu en passant un disque de laine ou de feutre avec lequel la luminosit\u00e9 augmente remarquablement, particuli\u00e8rement dans les environnements humides. Pour les sols poreux, il peut \u00eatre pr\u00e9f\u00e9rable de passer une seconde couche ou de finir avec un peu de cire.<\/p>\n<p style=\"text-align: justify;\"><strong>Surfaces et utilisations:<\/strong><\/p>\n<p style=\"text-align: justify;\">Appliquer pr\u00e9alablement un d\u00e9capant pour enlever les d\u00e9bris qui pourraient b\u00e9n\u00e9ficier d&rsquo;un traitement pr\u00e9c\u00e9dent (tel que le DAC-100 pour le reste du travail ou le DAC-120 pour les trottoirs d\u00e9j\u00e0 assez poreux et us\u00e9s.<\/p>\n<p>[\/et_pb_text][\/et_pb_column][et_pb_column type=\u00a0\u00bb1_2&Prime; _builder_version=\u00a0\u00bb3.0.47&Prime; parallax=\u00a0\u00bboff\u00a0\u00bb parallax_method=\u00a0\u00bbon\u00a0\u00bb][et_pb_text admin_label=\u00a0\u00bbText\u00a0\u00bb _builder_version=\u00a0\u00bb3.0.82&Prime; text_font_size=\u00a0\u00bb17&Prime; border_style=\u00a0\u00bbsolid\u00a0\u00bb]<\/p>\n<p><strong>Doses recommand\u00e9es<\/strong><\/p>\n<ul>\n<li>Rendement approximatif : 1 kg par 80 m\u00e8tres carr\u00e9s.<\/li>\n<li>Appliquez le produit avec une machine tel que d\u00e9crit dans le mode d&rsquo;application<\/li>\n<\/ul>\n<p><strong>Produits similaires:<\/strong><\/p>\n<ul>\n<li><a href=\"..\/cta-401-cristallisant-de-polissage\/\">CTA-401 \u2013 Cristallisant de polissage<\/a><\/li>\n<\/ul>\n<p>[\/et_pb_text][et_pb_button button_url=\u00a0\u00bbhttps:\/\/teclimquimica.com\/wp-content\/uploads\/2017\/10\/FT-ES-CT-400.pdf\u00a0\u00bb url_new_window=\u00a0\u00bbon\u00a0\u00bb button_text=\u00a0\u00bbT\u00e9l\u00e9charger la fiche\u00a0\u00bb button_alignment=\u00a0\u00bbcenter\u00a0\u00bb admin_label=\u00a0\u00bbButton\u00a0\u00bb _builder_version=\u00a0\u00bb3.0.101&Prime; custom_button=\u00a0\u00bbon\u00a0\u00bb button_border_radius=\u00a0\u00bb0&Prime; button_use_icon=\u00a0\u00bboff\u00a0\u00bb][\/et_pb_button][et_pb_text admin_label=\u00a0\u00bbText\u00a0\u00bb _builder_version=\u00a0\u00bb3.0.82&Prime; text_font_size=\u00a0\u00bb17&Prime; background_color=\u00a0\u00bb#eeeeee\u00a0\u00bb text_orientation=\u00a0\u00bbcenter\u00a0\u00bb module_alignment=\u00a0\u00bbcenter\u00a0\u00bb custom_padding=\u00a0\u00bb10px||10px|\u00a0\u00bb border_style=\u00a0\u00bbsolid\u00a0\u00bb]<\/p>\n<p>Teclim Quimica S.L.<br \/> C\/ Atletismo, 18 08191 RUBI<br \/>T\u00e9l\u00e9phone: +34935887667<\/p>\n<p>[\/et_pb_text][\/et_pb_column][\/et_pb_row][et_pb_row _builder_version=\u00a0\u00bb3.0.47&Prime; background_size=\u00a0\u00bbinitial\u00a0\u00bb background_position=\u00a0\u00bbtop_left\u00a0\u00bb background_repeat=\u00a0\u00bbrepeat\u00a0\u00bb][et_pb_column type=\u00a0\u00bb4_4&Prime; _builder_version=\u00a0\u00bb3.0.47&Prime; parallax=\u00a0\u00bboff\u00a0\u00bb parallax_method=\u00a0\u00bbon\u00a0\u00bb][et_pb_text admin_label=\u00a0\u00bbText\u00a0\u00bb _builder_version=\u00a0\u00bb3.0.82&Prime; module_alignment=\u00a0\u00bbleft\u00a0\u00bb border_style=\u00a0\u00bbsolid\u00a0\u00bb saved_tabs=\u00a0\u00bball\u00a0\u00bb]<\/p>\n<p>Pour d&rsquo;autres applications ou doutes, consultez le d\u00e9partement technique \/ commercial de Teclim Qu\u00edmica. Fiche de s\u00e9curit\u00e9 (MSDS) disponible pour les clients.<\/p>\n<p>[\/et_pb_text][et_pb_text admin_label=\u00a0\u00bbText\u00a0\u00bb _builder_version=\u00a0\u00bb3.0.82&Prime; module_alignment=\u00a0\u00bbleft\u00a0\u00bb border_style=\u00a0\u00bbsolid\u00a0\u00bb saved_tabs=\u00a0\u00bball\u00a0\u00bb]<\/p>\n<h4><strong>Nouvelles Connexes:<\/strong><\/h4>\n<hr \/>\n<p>[\/et_pb_text][et_pb_blog fullwidth=\u00a0\u00bboff\u00a0\u00bb posts_number=\u00a0\u00bb6&Prime; include_categories=\u00a0\u00bb36&Prime; show_comments=\u00a0\u00bbon\u00a0\u00bb offset_number=\u00a0\u00bb0&Prime; _builder_version=\u00a0\u00bb3.0.82&Prime; pagination_font_size_tablet=\u00a0\u00bb51&Prime; pagination_line_height_tablet=\u00a0\u00bb2&Prime; border_style=\u00a0\u00bbsolid\u00a0\u00bb use_dropshadow=\u00a0\u00bboff\u00a0\u00bb][\/et_pb_blog][\/et_pb_column][\/et_pb_row][\/et_pb_section]<\/p>\n","protected":false},"excerpt":{"rendered":"<p>CT-400 &#8211; Cristallisateur \u00a0 \u00a0 Description: Le CT-400 est un cristallisateur pour le polissage \u00e0 la machine de surfaces calcaires (marbre, terrazzo, mosa\u00efque) qui les recouvre d&rsquo;un r\u00e9seau microcristallin de grande duret\u00e9 et de lustre m\u00e9tallique, obtenant une cristallisation durable et antid\u00e9rapante. M\u00e9thode d\u2019utilisation: Pulv\u00e9riser le rev\u00eatement par des zones d&rsquo;environ 4-6m2 \u00e0 l&rsquo;aide d&rsquo;un [&hellip;]<\/p>\n","protected":false},"author":1,"featured_media":0,"parent":0,"menu_order":0,"comment_status":"closed","ping_status":"closed","template":"","meta":{"_et_pb_use_builder":"on","_et_pb_old_content":"","_et_gb_content_width":"","footnotes":""},"class_list":["post-34587","page","type-page","status-publish","hentry"],"_links":{"self":[{"href":"https:\/\/teclimquimica.com\/fr\/wp-json\/wp\/v2\/pages\/34587","targetHints":{"allow":["GET"]}}],"collection":[{"href":"https:\/\/teclimquimica.com\/fr\/wp-json\/wp\/v2\/pages"}],"about":[{"href":"https:\/\/teclimquimica.com\/fr\/wp-json\/wp\/v2\/types\/page"}],"author":[{"embeddable":true,"href":"https:\/\/teclimquimica.com\/fr\/wp-json\/wp\/v2\/users\/1"}],"replies":[{"embeddable":true,"href":"https:\/\/teclimquimica.com\/fr\/wp-json\/wp\/v2\/comments?post=34587"}],"version-history":[{"count":3,"href":"https:\/\/teclimquimica.com\/fr\/wp-json\/wp\/v2\/pages\/34587\/revisions"}],"predecessor-version":[{"id":35350,"href":"https:\/\/teclimquimica.com\/fr\/wp-json\/wp\/v2\/pages\/34587\/revisions\/35350"}],"wp:attachment":[{"href":"https:\/\/teclimquimica.com\/fr\/wp-json\/wp\/v2\/media?parent=34587"}],"curies":[{"name":"wp","href":"https:\/\/api.w.org\/{rel}","templated":true}]}}