{"id":34594,"date":"2017-09-03T20:28:56","date_gmt":"2017-09-03T20:28:56","guid":{"rendered":"https:\/\/teclimquimica.com\/cta-401-cristalizador-abrillantador\/"},"modified":"2018-02-26T09:11:08","modified_gmt":"2018-02-26T09:11:08","slug":"cta-401-cristallisant-de-polissage","status":"publish","type":"page","link":"https:\/\/teclimquimica.com\/fr\/cta-401-cristallisant-de-polissage\/","title":{"rendered":"CTA-401"},"content":{"rendered":"<p>[et_pb_section fb_built=\u00a0\u00bb1&Prime; admin_label=\u00a0\u00bbsection\u00a0\u00bb _builder_version=\u00a0\u00bb3.0.47&Prime;][et_pb_row admin_label=\u00a0\u00bbrow\u00a0\u00bb _builder_version=\u00a0\u00bb3.0.47&Prime; background_size=\u00a0\u00bbinitial\u00a0\u00bb background_position=\u00a0\u00bbtop_left\u00a0\u00bb background_repeat=\u00a0\u00bbrepeat\u00a0\u00bb][et_pb_column type=\u00a0\u00bb4_4&Prime; _builder_version=\u00a0\u00bb3.0.47&Prime; parallax=\u00a0\u00bboff\u00a0\u00bb parallax_method=\u00a0\u00bbon\u00a0\u00bb][et_pb_text admin_label=\u00a0\u00bbText\u00a0\u00bb _builder_version=\u00a0\u00bb3.0.82&Prime; module_alignment=\u00a0\u00bbleft\u00a0\u00bb border_style=\u00a0\u00bbsolid\u00a0\u00bb]<\/p>\n<h1><strong>CTA-401 &#8211; Cristallisant de polissage<\/strong><\/h1>\n<p>\u00a0<\/p>\n<hr \/>\n<p>[\/et_pb_text][\/et_pb_column][\/et_pb_row][et_pb_row admin_label=\u00a0\u00bbrow\u00a0\u00bb _builder_version=\u00a0\u00bb3.0.47&Prime; background_size=\u00a0\u00bbinitial\u00a0\u00bb background_position=\u00a0\u00bbtop_left\u00a0\u00bb background_repeat=\u00a0\u00bbrepeat\u00a0\u00bb][et_pb_column type=\u00a0\u00bb1_2&Prime; _builder_version=\u00a0\u00bb3.0.47&Prime; parallax=\u00a0\u00bboff\u00a0\u00bb parallax_method=\u00a0\u00bbon\u00a0\u00bb][et_pb_text admin_label=\u00a0\u00bbText\u00a0\u00bb _builder_version=\u00a0\u00bb3.0.82&Prime; text_font_size=\u00a0\u00bb17&Prime; module_alignment=\u00a0\u00bbleft\u00a0\u00bb border_style=\u00a0\u00bbsolid\u00a0\u00bb]<\/p>\n<p><strong>Description:<\/strong><\/p>\n<p>Le CTA-401 est un cristalliser pour le polissage \u00e0 la machine de surfaces calcaires (marbre, terrazzo, mosa\u00efque) obtenant avec une grande rapidit\u00e9 une brillance intense et durable qui offre une grande r\u00e9sistance \u00e0 l&rsquo;usure.<\/p>\n<p><strong>M\u00e9thode d\u2019utilisation:<\/strong><\/p>\n<p>R\u00e9partir une partie de la CTA-401 \u00e0 l&rsquo;aide d&rsquo;une polisseuse \u00e9quip\u00e9e de laine d&rsquo;acier et polir jusqu&rsquo;\u00e0 ce que le sol soit sec et brillant. Avec une seconde couche, la brillance peut encore \u00eatre augment\u00e9e avec de la laine d&rsquo;acier fine. Bien qu&rsquo;il admette son application avec des disques abrasifs synth\u00e9tiques, la brillance obtenue avec ceux-ci est g\u00e9n\u00e9ralement inf\u00e9rieure. Pour les sols poreux, il peut \u00eatre pratique d&rsquo;appliquer le CTA-401 en pr\u00e9traitement sur le CT-400 pour recouvrir les pores avec les cires. Dans les terrasses us\u00e9es et mates, un r\u00e9sultat optimal est obtenu avec la proc\u00e9dure inverse, c&rsquo;est-\u00e0-dire en appliquant le CTA-401 comme traitement final.<\/p>\n<p><strong>Surfaces et utilisations:<\/strong><\/p>\n<p>Peut \u00eatre utilis\u00e9 seul ou en compl\u00e9ment d&rsquo;un autre cristallisateur. Il est particuli\u00e8rement int\u00e9ressant pour les machines \u00e0 polir \u00e0 main, de faible poids, avec des poign\u00e9es \u00e0 une main, comme celles utilis\u00e9es pour les escaliers ou les coins. Utilisable dans les granites ou le marbre poreux dans lequel il est g\u00e9n\u00e9ralement difficile d&rsquo;obtenir une luminosit\u00e9 \u00e9lev\u00e9e, uniform\u00e9ment r\u00e9partie.<\/p>\n<p>[\/et_pb_text][\/et_pb_column][et_pb_column type=\u00a0\u00bb1_2&Prime; _builder_version=\u00a0\u00bb3.0.47&Prime; parallax=\u00a0\u00bboff\u00a0\u00bb parallax_method=\u00a0\u00bbon\u00a0\u00bb][et_pb_text admin_label=\u00a0\u00bbText\u00a0\u00bb _builder_version=\u00a0\u00bb3.0.82&Prime; text_font_size=\u00a0\u00bb17&Prime; module_alignment=\u00a0\u00bbleft\u00a0\u00bb border_style=\u00a0\u00bbsolid\u00a0\u00bb]<\/p>\n<p><strong>Doses recommand\u00e9es<\/strong><\/p>\n<ul>\n<li>Appliquez le produit avec une machine tel que d\u00e9crit dans le mode d&rsquo;application<\/li>\n<\/ul>\n<p><strong>Produits similaires:<\/strong><\/p>\n<ul>\n<li><a href=\"http:\/teclimquimica.com\/fr\/ct-400-cristallisateur\/\">CT-400 \u2013 Cristallisateur<\/a><\/li>\n<\/ul>\n<p>[\/et_pb_text][et_pb_button button_url=\u00a0\u00bbhttps:\/\/teclimquimica.com\/wp-content\/uploads\/2017\/10\/FT-ES-CT-401.pdf\u00a0\u00bb button_text=\u00a0\u00bbT\u00e9l\u00e9charger la fiche\u00a0\u00bb button_alignment=\u00a0\u00bbcenter\u00a0\u00bb admin_label=\u00a0\u00bbButton\u00a0\u00bb _builder_version=\u00a0\u00bb3.0.101&Prime; custom_button=\u00a0\u00bbon\u00a0\u00bb button_border_radius=\u00a0\u00bb0&Prime; button_use_icon=\u00a0\u00bboff\u00a0\u00bb][\/et_pb_button][et_pb_text admin_label=\u00a0\u00bbText\u00a0\u00bb _builder_version=\u00a0\u00bb3.0.82&Prime; text_font_size=\u00a0\u00bb17&Prime; background_color=\u00a0\u00bb#eeeeee\u00a0\u00bb text_orientation=\u00a0\u00bbcenter\u00a0\u00bb module_alignment=\u00a0\u00bbcenter\u00a0\u00bb custom_padding=\u00a0\u00bb10px||10px|\u00a0\u00bb border_style=\u00a0\u00bbsolid\u00a0\u00bb]<\/p>\n<p>Teclim Quimica S.L.<br \/> C\/ Atletismo, 18 08191 RUBI<br \/><span>T\u00e9l\u00e9phone<\/span>: +34935887667<\/p>\n<p>[\/et_pb_text][\/et_pb_column][\/et_pb_row][et_pb_row _builder_version=\u00a0\u00bb3.0.47&Prime; background_size=\u00a0\u00bbinitial\u00a0\u00bb background_position=\u00a0\u00bbtop_left\u00a0\u00bb background_repeat=\u00a0\u00bbrepeat\u00a0\u00bb][et_pb_column type=\u00a0\u00bb4_4&Prime; _builder_version=\u00a0\u00bb3.0.47&Prime; parallax=\u00a0\u00bboff\u00a0\u00bb parallax_method=\u00a0\u00bbon\u00a0\u00bb][et_pb_text admin_label=\u00a0\u00bbText\u00a0\u00bb _builder_version=\u00a0\u00bb3.0.82&Prime; module_alignment=\u00a0\u00bbleft\u00a0\u00bb border_style=\u00a0\u00bbsolid\u00a0\u00bb saved_tabs=\u00a0\u00bball\u00a0\u00bb]<\/p>\n<p>Pour d&rsquo;autres applications ou doutes, consultez le d\u00e9partement technique \/ commercial de Teclim Qu\u00edmica. Fiche de s\u00e9curit\u00e9 (MSDS) disponible pour les clients.<\/p>\n<p>[\/et_pb_text][et_pb_text admin_label=\u00a0\u00bbText\u00a0\u00bb _builder_version=\u00a0\u00bb3.0.82&Prime; module_alignment=\u00a0\u00bbleft\u00a0\u00bb border_style=\u00a0\u00bbsolid\u00a0\u00bb saved_tabs=\u00a0\u00bball\u00a0\u00bb]<\/p>\n<h4><strong>Nouvelles connexes:<\/strong><\/h4>\n<hr \/>\n<p>[\/et_pb_text][et_pb_blog fullwidth=\u00a0\u00bboff\u00a0\u00bb posts_number=\u00a0\u00bb6&Prime; include_categories=\u00a0\u00bb36&Prime; show_comments=\u00a0\u00bbon\u00a0\u00bb offset_number=\u00a0\u00bb0&Prime; _builder_version=\u00a0\u00bb3.0.82&Prime; pagination_font_size_tablet=\u00a0\u00bb51&Prime; pagination_line_height_tablet=\u00a0\u00bb2&Prime; border_style=\u00a0\u00bbsolid\u00a0\u00bb use_dropshadow=\u00a0\u00bboff\u00a0\u00bb][\/et_pb_blog][\/et_pb_column][\/et_pb_row][\/et_pb_section]<\/p>\n","protected":false},"excerpt":{"rendered":"<p>CTA-401 &#8211; Cristallisant de polissage \u00a0 Description: Le CTA-401 est un cristalliser pour le polissage \u00e0 la machine de surfaces calcaires (marbre, terrazzo, mosa\u00efque) obtenant avec une grande rapidit\u00e9 une brillance intense et durable qui offre une grande r\u00e9sistance \u00e0 l&rsquo;usure. M\u00e9thode d\u2019utilisation: R\u00e9partir une partie de la CTA-401 \u00e0 l&rsquo;aide d&rsquo;une polisseuse \u00e9quip\u00e9e de [&hellip;]<\/p>\n","protected":false},"author":1,"featured_media":0,"parent":0,"menu_order":0,"comment_status":"closed","ping_status":"closed","template":"","meta":{"_et_pb_use_builder":"on","_et_pb_old_content":"","_et_gb_content_width":"","footnotes":""},"class_list":["post-34594","page","type-page","status-publish","hentry"],"_links":{"self":[{"href":"https:\/\/teclimquimica.com\/fr\/wp-json\/wp\/v2\/pages\/34594","targetHints":{"allow":["GET"]}}],"collection":[{"href":"https:\/\/teclimquimica.com\/fr\/wp-json\/wp\/v2\/pages"}],"about":[{"href":"https:\/\/teclimquimica.com\/fr\/wp-json\/wp\/v2\/types\/page"}],"author":[{"embeddable":true,"href":"https:\/\/teclimquimica.com\/fr\/wp-json\/wp\/v2\/users\/1"}],"replies":[{"embeddable":true,"href":"https:\/\/teclimquimica.com\/fr\/wp-json\/wp\/v2\/comments?post=34594"}],"version-history":[{"count":4,"href":"https:\/\/teclimquimica.com\/fr\/wp-json\/wp\/v2\/pages\/34594\/revisions"}],"predecessor-version":[{"id":35352,"href":"https:\/\/teclimquimica.com\/fr\/wp-json\/wp\/v2\/pages\/34594\/revisions\/35352"}],"wp:attachment":[{"href":"https:\/\/teclimquimica.com\/fr\/wp-json\/wp\/v2\/media?parent=34594"}],"curies":[{"name":"wp","href":"https:\/\/api.w.org\/{rel}","templated":true}]}}