{"id":34602,"date":"2017-09-04T10:07:17","date_gmt":"2017-09-04T10:07:17","guid":{"rendered":"https:\/\/teclimquimica.com\/sp-300-sellador-autobrillante\/"},"modified":"2018-02-26T09:16:12","modified_gmt":"2018-02-26T09:16:12","slug":"sp-300-scellant-auto-polissant","status":"publish","type":"page","link":"https:\/\/teclimquimica.com\/fr\/sp-300-scellant-auto-polissant\/","title":{"rendered":"SP-300"},"content":{"rendered":"<p>[et_pb_section fb_built=\u00a0\u00bb1&Prime; admin_label=\u00a0\u00bbsection\u00a0\u00bb _builder_version=\u00a0\u00bb3.0.47&Prime;][et_pb_row admin_label=\u00a0\u00bbrow\u00a0\u00bb _builder_version=\u00a0\u00bb3.0.47&Prime; background_size=\u00a0\u00bbinitial\u00a0\u00bb background_position=\u00a0\u00bbtop_left\u00a0\u00bb background_repeat=\u00a0\u00bbrepeat\u00a0\u00bb][et_pb_column type=\u00a0\u00bb4_4&Prime; _builder_version=\u00a0\u00bb3.0.47&Prime; parallax=\u00a0\u00bboff\u00a0\u00bb parallax_method=\u00a0\u00bbon\u00a0\u00bb][et_pb_text admin_label=\u00a0\u00bbText\u00a0\u00bb _builder_version=\u00a0\u00bb3.0.82&Prime; module_alignment=\u00a0\u00bbleft\u00a0\u00bb border_style=\u00a0\u00bbsolid\u00a0\u00bb]<\/p>\n<h1><strong>SP-300 &#8211; Scellant auto-polissant<\/strong><\/h1>\n<p>\u00a0<\/p>\n<hr \/>\n<p>[\/et_pb_text][\/et_pb_column][\/et_pb_row][et_pb_row admin_label=\u00a0\u00bbrow\u00a0\u00bb _builder_version=\u00a0\u00bb3.0.101&Prime; background_size=\u00a0\u00bbinitial\u00a0\u00bb background_position=\u00a0\u00bbtop_left\u00a0\u00bb background_repeat=\u00a0\u00bbrepeat\u00a0\u00bb][et_pb_column type=\u00a0\u00bb1_2&Prime; _builder_version=\u00a0\u00bb3.0.47&Prime; parallax=\u00a0\u00bboff\u00a0\u00bb parallax_method=\u00a0\u00bbon\u00a0\u00bb][et_pb_text admin_label=\u00a0\u00bbText\u00a0\u00bb _builder_version=\u00a0\u00bb3.0.82&Prime; text_font_size=\u00a0\u00bb17&Prime; module_alignment=\u00a0\u00bbleft\u00a0\u00bb border_style=\u00a0\u00bbsolid\u00a0\u00bb]<\/p>\n<p><strong>Description<\/strong>:<\/p>\n<p>El SP-300 es un producto para el sellado y abrillantado de pavimentos sin necesidad de posterior pulimentaci\u00f3n. Resulta por tanto ideal como producto autobrillante para pavimentos sint\u00e9ticos a base de vinilo.<\/p>\n<p><strong>M\u00e9thode d\u2019utilisation:<\/strong><\/p>\n<p>Extender con ayuda de un aplicador de ceras pl\u00e1sticas, o en su defecto con un mocho, el producto concentrado en pasadas paralelas. Transcurridos tres cuartos de hora puede darse una segunda capa y se deja secar cinco o seis horas. Es importante que el suelo est\u00e9 perfectamente limpio, para lo cual es conveniente en muchas ocasiones un fregado con detergentes alcalinos o neutros que no dejen pel\u00edcula residual. Para mantener el brillo puede darse una \u00fanica pasada cada quince d\u00edas. Cada tres meses es conveniente proceder a un decapado general repitiendo el ciclo.<\/p>\n<p><strong>Caract\u00e9ristiques:<\/strong><\/p>\n<p>Emulsi\u00f3n blanca de ceras pl\u00e1sticas, densidad 1.03 grs. \/litro. Olor amoniacazo. Cubre el poro del pavimento sin agrietarse. Antideslizante. Coeficiente 0.33. Secado r\u00e1pido. Dureza Wolf-Wilborn a las 72 horas: 5 \u00bd. Eliminable con detergente amoniacazo. Resistente al lavado con detergentes neutros. Compatible con posteriores capas de abrillantadores c\u00e9reos en emulsi\u00f3n, pero no con cristalizadores.<\/p>\n<p>[\/et_pb_text][\/et_pb_column][et_pb_column type=\u00a0\u00bb1_2&Prime; _builder_version=\u00a0\u00bb3.0.47&Prime; parallax=\u00a0\u00bboff\u00a0\u00bb parallax_method=\u00a0\u00bbon\u00a0\u00bb][et_pb_text admin_label=\u00a0\u00bbText\u00a0\u00bb _builder_version=\u00a0\u00bb3.0.82&Prime; text_font_size=\u00a0\u00bb17&Prime; module_alignment=\u00a0\u00bbleft\u00a0\u00bb border_style=\u00a0\u00bbsolid\u00a0\u00bb]<\/p>\n<p><strong>Surfaces et utilisations:<\/strong><\/p>\n<p>Superficies y Usos. Mosaico, terrazo, baldosa cer\u00e1mica y pavimentos sint\u00e9ticos.<\/p>\n<p><strong>Doses recommand\u00e9es:<\/strong><\/p>\n<ul>\n<li>Diluible en agua en todas proporciones.<\/li>\n<li>Rendimiento optimo, 1 litro para cada 45 m2 por capa<\/li>\n<\/ul>\n<p><strong>Produits similaires:<\/strong><\/p>\n<ul>\n<li><a href=\"..\/pac-315-cire-metallisee-concentre-auto-brillante-plus\/\">PAC-315 \u2013 Cire M\u00e9tallis\u00e9e Concentr\u00e9 Auto-Brillante Plus<\/a><\/li>\n<li><a href=\"..\/pac-316-cire-metallisee-concentre-auto-brillante\/\">PAC-316 \u2013 Cire M\u00e9tallis\u00e9e Concentr\u00e9 Auto-Brillante<\/a><\/li>\n<li><a href=\"..\/pac-317-cire-metallisee-auto-brillante\/\">PAC-317 \u2013 Cire M\u00e9tallis\u00e9e Auto-Brillante<\/a><\/li>\n<li><a href=\"..\/hsm-430-cire-metallisee-a-grande-vitesse\/\">HSM-430 \u2013 Cire M\u00e9tallis\u00e9e \u00e0 Grande Vitesse<\/a><\/li>\n<\/ul>\n<p>[\/et_pb_text][et_pb_button button_url=\u00a0\u00bbhttps:\/\/teclimquimica.com\/wp-content\/uploads\/2017\/10\/FT-ES-SP-300.pdf\u00a0\u00bb url_new_window=\u00a0\u00bbon\u00a0\u00bb button_text=\u00a0\u00bbT\u00e9l\u00e9charger la fiche\u00a0\u00bb button_alignment=\u00a0\u00bbcenter\u00a0\u00bb admin_label=\u00a0\u00bbButton\u00a0\u00bb _builder_version=\u00a0\u00bb3.0.101&Prime; custom_button=\u00a0\u00bbon\u00a0\u00bb button_border_radius=\u00a0\u00bb0&Prime; button_use_icon=\u00a0\u00bboff\u00a0\u00bb][\/et_pb_button][et_pb_text admin_label=\u00a0\u00bbText\u00a0\u00bb _builder_version=\u00a0\u00bb3.0.101&Prime; text_font_size=\u00a0\u00bb17&Prime; background_color=\u00a0\u00bb#eeeeee\u00a0\u00bb text_orientation=\u00a0\u00bbcenter\u00a0\u00bb module_alignment=\u00a0\u00bbcenter\u00a0\u00bb custom_padding=\u00a0\u00bb10px||10px|\u00a0\u00bb border_style=\u00a0\u00bbsolid\u00a0\u00bb]Teclim Quimica S.L.<br \/>\nC\/ Atletismo, 18 08191 RUBI<br \/>\nT\u00e9l\u00e9phone: +34935887667[\/et_pb_text][\/et_pb_column][\/et_pb_row][et_pb_row _builder_version=\u00a0\u00bb3.0.47&Prime; background_size=\u00a0\u00bbinitial\u00a0\u00bb background_position=\u00a0\u00bbtop_left\u00a0\u00bb background_repeat=\u00a0\u00bbrepeat\u00a0\u00bb][et_pb_column type=\u00a0\u00bb4_4&Prime; _builder_version=\u00a0\u00bb3.0.47&Prime; parallax=\u00a0\u00bboff\u00a0\u00bb parallax_method=\u00a0\u00bbon\u00a0\u00bb][et_pb_text admin_label=\u00a0\u00bbText\u00a0\u00bb _builder_version=\u00a0\u00bb3.0.82&Prime; module_alignment=\u00a0\u00bbleft\u00a0\u00bb border_style=\u00a0\u00bbsolid\u00a0\u00bb saved_tabs=\u00a0\u00bball\u00a0\u00bb]<\/p>\n<p>Pour d&rsquo;autres applications ou doutes, consultez le d\u00e9partement technique \/ commercial de Teclim Qu\u00edmica. Fiche de s\u00e9curit\u00e9 (MSDS) disponible pour les clients.<\/p>\n<p>[\/et_pb_text][et_pb_text admin_label=\u00a0\u00bbText\u00a0\u00bb _builder_version=\u00a0\u00bb3.0.82&Prime; module_alignment=\u00a0\u00bbleft\u00a0\u00bb border_style=\u00a0\u00bbsolid\u00a0\u00bb saved_tabs=\u00a0\u00bball\u00a0\u00bb]<\/p>\n<h4><strong>Nouvelles Connexes:<\/strong><\/h4>\n<hr \/>\n<p>[\/et_pb_text][et_pb_blog fullwidth=\u00a0\u00bboff\u00a0\u00bb posts_number=\u00a0\u00bb6&Prime; include_categories=\u00a0\u00bb37&Prime; show_comments=\u00a0\u00bbon\u00a0\u00bb offset_number=\u00a0\u00bb0&Prime; _builder_version=\u00a0\u00bb3.0.82&Prime; pagination_font_size_tablet=\u00a0\u00bb51&Prime; pagination_line_height_tablet=\u00a0\u00bb2&Prime; border_style=\u00a0\u00bbsolid\u00a0\u00bb use_dropshadow=\u00a0\u00bboff\u00a0\u00bb][\/et_pb_blog][\/et_pb_column][\/et_pb_row][\/et_pb_section]<\/p>\n","protected":false},"excerpt":{"rendered":"<p>SP-300 &#8211; Scellant auto-polissant \u00a0 Description: El SP-300 es un producto para el sellado y abrillantado de pavimentos sin necesidad de posterior pulimentaci\u00f3n. Resulta por tanto ideal como producto autobrillante para pavimentos sint\u00e9ticos a base de vinilo. M\u00e9thode d\u2019utilisation: Extender con ayuda de un aplicador de ceras pl\u00e1sticas, o en su defecto con un mocho, [&hellip;]<\/p>\n","protected":false},"author":1,"featured_media":0,"parent":0,"menu_order":0,"comment_status":"closed","ping_status":"closed","template":"","meta":{"_et_pb_use_builder":"on","_et_pb_old_content":"","_et_gb_content_width":"","footnotes":""},"class_list":["post-34602","page","type-page","status-publish","hentry"],"_links":{"self":[{"href":"https:\/\/teclimquimica.com\/fr\/wp-json\/wp\/v2\/pages\/34602","targetHints":{"allow":["GET"]}}],"collection":[{"href":"https:\/\/teclimquimica.com\/fr\/wp-json\/wp\/v2\/pages"}],"about":[{"href":"https:\/\/teclimquimica.com\/fr\/wp-json\/wp\/v2\/types\/page"}],"author":[{"embeddable":true,"href":"https:\/\/teclimquimica.com\/fr\/wp-json\/wp\/v2\/users\/1"}],"replies":[{"embeddable":true,"href":"https:\/\/teclimquimica.com\/fr\/wp-json\/wp\/v2\/comments?post=34602"}],"version-history":[{"count":3,"href":"https:\/\/teclimquimica.com\/fr\/wp-json\/wp\/v2\/pages\/34602\/revisions"}],"predecessor-version":[{"id":35353,"href":"https:\/\/teclimquimica.com\/fr\/wp-json\/wp\/v2\/pages\/34602\/revisions\/35353"}],"wp:attachment":[{"href":"https:\/\/teclimquimica.com\/fr\/wp-json\/wp\/v2\/media?parent=34602"}],"curies":[{"name":"wp","href":"https:\/\/api.w.org\/{rel}","templated":true}]}}