{"id":34613,"date":"2017-09-04T10:08:39","date_gmt":"2017-09-04T10:08:39","guid":{"rendered":"https:\/\/teclimquimica.com\/pac-316-cera-autobrillante-concentrado\/"},"modified":"2018-02-26T09:19:07","modified_gmt":"2018-02-26T09:19:07","slug":"pac-316-cire-metallisee-concentre-auto-brillante","status":"publish","type":"page","link":"https:\/\/teclimquimica.com\/fr\/pac-316-cire-metallisee-concentre-auto-brillante\/","title":{"rendered":"PAC-316"},"content":{"rendered":"<p>[et_pb_section fb_built=\u00a0\u00bb1&Prime; admin_label=\u00a0\u00bbsection\u00a0\u00bb _builder_version=\u00a0\u00bb3.0.47&Prime;][et_pb_row admin_label=\u00a0\u00bbrow\u00a0\u00bb _builder_version=\u00a0\u00bb3.0.47&Prime; background_size=\u00a0\u00bbinitial\u00a0\u00bb background_position=\u00a0\u00bbtop_left\u00a0\u00bb background_repeat=\u00a0\u00bbrepeat\u00a0\u00bb][et_pb_column type=\u00a0\u00bb4_4&Prime; _builder_version=\u00a0\u00bb3.0.47&Prime; parallax=\u00a0\u00bboff\u00a0\u00bb parallax_method=\u00a0\u00bbon\u00a0\u00bb][et_pb_text admin_label=\u00a0\u00bbText\u00a0\u00bb _builder_version=\u00a0\u00bb3.0.82&Prime; module_alignment=\u00a0\u00bbleft\u00a0\u00bb border_style=\u00a0\u00bbsolid\u00a0\u00bb]<\/p>\n<h1><strong>PAC-316 &#8211; Cire M\u00e9tallis\u00e9e Concentr\u00e9 Auto-Brillante<\/strong><\/h1>\n<p>\u00a0<\/p>\n<hr \/>\n<p>[\/et_pb_text][\/et_pb_column][\/et_pb_row][et_pb_row admin_label=\u00a0\u00bbrow\u00a0\u00bb _builder_version=\u00a0\u00bb3.0.47&Prime; background_size=\u00a0\u00bbinitial\u00a0\u00bb background_position=\u00a0\u00bbtop_left\u00a0\u00bb background_repeat=\u00a0\u00bbrepeat\u00a0\u00bb][et_pb_column type=\u00a0\u00bb1_2&Prime; _builder_version=\u00a0\u00bb3.0.47&Prime; parallax=\u00a0\u00bboff\u00a0\u00bb parallax_method=\u00a0\u00bbon\u00a0\u00bb][et_pb_text admin_label=\u00a0\u00bbText\u00a0\u00bb _builder_version=\u00a0\u00bb3.0.82&Prime; text_font_size=\u00a0\u00bb17&Prime; module_alignment=\u00a0\u00bbleft\u00a0\u00bb border_style=\u00a0\u00bbsolid\u00a0\u00bb]<\/p>\n<p><strong>Description:<\/strong><\/p>\n<p>Le PAC-316 est un polish concentr\u00e9 auto-brillant, \u00e0 base d&rsquo;une \u00e9mulsion m\u00e9tallique de divers polym\u00e8res et cires dures.<\/p>\n<p><strong>M\u00e9thode d\u2019utilisation:<\/strong><\/p>\n<p>Manuel. Sur un sol propre et sec, \u00e9taler le produit sous forme de bandes parall\u00e8les. Laisser s\u00e9cher pendant 45 minutes et appliquer \u00e0 nouveau dans la direction oppos\u00e9e. P\u00e9riodiquement peut \u00eatre maintenu avec le m\u00eame produit dans les zones plus us\u00e9es. Un d\u00e9capage \u00e0 fond est recommand\u00e9 toutes les cinq applications. Il ne doit pas \u00eatre appliqu\u00e9 \u00e0 des temp\u00e9ratures inf\u00e9rieures \u00e0 10\u00baC.<\/p>\n<p><strong>Surfaces et utilisations:<\/strong><\/p>\n<p>Polissage des planchers.<\/p>\n<p>[\/et_pb_text][\/et_pb_column][et_pb_column type=\u00a0\u00bb1_2&Prime; _builder_version=\u00a0\u00bb3.0.47&Prime; parallax=\u00a0\u00bboff\u00a0\u00bb parallax_method=\u00a0\u00bbon\u00a0\u00bb][et_pb_text admin_label=\u00a0\u00bbText\u00a0\u00bb _builder_version=\u00a0\u00bb3.0.82&Prime; text_font_size=\u00a0\u00bb17&Prime; module_alignment=\u00a0\u00bbleft\u00a0\u00bb border_style=\u00a0\u00bbsolid\u00a0\u00bb]<\/p>\n<p><strong>Doses recommand\u00e9es:<\/strong><\/p>\n<ul>\n<li>Appliquez le produit directement comme d\u00e9crit dans le mode d&rsquo;application.<\/li>\n<li>Rendement : 25-40 m2 \/ kg dans la premi\u00e8re couche et 50-60m2 \/ kg dans la seconde.<\/li>\n<\/ul>\n<p><strong>Produits similaires:<\/strong><\/p>\n<ul>\n<li><a href=\"%20http:\/teclimquimica.com\/fr\/sp-300-scellant-auto-polissant\/\">SP-300 \u2013 Scellant auto-polissant<\/a><\/li>\n<li><a href=\"..\/pac-315-cire-metallisee-concentre-auto-brillante-plus\/\">PAC-315 \u2013 Cire M\u00e9tallis\u00e9e Concentr\u00e9 Auto-Brillante Plus<\/a><\/li>\n<li><a href=\"..\/pac-317-cire-metallisee-auto-brillante\/\">PAC-317 \u2013 Cire M\u00e9tallis\u00e9e Auto-Brillante<\/a><\/li>\n<li><a href=\"..\/hsm-430-cire-metallisee-a-grande-vitesse\/\">HSM-430 \u2013 Cire M\u00e9tallis\u00e9e \u00e0 Grande Vitesse<\/a><\/li>\n<\/ul>\n<p>[\/et_pb_text][et_pb_button button_url=\u00a0\u00bbhttps:\/\/teclimquimica.com\/wp-content\/uploads\/2017\/10\/FT-ES-PAC-316.pdf\u00a0\u00bb url_new_window=\u00a0\u00bbon\u00a0\u00bb button_text=\u00a0\u00bbT\u00e9l\u00e9charger la fiche\u00a0\u00bb button_alignment=\u00a0\u00bbcenter\u00a0\u00bb admin_label=\u00a0\u00bbButton\u00a0\u00bb _builder_version=\u00a0\u00bb3.0.101&Prime; custom_button=\u00a0\u00bbon\u00a0\u00bb button_border_radius=\u00a0\u00bb0&Prime; button_use_icon=\u00a0\u00bboff\u00a0\u00bb][\/et_pb_button][et_pb_text admin_label=\u00a0\u00bbText\u00a0\u00bb _builder_version=\u00a0\u00bb3.0.82&Prime; text_font_size=\u00a0\u00bb17&Prime; background_color=\u00a0\u00bb#eeeeee\u00a0\u00bb text_orientation=\u00a0\u00bbcenter\u00a0\u00bb module_alignment=\u00a0\u00bbcenter\u00a0\u00bb custom_padding=\u00a0\u00bb10px||10px|\u00a0\u00bb border_style=\u00a0\u00bbsolid\u00a0\u00bb]<\/p>\n<p>Teclim Quimica S.L.<br \/> C\/ Atletismo, 18 08191 RUBI<br \/><span>T\u00e9l\u00e9phone<\/span>: +34935887667<\/p>\n<p>[\/et_pb_text][\/et_pb_column][\/et_pb_row][et_pb_row _builder_version=\u00a0\u00bb3.0.47&Prime; background_size=\u00a0\u00bbinitial\u00a0\u00bb background_position=\u00a0\u00bbtop_left\u00a0\u00bb background_repeat=\u00a0\u00bbrepeat\u00a0\u00bb][et_pb_column type=\u00a0\u00bb4_4&Prime; _builder_version=\u00a0\u00bb3.0.47&Prime; parallax=\u00a0\u00bboff\u00a0\u00bb parallax_method=\u00a0\u00bbon\u00a0\u00bb][et_pb_text admin_label=\u00a0\u00bbText\u00a0\u00bb _builder_version=\u00a0\u00bb3.0.82&Prime; module_alignment=\u00a0\u00bbleft\u00a0\u00bb border_style=\u00a0\u00bbsolid\u00a0\u00bb saved_tabs=\u00a0\u00bball\u00a0\u00bb]<\/p>\n<p><span>Pour d\u2019autres applications ou doutes, consultez le d\u00e9partement technique \/ commercial de Teclim Qu\u00edmica. Fiche de s\u00e9curit\u00e9 (MSDS) disponible pour les clients.<\/span>lientes.<\/p>\n<p>[\/et_pb_text][et_pb_text admin_label=\u00a0\u00bbText\u00a0\u00bb _builder_version=\u00a0\u00bb3.0.82&Prime; module_alignment=\u00a0\u00bbleft\u00a0\u00bb border_style=\u00a0\u00bbsolid\u00a0\u00bb saved_tabs=\u00a0\u00bball\u00a0\u00bb]<\/p>\n<h4><strong>Nouvelles Connexes:<\/strong><\/h4>\n<hr \/>\n<p>[\/et_pb_text][et_pb_blog fullwidth=\u00a0\u00bboff\u00a0\u00bb posts_number=\u00a0\u00bb6&Prime; include_categories=\u00a0\u00bb37&Prime; show_comments=\u00a0\u00bbon\u00a0\u00bb offset_number=\u00a0\u00bb0&Prime; _builder_version=\u00a0\u00bb3.0.82&Prime; pagination_font_size_tablet=\u00a0\u00bb51&Prime; pagination_line_height_tablet=\u00a0\u00bb2&Prime; border_style=\u00a0\u00bbsolid\u00a0\u00bb use_dropshadow=\u00a0\u00bboff\u00a0\u00bb][\/et_pb_blog][\/et_pb_column][\/et_pb_row][\/et_pb_section]<\/p>\n","protected":false},"excerpt":{"rendered":"<p>PAC-316 &#8211; Cire M\u00e9tallis\u00e9e Concentr\u00e9 Auto-Brillante \u00a0 Description: Le PAC-316 est un polish concentr\u00e9 auto-brillant, \u00e0 base d&rsquo;une \u00e9mulsion m\u00e9tallique de divers polym\u00e8res et cires dures. M\u00e9thode d\u2019utilisation: Manuel. Sur un sol propre et sec, \u00e9taler le produit sous forme de bandes parall\u00e8les. Laisser s\u00e9cher pendant 45 minutes et appliquer \u00e0 nouveau dans la direction [&hellip;]<\/p>\n","protected":false},"author":1,"featured_media":0,"parent":0,"menu_order":0,"comment_status":"closed","ping_status":"closed","template":"","meta":{"_et_pb_use_builder":"on","_et_pb_old_content":"","_et_gb_content_width":"","footnotes":""},"class_list":["post-34613","page","type-page","status-publish","hentry"],"_links":{"self":[{"href":"https:\/\/teclimquimica.com\/fr\/wp-json\/wp\/v2\/pages\/34613","targetHints":{"allow":["GET"]}}],"collection":[{"href":"https:\/\/teclimquimica.com\/fr\/wp-json\/wp\/v2\/pages"}],"about":[{"href":"https:\/\/teclimquimica.com\/fr\/wp-json\/wp\/v2\/types\/page"}],"author":[{"embeddable":true,"href":"https:\/\/teclimquimica.com\/fr\/wp-json\/wp\/v2\/users\/1"}],"replies":[{"embeddable":true,"href":"https:\/\/teclimquimica.com\/fr\/wp-json\/wp\/v2\/comments?post=34613"}],"version-history":[{"count":3,"href":"https:\/\/teclimquimica.com\/fr\/wp-json\/wp\/v2\/pages\/34613\/revisions"}],"predecessor-version":[{"id":35358,"href":"https:\/\/teclimquimica.com\/fr\/wp-json\/wp\/v2\/pages\/34613\/revisions\/35358"}],"wp:attachment":[{"href":"https:\/\/teclimquimica.com\/fr\/wp-json\/wp\/v2\/media?parent=34613"}],"curies":[{"name":"wp","href":"https:\/\/api.w.org\/{rel}","templated":true}]}}