{"id":34626,"date":"2017-09-04T10:09:58","date_gmt":"2017-09-04T10:09:58","guid":{"rendered":"https:\/\/teclimquimica.com\/hsm-430-cera-metalizada-alta-velocidad\/"},"modified":"2018-02-26T09:22:16","modified_gmt":"2018-02-26T09:22:16","slug":"hsm-430-cire-metallisee-a-grande-vitesse","status":"publish","type":"page","link":"https:\/\/teclimquimica.com\/fr\/hsm-430-cire-metallisee-a-grande-vitesse\/","title":{"rendered":"HSM-430"},"content":{"rendered":"<p>[et_pb_section fb_built=\u00a0\u00bb1&Prime; admin_label=\u00a0\u00bbsection\u00a0\u00bb _builder_version=\u00a0\u00bb3.0.47&Prime;][et_pb_row admin_label=\u00a0\u00bbrow\u00a0\u00bb _builder_version=\u00a0\u00bb3.0.47&Prime; background_size=\u00a0\u00bbinitial\u00a0\u00bb background_position=\u00a0\u00bbtop_left\u00a0\u00bb background_repeat=\u00a0\u00bbrepeat\u00a0\u00bb][et_pb_column type=\u00a0\u00bb4_4&Prime; _builder_version=\u00a0\u00bb3.0.47&Prime; parallax=\u00a0\u00bboff\u00a0\u00bb parallax_method=\u00a0\u00bbon\u00a0\u00bb][et_pb_text admin_label=\u00a0\u00bbText\u00a0\u00bb _builder_version=\u00a0\u00bb3.0.82&Prime; module_alignment=\u00a0\u00bbleft\u00a0\u00bb border_style=\u00a0\u00bbsolid\u00a0\u00bb]<\/p>\n<h1><strong>HSM-430 &#8211; Cire M\u00e9tallis\u00e9e \u00e0 Grande Vitesse<\/strong><\/h1>\n<p>\u00a0<\/p>\n<hr \/>\n<p>[\/et_pb_text][\/et_pb_column][\/et_pb_row][et_pb_row admin_label=\u00a0\u00bbrow\u00a0\u00bb _builder_version=\u00a0\u00bb3.0.47&Prime; background_size=\u00a0\u00bbinitial\u00a0\u00bb background_position=\u00a0\u00bbtop_left\u00a0\u00bb background_repeat=\u00a0\u00bbrepeat\u00a0\u00bb][et_pb_column type=\u00a0\u00bb1_2&Prime; _builder_version=\u00a0\u00bb3.0.47&Prime; parallax=\u00a0\u00bboff\u00a0\u00bb parallax_method=\u00a0\u00bbon\u00a0\u00bb][et_pb_text admin_label=\u00a0\u00bbText\u00a0\u00bb _builder_version=\u00a0\u00bb3.0.82&Prime; text_font_size=\u00a0\u00bb17&Prime; module_alignment=\u00a0\u00bbleft\u00a0\u00bb border_style=\u00a0\u00bbsolid\u00a0\u00bb]<\/p>\n<p><strong>Description:<\/strong><\/p>\n<p>Le HSM-430 est une cire qui est utilis\u00e9 pour nettoyer et renouveler la brillance des sols, qu&rsquo;ils soient durs ou souples, \u00e0 celles qui auparavant avaient \u00e9t\u00e9 appliqu\u00e9es \u00e0 un traitement de polissage. Sa formulation sp\u00e9ciale \u00e0 base de cires dures et de polym\u00e8res synth\u00e9tiques permet d&rsquo;obtenir un excellent r\u00e9sultat en entretien p\u00e9riodique avec une rapidit\u00e9 maximale.<\/p>\n<p><strong>M\u00e9thode d\u2019utilisation:<\/strong><\/p>\n<p>\u00c0 l&rsquo;aide d&rsquo;un pulv\u00e9risateur, \u00e9taler le produit devant la machine \u00e9quip\u00e9e d&rsquo;un disque synth\u00e9tique pour le polissage, en m\u00eame temps que le mouvement de ce dernier. Lorsque la fin de la bande est atteinte, d\u00e9placer la machine vers l&rsquo;arri\u00e8re pour refaire le chemin parcouru, ce qui facilite l&rsquo;\u00e9limination des traces de pas et des traces des roues de la machine (il est n\u00e9cessaire de ne pas laisser passer plus de dix secondes entre les deux passages pour emp\u00eacher le s\u00e9chage desdites empreintes). Avec cette m\u00e9thode, le sol restera propre et lumineux et peut \u00eatre utilis\u00e9 sans souci. Apr\u00e8s 5 minutes, le vernis a d\u00e9j\u00e0 \u00e9t\u00e9 consolid\u00e9 et ensuite, si d\u00e9sir\u00e9, en faisant un passage \u00e0 sec, la luminosit\u00e9 augmente et il peut \u00eatre expos\u00e9 au trafic normal puisqu&rsquo;il a d\u00e9j\u00e0 la duret\u00e9 minimale requise qui augmentera encore l\u00e9g\u00e8rement avec le cours du temps.<\/p>\n<p><strong>Surfaces et utilisations:<\/strong><\/p>\n<p>L&rsquo;op\u00e9ration de nettoyage-renouvellement de la luminosit\u00e9 simultan\u00e9e est effectu\u00e9e en appliquant le produit au moyen de machines \u00e0 polir \u00e0 grande vitesse.<\/p>\n<p>[\/et_pb_text][\/et_pb_column][et_pb_column type=\u00a0\u00bb1_2&Prime; _builder_version=\u00a0\u00bb3.0.47&Prime; parallax=\u00a0\u00bboff\u00a0\u00bb parallax_method=\u00a0\u00bbon\u00a0\u00bb][et_pb_text admin_label=\u00a0\u00bbText\u00a0\u00bb _builder_version=\u00a0\u00bb3.0.82&Prime; text_font_size=\u00a0\u00bb17&Prime; module_alignment=\u00a0\u00bbleft\u00a0\u00bb border_style=\u00a0\u00bbsolid\u00a0\u00bb]<\/p>\n<p><strong>Doses recommand\u00e9es:<\/strong><\/p>\n<ul>\n<li>Rendement approximatif : 1 kg par 50 m\u00e8tres carr\u00e9s.<\/li>\n<li>Appliquer avec un pulv\u00e9risateur sur le sol pur et ensuite passer une machine \u00e0 grande vitesse. Produits similaires:<\/li>\n<\/ul>\n<p><strong>Produits similaires:<\/strong><\/p>\n<ul>\n<li><a href=\"..\/sp-300-scellant-auto-polissant\/\">SP-300 \u2013 Scellant auto-polissant<\/a><\/li>\n<li><a href=\"..\/pac-315-cire-metallisee-concentre-auto-brillante-plus\/\">PAC-315 \u2013 Cire M\u00e9tallis\u00e9e Concentr\u00e9 Auto-Brillante Plus<\/a><\/li>\n<li><a href=\"..\/pac-316-cire-metallisee-concentre-auto-brillante\/\">PAC-316 \u2013 Cire M\u00e9tallis\u00e9e Concentr\u00e9 Auto-Brillante<\/a><\/li>\n<li><a href=\"..\/pac-317-cire-metallisee-auto-brillante\/\">PAC-317 \u2013 Cire M\u00e9tallis\u00e9e Auto-Brillante<\/a><\/li>\n<\/ul>\n<p>[\/et_pb_text][et_pb_button button_url=\u00a0\u00bbhttps:\/\/teclimquimica.com\/wp-content\/uploads\/2017\/10\/FT-ES-HSM-430.pdf\u00a0\u00bb url_new_window=\u00a0\u00bbon\u00a0\u00bb button_text=\u00a0\u00bbT\u00e9l\u00e9charger la fiche\u00a0\u00bb button_alignment=\u00a0\u00bbcenter\u00a0\u00bb admin_label=\u00a0\u00bbButton\u00a0\u00bb _builder_version=\u00a0\u00bb3.0.101&Prime; custom_button=\u00a0\u00bbon\u00a0\u00bb button_border_radius=\u00a0\u00bb0&Prime; button_use_icon=\u00a0\u00bboff\u00a0\u00bb][\/et_pb_button][et_pb_text admin_label=\u00a0\u00bbText\u00a0\u00bb _builder_version=\u00a0\u00bb3.0.82&Prime; text_font_size=\u00a0\u00bb17&Prime; background_color=\u00a0\u00bb#eeeeee\u00a0\u00bb text_orientation=\u00a0\u00bbcenter\u00a0\u00bb module_alignment=\u00a0\u00bbcenter\u00a0\u00bb custom_padding=\u00a0\u00bb10px||10px|\u00a0\u00bb border_style=\u00a0\u00bbsolid\u00a0\u00bb]<\/p>\n<p>Teclim Quimica S.L.<br \/> C\/ Atletismo, 18 08191 RUBI<br \/>T\u00e9l\u00e9phone: +34935887667<\/p>\n<p>[\/et_pb_text][\/et_pb_column][\/et_pb_row][et_pb_row _builder_version=\u00a0\u00bb3.0.47&Prime; background_size=\u00a0\u00bbinitial\u00a0\u00bb background_position=\u00a0\u00bbtop_left\u00a0\u00bb background_repeat=\u00a0\u00bbrepeat\u00a0\u00bb][et_pb_column type=\u00a0\u00bb4_4&Prime; _builder_version=\u00a0\u00bb3.0.47&Prime; parallax=\u00a0\u00bboff\u00a0\u00bb parallax_method=\u00a0\u00bbon\u00a0\u00bb][et_pb_text admin_label=\u00a0\u00bbText\u00a0\u00bb _builder_version=\u00a0\u00bb3.0.82&Prime; module_alignment=\u00a0\u00bbleft\u00a0\u00bb border_style=\u00a0\u00bbsolid\u00a0\u00bb saved_tabs=\u00a0\u00bball\u00a0\u00bb]Para otras aplicaciones o dudas, consultar con el departamento t\u00e9cnico\/comercial de Teclim Qu\u00edmica. Ficha de seguridad (MSDS) disponible para clientes.<br \/>\n[\/et_pb_text][et_pb_text admin_label=\u00a0\u00bbText\u00a0\u00bb _builder_version=\u00a0\u00bb3.0.82&Prime; module_alignment=\u00a0\u00bbleft\u00a0\u00bb border_style=\u00a0\u00bbsolid\u00a0\u00bb saved_tabs=\u00a0\u00bball\u00a0\u00bb]<\/p>\n<h4><strong>Nouvelles connexes:<\/strong><\/h4>\n<hr \/>\n<p>[\/et_pb_text][et_pb_blog fullwidth=\u00a0\u00bboff\u00a0\u00bb posts_number=\u00a0\u00bb6&Prime; include_categories=\u00a0\u00bb37&Prime; show_comments=\u00a0\u00bbon\u00a0\u00bb offset_number=\u00a0\u00bb0&Prime; _builder_version=\u00a0\u00bb3.0.82&Prime; pagination_font_size_tablet=\u00a0\u00bb51&Prime; pagination_line_height_tablet=\u00a0\u00bb2&Prime; border_style=\u00a0\u00bbsolid\u00a0\u00bb use_dropshadow=\u00a0\u00bboff\u00a0\u00bb][\/et_pb_blog][\/et_pb_column][\/et_pb_row][\/et_pb_section]<\/p>\n","protected":false},"excerpt":{"rendered":"<p>HSM-430 &#8211; Cire M\u00e9tallis\u00e9e \u00e0 Grande Vitesse \u00a0 Description: Le HSM-430 est une cire qui est utilis\u00e9 pour nettoyer et renouveler la brillance des sols, qu&rsquo;ils soient durs ou souples, \u00e0 celles qui auparavant avaient \u00e9t\u00e9 appliqu\u00e9es \u00e0 un traitement de polissage. Sa formulation sp\u00e9ciale \u00e0 base de cires dures et de polym\u00e8res synth\u00e9tiques permet [&hellip;]<\/p>\n","protected":false},"author":1,"featured_media":0,"parent":0,"menu_order":0,"comment_status":"closed","ping_status":"closed","template":"","meta":{"_et_pb_use_builder":"on","_et_pb_old_content":"","_et_gb_content_width":"","footnotes":""},"class_list":["post-34626","page","type-page","status-publish","hentry"],"_links":{"self":[{"href":"https:\/\/teclimquimica.com\/fr\/wp-json\/wp\/v2\/pages\/34626","targetHints":{"allow":["GET"]}}],"collection":[{"href":"https:\/\/teclimquimica.com\/fr\/wp-json\/wp\/v2\/pages"}],"about":[{"href":"https:\/\/teclimquimica.com\/fr\/wp-json\/wp\/v2\/types\/page"}],"author":[{"embeddable":true,"href":"https:\/\/teclimquimica.com\/fr\/wp-json\/wp\/v2\/users\/1"}],"replies":[{"embeddable":true,"href":"https:\/\/teclimquimica.com\/fr\/wp-json\/wp\/v2\/comments?post=34626"}],"version-history":[{"count":3,"href":"https:\/\/teclimquimica.com\/fr\/wp-json\/wp\/v2\/pages\/34626\/revisions"}],"predecessor-version":[{"id":35363,"href":"https:\/\/teclimquimica.com\/fr\/wp-json\/wp\/v2\/pages\/34626\/revisions\/35363"}],"wp:attachment":[{"href":"https:\/\/teclimquimica.com\/fr\/wp-json\/wp\/v2\/media?parent=34626"}],"curies":[{"name":"wp","href":"https:\/\/api.w.org\/{rel}","templated":true}]}}