{"id":34639,"date":"2017-09-04T10:14:26","date_gmt":"2017-09-04T10:14:26","guid":{"rendered":"https:\/\/teclimquimica.com\/ec-495-emulsion-cerea\/"},"modified":"2018-02-26T09:26:46","modified_gmt":"2018-02-26T09:26:46","slug":"ec-495-emulsion-cireuse","status":"publish","type":"page","link":"https:\/\/teclimquimica.com\/fr\/ec-495-emulsion-cireuse\/","title":{"rendered":"EC-495"},"content":{"rendered":"<p>[et_pb_section fb_built=\u00a0\u00bb1&Prime; admin_label=\u00a0\u00bbsection\u00a0\u00bb _builder_version=\u00a0\u00bb3.0.47&Prime;][et_pb_row admin_label=\u00a0\u00bbrow\u00a0\u00bb _builder_version=\u00a0\u00bb3.0.47&Prime; background_size=\u00a0\u00bbinitial\u00a0\u00bb background_position=\u00a0\u00bbtop_left\u00a0\u00bb background_repeat=\u00a0\u00bbrepeat\u00a0\u00bb][et_pb_column type=\u00a0\u00bb4_4&Prime; _builder_version=\u00a0\u00bb3.0.47&Prime; parallax=\u00a0\u00bboff\u00a0\u00bb parallax_method=\u00a0\u00bbon\u00a0\u00bb][et_pb_text admin_label=\u00a0\u00bbText\u00a0\u00bb _builder_version=\u00a0\u00bb3.0.82&Prime; module_alignment=\u00a0\u00bbleft\u00a0\u00bb border_style=\u00a0\u00bbsolid\u00a0\u00bb]<\/p>\n<h1><strong>EC-495 &#8211; Emulsion Cireuse<\/strong><\/h1>\n<p>\u00a0<\/p>\n<hr \/>\n<p>[\/et_pb_text][\/et_pb_column][\/et_pb_row][et_pb_row admin_label=\u00a0\u00bbrow\u00a0\u00bb _builder_version=\u00a0\u00bb3.0.47&Prime; background_size=\u00a0\u00bbinitial\u00a0\u00bb background_position=\u00a0\u00bbtop_left\u00a0\u00bb background_repeat=\u00a0\u00bbrepeat\u00a0\u00bb][et_pb_column type=\u00a0\u00bb1_2&Prime; _builder_version=\u00a0\u00bb3.0.47&Prime; parallax=\u00a0\u00bboff\u00a0\u00bb parallax_method=\u00a0\u00bbon\u00a0\u00bb][et_pb_text admin_label=\u00a0\u00bbText\u00a0\u00bb _builder_version=\u00a0\u00bb3.0.82&Prime; text_font_size=\u00a0\u00bb17&Prime; module_alignment=\u00a0\u00bbleft\u00a0\u00bb border_style=\u00a0\u00bbsolid\u00a0\u00bb]<\/p>\n<p><strong>Description:<\/strong><\/p>\n<p>El EC-495 est un concentr\u00e9 de cires dans l&rsquo;eau et de d\u00e9tergents formul\u00e9 pour \u00eatre utilis\u00e9 comme produit d&rsquo;entretien. Il offre une haute brillance sur les sols calcaires et synth\u00e9tiques.<\/p>\n<p><strong>M\u00e9thode d\u2019utilisation:<\/strong><\/p>\n<p>Il peut \u00eatre appliqu\u00e9 manuellement et avec une polisseuse.<\/p>\n<p><strong>Surfaces et utilisations:<\/strong><\/p>\n<p>Il peut \u00eatre utilis\u00e9 sur les sols calcaires (mosa\u00efque, terrazzo, etc.) et synth\u00e9tiques (vinyle).<\/p>\n<p>[\/et_pb_text][\/et_pb_column][et_pb_column type=\u00a0\u00bb1_2&Prime; _builder_version=\u00a0\u00bb3.0.47&Prime; parallax=\u00a0\u00bboff\u00a0\u00bb parallax_method=\u00a0\u00bbon\u00a0\u00bb][et_pb_text admin_label=\u00a0\u00bbText\u00a0\u00bb _builder_version=\u00a0\u00bb3.0.82&Prime; text_font_size=\u00a0\u00bb17&Prime; module_alignment=\u00a0\u00bbleft\u00a0\u00bb border_style=\u00a0\u00bbsolid\u00a0\u00bb]<\/p>\n<p><strong>Doses recommand\u00e9es:<\/strong><\/p>\n<ul>\n<li>MANUEL : Diluer avec 1 \u00e0 4 parties maximum d&rsquo;eau, le m\u00e9lange r\u00e9sultant peut-\u00eatre appliqu\u00e9 directement ou dilu\u00e9 dans l&rsquo;eau de lavage. Une fois sec, garder l\u2019\u00e9clat avec un balai serpill\u00e8re sec.<\/li>\n<li>AVEC MACHINE DE POLISSAGE. Polir avec un disque de polissage en pulv\u00e9risant le produit en petite quantit\u00e9 (environ 2 \u00e0 5 cc \/ m2). Une fois sec, gardez l&rsquo;\u00e9clat avec un disque doux.<\/li>\n<\/ul>\n<p><strong>Produits similaires:<\/strong><\/p>\n<ul>\n<li><a href=\"..\/rb-491-renovateur-de-brillance\/\">RB-491 \u2013 R\u00e9novateur de Brillance<\/a><\/li>\n<\/ul>\n<p>[\/et_pb_text][et_pb_button button_url=\u00a0\u00bbhttps:\/\/teclimquimica.com\/wp-content\/uploads\/2017\/10\/FT-ES-EC-495.pdf\u00a0\u00bb url_new_window=\u00a0\u00bbon\u00a0\u00bb button_text=\u00a0\u00bbT\u00e9l\u00e9charger la fiche\u00a0\u00bb button_alignment=\u00a0\u00bbcenter\u00a0\u00bb admin_label=\u00a0\u00bbButton\u00a0\u00bb _builder_version=\u00a0\u00bb3.0.101&Prime; custom_button=\u00a0\u00bbon\u00a0\u00bb button_border_radius=\u00a0\u00bb0&Prime; button_use_icon=\u00a0\u00bboff\u00a0\u00bb][\/et_pb_button][et_pb_text admin_label=\u00a0\u00bbText\u00a0\u00bb _builder_version=\u00a0\u00bb3.0.82&Prime; text_font_size=\u00a0\u00bb17&Prime; background_color=\u00a0\u00bb#eeeeee\u00a0\u00bb text_orientation=\u00a0\u00bbcenter\u00a0\u00bb module_alignment=\u00a0\u00bbcenter\u00a0\u00bb custom_padding=\u00a0\u00bb10px||10px|\u00a0\u00bb border_style=\u00a0\u00bbsolid\u00a0\u00bb]<\/p>\n<p style=\"text-align: center;\">Teclim Quimica S.L.<br \/> C\/ Atletismo, 18 08191 RUBI<br \/>T\u00e9l\u00e9phone: +34935887667<\/p>\n<p>[\/et_pb_text][\/et_pb_column][\/et_pb_row][et_pb_row _builder_version=\u00a0\u00bb3.0.47&Prime; background_size=\u00a0\u00bbinitial\u00a0\u00bb background_position=\u00a0\u00bbtop_left\u00a0\u00bb background_repeat=\u00a0\u00bbrepeat\u00a0\u00bb][et_pb_column type=\u00a0\u00bb4_4&Prime; _builder_version=\u00a0\u00bb3.0.47&Prime; parallax=\u00a0\u00bboff\u00a0\u00bb parallax_method=\u00a0\u00bbon\u00a0\u00bb][et_pb_text admin_label=\u00a0\u00bbText\u00a0\u00bb _builder_version=\u00a0\u00bb3.0.82&Prime; module_alignment=\u00a0\u00bbleft\u00a0\u00bb border_style=\u00a0\u00bbsolid\u00a0\u00bb saved_tabs=\u00a0\u00bball\u00a0\u00bb]<\/p>\n<p>Pour d&rsquo;autres applications ou doutes, consultez le d\u00e9partement technique \/ commercial de Teclim Qu\u00edmica. Fiche de s\u00e9curit\u00e9 (MSDS) disponible pour les clients.<\/p>\n<p>[\/et_pb_text][et_pb_text admin_label=\u00a0\u00bbText\u00a0\u00bb _builder_version=\u00a0\u00bb3.0.82&Prime; module_alignment=\u00a0\u00bbleft\u00a0\u00bb border_style=\u00a0\u00bbsolid\u00a0\u00bb saved_tabs=\u00a0\u00bball\u00a0\u00bb]<\/p>\n<h4><strong>Nouvelles connexes:<\/strong><\/h4>\n<hr \/>\n<p>[\/et_pb_text][et_pb_blog fullwidth=\u00a0\u00bboff\u00a0\u00bb posts_number=\u00a0\u00bb6&Prime; include_categories=\u00a0\u00bb38&Prime; show_comments=\u00a0\u00bbon\u00a0\u00bb offset_number=\u00a0\u00bb0&Prime; _builder_version=\u00a0\u00bb3.0.82&Prime; pagination_font_size_tablet=\u00a0\u00bb51&Prime; pagination_line_height_tablet=\u00a0\u00bb2&Prime; border_style=\u00a0\u00bbsolid\u00a0\u00bb use_dropshadow=\u00a0\u00bboff\u00a0\u00bb][\/et_pb_blog][\/et_pb_column][\/et_pb_row][\/et_pb_section]<\/p>\n","protected":false},"excerpt":{"rendered":"<p>EC-495 &#8211; Emulsion Cireuse \u00a0 Description: El EC-495 est un concentr\u00e9 de cires dans l&rsquo;eau et de d\u00e9tergents formul\u00e9 pour \u00eatre utilis\u00e9 comme produit d&rsquo;entretien. Il offre une haute brillance sur les sols calcaires et synth\u00e9tiques. M\u00e9thode d\u2019utilisation: Il peut \u00eatre appliqu\u00e9 manuellement et avec une polisseuse. Surfaces et utilisations: Il peut \u00eatre utilis\u00e9 sur [&hellip;]<\/p>\n","protected":false},"author":1,"featured_media":0,"parent":0,"menu_order":0,"comment_status":"closed","ping_status":"closed","template":"","meta":{"_et_pb_use_builder":"on","_et_pb_old_content":"","_et_gb_content_width":"","footnotes":""},"class_list":["post-34639","page","type-page","status-publish","hentry"],"_links":{"self":[{"href":"https:\/\/teclimquimica.com\/fr\/wp-json\/wp\/v2\/pages\/34639","targetHints":{"allow":["GET"]}}],"collection":[{"href":"https:\/\/teclimquimica.com\/fr\/wp-json\/wp\/v2\/pages"}],"about":[{"href":"https:\/\/teclimquimica.com\/fr\/wp-json\/wp\/v2\/types\/page"}],"author":[{"embeddable":true,"href":"https:\/\/teclimquimica.com\/fr\/wp-json\/wp\/v2\/users\/1"}],"replies":[{"embeddable":true,"href":"https:\/\/teclimquimica.com\/fr\/wp-json\/wp\/v2\/comments?post=34639"}],"version-history":[{"count":4,"href":"https:\/\/teclimquimica.com\/fr\/wp-json\/wp\/v2\/pages\/34639\/revisions"}],"predecessor-version":[{"id":35366,"href":"https:\/\/teclimquimica.com\/fr\/wp-json\/wp\/v2\/pages\/34639\/revisions\/35366"}],"wp:attachment":[{"href":"https:\/\/teclimquimica.com\/fr\/wp-json\/wp\/v2\/media?parent=34639"}],"curies":[{"name":"wp","href":"https:\/\/api.w.org\/{rel}","templated":true}]}}