{"id":34645,"date":"2017-09-04T10:15:05","date_gmt":"2017-09-04T10:15:05","guid":{"rendered":"https:\/\/teclimquimica.com\/dam-266-decapante-amoniacado-perfumado-ceras\/"},"modified":"2018-02-26T09:31:43","modified_gmt":"2018-02-26T09:31:43","slug":"dam-266-decapant-cire-ammoniaque-parfume","status":"publish","type":"page","link":"https:\/\/teclimquimica.com\/fr\/dam-266-decapant-cire-ammoniaque-parfume\/","title":{"rendered":"DAM-266"},"content":{"rendered":"<p>[et_pb_section fb_built=\u00a0\u00bb1&Prime; admin_label=\u00a0\u00bbsection\u00a0\u00bb _builder_version=\u00a0\u00bb3.0.47&Prime;][et_pb_row admin_label=\u00a0\u00bbrow\u00a0\u00bb _builder_version=\u00a0\u00bb3.0.47&Prime; background_size=\u00a0\u00bbinitial\u00a0\u00bb background_position=\u00a0\u00bbtop_left\u00a0\u00bb background_repeat=\u00a0\u00bbrepeat\u00a0\u00bb][et_pb_column type=\u00a0\u00bb4_4&Prime; _builder_version=\u00a0\u00bb3.0.47&Prime; parallax=\u00a0\u00bboff\u00a0\u00bb parallax_method=\u00a0\u00bbon\u00a0\u00bb][et_pb_text admin_label=\u00a0\u00bbText\u00a0\u00bb _builder_version=\u00a0\u00bb3.0.101&Prime; module_alignment=\u00a0\u00bbleft\u00a0\u00bb border_style=\u00a0\u00bbsolid\u00a0\u00bb]<\/p>\n<h1><strong>DAM-266 &#8211; D\u00e9capant Cire Ammoniaqu\u00e9 Parfum\u00e9<br \/>\n<\/strong><\/h1>\n<p>\u00a0<\/p>\n<hr \/>\n<p>[\/et_pb_text][\/et_pb_column][\/et_pb_row][et_pb_row admin_label=\u00a0\u00bbrow\u00a0\u00bb _builder_version=\u00a0\u00bb3.0.101&Prime; background_size=\u00a0\u00bbinitial\u00a0\u00bb background_position=\u00a0\u00bbtop_left\u00a0\u00bb background_repeat=\u00a0\u00bbrepeat\u00a0\u00bb][et_pb_column type=\u00a0\u00bb1_2&Prime; _builder_version=\u00a0\u00bb3.0.47&Prime; parallax=\u00a0\u00bboff\u00a0\u00bb parallax_method=\u00a0\u00bbon\u00a0\u00bb][et_pb_text admin_label=\u00a0\u00bbText\u00a0\u00bb _builder_version=\u00a0\u00bb3.0.82&Prime; text_font_size=\u00a0\u00bb17&Prime; module_alignment=\u00a0\u00bbleft\u00a0\u00bb border_style=\u00a0\u00bbsolid\u00a0\u00bb]<\/p>\n<p><strong>Description:<\/strong><\/p>\n<p>Le DAM-266 est un produit de haute concentration qui, avec son utilit\u00e9 principale comme dissolvant de cire et \u00e9mulsions auto-brillantes, peut \u00eatre utilis\u00e9 comme puissant, nettoyant contre les r\u00e9sidus de salet\u00e9, pour l&rsquo;entretien industriel. En raison de sa teneur en sels de potassium, il est particuli\u00e8rement indiqu\u00e9 pour les t\u00e2ches de d\u00e9graissage contre les huiles v\u00e9g\u00e9tales et les graisses animales.<\/p>\n<p><strong>M\u00e9thode d\u2019utilisation:<\/strong><\/p>\n<p>Il peut \u00eatre appliqu\u00e9 \u00e0 la fois manuellement et avec une machine de polissage, car il est fait de mousse contr\u00f4l\u00e9e.<\/p>\n<p><strong>Surfaces et utilisations:<\/strong><\/p>\n<p>Gr\u00e2ce \u00e0 ses excellentes qualit\u00e9s de d\u00e9capant \u00e0 base de cire et de polym\u00e8re, il peut \u00eatre utilis\u00e9 sur toute surface pr\u00e9alablement cir\u00e9e.<\/p>\n<p>[\/et_pb_text][\/et_pb_column][et_pb_column type=\u00a0\u00bb1_2&Prime; _builder_version=\u00a0\u00bb3.0.47&Prime; parallax=\u00a0\u00bboff\u00a0\u00bb parallax_method=\u00a0\u00bbon\u00a0\u00bb][et_pb_text admin_label=\u00a0\u00bbText\u00a0\u00bb _builder_version=\u00a0\u00bb3.0.82&Prime; text_font_size=\u00a0\u00bb17&Prime; module_alignment=\u00a0\u00bbleft\u00a0\u00bb border_style=\u00a0\u00bbsolid\u00a0\u00bb]<\/p>\n<p><strong>Doses recommand\u00e9es:<\/strong><\/p>\n<ul>\n<li>En d\u00e9capant : m\u00e9langer 1 volume de produit avec 10 volumes d&rsquo;eau chaude, appliquer sur le sol, laisser agir pendant 5 minutes pour que le film de cire se ramollisse puis rincer \u00e0 l&rsquo;eau propre en ramassant les r\u00e9sidus avec une serpill\u00e8re ou un aspirateur.<\/li>\n<li>En tant que nettoyant industriel : m\u00e9langer 1 volume de produit avec 50 volumes d&rsquo;eau et appliquer au pinceau, \u00e0 la serpill\u00e8re ou au jet sur les surfaces \u00e0 nettoyer, puis rincer.<\/li>\n<\/ul>\n<p><strong>Produits similaires:<\/strong><\/p>\n<ul>\n<li><a href=\"..\/ll-101-decapant-cires-acryliques\/\">LL-IOI \u2013 D\u00e9capant Cires Acryliques<\/a><\/li>\n<li><a href=\"..\/dac-100-decapant-acide\/\">DAC-IOO \u2013 D\u00e9capant Acide<\/a><\/li>\n<li><a href=\"..\/dac-120-detergent-acide\/\">DAC-120 \u2013 D\u00e9tergent Acide<\/a><\/li>\n<\/ul>\n<p>[\/et_pb_text][et_pb_button button_url=\u00a0\u00bbhttps:\/\/teclimquimica.com\/wp-content\/uploads\/2017\/10\/FT-ES-DAM-266.pdf\u00a0\u00bb url_new_window=\u00a0\u00bbon\u00a0\u00bb button_text=\u00a0\u00bb T\u00e9l\u00e9charger la fiche\u00a0\u00bb button_alignment=\u00a0\u00bbcenter\u00a0\u00bb admin_label=\u00a0\u00bbButton\u00a0\u00bb _builder_version=\u00a0\u00bb3.0.101&Prime; custom_button=\u00a0\u00bbon\u00a0\u00bb button_border_radius=\u00a0\u00bb0&Prime; button_use_icon=\u00a0\u00bboff\u00a0\u00bb][\/et_pb_button][et_pb_text admin_label=\u00a0\u00bbText\u00a0\u00bb _builder_version=\u00a0\u00bb3.0.82&Prime; text_font_size=\u00a0\u00bb17&Prime; background_color=\u00a0\u00bb#eeeeee\u00a0\u00bb text_orientation=\u00a0\u00bbcenter\u00a0\u00bb module_alignment=\u00a0\u00bbcenter\u00a0\u00bb custom_padding=\u00a0\u00bb10px||10px|\u00a0\u00bb border_style=\u00a0\u00bbsolid\u00a0\u00bb]<\/p>\n<p style=\"text-align: center;\">Teclim Quimica S.L.<br \/> C\/ Atletismo, 18 08191 RUBI<br \/> T\u00e9l\u00e9phone: +34935887667<\/p>\n<p>[\/et_pb_text][\/et_pb_column][\/et_pb_row][et_pb_row _builder_version=\u00a0\u00bb3.0.47&Prime; background_size=\u00a0\u00bbinitial\u00a0\u00bb background_position=\u00a0\u00bbtop_left\u00a0\u00bb background_repeat=\u00a0\u00bbrepeat\u00a0\u00bb][et_pb_column type=\u00a0\u00bb4_4&Prime; _builder_version=\u00a0\u00bb3.0.47&Prime; parallax=\u00a0\u00bboff\u00a0\u00bb parallax_method=\u00a0\u00bbon\u00a0\u00bb][et_pb_text admin_label=\u00a0\u00bbText\u00a0\u00bb _builder_version=\u00a0\u00bb3.0.82&Prime; module_alignment=\u00a0\u00bbleft\u00a0\u00bb border_style=\u00a0\u00bbsolid\u00a0\u00bb saved_tabs=\u00a0\u00bball\u00a0\u00bb]<\/p>\n<p>Pour d&rsquo;autres applications ou doutes, consultez le d\u00e9partement technique \/ commercial de Teclim Qu\u00edmica. Fiche de s\u00e9curit\u00e9 (MSDS) disponible pour les clients.<\/p>\n<p>[\/et_pb_text][et_pb_text admin_label=\u00a0\u00bbText\u00a0\u00bb _builder_version=\u00a0\u00bb3.0.82&Prime; module_alignment=\u00a0\u00bbleft\u00a0\u00bb border_style=\u00a0\u00bbsolid\u00a0\u00bb saved_tabs=\u00a0\u00bball\u00a0\u00bb]<\/p>\n<h4><strong>Nouvelles connexes<\/strong><\/h4>\n<hr \/>\n<p>[\/et_pb_text][\/et_pb_column][\/et_pb_row][\/et_pb_section]<\/p>\n","protected":false},"excerpt":{"rendered":"<p>DAM-266 &#8211; D\u00e9capant Cire Ammoniaqu\u00e9 Parfum\u00e9 \u00a0 Description: Le DAM-266 est un produit de haute concentration qui, avec son utilit\u00e9 principale comme dissolvant de cire et \u00e9mulsions auto-brillantes, peut \u00eatre utilis\u00e9 comme puissant, nettoyant contre les r\u00e9sidus de salet\u00e9, pour l&rsquo;entretien industriel. En raison de sa teneur en sels de potassium, il est particuli\u00e8rement indiqu\u00e9 [&hellip;]<\/p>\n","protected":false},"author":1,"featured_media":0,"parent":0,"menu_order":0,"comment_status":"closed","ping_status":"closed","template":"","meta":{"_et_pb_use_builder":"on","_et_pb_old_content":"","_et_gb_content_width":"","footnotes":""},"class_list":["post-34645","page","type-page","status-publish","hentry"],"_links":{"self":[{"href":"https:\/\/teclimquimica.com\/fr\/wp-json\/wp\/v2\/pages\/34645","targetHints":{"allow":["GET"]}}],"collection":[{"href":"https:\/\/teclimquimica.com\/fr\/wp-json\/wp\/v2\/pages"}],"about":[{"href":"https:\/\/teclimquimica.com\/fr\/wp-json\/wp\/v2\/types\/page"}],"author":[{"embeddable":true,"href":"https:\/\/teclimquimica.com\/fr\/wp-json\/wp\/v2\/users\/1"}],"replies":[{"embeddable":true,"href":"https:\/\/teclimquimica.com\/fr\/wp-json\/wp\/v2\/comments?post=34645"}],"version-history":[{"count":3,"href":"https:\/\/teclimquimica.com\/fr\/wp-json\/wp\/v2\/pages\/34645\/revisions"}],"predecessor-version":[{"id":35368,"href":"https:\/\/teclimquimica.com\/fr\/wp-json\/wp\/v2\/pages\/34645\/revisions\/35368"}],"wp:attachment":[{"href":"https:\/\/teclimquimica.com\/fr\/wp-json\/wp\/v2\/media?parent=34645"}],"curies":[{"name":"wp","href":"https:\/\/api.w.org\/{rel}","templated":true}]}}