{"id":34664,"date":"2017-09-04T10:17:05","date_gmt":"2017-09-04T10:17:05","guid":{"rendered":"https:\/\/teclimquimica.com\/dac-120-detergente-acido\/"},"modified":"2018-02-26T09:35:30","modified_gmt":"2018-02-26T09:35:30","slug":"dac-120-detergent-acide","status":"publish","type":"page","link":"https:\/\/teclimquimica.com\/fr\/dac-120-detergent-acide\/","title":{"rendered":"DAC-120"},"content":{"rendered":"<p>[et_pb_section fb_built=\u00a0\u00bb1&Prime; admin_label=\u00a0\u00bbsection\u00a0\u00bb _builder_version=\u00a0\u00bb3.0.47&Prime;][et_pb_row admin_label=\u00a0\u00bbrow\u00a0\u00bb _builder_version=\u00a0\u00bb3.0.47&Prime; background_size=\u00a0\u00bbinitial\u00a0\u00bb background_position=\u00a0\u00bbtop_left\u00a0\u00bb background_repeat=\u00a0\u00bbrepeat\u00a0\u00bb][et_pb_column type=\u00a0\u00bb4_4&Prime; _builder_version=\u00a0\u00bb3.0.47&Prime; parallax=\u00a0\u00bboff\u00a0\u00bb parallax_method=\u00a0\u00bbon\u00a0\u00bb][et_pb_text admin_label=\u00a0\u00bbText\u00a0\u00bb _builder_version=\u00a0\u00bb3.0.82&Prime; module_alignment=\u00a0\u00bbleft\u00a0\u00bb border_style=\u00a0\u00bbsolid\u00a0\u00bb]<\/p>\n<h1><strong>DAC-120 &#8211; D\u00e9tergent Acide<\/strong><\/h1>\n<p>\u00a0<\/p>\n<hr \/>\n<p>[\/et_pb_text][\/et_pb_column][\/et_pb_row][et_pb_row admin_label=\u00a0\u00bbrow\u00a0\u00bb _builder_version=\u00a0\u00bb3.0.47&Prime; background_size=\u00a0\u00bbinitial\u00a0\u00bb background_position=\u00a0\u00bbtop_left\u00a0\u00bb background_repeat=\u00a0\u00bbrepeat\u00a0\u00bb][et_pb_column type=\u00a0\u00bb1_2&Prime; _builder_version=\u00a0\u00bb3.0.47&Prime; parallax=\u00a0\u00bboff\u00a0\u00bb parallax_method=\u00a0\u00bbon\u00a0\u00bb][et_pb_text admin_label=\u00a0\u00bbText\u00a0\u00bb _builder_version=\u00a0\u00bb3.0.82&Prime; text_font_size=\u00a0\u00bb17&Prime; module_alignment=\u00a0\u00bbleft\u00a0\u00bb border_style=\u00a0\u00bbsolid\u00a0\u00bb]<\/p>\n<p><strong>Description:<\/strong><\/p>\n<p>Le DAC-120 est un nettoyant \u00e0 l&rsquo;acide fluorhydrique qui, combin\u00e9 \u00e0 ses propri\u00e9t\u00e9s de neutralisation de l&rsquo;efflorescence saline et de la rouille sur les surfaces calcaires, a un fort pouvoir dissolvant de graisses et de r\u00e9sidus de salet\u00e9.<\/p>\n<p><strong>M\u00e9thode d\u2019utilisation:<\/strong><\/p>\n<p>Une fois dilu\u00e9, frotter la surface \u00e0 traiter avec une brosse ou un abrasif synth\u00e9tique, puis rincer. Il peut \u00e9galement \u00eatre appliqu\u00e9 dans des solutions aqueuses dans des machines sous pression. Il peut \u00e9galement \u00eatre appliqu\u00e9 avec des machines \u00e0 polir. Une fois le traitement appliqu\u00e9, il est important de rincer \u00e0 l&rsquo;eau propre afin de faire glisser la salet\u00e9.<\/p>\n<p><strong>Surfaces et utilisations:<\/strong><\/p>\n<p>Il est particuli\u00e8rement adapt\u00e9 au nettoyage des sols et des fa\u00e7ades avec des traces de poussi\u00e8re, de graisse, de suie, de rouille, etc. Il peut \u00eatre appliqu\u00e9 sur les sols en pierre, marbre, ciment et terrazzo.<\/p>\n<p>[\/et_pb_text][\/et_pb_column][et_pb_column type=\u00a0\u00bb1_2&Prime; _builder_version=\u00a0\u00bb3.0.47&Prime; parallax=\u00a0\u00bboff\u00a0\u00bb parallax_method=\u00a0\u00bbon\u00a0\u00bb][et_pb_text admin_label=\u00a0\u00bbText\u00a0\u00bb _builder_version=\u00a0\u00bb3.0.82&Prime; text_font_size=\u00a0\u00bb17&Prime; module_alignment=\u00a0\u00bbleft\u00a0\u00bb border_style=\u00a0\u00bbsolid\u00a0\u00bb]<\/p>\n<p><strong>Doses recommand\u00e9es:<\/strong><\/p>\n<ul>\n<li>Avec une brosse ou un abrasif synth\u00e9tique : diluer le DAC-120 dans 3 \u00e0 5 volumes d&rsquo;eau.<\/li>\n<li>Avec une machine sous pression : DAC-120 dilu\u00e9 dans 5 \u00e0 10 volumes d&rsquo;eau.<\/li>\n<li>Avec une Machine \u00e0 polissage : diluez le DAC-120 dans 20 \u00e0 25 volumes d&rsquo;eau.<\/li>\n<\/ul>\n<p><strong>Produits similaires:<\/strong><\/p>\n<ul>\n<li><a href=\"..\/dam-266-decapant-cire-ammoniaque-parfume\/\">DAM-266 \u2013 D\u00e9capant Cire Ammoniaqu\u00e9 Parfum\u00e9<\/a><\/li>\n<li><a href=\"..\/ll-101-decapant-cires-acryliques\/\">LL-IOI \u2013 D\u00e9capant Cires Acryliques<\/a><\/li>\n<li><a href=\"..\/dac-100-decapant-acide\/\">DAC-IOO \u2013 D\u00e9capant Acide<\/a><\/li>\n<\/ul>\n<p>[\/et_pb_text][et_pb_button button_url=\u00a0\u00bbhttps:\/\/teclimquimica.com\/wp-content\/uploads\/2017\/10\/FT-ES-DAC-120.pdf\u00a0\u00bb url_new_window=\u00a0\u00bbon\u00a0\u00bb button_text=\u00a0\u00bbT\u00e9l\u00e9charger la fiche\u00a0\u00bb button_alignment=\u00a0\u00bbcenter\u00a0\u00bb admin_label=\u00a0\u00bbButton\u00a0\u00bb _builder_version=\u00a0\u00bb3.0.101&Prime; custom_button=\u00a0\u00bbon\u00a0\u00bb button_border_radius=\u00a0\u00bb0&Prime; button_use_icon=\u00a0\u00bboff\u00a0\u00bb][\/et_pb_button][et_pb_text admin_label=\u00a0\u00bbText\u00a0\u00bb _builder_version=\u00a0\u00bb3.0.82&Prime; text_font_size=\u00a0\u00bb17&Prime; background_color=\u00a0\u00bb#eeeeee\u00a0\u00bb text_orientation=\u00a0\u00bbcenter\u00a0\u00bb module_alignment=\u00a0\u00bbcenter\u00a0\u00bb custom_padding=\u00a0\u00bb10px||10px|\u00a0\u00bb border_style=\u00a0\u00bbsolid\u00a0\u00bb]<\/p>\n<p style=\"text-align: center;\">Teclim Quimica S.L.<br \/> C\/ Atletismo, 18 08191 RUBI<br \/>T\u00e9l\u00e9phone: +34935887667<\/p>\n<p>[\/et_pb_text][\/et_pb_column][\/et_pb_row][et_pb_row _builder_version=\u00a0\u00bb3.0.47&Prime; background_size=\u00a0\u00bbinitial\u00a0\u00bb background_position=\u00a0\u00bbtop_left\u00a0\u00bb background_repeat=\u00a0\u00bbrepeat\u00a0\u00bb][et_pb_column type=\u00a0\u00bb4_4&Prime; _builder_version=\u00a0\u00bb3.0.47&Prime; parallax=\u00a0\u00bboff\u00a0\u00bb parallax_method=\u00a0\u00bbon\u00a0\u00bb][et_pb_text admin_label=\u00a0\u00bbText\u00a0\u00bb _builder_version=\u00a0\u00bb3.0.82&Prime; module_alignment=\u00a0\u00bbleft\u00a0\u00bb border_style=\u00a0\u00bbsolid\u00a0\u00bb saved_tabs=\u00a0\u00bball\u00a0\u00bb]<\/p>\n<p>Pour d&rsquo;autres applications ou doutes, consultez le d\u00e9partement technique \/ commercial de Teclim Qu\u00edmica. Fiche de s\u00e9curit\u00e9 (MSDS) disponible pour les clients.<\/p>\n<p>[\/et_pb_text][et_pb_text admin_label=\u00a0\u00bbText\u00a0\u00bb _builder_version=\u00a0\u00bb3.0.82&Prime; module_alignment=\u00a0\u00bbleft\u00a0\u00bb border_style=\u00a0\u00bbsolid\u00a0\u00bb saved_tabs=\u00a0\u00bball\u00a0\u00bb]<\/p>\n<h4><strong>Nouvelles connexes:<\/strong><\/h4>\n<hr \/>\n<p>[\/et_pb_text][\/et_pb_column][\/et_pb_row][\/et_pb_section]<\/p>\n","protected":false},"excerpt":{"rendered":"<p>DAC-120 &#8211; D\u00e9tergent Acide \u00a0 Description: Le DAC-120 est un nettoyant \u00e0 l&rsquo;acide fluorhydrique qui, combin\u00e9 \u00e0 ses propri\u00e9t\u00e9s de neutralisation de l&rsquo;efflorescence saline et de la rouille sur les surfaces calcaires, a un fort pouvoir dissolvant de graisses et de r\u00e9sidus de salet\u00e9. M\u00e9thode d\u2019utilisation: Une fois dilu\u00e9, frotter la surface \u00e0 traiter avec [&hellip;]<\/p>\n","protected":false},"author":1,"featured_media":0,"parent":0,"menu_order":0,"comment_status":"closed","ping_status":"closed","template":"","meta":{"_et_pb_use_builder":"on","_et_pb_old_content":"","_et_gb_content_width":"","footnotes":""},"class_list":["post-34664","page","type-page","status-publish","hentry"],"_links":{"self":[{"href":"https:\/\/teclimquimica.com\/fr\/wp-json\/wp\/v2\/pages\/34664","targetHints":{"allow":["GET"]}}],"collection":[{"href":"https:\/\/teclimquimica.com\/fr\/wp-json\/wp\/v2\/pages"}],"about":[{"href":"https:\/\/teclimquimica.com\/fr\/wp-json\/wp\/v2\/types\/page"}],"author":[{"embeddable":true,"href":"https:\/\/teclimquimica.com\/fr\/wp-json\/wp\/v2\/users\/1"}],"replies":[{"embeddable":true,"href":"https:\/\/teclimquimica.com\/fr\/wp-json\/wp\/v2\/comments?post=34664"}],"version-history":[{"count":3,"href":"https:\/\/teclimquimica.com\/fr\/wp-json\/wp\/v2\/pages\/34664\/revisions"}],"predecessor-version":[{"id":35375,"href":"https:\/\/teclimquimica.com\/fr\/wp-json\/wp\/v2\/pages\/34664\/revisions\/35375"}],"wp:attachment":[{"href":"https:\/\/teclimquimica.com\/fr\/wp-json\/wp\/v2\/media?parent=34664"}],"curies":[{"name":"wp","href":"https:\/\/api.w.org\/{rel}","templated":true}]}}