{"id":34670,"date":"2017-09-04T10:22:31","date_gmt":"2017-09-04T10:22:31","guid":{"rendered":"https:\/\/teclimquimica.com\/ll-638-detergente-antiestatico-disipativo\/"},"modified":"2018-02-26T09:37:24","modified_gmt":"2018-02-26T09:37:24","slug":"ll-638-detergent-antistatique-dissipatif","status":"publish","type":"page","link":"https:\/\/teclimquimica.com\/fr\/ll-638-detergent-antistatique-dissipatif\/","title":{"rendered":"LL-638"},"content":{"rendered":"<p>[et_pb_section fb_built=\u00a0\u00bb1&Prime; admin_label=\u00a0\u00bbsection\u00a0\u00bb _builder_version=\u00a0\u00bb3.0.47&Prime;][et_pb_row admin_label=\u00a0\u00bbrow\u00a0\u00bb _builder_version=\u00a0\u00bb3.0.47&Prime; background_size=\u00a0\u00bbinitial\u00a0\u00bb background_position=\u00a0\u00bbtop_left\u00a0\u00bb background_repeat=\u00a0\u00bbrepeat\u00a0\u00bb][et_pb_column type=\u00a0\u00bb4_4&Prime; _builder_version=\u00a0\u00bb3.0.47&Prime; parallax=\u00a0\u00bboff\u00a0\u00bb parallax_method=\u00a0\u00bbon\u00a0\u00bb][et_pb_text admin_label=\u00a0\u00bbText\u00a0\u00bb _builder_version=\u00a0\u00bb3.0.82&Prime; module_alignment=\u00a0\u00bbleft\u00a0\u00bb border_style=\u00a0\u00bbsolid\u00a0\u00bb]<\/p>\n<h1><strong>LL-638 &#8211; D\u00e9tergent Antistatique Dissipatif<\/strong><\/h1>\n<p>\u00a0<\/p>\n<hr \/>\n<p>[\/et_pb_text][\/et_pb_column][\/et_pb_row][et_pb_row admin_label=\u00a0\u00bbrow\u00a0\u00bb _builder_version=\u00a0\u00bb3.0.47&Prime; background_size=\u00a0\u00bbinitial\u00a0\u00bb background_position=\u00a0\u00bbtop_left\u00a0\u00bb background_repeat=\u00a0\u00bbrepeat\u00a0\u00bb][et_pb_column type=\u00a0\u00bb1_2&Prime; _builder_version=\u00a0\u00bb3.0.47&Prime; parallax=\u00a0\u00bboff\u00a0\u00bb parallax_method=\u00a0\u00bbon\u00a0\u00bb][et_pb_text admin_label=\u00a0\u00bbText\u00a0\u00bb _builder_version=\u00a0\u00bb3.0.82&Prime; text_font_size=\u00a0\u00bb17&Prime; module_alignment=\u00a0\u00bbleft\u00a0\u00bb border_style=\u00a0\u00bbsolid\u00a0\u00bb]<\/p>\n<p><strong>Description:<\/strong><\/p>\n<p>Le LL-638 est un nettoyant de sol actif pour nettoyer toutes sortes de surfaces lavables avec des propri\u00e9t\u00e9s antistatiques et des propri\u00e9t\u00e9s dissipatives. \u00c9limine efficacement les charges d&rsquo;\u00e9nergie statique, rendant la surface conductrice une fois appliqu\u00e9.<\/p>\n<p><strong>M\u00e9thode d\u2019utilisation:<\/strong><\/p>\n<p>Manuel avec serpill\u00e8re ou chiffon Il peut \u00eatre pulv\u00e9ris\u00e9 sur un tapis avec un pulv\u00e9risateur.<\/p>\n<p><strong>Surfaces et utilisations:<\/strong><\/p>\n<p>Nettoyage de tous les types de surfaces lavables. Applicable sur les planchers vitrifi\u00e9s et cir\u00e9s. Indiqu\u00e9 \u00e9galement pour les surfaces d\u00e9licates telles que le gr\u00e8s, la c\u00e9ramique, etc. Il peut \u00eatre appliqu\u00e9 sur des tapis ou des m\u00e9thacrylates pour \u00e9viter les charges statiques.<\/p>\n<p>[\/et_pb_text][\/et_pb_column][et_pb_column type=\u00a0\u00bb1_2&Prime; _builder_version=\u00a0\u00bb3.0.47&Prime; parallax=\u00a0\u00bboff\u00a0\u00bb parallax_method=\u00a0\u00bbon\u00a0\u00bb][et_pb_text admin_label=\u00a0\u00bbText\u00a0\u00bb _builder_version=\u00a0\u00bb3.0.82&Prime; text_font_size=\u00a0\u00bb17&Prime; module_alignment=\u00a0\u00bbleft\u00a0\u00bb border_style=\u00a0\u00bbsolid\u00a0\u00bb]<\/p>\n<p><strong>Doses recommand\u00e9es:<\/strong><\/p>\n<ul>\n<li>Pour nettoyer les surfaces dures, diluer 1 volume de produit avec 20 d&rsquo;eau (5%).<\/li>\n<li>Pour nettoyer avec un chiffon diluer 1 volume pour 10 d&rsquo;eau (10%).<\/li>\n<li>Pour pulv\u00e9riser sur un tapis, utilisez le produit pur (100%).<\/li>\n<\/ul>\n<p><strong>Produits similaires:<\/strong><\/p>\n<ul>\n<li><a href=\"..\/ll-639-detergent-dissipatif-antistatique-a-mousse-controlee\/\">LL-639 \u2013 D\u00e9tergent Dissipatif Antistatique \u00e0 Mousse Contr\u00f4l\u00e9e<\/a><\/li>\n<\/ul>\n<p>[\/et_pb_text][et_pb_button button_url=\u00a0\u00bbhttps:\/\/teclimquimica.com\/wp-content\/uploads\/2017\/10\/FT-ES-LL-638.pdf\u00a0\u00bb url_new_window=\u00a0\u00bbon\u00a0\u00bb button_text=\u00a0\u00bbT\u00e9l\u00e9charger la fiche\u00a0\u00bb button_alignment=\u00a0\u00bbcenter\u00a0\u00bb admin_label=\u00a0\u00bbButton\u00a0\u00bb _builder_version=\u00a0\u00bb3.0.101&Prime; custom_button=\u00a0\u00bbon\u00a0\u00bb button_border_radius=\u00a0\u00bb0&Prime; button_use_icon=\u00a0\u00bboff\u00a0\u00bb][\/et_pb_button][et_pb_text admin_label=\u00a0\u00bbText\u00a0\u00bb _builder_version=\u00a0\u00bb3.0.101&Prime; text_font_size=\u00a0\u00bb17&Prime; background_color=\u00a0\u00bb#eeeeee\u00a0\u00bb text_orientation=\u00a0\u00bbcenter\u00a0\u00bb module_alignment=\u00a0\u00bbcenter\u00a0\u00bb custom_padding=\u00a0\u00bb10px||10px|\u00a0\u00bb border_style=\u00a0\u00bbsolid\u00a0\u00bb]Teclim Quimica S.L.<br \/>\nC\/ Atletismo, 18 08191 RUBI<br \/>\nT\u00e9l\u00e9phone: +34935887667[\/et_pb_text][\/et_pb_column][\/et_pb_row][et_pb_row _builder_version=\u00a0\u00bb3.0.47&Prime; background_size=\u00a0\u00bbinitial\u00a0\u00bb background_position=\u00a0\u00bbtop_left\u00a0\u00bb background_repeat=\u00a0\u00bbrepeat\u00a0\u00bb][et_pb_column type=\u00a0\u00bb4_4&Prime; _builder_version=\u00a0\u00bb3.0.47&Prime; parallax=\u00a0\u00bboff\u00a0\u00bb parallax_method=\u00a0\u00bbon\u00a0\u00bb][et_pb_text admin_label=\u00a0\u00bbText\u00a0\u00bb _builder_version=\u00a0\u00bb3.0.101&Prime; text_font_size=\u00a0\u00bb17&Prime; module_alignment=\u00a0\u00bbleft\u00a0\u00bb border_style=\u00a0\u00bbsolid\u00a0\u00bb saved_tabs=\u00a0\u00bball\u00a0\u00bb]Pour d&rsquo;autres applications ou doutes, consultez le d\u00e9partement technique \/ commercial de Teclim Qu\u00edmica. Fiche de s\u00e9curit\u00e9 (MSDS) disponible pour les clients.[\/et_pb_text][et_pb_text admin_label=\u00a0\u00bbText\u00a0\u00bb _builder_version=\u00a0\u00bb3.0.82&Prime; module_alignment=\u00a0\u00bbleft\u00a0\u00bb border_style=\u00a0\u00bbsolid\u00a0\u00bb]<\/p>\n<h4><strong>Nouvelles connexes:<\/strong><\/h4>\n<hr \/>\n<p>[\/et_pb_text][et_pb_blog fullwidth=\u00a0\u00bboff\u00a0\u00bb posts_number=\u00a0\u00bb6&Prime; include_categories=\u00a0\u00bb33&Prime; show_comments=\u00a0\u00bbon\u00a0\u00bb offset_number=\u00a0\u00bb0&Prime; _builder_version=\u00a0\u00bb3.0.82&Prime; pagination_font_size_tablet=\u00a0\u00bb51&Prime; pagination_line_height_tablet=\u00a0\u00bb2&Prime; border_style=\u00a0\u00bbsolid\u00a0\u00bb use_dropshadow=\u00a0\u00bboff\u00a0\u00bb][\/et_pb_blog][\/et_pb_column][\/et_pb_row][\/et_pb_section]<\/p>\n","protected":false},"excerpt":{"rendered":"<p>LL-638 &#8211; D\u00e9tergent Antistatique Dissipatif \u00a0 Description: Le LL-638 est un nettoyant de sol actif pour nettoyer toutes sortes de surfaces lavables avec des propri\u00e9t\u00e9s antistatiques et des propri\u00e9t\u00e9s dissipatives. \u00c9limine efficacement les charges d&rsquo;\u00e9nergie statique, rendant la surface conductrice une fois appliqu\u00e9. M\u00e9thode d\u2019utilisation: Manuel avec serpill\u00e8re ou chiffon Il peut \u00eatre pulv\u00e9ris\u00e9 sur [&hellip;]<\/p>\n","protected":false},"author":1,"featured_media":0,"parent":0,"menu_order":0,"comment_status":"closed","ping_status":"closed","template":"","meta":{"_et_pb_use_builder":"on","_et_pb_old_content":"","_et_gb_content_width":"","footnotes":""},"class_list":["post-34670","page","type-page","status-publish","hentry"],"_links":{"self":[{"href":"https:\/\/teclimquimica.com\/fr\/wp-json\/wp\/v2\/pages\/34670","targetHints":{"allow":["GET"]}}],"collection":[{"href":"https:\/\/teclimquimica.com\/fr\/wp-json\/wp\/v2\/pages"}],"about":[{"href":"https:\/\/teclimquimica.com\/fr\/wp-json\/wp\/v2\/types\/page"}],"author":[{"embeddable":true,"href":"https:\/\/teclimquimica.com\/fr\/wp-json\/wp\/v2\/users\/1"}],"replies":[{"embeddable":true,"href":"https:\/\/teclimquimica.com\/fr\/wp-json\/wp\/v2\/comments?post=34670"}],"version-history":[{"count":3,"href":"https:\/\/teclimquimica.com\/fr\/wp-json\/wp\/v2\/pages\/34670\/revisions"}],"predecessor-version":[{"id":35380,"href":"https:\/\/teclimquimica.com\/fr\/wp-json\/wp\/v2\/pages\/34670\/revisions\/35380"}],"wp:attachment":[{"href":"https:\/\/teclimquimica.com\/fr\/wp-json\/wp\/v2\/media?parent=34670"}],"curies":[{"name":"wp","href":"https:\/\/api.w.org\/{rel}","templated":true}]}}