{"id":34690,"date":"2017-07-11T15:17:38","date_gmt":"2017-07-11T15:17:38","guid":{"rendered":"https:\/\/teclimquimica.com\/ll-465c-detergente-desengrasante-concentrado\/"},"modified":"2018-02-26T09:40:25","modified_gmt":"2018-02-26T09:40:25","slug":"ll-465c-detergent-degraissant-concentre","status":"publish","type":"page","link":"https:\/\/teclimquimica.com\/fr\/ll-465c-detergent-degraissant-concentre\/","title":{"rendered":"LL\u2013465C"},"content":{"rendered":"<p>[et_pb_section fb_built=\u00a0\u00bb1&Prime; admin_label=\u00a0\u00bbsection\u00a0\u00bb _builder_version=\u00a0\u00bb3.0.47&Prime;][et_pb_row admin_label=\u00a0\u00bbrow\u00a0\u00bb _builder_version=\u00a0\u00bb3.0.47&Prime; background_size=\u00a0\u00bbinitial\u00a0\u00bb background_position=\u00a0\u00bbtop_left\u00a0\u00bb background_repeat=\u00a0\u00bbrepeat\u00a0\u00bb][et_pb_column type=\u00a0\u00bb4_4&Prime; _builder_version=\u00a0\u00bb3.0.47&Prime; parallax=\u00a0\u00bboff\u00a0\u00bb parallax_method=\u00a0\u00bbon\u00a0\u00bb][et_pb_text admin_label=\u00a0\u00bbText\u00a0\u00bb _builder_version=\u00a0\u00bb3.0.97&Prime;]<\/p>\n<h1><strong>LL-465C &#8211;\u00a0<\/strong><span color=\"#333333\" style=\"color: #333333;\"><span face=\"Helvetica, serif\" style=\"font-family: Helvetica, serif;\"><span size=\"6\" style=\"font-size: xx-large;\"><span lang=\"fr-FR\"><b>D\u00e9tergent D\u00e9graissant Concentr\u00e9<\/b><\/span><\/span><\/span><\/span><\/h1>\n<hr \/>\n<p>[\/et_pb_text][\/et_pb_column][\/et_pb_row][et_pb_row admin_label=\u00a0\u00bbrow\u00a0\u00bb _builder_version=\u00a0\u00bb3.0.101&Prime; background_size=\u00a0\u00bbinitial\u00a0\u00bb background_position=\u00a0\u00bbtop_left\u00a0\u00bb background_repeat=\u00a0\u00bbrepeat\u00a0\u00bb][et_pb_column type=\u00a0\u00bb1_2&Prime; _builder_version=\u00a0\u00bb3.0.47&Prime; parallax=\u00a0\u00bboff\u00a0\u00bb parallax_method=\u00a0\u00bbon\u00a0\u00bb][et_pb_text admin_label=\u00a0\u00bbText\u00a0\u00bb _builder_version=\u00a0\u00bb3.0.97&Prime; text_font_size=\u00a0\u00bb17&Prime;]<\/p>\n<p><strong>Description:<\/strong><\/p>\n<p>Le LL-465C est un d\u00e9tergent d\u00e9graissant concentr\u00e9 qui \u00e9limine les taches graisseuses les plus tenaces. Il est applicable \u00e0 tout type de surface, m\u00eame trait\u00e9e avec des cires ou des sols d\u00e9licats. Sp\u00e9cial pour les aspi-laveuses automatiques.<\/p>\n<p><strong>M\u00e9thode d\u2019utilisation:<\/strong><\/p>\n<p>Diluer le produit aux doses appropri\u00e9es et l&rsquo;appliquer soit par frottement ou avec des aspi-laveuses automatiques.<\/p>\n<p><strong>Surfaces et utilisations:<\/strong><\/p>\n<p>Applicable \u00e0 tout type de surface, m\u00eame trait\u00e9e avec des cires ou les sols d\u00e9licats. Sp\u00e9cial pour les aspi-laveuses automatiques.<\/p>\n<p>[\/et_pb_text][\/et_pb_column][et_pb_column type=\u00a0\u00bb1_2&Prime; _builder_version=\u00a0\u00bb3.0.47&Prime; parallax=\u00a0\u00bboff\u00a0\u00bb parallax_method=\u00a0\u00bbon\u00a0\u00bb][et_pb_text admin_label=\u00a0\u00bbText\u00a0\u00bb _builder_version=\u00a0\u00bb3.0.97&Prime; text_font_size=\u00a0\u00bb17&Prime;]<\/p>\n<p><strong>Doses recommand\u00e9es:<\/strong><\/p>\n<ul>\n<li>Appliquer selon le degr\u00e9 de salet\u00e9 dans un rapport de 1 : 400 \u00e0 0,5 : 400<\/li>\n<\/ul>\n<p><strong>Produits similaires:<\/strong><\/p>\n<ul>\n<li><a href=\"..\/ll-38-degraissant-sols\/\">LL-38 \u2013 D\u00e9graissant Sols<\/a><\/li>\n<li><a href=\"..\/dfd-200-detergent-degraissant\/\">DFD-200 \u2013 D\u00e9tergent D\u00e9graissant<\/a><\/li>\n<\/ul>\n<p>[\/et_pb_text][et_pb_button button_url=\u00a0\u00bbhttps:\/\/teclimquimica.com\/wp-content\/uploads\/2018\/01\/FT-ES-LL-465C.pdf\u00a0\u00bb url_new_window=\u00a0\u00bbon\u00a0\u00bb button_text=\u00a0\u00bbT\u00e9l\u00e9charger la fiche\u00a0\u00bb button_alignment=\u00a0\u00bbcenter\u00a0\u00bb admin_label=\u00a0\u00bbButton\u00a0\u00bb _builder_version=\u00a0\u00bb3.0.101&Prime; custom_button=\u00a0\u00bbon\u00a0\u00bb button_border_radius=\u00a0\u00bb0&Prime; button_use_icon=\u00a0\u00bboff\u00a0\u00bb][\/et_pb_button][et_pb_text admin_label=\u00a0\u00bbText\u00a0\u00bb _builder_version=\u00a0\u00bb3.0.97&Prime; text_font_size=\u00a0\u00bb17&Prime; background_color=\u00a0\u00bb#eeeeee\u00a0\u00bb text_orientation=\u00a0\u00bbcenter\u00a0\u00bb module_alignment=\u00a0\u00bbcenter\u00a0\u00bb custom_padding=\u00a0\u00bb10px||10px|\u00a0\u00bb]<\/p>\n<p>Teclim Quimica S.L.<br \/> C\/ Atletismo, 18 08191 RUBI<br \/>T\u00e9l\u00e9phone: +34935887667<\/p>\n<p>[\/et_pb_text][\/et_pb_column][\/et_pb_row][et_pb_row admin_label=\u00a0\u00bbrow\u00a0\u00bb _builder_version=\u00a0\u00bb3.0.47&Prime; background_size=\u00a0\u00bbinitial\u00a0\u00bb background_position=\u00a0\u00bbtop_left\u00a0\u00bb background_repeat=\u00a0\u00bbrepeat\u00a0\u00bb][et_pb_column type=\u00a0\u00bb4_4&Prime; _builder_version=\u00a0\u00bb3.0.47&Prime; parallax=\u00a0\u00bboff\u00a0\u00bb parallax_method=\u00a0\u00bbon\u00a0\u00bb][et_pb_text admin_label=\u00a0\u00bbText\u00a0\u00bb _builder_version=\u00a0\u00bb3.0.97&Prime;]<\/p>\n<p>Pour d&rsquo;autres applications ou doutes, consultez le d\u00e9partement technique \/ commercial de Teclim Qu\u00edmica. Fiche de s\u00e9curit\u00e9 (MSDS) disponible pour les clients.<\/p>\n<p>[\/et_pb_text][et_pb_text admin_label=\u00a0\u00bbText\u00a0\u00bb _builder_version=\u00a0\u00bb3.0.97&Prime;]<\/p>\n<h4><strong>Nouvelles connexes<\/strong><\/h4>\n<hr \/>\n<p>[\/et_pb_text][et_pb_blog fullwidth=\u00a0\u00bboff\u00a0\u00bb posts_number=\u00a0\u00bb6&Prime; include_categories=\u00a0\u00bb40&Prime; show_comments=\u00a0\u00bbon\u00a0\u00bb offset_number=\u00a0\u00bb0&Prime; _builder_version=\u00a0\u00bb3.0.97&Prime; pagination_font_size_tablet=\u00a0\u00bb51&Prime; pagination_line_height_tablet=\u00a0\u00bb2&Prime; use_dropshadow=\u00a0\u00bboff\u00a0\u00bb][\/et_pb_blog][\/et_pb_column][\/et_pb_row][\/et_pb_section]<\/p>\n","protected":false},"excerpt":{"rendered":"<p>LL-465C &#8211;\u00a0D\u00e9tergent D\u00e9graissant Concentr\u00e9 Description: Le LL-465C est un d\u00e9tergent d\u00e9graissant concentr\u00e9 qui \u00e9limine les taches graisseuses les plus tenaces. Il est applicable \u00e0 tout type de surface, m\u00eame trait\u00e9e avec des cires ou des sols d\u00e9licats. Sp\u00e9cial pour les aspi-laveuses automatiques. M\u00e9thode d\u2019utilisation: Diluer le produit aux doses appropri\u00e9es et l&rsquo;appliquer soit par frottement [&hellip;]<\/p>\n","protected":false},"author":1,"featured_media":0,"parent":0,"menu_order":0,"comment_status":"closed","ping_status":"closed","template":"","meta":{"_et_pb_use_builder":"on","_et_pb_old_content":"","_et_gb_content_width":"","footnotes":""},"class_list":["post-34690","page","type-page","status-publish","hentry"],"_links":{"self":[{"href":"https:\/\/teclimquimica.com\/fr\/wp-json\/wp\/v2\/pages\/34690","targetHints":{"allow":["GET"]}}],"collection":[{"href":"https:\/\/teclimquimica.com\/fr\/wp-json\/wp\/v2\/pages"}],"about":[{"href":"https:\/\/teclimquimica.com\/fr\/wp-json\/wp\/v2\/types\/page"}],"author":[{"embeddable":true,"href":"https:\/\/teclimquimica.com\/fr\/wp-json\/wp\/v2\/users\/1"}],"replies":[{"embeddable":true,"href":"https:\/\/teclimquimica.com\/fr\/wp-json\/wp\/v2\/comments?post=34690"}],"version-history":[{"count":4,"href":"https:\/\/teclimquimica.com\/fr\/wp-json\/wp\/v2\/pages\/34690\/revisions"}],"predecessor-version":[{"id":35385,"href":"https:\/\/teclimquimica.com\/fr\/wp-json\/wp\/v2\/pages\/34690\/revisions\/35385"}],"wp:attachment":[{"href":"https:\/\/teclimquimica.com\/fr\/wp-json\/wp\/v2\/media?parent=34690"}],"curies":[{"name":"wp","href":"https:\/\/api.w.org\/{rel}","templated":true}]}}