{"id":34695,"date":"2017-07-12T13:52:20","date_gmt":"2017-07-12T13:52:20","guid":{"rendered":"https:\/\/teclimquimica.com\/dfd-200-detergente-desengrasante\/"},"modified":"2018-02-26T09:41:01","modified_gmt":"2018-02-26T09:41:01","slug":"dfd-200-detergent-degraissant","status":"publish","type":"page","link":"https:\/\/teclimquimica.com\/fr\/dfd-200-detergent-degraissant\/","title":{"rendered":"DFD-200"},"content":{"rendered":"<p>[et_pb_section fb_built=\u00a0\u00bb1&Prime; admin_label=\u00a0\u00bbsection\u00a0\u00bb _builder_version=\u00a0\u00bb3.0.47&Prime;][et_pb_row admin_label=\u00a0\u00bbrow\u00a0\u00bb _builder_version=\u00a0\u00bb3.0.47&Prime; background_size=\u00a0\u00bbinitial\u00a0\u00bb background_position=\u00a0\u00bbtop_left\u00a0\u00bb background_repeat=\u00a0\u00bbrepeat\u00a0\u00bb][et_pb_column type=\u00a0\u00bb4_4&Prime; _builder_version=\u00a0\u00bb3.0.47&Prime; parallax=\u00a0\u00bboff\u00a0\u00bb parallax_method=\u00a0\u00bbon\u00a0\u00bb][et_pb_text admin_label=\u00a0\u00bbText\u00a0\u00bb _builder_version=\u00a0\u00bb3.0.101&Prime;]<\/p>\n<h1><strong>DFD-200 &#8211; D\u00e9tergent D\u00e9graissant<\/strong><\/h1>\n<hr \/>\n<p>[\/et_pb_text][\/et_pb_column][\/et_pb_row][et_pb_row admin_label=\u00a0\u00bbrow\u00a0\u00bb _builder_version=\u00a0\u00bb3.0.47&Prime; background_size=\u00a0\u00bbinitial\u00a0\u00bb background_position=\u00a0\u00bbtop_left\u00a0\u00bb background_repeat=\u00a0\u00bbrepeat\u00a0\u00bb][et_pb_column type=\u00a0\u00bb1_2&Prime; _builder_version=\u00a0\u00bb3.0.47&Prime; parallax=\u00a0\u00bboff\u00a0\u00bb parallax_method=\u00a0\u00bbon\u00a0\u00bb][et_pb_text admin_label=\u00a0\u00bbText\u00a0\u00bb _builder_version=\u00a0\u00bb3.0.97&Prime; text_font_size=\u00a0\u00bb17&Prime;]<\/p>\n<p><strong>Description:<\/strong><\/p>\n<p>Le DFD-200 est un d\u00e9tergent tr\u00e8s d\u00e9graissant et concentr\u00e9 pour des applications multiples dans le nettoyage de surfaces avec de la graisse, de l&rsquo;encre, de la peinture, etc., utile pour enlever la salet\u00e9 des fours et po\u00eales, extracteurs, machines, automobiles et camions. Ainsi que l&rsquo;\u00e9limination de graisse et de cire dans les sols.<\/p>\n<p><strong>M\u00e9thode d\u2019utilisation:<\/strong><\/p>\n<p>Diluer le produit aux doses appropri\u00e9es et l&rsquo;appliquer soit en frottant avec une brosse en fibres synth\u00e9tiques, en mouillant les parties \u00e0 traiter ou en lavant sous pression. Apr\u00e8s quelques minutes, rincer \u00e0 l&rsquo;eau en faisant glisser la salet\u00e9.<\/p>\n<p><strong>Surfaces et utilisations:<\/strong><\/p>\n<p>Nettoyage des surfaces avec de la graisse, de l&rsquo;encre, de la peinture, etc., utile pour enlever la salet\u00e9 des fours et po\u00eales, extracteurs, machines, voitures et camions, ainsi que la graisse de d\u00e9capage et la cire dans les sols.<\/p>\n<p>[\/et_pb_text][\/et_pb_column][et_pb_column type=\u00a0\u00bb1_2&Prime; _builder_version=\u00a0\u00bb3.0.47&Prime; parallax=\u00a0\u00bboff\u00a0\u00bb parallax_method=\u00a0\u00bbon\u00a0\u00bb][et_pb_text admin_label=\u00a0\u00bbText\u00a0\u00bb _builder_version=\u00a0\u00bb3.0.97&Prime; text_font_size=\u00a0\u00bb17&Prime;]<\/p>\n<p><strong>Doses recommand\u00e9es:<\/strong><\/p>\n<ul>\n<li>Elimination d\u2019encres, de peintures, etc. \u2013 Utiliser le concentr\u00e9 directement.<\/li>\n<li>Nettoyage des huiles lubrifiantes &#8211; 1 volume de produit pour 1 volume d&rsquo;eau<\/li>\n<li>D\u00e9capage des cires \u2013 1 volume de produit pour 2 volumes d&rsquo;eau<\/li>\n<li>D\u00e9graissant g\u00e9n\u00e9ral \u2013 1 volume de produit pour 3 volumes d\u2019eau<\/li>\n<li>Lavage sous pression \u2013 1 volume de produit pour 5-10 volumes d\u2019eau<\/li>\n<li>Nettoyage g\u00e9n\u00e9ral \u2013 1 volume de produit pour 20 volumes d\u2019eau<\/li>\n<\/ul>\n<p><strong>Produits similaires:<\/strong><\/p>\n<ul>\n<li><a href=\"%20http:\/teclimquimica.com\/fr\/ll-38-degraissant-sols\/\">LL-38 \u2013 D\u00e9graissant Sols<\/a><\/li>\n<li><a href=\"..\/ll-465c-detergent-degraissant-concentre\/\">LL-465C \u2013 D\u00e9tergent D\u00e9graissant Concentr\u00e9<\/a><\/li>\n<\/ul>\n<p>[\/et_pb_text][et_pb_button button_url=\u00a0\u00bbhttps:\/\/teclimquimica.com\/wp-content\/uploads\/2018\/01\/FT-ES-DFD-200.pdf\u00a0\u00bb url_new_window=\u00a0\u00bbon\u00a0\u00bb button_text=\u00a0\u00bbT\u00e9l\u00e9charger la fiche\u00a0\u00bb button_alignment=\u00a0\u00bbcenter\u00a0\u00bb admin_label=\u00a0\u00bbButton\u00a0\u00bb _builder_version=\u00a0\u00bb3.0.101&Prime; custom_button=\u00a0\u00bbon\u00a0\u00bb button_border_radius=\u00a0\u00bb0&Prime; button_use_icon=\u00a0\u00bboff\u00a0\u00bb][\/et_pb_button][et_pb_text admin_label=\u00a0\u00bbText\u00a0\u00bb _builder_version=\u00a0\u00bb3.0.97&Prime; text_font_size=\u00a0\u00bb17&Prime; background_color=\u00a0\u00bb#eeeeee\u00a0\u00bb text_orientation=\u00a0\u00bbcenter\u00a0\u00bb module_alignment=\u00a0\u00bbcenter\u00a0\u00bb custom_padding=\u00a0\u00bb10px||10px|\u00a0\u00bb]<\/p>\n<p>Teclim Quimica S.L.<br \/> C\/ Atletismo, 18 08191 RUBI<br \/>T\u00e9l\u00e9phone: +34935887667<\/p>\n<p>[\/et_pb_text][\/et_pb_column][\/et_pb_row][et_pb_row _builder_version=\u00a0\u00bb3.0.47&Prime; background_size=\u00a0\u00bbinitial\u00a0\u00bb background_position=\u00a0\u00bbtop_left\u00a0\u00bb background_repeat=\u00a0\u00bbrepeat\u00a0\u00bb][et_pb_column type=\u00a0\u00bb4_4&Prime; _builder_version=\u00a0\u00bb3.0.47&Prime; parallax=\u00a0\u00bboff\u00a0\u00bb parallax_method=\u00a0\u00bbon\u00a0\u00bb][et_pb_text _builder_version=\u00a0\u00bb3.0.97&Prime;]<\/p>\n<p>Pour d&rsquo;autres applications ou doutes, consultez le d\u00e9partement technique \/ commercial de Teclim Qu\u00edmica. Fiche de s\u00e9curit\u00e9 (MSDS) disponible pour les clients.<\/p>\n<p>[\/et_pb_text][et_pb_text _builder_version=\u00a0\u00bb3.0.97&Prime;]<\/p>\n<h4><strong>Nouvelles connexes:<\/strong><\/h4>\n<hr \/>\n<p>[\/et_pb_text][et_pb_blog fullwidth=\u00a0\u00bboff\u00a0\u00bb posts_number=\u00a0\u00bb6&Prime; include_categories=\u00a0\u00bb40&Prime; show_comments=\u00a0\u00bbon\u00a0\u00bb offset_number=\u00a0\u00bb0&Prime; _builder_version=\u00a0\u00bb3.0.97&Prime; pagination_font_size_tablet=\u00a0\u00bb51&Prime; pagination_line_height_tablet=\u00a0\u00bb2&Prime;][\/et_pb_blog][\/et_pb_column][\/et_pb_row][\/et_pb_section]<\/p>\n","protected":false},"excerpt":{"rendered":"<p>DFD-200 &#8211; D\u00e9tergent D\u00e9graissant Description: Le DFD-200 est un d\u00e9tergent tr\u00e8s d\u00e9graissant et concentr\u00e9 pour des applications multiples dans le nettoyage de surfaces avec de la graisse, de l&rsquo;encre, de la peinture, etc., utile pour enlever la salet\u00e9 des fours et po\u00eales, extracteurs, machines, automobiles et camions. Ainsi que l&rsquo;\u00e9limination de graisse et de cire [&hellip;]<\/p>\n","protected":false},"author":1,"featured_media":0,"parent":0,"menu_order":0,"comment_status":"closed","ping_status":"closed","template":"","meta":{"_et_pb_use_builder":"on","_et_pb_old_content":"","_et_gb_content_width":"","footnotes":""},"class_list":["post-34695","page","type-page","status-publish","hentry"],"_links":{"self":[{"href":"https:\/\/teclimquimica.com\/fr\/wp-json\/wp\/v2\/pages\/34695","targetHints":{"allow":["GET"]}}],"collection":[{"href":"https:\/\/teclimquimica.com\/fr\/wp-json\/wp\/v2\/pages"}],"about":[{"href":"https:\/\/teclimquimica.com\/fr\/wp-json\/wp\/v2\/types\/page"}],"author":[{"embeddable":true,"href":"https:\/\/teclimquimica.com\/fr\/wp-json\/wp\/v2\/users\/1"}],"replies":[{"embeddable":true,"href":"https:\/\/teclimquimica.com\/fr\/wp-json\/wp\/v2\/comments?post=34695"}],"version-history":[{"count":3,"href":"https:\/\/teclimquimica.com\/fr\/wp-json\/wp\/v2\/pages\/34695\/revisions"}],"predecessor-version":[{"id":35387,"href":"https:\/\/teclimquimica.com\/fr\/wp-json\/wp\/v2\/pages\/34695\/revisions\/35387"}],"wp:attachment":[{"href":"https:\/\/teclimquimica.com\/fr\/wp-json\/wp\/v2\/media?parent=34695"}],"curies":[{"name":"wp","href":"https:\/\/api.w.org\/{rel}","templated":true}]}}