{"id":34700,"date":"2017-07-12T14:02:04","date_gmt":"2017-07-12T14:02:04","guid":{"rendered":"https:\/\/teclimquimica.com\/ll-10-desincrustante-w-c-final-de-obras\/"},"modified":"2018-02-26T09:42:53","modified_gmt":"2018-02-26T09:42:53","slug":"ll-10-desincrustant-w-c-fin-de-travaux","status":"publish","type":"page","link":"https:\/\/teclimquimica.com\/fr\/ll-10-desincrustant-w-c-fin-de-travaux\/","title":{"rendered":"LL\u201310"},"content":{"rendered":"<p>[et_pb_section fb_built=\u00a0\u00bb1&Prime; admin_label=\u00a0\u00bbsection\u00a0\u00bb _builder_version=\u00a0\u00bb3.0.47&Prime;][et_pb_row admin_label=\u00a0\u00bbrow\u00a0\u00bb _builder_version=\u00a0\u00bb3.0.47&Prime; background_size=\u00a0\u00bbinitial\u00a0\u00bb background_position=\u00a0\u00bbtop_left\u00a0\u00bb background_repeat=\u00a0\u00bbrepeat\u00a0\u00bb][et_pb_column type=\u00a0\u00bb4_4&Prime; _builder_version=\u00a0\u00bb3.0.47&Prime; parallax=\u00a0\u00bboff\u00a0\u00bb parallax_method=\u00a0\u00bbon\u00a0\u00bb][et_pb_text admin_label=\u00a0\u00bbText\u00a0\u00bb _builder_version=\u00a0\u00bb3.0.97&Prime;]<\/p>\n<h1><strong>LL\u201310 &#8211; D\u00e9sincrustant W.C. fin de travaux<\/strong><\/h1>\n<hr \/>\n<p>[\/et_pb_text][\/et_pb_column][\/et_pb_row][et_pb_row admin_label=\u00a0\u00bbrow\u00a0\u00bb _builder_version=\u00a0\u00bb3.0.101&Prime; background_size=\u00a0\u00bbinitial\u00a0\u00bb background_position=\u00a0\u00bbtop_left\u00a0\u00bb background_repeat=\u00a0\u00bbrepeat\u00a0\u00bb][et_pb_column type=\u00a0\u00bb1_2&Prime; _builder_version=\u00a0\u00bb3.0.47&Prime; parallax=\u00a0\u00bboff\u00a0\u00bb parallax_method=\u00a0\u00bbon\u00a0\u00bb][et_pb_text admin_label=\u00a0\u00bbText\u00a0\u00bb _builder_version=\u00a0\u00bb3.0.97&Prime; text_font_size=\u00a0\u00bb17&Prime;]<\/p>\n<p><strong>Description:<\/strong><\/p>\n<p>Le LL-10 est un d\u00e9tartrant acide adapt\u00e9 pour un nettoyage et une hygi\u00e9nisation parfaite sans d\u00e9gager d\u2019odeurs g\u00eanantes et avec un inhibiteur de corrosion. Id\u00e9al pour le nettoyage final des travaux et tout autre ciment. D\u00e9tartrant puissant pour W.C. sales.<\/p>\n<p><strong>M\u00e9thode d\u2019utilisation:<\/strong><\/p>\n<ul>\n<li>Il est appliqu\u00e9 dilu\u00e9 avec de l&rsquo;eau et rinc\u00e9 par la suite.<\/li>\n<li>Pour nettoyer le W.C., appliquez le produit et laissez agir pendant quelques minutes, puis rincez en tirant la chasse<\/li>\n<\/ul>\n<p><strong>Surfaces et utilisations:<\/strong><\/p>\n<p>Appliquer pour enlever les r\u00e9sidus de ciment ou pour nettoyer et d\u00e9sinfecter les toilettes. D\u00e9sincruste les d\u00e9p\u00f4ts facilement.<\/p>\n<p>[\/et_pb_text][\/et_pb_column][et_pb_column type=\u00a0\u00bb1_2&Prime; _builder_version=\u00a0\u00bb3.0.47&Prime; parallax=\u00a0\u00bboff\u00a0\u00bb parallax_method=\u00a0\u00bbon\u00a0\u00bb][et_pb_text admin_label=\u00a0\u00bbText\u00a0\u00bb _builder_version=\u00a0\u00bb3.0.97&Prime; text_font_size=\u00a0\u00bb17&Prime;]<\/p>\n<p><strong>Doses recommand\u00e9es:<\/strong><\/p>\n<ul>\n<li>\u00c0 la fin des travaux, diluer dans un rapport de 1 : 2 \u00e0 1 :10 selon les besoins, puis rincer \u00e0 l&rsquo;eau.<\/li>\n<li>Pour W.C. Appliquer directement dans les toilettes<\/li>\n<\/ul>\n<p><strong>Produits similaires:<\/strong><\/p>\n<ul>\n<li><a href=\"..\/dac-120-detergent-acide44\/\">DAC-120 \u2013 D\u00e9tergent Acide<\/a><\/li>\n<\/ul>\n<p>[\/et_pb_text][et_pb_button button_url=\u00a0\u00bbhttps:\/\/teclimquimica.com\/wp-content\/uploads\/2018\/01\/FT-ES-LL-10.pdf\u00a0\u00bb url_new_window=\u00a0\u00bbon\u00a0\u00bb button_text=\u00a0\u00bbT\u00e9l\u00e9charger la fiche\u00a0\u00bb button_alignment=\u00a0\u00bbcenter\u00a0\u00bb admin_label=\u00a0\u00bbButton\u00a0\u00bb _builder_version=\u00a0\u00bb3.0.101&Prime; custom_button=\u00a0\u00bbon\u00a0\u00bb button_border_radius=\u00a0\u00bb0&Prime; button_use_icon=\u00a0\u00bboff\u00a0\u00bb][\/et_pb_button][et_pb_text admin_label=\u00a0\u00bbText\u00a0\u00bb _builder_version=\u00a0\u00bb3.0.97&Prime; text_font_size=\u00a0\u00bb17&Prime; background_color=\u00a0\u00bb#eeeeee\u00a0\u00bb text_orientation=\u00a0\u00bbcenter\u00a0\u00bb module_alignment=\u00a0\u00bbcenter\u00a0\u00bb custom_padding=\u00a0\u00bb10px||10px|\u00a0\u00bb]<\/p>\n<p>Teclim Quimica S.L.<br \/> C\/ Atletismo, 18 08191 RUBI<br \/>T\u00e9l\u00e9phone: +34935887667<\/p>\n<p>[\/et_pb_text][\/et_pb_column][\/et_pb_row][et_pb_row _builder_version=\u00a0\u00bb3.0.47&Prime; background_size=\u00a0\u00bbinitial\u00a0\u00bb background_position=\u00a0\u00bbtop_left\u00a0\u00bb background_repeat=\u00a0\u00bbrepeat\u00a0\u00bb][et_pb_column type=\u00a0\u00bb4_4&Prime; _builder_version=\u00a0\u00bb3.0.47&Prime; parallax=\u00a0\u00bboff\u00a0\u00bb parallax_method=\u00a0\u00bbon\u00a0\u00bb][et_pb_text _builder_version=\u00a0\u00bb3.0.97&Prime;]<\/p>\n<p>Pour d&rsquo;autres applications ou doutes, consultez le d\u00e9partement technique \/ commercial de Teclim Qu\u00edmica. Fiche de s\u00e9curit\u00e9 (MSDS) disponible pour les clients.<\/p>\n<p>[\/et_pb_text][et_pb_text _builder_version=\u00a0\u00bb3.0.97&Prime;]<\/p>\n<h4><strong>Nouvelles connexes:<\/strong><\/h4>\n<hr \/>\n<p>[\/et_pb_text][et_pb_blog fullwidth=\u00a0\u00bboff\u00a0\u00bb posts_number=\u00a0\u00bb6&Prime; include_categories=\u00a0\u00bb43&Prime; show_comments=\u00a0\u00bbon\u00a0\u00bb offset_number=\u00a0\u00bb0&Prime; _builder_version=\u00a0\u00bb3.0.97&Prime; pagination_font_size_tablet=\u00a0\u00bb51&Prime; pagination_line_height_tablet=\u00a0\u00bb2&Prime;][\/et_pb_blog][\/et_pb_column][\/et_pb_row][\/et_pb_section]<\/p>\n","protected":false},"excerpt":{"rendered":"<p>LL\u201310 &#8211; D\u00e9sincrustant W.C. fin de travaux Description: Le LL-10 est un d\u00e9tartrant acide adapt\u00e9 pour un nettoyage et une hygi\u00e9nisation parfaite sans d\u00e9gager d\u2019odeurs g\u00eanantes et avec un inhibiteur de corrosion. Id\u00e9al pour le nettoyage final des travaux et tout autre ciment. D\u00e9tartrant puissant pour W.C. sales. M\u00e9thode d\u2019utilisation: Il est appliqu\u00e9 dilu\u00e9 avec [&hellip;]<\/p>\n","protected":false},"author":1,"featured_media":0,"parent":0,"menu_order":0,"comment_status":"closed","ping_status":"closed","template":"","meta":{"_et_pb_use_builder":"on","_et_pb_old_content":"","_et_gb_content_width":"","footnotes":""},"class_list":["post-34700","page","type-page","status-publish","hentry"],"_links":{"self":[{"href":"https:\/\/teclimquimica.com\/fr\/wp-json\/wp\/v2\/pages\/34700","targetHints":{"allow":["GET"]}}],"collection":[{"href":"https:\/\/teclimquimica.com\/fr\/wp-json\/wp\/v2\/pages"}],"about":[{"href":"https:\/\/teclimquimica.com\/fr\/wp-json\/wp\/v2\/types\/page"}],"author":[{"embeddable":true,"href":"https:\/\/teclimquimica.com\/fr\/wp-json\/wp\/v2\/users\/1"}],"replies":[{"embeddable":true,"href":"https:\/\/teclimquimica.com\/fr\/wp-json\/wp\/v2\/comments?post=34700"}],"version-history":[{"count":3,"href":"https:\/\/teclimquimica.com\/fr\/wp-json\/wp\/v2\/pages\/34700\/revisions"}],"predecessor-version":[{"id":35390,"href":"https:\/\/teclimquimica.com\/fr\/wp-json\/wp\/v2\/pages\/34700\/revisions\/35390"}],"wp:attachment":[{"href":"https:\/\/teclimquimica.com\/fr\/wp-json\/wp\/v2\/media?parent=34700"}],"curies":[{"name":"wp","href":"https:\/\/api.w.org\/{rel}","templated":true}]}}