{"id":34717,"date":"2017-07-12T14:26:44","date_gmt":"2017-07-12T14:26:44","guid":{"rendered":"https:\/\/teclimquimica.com\/baal-701-detergente-bactericida-inodoro\/"},"modified":"2018-02-15T12:38:21","modified_gmt":"2018-02-15T12:38:21","slug":"baal-701-detergent-bactericide-inodore","status":"publish","type":"page","link":"https:\/\/teclimquimica.com\/fr\/baal-701-detergent-bactericide-inodore\/","title":{"rendered":"BAAL\u2013701"},"content":{"rendered":"<p>[et_pb_section fb_built=\u00a0\u00bb1&Prime; admin_label=\u00a0\u00bbsection\u00a0\u00bb _builder_version=\u00a0\u00bb3.0.47&Prime;][et_pb_row admin_label=\u00a0\u00bbrow\u00a0\u00bb _builder_version=\u00a0\u00bb3.0.47&Prime; background_size=\u00a0\u00bbinitial\u00a0\u00bb background_position=\u00a0\u00bbtop_left\u00a0\u00bb background_repeat=\u00a0\u00bbrepeat\u00a0\u00bb][et_pb_column type=\u00a0\u00bb4_4&Prime; _builder_version=\u00a0\u00bb3.0.47&Prime; parallax=\u00a0\u00bboff\u00a0\u00bb parallax_method=\u00a0\u00bbon\u00a0\u00bb][et_pb_text admin_label=\u00a0\u00bbText\u00a0\u00bb _builder_version=\u00a0\u00bb3.0.97&Prime;]<\/p>\n<h1><strong>BAAL\u2013701 &#8211; D\u00e9tergent Bact\u00e9ricide Inodore<\/strong><\/h1>\n<hr \/>\n<p>[\/et_pb_text][\/et_pb_column][\/et_pb_row][et_pb_row admin_label=\u00a0\u00bbrow\u00a0\u00bb _builder_version=\u00a0\u00bb3.0.47&Prime; background_size=\u00a0\u00bbinitial\u00a0\u00bb background_position=\u00a0\u00bbtop_left\u00a0\u00bb background_repeat=\u00a0\u00bbrepeat\u00a0\u00bb][et_pb_column type=\u00a0\u00bb1_2&Prime; _builder_version=\u00a0\u00bb3.0.47&Prime; parallax=\u00a0\u00bboff\u00a0\u00bb parallax_method=\u00a0\u00bbon\u00a0\u00bb][et_pb_text admin_label=\u00a0\u00bbText\u00a0\u00bb _builder_version=\u00a0\u00bb3.0.97&Prime; text_font_size=\u00a0\u00bb17&Prime; text_orientation=\u00a0\u00bbjustified\u00a0\u00bb]<\/p>\n<p><strong>Description:<\/strong><\/p>\n<p>Le BAAL-701 est un d\u00e9tergent bact\u00e9ricide destin\u00e9 \u00e0 \u00eatre utilis\u00e9 dans l&rsquo;industrie alimentaire pour sa d\u00e9sinfection par contact : surfaces et \u00e9quipements. Exclusivement pour un usage professionnel.<\/p>\n<p><strong>M\u00e9thode d\u2019utilisation:<\/strong><\/p>\n<p>Diluer dans de l&rsquo;eau froide ou ti\u00e8de \u00e0 raison d&rsquo;un volume de produit pour dix d&rsquo;eau (10%). Pour la d\u00e9sinfection du contact sur les surfaces et l&rsquo;\u00e9quipement il peut \u00eatre pulv\u00e9ris\u00e9 ou appliqu\u00e9 manuellement avec le produit dilu\u00e9 dans la dose discut\u00e9e ci-dessus. Une fois d\u00e9sinfect\u00e9, rincer abondamment \u00e0 l&rsquo;eau. Il ne doit pas \u00eatre m\u00e9lang\u00e9 avec un autre produit chimique.<\/p>\n<p><strong>Surfaces et utilisations:<\/strong><\/p>\n<p>Incompatible avec : le chrome, le plomb, l&rsquo;aluminium, l&rsquo;\u00e9tain, le zinc et ses alliages : bronze, laiton, etc. Incompatible avec la mati\u00e8re organique, les d\u00e9tergents anioniques, les d\u00e9riv\u00e9s de l&rsquo;ammoniaque et les hypochlorites.<\/p>\n<p>[\/et_pb_text][\/et_pb_column][et_pb_column type=\u00a0\u00bb1_2&Prime; _builder_version=\u00a0\u00bb3.0.47&Prime; parallax=\u00a0\u00bboff\u00a0\u00bb parallax_method=\u00a0\u00bbon\u00a0\u00bb][et_pb_text admin_label=\u00a0\u00bbText\u00a0\u00bb _builder_version=\u00a0\u00bb3.0.97&Prime; text_font_size=\u00a0\u00bb17&Prime; text_orientation=\u00a0\u00bbjustified\u00a0\u00bb]<\/p>\n<p><strong>Doses recommand\u00e9es:<\/strong><\/p>\n<ul>\n<li>Diluer dans de l&rsquo;eau froide ou ti\u00e8de \u00e0 raison d&rsquo;un volume de produit par dix d&rsquo;eau (10%).<\/li>\n<\/ul>\n<p><strong>Produits similaires:<\/strong><\/p>\n<p>[\/et_pb_text][et_pb_button button_url=\u00a0\u00bbhttps:\/\/teclimquimica.com\/wp-content\/uploads\/2018\/01\/FT-ES-BAAL-701.pdf\u00a0\u00bb url_new_window=\u00a0\u00bbon\u00a0\u00bb button_text=\u00a0\u00bbT\u00e9l\u00e9charger la fiche\u00a0\u00bb button_alignment=\u00a0\u00bbcenter\u00a0\u00bb admin_label=\u00a0\u00bbButton\u00a0\u00bb _builder_version=\u00a0\u00bb3.0.101&Prime; custom_button=\u00a0\u00bbon\u00a0\u00bb button_border_radius=\u00a0\u00bb0&Prime; button_use_icon=\u00a0\u00bboff\u00a0\u00bb][\/et_pb_button][et_pb_text admin_label=\u00a0\u00bbText\u00a0\u00bb _builder_version=\u00a0\u00bb3.0.97&Prime; text_font_size=\u00a0\u00bb17&Prime; background_color=\u00a0\u00bb#eeeeee\u00a0\u00bb text_orientation=\u00a0\u00bbcenter\u00a0\u00bb module_alignment=\u00a0\u00bbcenter\u00a0\u00bb custom_padding=\u00a0\u00bb10px||10px|\u00a0\u00bb]<\/p>\n<p>Teclim Quimica S.L.<br \/> C\/ Atletismo, 18 08191 RUBI<br \/>T\u00e9l\u00e9phone: +34935887667<\/p>\n<p>[\/et_pb_text][\/et_pb_column][\/et_pb_row][et_pb_row _builder_version=\u00a0\u00bb3.0.47&Prime; background_size=\u00a0\u00bbinitial\u00a0\u00bb background_position=\u00a0\u00bbtop_left\u00a0\u00bb background_repeat=\u00a0\u00bbrepeat\u00a0\u00bb][et_pb_column type=\u00a0\u00bb4_4&Prime; _builder_version=\u00a0\u00bb3.0.47&Prime; parallax=\u00a0\u00bboff\u00a0\u00bb parallax_method=\u00a0\u00bbon\u00a0\u00bb][et_pb_text _builder_version=\u00a0\u00bb3.0.97&Prime;]<\/p>\n<p>Pour d&rsquo;autres applications ou doutes, consultez le d\u00e9partement technique \/ commercial de Teclim Qu\u00edmica. Fiche de s\u00e9curit\u00e9 (MSDS) disponible pour les clients.<\/p>\n<p>[\/et_pb_text][et_pb_text _builder_version=\u00a0\u00bb3.0.97&Prime;]<\/p>\n<h4><strong>Nouvelles connexes:<\/strong><\/h4>\n<hr \/>\n<p>[\/et_pb_text][et_pb_blog fullwidth=\u00a0\u00bboff\u00a0\u00bb posts_number=\u00a0\u00bb6&Prime; include_categories=\u00a0\u00bb45&Prime; show_comments=\u00a0\u00bbon\u00a0\u00bb offset_number=\u00a0\u00bb0&Prime; _builder_version=\u00a0\u00bb3.0.97&Prime; pagination_font_size_tablet=\u00a0\u00bb51&Prime; pagination_line_height_tablet=\u00a0\u00bb2&Prime;][\/et_pb_blog][\/et_pb_column][\/et_pb_row][\/et_pb_section]<\/p>\n","protected":false},"excerpt":{"rendered":"<p>BAAL\u2013701 &#8211; D\u00e9tergent Bact\u00e9ricide Inodore Description: Le BAAL-701 est un d\u00e9tergent bact\u00e9ricide destin\u00e9 \u00e0 \u00eatre utilis\u00e9 dans l&rsquo;industrie alimentaire pour sa d\u00e9sinfection par contact : surfaces et \u00e9quipements. Exclusivement pour un usage professionnel. M\u00e9thode d\u2019utilisation: Diluer dans de l&rsquo;eau froide ou ti\u00e8de \u00e0 raison d&rsquo;un volume de produit pour dix d&rsquo;eau (10%). Pour la d\u00e9sinfection [&hellip;]<\/p>\n","protected":false},"author":1,"featured_media":0,"parent":0,"menu_order":0,"comment_status":"closed","ping_status":"closed","template":"","meta":{"_et_pb_use_builder":"on","_et_pb_old_content":"","_et_gb_content_width":"","footnotes":""},"class_list":["post-34717","page","type-page","status-publish","hentry"],"_links":{"self":[{"href":"https:\/\/teclimquimica.com\/fr\/wp-json\/wp\/v2\/pages\/34717","targetHints":{"allow":["GET"]}}],"collection":[{"href":"https:\/\/teclimquimica.com\/fr\/wp-json\/wp\/v2\/pages"}],"about":[{"href":"https:\/\/teclimquimica.com\/fr\/wp-json\/wp\/v2\/types\/page"}],"author":[{"embeddable":true,"href":"https:\/\/teclimquimica.com\/fr\/wp-json\/wp\/v2\/users\/1"}],"replies":[{"embeddable":true,"href":"https:\/\/teclimquimica.com\/fr\/wp-json\/wp\/v2\/comments?post=34717"}],"version-history":[{"count":2,"href":"https:\/\/teclimquimica.com\/fr\/wp-json\/wp\/v2\/pages\/34717\/revisions"}],"predecessor-version":[{"id":35173,"href":"https:\/\/teclimquimica.com\/fr\/wp-json\/wp\/v2\/pages\/34717\/revisions\/35173"}],"wp:attachment":[{"href":"https:\/\/teclimquimica.com\/fr\/wp-json\/wp\/v2\/media?parent=34717"}],"curies":[{"name":"wp","href":"https:\/\/api.w.org\/{rel}","templated":true}]}}