{"id":35239,"date":"2017-10-20T14:44:01","date_gmt":"2017-10-20T14:44:01","guid":{"rendered":"https:\/\/teclimquimica.com\/ll-578-detergente-limpiador-placas-solares\/"},"modified":"2018-02-25T16:32:28","modified_gmt":"2018-02-25T16:32:28","slug":"ll-578-detergent-nettoyant-pour-plaques-solaires","status":"publish","type":"page","link":"https:\/\/teclimquimica.com\/fr\/ll-578-detergent-nettoyant-pour-plaques-solaires\/","title":{"rendered":"LL-578 D\u00e9tergent Nettoyant pour Plaques Solaires"},"content":{"rendered":"<p>[et_pb_section bb_built=\u00a0\u00bb1&Prime; admin_label=\u00a0\u00bbsection\u00a0\u00bb _builder_version=\u00a0\u00bb3.0.47&Prime; custom_padding=\u00a0\u00bb54px|0px|0px|0px\u00a0\u00bb next_background_color=\u00a0\u00bb#000000&Prime;][et_pb_row admin_label=\u00a0\u00bbrow\u00a0\u00bb _builder_version=\u00a0\u00bb3.0.47&Prime; background_size=\u00a0\u00bbinitial\u00a0\u00bb background_position=\u00a0\u00bbtop_left\u00a0\u00bb background_repeat=\u00a0\u00bbrepeat\u00a0\u00bb][et_pb_column type=\u00a0\u00bb4_4&Prime;][et_pb_text admin_label=\u00a0\u00bbText\u00a0\u00bb _builder_version=\u00a0\u00bb3.0.82&Prime; module_alignment=\u00a0\u00bbleft\u00a0\u00bb border_style=\u00a0\u00bbsolid\u00a0\u00bb]<\/p>\n<h1>D\u00e9tergent Nettoyant pour Plaques Solaires LL-578<\/h1>\n<hr \/>\n<p>[\/et_pb_text][\/et_pb_column][\/et_pb_row][\/et_pb_section][et_pb_section bb_built=\u00a0\u00bb1&Prime; _builder_version=\u00a0\u00bb3.0.47&Prime; prev_background_color=\u00a0\u00bb#000000&Prime;][et_pb_row admin_label=\u00a0\u00bbrow\u00a0\u00bb _builder_version=\u00a0\u00bb3.0.47&Prime; background_size=\u00a0\u00bbinitial\u00a0\u00bb background_position=\u00a0\u00bbtop_left\u00a0\u00bb background_repeat=\u00a0\u00bbrepeat\u00a0\u00bb][et_pb_column type=\u00a0\u00bb1_2&Prime;][et_pb_text admin_label=\u00a0\u00bbText\u00a0\u00bb _builder_version=\u00a0\u00bb3.0.105&Prime; text_font_size=\u00a0\u00bb17&Prime; module_alignment=\u00a0\u00bbleft\u00a0\u00bb background_layout=\u00a0\u00bblight\u00a0\u00bb]<\/p>\n<p><strong>PROPI\u00c9T\u00c9S:<\/strong><\/p>\n<p>Produit au pH neutre pour le nettoyage de tous les types de surfaces lavables, les laissant parfum\u00e9es.<\/p>\n<p><strong>CONTIENT PARMI D&rsquo;AUTRES INGR\u00c9DIENTS:<\/strong><\/p>\n<p>Conservateurs<\/p>\n<p><strong>MODE D\u2019EMPLOI:<\/strong><\/p>\n<p>Diluer de 15 \u00e0 20 grammes par seau d&rsquo;eau. Nettoyer la surface sans laisser de traces d&rsquo;eau. Pour nettoyer les surfaces lavables, l\u2019appliquer dilu\u00e9 avec un chiffon. Ne n\u00e9cessite pas de rin\u00e7age.<\/p>\n<p>PRODUIT BIOD\u00c9GRADABLE.<br \/>\nContenu net : 5 litres.<br \/>\nLot de fabrication : 6365.<\/p>\n<p>[\/et_pb_text][\/et_pb_column][et_pb_column type=\u00a0\u00bb1_2&Prime;][et_pb_text admin_label=\u00a0\u00bbText\u00a0\u00bb _builder_version=\u00a0\u00bb3.0.82&Prime; text_font_size=\u00a0\u00bb17&Prime; module_alignment=\u00a0\u00bbleft\u00a0\u00bb border_style=\u00a0\u00bbsolid\u00a0\u00bb]<\/p>\n<p><strong>CONSEILS DE S\u00c9CURIT\u00c9:<\/strong><\/p>\n<p>En cas d&rsquo;ingestion, consulter imm\u00e9diatement un m\u00e9decin et lui montrer l&rsquo;\u00e9tiquette ou l&#8217;emballage.<\/p>\n<p>NE PAS AVALER. GARDER HORS DE LA PORT\u00c9E DES ENFANTS.<\/p>\n<p>Parfum : Magnolia.<\/p>\n<p>[\/et_pb_text][et_pb_button admin_label=\u00a0\u00bbButton\u00a0\u00bb button_url=\u00a0\u00bbhttps:\/\/teclimquimica.com\/wp-content\/uploads\/2017\/07\/LL-67MA.pdf\u00a0\u00bb url_new_window=\u00a0\u00bbon\u00a0\u00bb button_text=\u00a0\u00bbT\u00e9l\u00e9charger la fiche\u00a0\u00bb button_alignment=\u00a0\u00bbcenter\u00a0\u00bb _builder_version=\u00a0\u00bb3.0.105&Prime; custom_button=\u00a0\u00bbon\u00a0\u00bb button_border_radius=\u00a0\u00bb0&Prime; button_use_icon=\u00a0\u00bboff\u00a0\u00bb]<br \/>\n[\/et_pb_button][et_pb_text admin_label=\u00a0\u00bbText\u00a0\u00bb _builder_version=\u00a0\u00bb3.0.105&Prime; text_font_size=\u00a0\u00bb17&Prime; background_color=\u00a0\u00bb#eeeeee\u00a0\u00bb text_orientation=\u00a0\u00bbcenter\u00a0\u00bb module_alignment=\u00a0\u00bbcenter\u00a0\u00bb custom_padding=\u00a0\u00bb10px||10px|\u00a0\u00bb border_style=\u00a0\u00bbsolid\u00a0\u00bb]<\/p>\n<p>PRODUCTOS ROSELL, S.A.<br \/>\nC\/ Atletismo, 18 08191 RUBI<br \/>\nT\u00e9l\u00e9phone: 93.588.76.67 \u2013 Fax: 93.586.07.72<\/p>\n<p>[\/et_pb_text][\/et_pb_column][\/et_pb_row][\/et_pb_section]<\/p>\n","protected":false},"excerpt":{"rendered":"<p>D\u00e9tergent Nettoyant pour Plaques Solaires LL-578 PROPI\u00c9T\u00c9S: Produit au pH neutre pour le nettoyage de tous les types de surfaces lavables, les laissant parfum\u00e9es. CONTIENT PARMI D&rsquo;AUTRES INGR\u00c9DIENTS: Conservateurs MODE D\u2019EMPLOI: Diluer de 15 \u00e0 20 grammes par seau d&rsquo;eau. Nettoyer la surface sans laisser de traces d&rsquo;eau. Pour nettoyer les surfaces lavables, l\u2019appliquer dilu\u00e9 [&hellip;]<\/p>\n","protected":false},"author":4,"featured_media":0,"parent":0,"menu_order":0,"comment_status":"closed","ping_status":"closed","template":"","meta":{"_et_pb_use_builder":"on","_et_pb_old_content":"","_et_gb_content_width":"","footnotes":""},"class_list":["post-35239","page","type-page","status-publish","hentry"],"_links":{"self":[{"href":"https:\/\/teclimquimica.com\/fr\/wp-json\/wp\/v2\/pages\/35239","targetHints":{"allow":["GET"]}}],"collection":[{"href":"https:\/\/teclimquimica.com\/fr\/wp-json\/wp\/v2\/pages"}],"about":[{"href":"https:\/\/teclimquimica.com\/fr\/wp-json\/wp\/v2\/types\/page"}],"author":[{"embeddable":true,"href":"https:\/\/teclimquimica.com\/fr\/wp-json\/wp\/v2\/users\/4"}],"replies":[{"embeddable":true,"href":"https:\/\/teclimquimica.com\/fr\/wp-json\/wp\/v2\/comments?post=35239"}],"version-history":[{"count":3,"href":"https:\/\/teclimquimica.com\/fr\/wp-json\/wp\/v2\/pages\/35239\/revisions"}],"predecessor-version":[{"id":35303,"href":"https:\/\/teclimquimica.com\/fr\/wp-json\/wp\/v2\/pages\/35239\/revisions\/35303"}],"wp:attachment":[{"href":"https:\/\/teclimquimica.com\/fr\/wp-json\/wp\/v2\/media?parent=35239"}],"curies":[{"name":"wp","href":"https:\/\/api.w.org\/{rel}","templated":true}]}}